{"id":30814,"date":"2017-07-11T19:28:21","date_gmt":"2021-08-30T17:05:45","guid":{"rendered":"https:\/\/www.jh-itc.de\/shop\/non class\u00e9\/tendeur-compensateur-doka\/"},"modified":"2021-08-30T19:05:45","modified_gmt":"2021-08-30T17:05:45","slug":"tendeur-dequilibre-doka","status":"publish","type":"product","link":"https:\/\/stage.jh-itc.de\/fr\/shop\/doka-fr\/doka-framax-fr\/tendeur-dequilibre-doka\/","title":{"rendered":"Tendeur compensateur Doka"},"content":{"rendered":"","protected":false},"excerpt":{"rendered":"<p>Nous proposons <strong>100 x pinces compensatrices Doka<\/strong>.<\/p>\n<p>Ils conviennent au coffrage Doka Framax.<\/p>\n","protected":false},"featured_media":30855,"template":"","meta":[],"product_brand":[],"product_cat":[387,391,377],"product_tag":[],"class_list":{"0":"post-30814","1":"product","2":"type-product","3":"status-publish","4":"has-post-thumbnail","6":"product_cat-doka-fr","7":"product_cat-doka-framax-fr","8":"product_cat-volets","10":"first","11":"instock","12":"taxable","13":"shipping-taxable","14":"product-type-simple"},"yoast_head":"<!-- This site is optimized with the Yoast SEO plugin v26.5 - https:\/\/yoast.com\/wordpress\/plugins\/seo\/ -->\n<title>Tendeur compensateur Doka - JH - ITC GmbH<\/title>\n<meta name=\"description\" content=\"\u00c9triers de compensation Doka pour les coffrages Doka Framax ou Frameco pour relier ou fermer les panneaux de coffrage avec du bois de remplissage.\" \/>\n<meta name=\"robots\" content=\"noindex, follow, max-snippet:-1, max-image-preview:large, max-video-preview:-1\" \/>\n<meta property=\"og:locale\" content=\"fr_FR\" \/>\n<meta property=\"og:type\" content=\"article\" \/>\n<meta property=\"og:title\" content=\"Tendeur compensateur Doka - JH - ITC GmbH\" \/>\n<meta property=\"og:description\" content=\"\u00c9triers de compensation Doka pour les coffrages Doka Framax ou Frameco pour relier ou fermer les panneaux de coffrage avec du bois de remplissage.\" \/>\n<meta property=\"og:url\" content=\"https:\/\/stage.jh-itc.de\/fr\/shop\/doka-fr\/doka-framax-fr\/tendeur-dequilibre-doka\/\" \/>\n<meta property=\"og:site_name\" content=\"JH - ITC GmbH\" \/>\n<meta property=\"article:publisher\" content=\"https:\/\/www.facebook.com\/schalungshandel\" \/>\n<meta property=\"og:image\" content=\"https:\/\/stage.jh-itc.de\/wp-content\/uploads\/2017\/07\/Doka-Ausgleichsspanner-1-Small.jpg\" \/>\n\t<meta property=\"og:image:width\" content=\"640\" \/>\n\t<meta property=\"og:image:height\" content=\"480\" \/>\n\t<meta property=\"og:image:type\" content=\"image\/jpeg\" \/>\n<meta name=\"twitter:card\" content=\"summary_large_image\" \/>\n<meta name=\"twitter:site\" content=\"@JH_ITC\" \/>\n<!-- \/ Yoast SEO plugin. -->","yoast_head_json":{"title":"Tendeur compensateur Doka - JH - ITC GmbH","description":"\u00c9triers de compensation Doka pour les coffrages Doka Framax ou Frameco pour relier ou fermer les panneaux de coffrage avec du bois de remplissage.","robots":{"index":"noindex","follow":"follow","max-snippet":"max-snippet:-1","max-image-preview":"max-image-preview:large","max-video-preview":"max-video-preview:-1"},"og_locale":"fr_FR","og_type":"article","og_title":"Tendeur compensateur Doka - JH - ITC GmbH","og_description":"\u00c9triers de compensation Doka pour les coffrages Doka Framax ou Frameco pour relier ou fermer les panneaux de coffrage avec du bois de remplissage.","og_url":"https:\/\/stage.jh-itc.de\/fr\/shop\/doka-fr\/doka-framax-fr\/tendeur-dequilibre-doka\/","og_site_name":"JH - ITC GmbH","article_publisher":"https:\/\/www.facebook.com\/schalungshandel","og_image":[{"width":640,"height":480,"url":"https:\/\/stage.jh-itc.de\/wp-content\/uploads\/2017\/07\/Doka-Ausgleichsspanner-1-Small.jpg","type":"image\/jpeg"}],"twitter_card":"summary_large_image","twitter_site":"@JH_ITC","schema":{"@context":"https:\/\/schema.org","@graph":[{"@type":"WebPage","@id":"https:\/\/stage.jh-itc.de\/fr\/shop\/doka-fr\/doka-framax-fr\/tendeur-dequilibre-doka\/","url":"https:\/\/stage.jh-itc.de\/fr\/shop\/doka-fr\/doka-framax-fr\/tendeur-dequilibre-doka\/","name":"Tendeur compensateur Doka - JH - ITC GmbH","isPartOf":{"@id":"https:\/\/stage.jh-itc.de\/fr\/#website"},"primaryImageOfPage":{"@id":"https:\/\/stage.jh-itc.de\/fr\/shop\/doka-fr\/doka-framax-fr\/tendeur-dequilibre-doka\/#primaryimage"},"image":{"@id":"https:\/\/stage.jh-itc.de\/fr\/shop\/doka-fr\/doka-framax-fr\/tendeur-dequilibre-doka\/#primaryimage"},"thumbnailUrl":"https:\/\/stage.jh-itc.de\/wp-content\/uploads\/2017\/07\/Doka-Ausgleichsspanner-1-Small.jpg","datePublished":"2021-08-30T17:05:45+00:00","description":"\u00c9triers de compensation Doka pour les coffrages Doka Framax ou Frameco pour relier ou fermer les panneaux de coffrage avec du bois de remplissage.","breadcrumb":{"@id":"https:\/\/stage.jh-itc.de\/fr\/shop\/doka-fr\/doka-framax-fr\/tendeur-dequilibre-doka\/#breadcrumb"},"inLanguage":"fr-FR","potentialAction":[{"@type":"ReadAction","target":["https:\/\/stage.jh-itc.de\/fr\/shop\/doka-fr\/doka-framax-fr\/tendeur-dequilibre-doka\/"]}]},{"@type":"ImageObject","inLanguage":"fr-FR","@id":"https:\/\/stage.jh-itc.de\/fr\/shop\/doka-fr\/doka-framax-fr\/tendeur-dequilibre-doka\/#primaryimage","url":"https:\/\/stage.jh-itc.de\/wp-content\/uploads\/2017\/07\/Doka-Ausgleichsspanner-1-Small.jpg","contentUrl":"https:\/\/stage.jh-itc.de\/wp-content\/uploads\/2017\/07\/Doka-Ausgleichsspanner-1-Small.jpg","width":640,"height":480},{"@type":"BreadcrumbList","@id":"https:\/\/stage.jh-itc.de\/fr\/shop\/doka-fr\/doka-framax-fr\/tendeur-dequilibre-doka\/#breadcrumb","itemListElement":[{"@type":"ListItem","position":1,"name":"Home","item":"https:\/\/stage.jh-itc.de\/fr\/coffrages-etais-et-echafaudages-de-professionnels\/"},{"@type":"ListItem","position":2,"name":"Boutique","item":"https:\/\/stage.jh-itc.de\/fr\/boutique\/"},{"@type":"ListItem","position":3,"name":"Tendeur compensateur Doka"}]},{"@type":"WebSite","@id":"https:\/\/stage.jh-itc.de\/fr\/#website","url":"https:\/\/stage.jh-itc.de\/fr\/","name":"JH - ITC GmbH","description":"Ihr Experte f\u00fcr gebrauchte St\u00fctzen, Schalungen und Ger\u00fcste","publisher":{"@id":"https:\/\/stage.jh-itc.de\/fr\/#organization"},"potentialAction":[{"@type":"SearchAction","target":{"@type":"EntryPoint","urlTemplate":"https:\/\/stage.jh-itc.de\/fr\/?s={search_term_string}"},"query-input":{"@type":"PropertyValueSpecification","valueRequired":true,"valueName":"search_term_string"}}],"inLanguage":"fr-FR"},{"@type":"Organization","@id":"https:\/\/stage.jh-itc.de\/fr\/#organization","name":"JH-ITC GmbH","url":"https:\/\/stage.jh-itc.de\/fr\/","logo":{"@type":"ImageObject","inLanguage":"fr-FR","@id":"https:\/\/stage.jh-itc.de\/fr\/#\/schema\/logo\/image\/","url":"https:\/\/stage.jh-itc.de\/wp-content\/uploads\/2016\/01\/JH-ITC2-1.png","contentUrl":"https:\/\/stage.jh-itc.de\/wp-content\/uploads\/2016\/01\/JH-ITC2-1.png","width":300,"height":102,"caption":"JH-ITC GmbH"},"image":{"@id":"https:\/\/stage.jh-itc.de\/fr\/#\/schema\/logo\/image\/"},"sameAs":["https:\/\/www.facebook.com\/schalungshandel","https:\/\/x.com\/JH_ITC","https:\/\/www.linkedin.com\/in\/jhitc","https:\/\/youtu.be\/rMdZ-FLfI-Y"]}]}},"_links":{"self":[{"href":"https:\/\/stage.jh-itc.de\/fr\/wp-json\/wp\/v2\/product\/30814","targetHints":{"allow":["GET"]}}],"collection":[{"href":"https:\/\/stage.jh-itc.de\/fr\/wp-json\/wp\/v2\/product"}],"about":[{"href":"https:\/\/stage.jh-itc.de\/fr\/wp-json\/wp\/v2\/types\/product"}],"wp:featuredmedia":[{"embeddable":true,"href":"https:\/\/stage.jh-itc.de\/fr\/wp-json\/wp\/v2\/media\/30855"}],"wp:attachment":[{"href":"https:\/\/stage.jh-itc.de\/fr\/wp-json\/wp\/v2\/media?parent=30814"}],"wp:term":[{"taxonomy":"product_brand","embeddable":true,"href":"https:\/\/stage.jh-itc.de\/fr\/wp-json\/wp\/v2\/product_brand?post=30814"},{"taxonomy":"product_cat","embeddable":true,"href":"https:\/\/stage.jh-itc.de\/fr\/wp-json\/wp\/v2\/product_cat?post=30814"},{"taxonomy":"product_tag","embeddable":true,"href":"https:\/\/stage.jh-itc.de\/fr\/wp-json\/wp\/v2\/product_tag?post=30814"}],"curies":[{"name":"wp","href":"https:\/\/api.w.org\/{rel}","templated":true}]}}