{"id":29861,"date":"2015-10-16T15:40:14","date_gmt":"2021-08-30T17:04:48","guid":{"rendered":"https:\/\/www.jh-itc.de\/shop\/non class\u00e9\/tete-doka-a-quatre-voies\/"},"modified":"2021-08-30T19:04:48","modified_gmt":"2021-08-30T17:04:48","slug":"tete-de-doka-a-quatre-voies","status":"publish","type":"product","link":"https:\/\/stage.jh-itc.de\/fr\/shop\/doka-fr\/accessoires-doka\/tete-de-doka-a-quatre-voies\/","title":{"rendered":"T\u00eate Doka \u00e0 quatre voies"},"content":{"rendered":"","protected":false},"excerpt":{"rendered":"<p>Nous proposons des <strong>t\u00eates Doka \u00e0 quatre voies d&#8217;<\/strong> occasion.<\/p>\n<p>Ils sont en bon \u00e9tat d&#8217;usage et disponibles en stock.<\/p>\n","protected":false},"featured_media":29987,"template":"","meta":[],"product_brand":[],"product_cat":[388,387,385,377],"product_tag":[],"class_list":{"0":"post-29861","1":"product","2":"type-product","3":"status-publish","4":"has-post-thumbnail","6":"product_cat-accessoires-doka","7":"product_cat-doka-fr","8":"product_cat-supports","9":"product_cat-volets","11":"first","12":"instock","13":"taxable","14":"shipping-taxable","15":"product-type-simple"},"yoast_head":"<!-- This site is optimized with the Yoast SEO plugin v26.5 - https:\/\/yoast.com\/wordpress\/plugins\/seo\/ -->\n<title>T\u00eate Doka \u00e0 quatre voies - JH - ITC GmbH<\/title>\n<meta name=\"description\" content=\"T\u00eate Doka \u00e0 quatre voies\" \/>\n<meta name=\"robots\" content=\"noindex, follow, max-snippet:-1, max-image-preview:large, max-video-preview:-1\" \/>\n<meta property=\"og:locale\" content=\"fr_FR\" \/>\n<meta property=\"og:type\" content=\"article\" \/>\n<meta property=\"og:title\" content=\"T\u00eate Doka \u00e0 quatre voies - JH - ITC GmbH\" \/>\n<meta property=\"og:description\" content=\"T\u00eate Doka \u00e0 quatre voies\" \/>\n<meta property=\"og:url\" content=\"https:\/\/stage.jh-itc.de\/fr\/shop\/doka-fr\/accessoires-doka\/tete-de-doka-a-quatre-voies\/\" \/>\n<meta property=\"og:site_name\" content=\"JH - ITC GmbH\" \/>\n<meta property=\"article:publisher\" content=\"https:\/\/www.facebook.com\/schalungshandel\" \/>\n<meta property=\"og:image\" content=\"https:\/\/stage.jh-itc.de\/wp-content\/uploads\/2015\/10\/Doka-Vierwegkopf-1-1-e1597270112320.jpg\" \/>\n\t<meta property=\"og:image:width\" content=\"1600\" \/>\n\t<meta property=\"og:image:height\" content=\"1200\" \/>\n\t<meta property=\"og:image:type\" content=\"image\/jpeg\" \/>\n<meta name=\"twitter:card\" content=\"summary_large_image\" \/>\n<meta name=\"twitter:site\" content=\"@JH_ITC\" \/>\n<!-- \/ Yoast SEO plugin. -->","yoast_head_json":{"title":"T\u00eate Doka \u00e0 quatre voies - JH - ITC GmbH","description":"T\u00eate Doka \u00e0 quatre voies","robots":{"index":"noindex","follow":"follow","max-snippet":"max-snippet:-1","max-image-preview":"max-image-preview:large","max-video-preview":"max-video-preview:-1"},"og_locale":"fr_FR","og_type":"article","og_title":"T\u00eate Doka \u00e0 quatre voies - JH - ITC GmbH","og_description":"T\u00eate Doka \u00e0 quatre voies","og_url":"https:\/\/stage.jh-itc.de\/fr\/shop\/doka-fr\/accessoires-doka\/tete-de-doka-a-quatre-voies\/","og_site_name":"JH - ITC GmbH","article_publisher":"https:\/\/www.facebook.com\/schalungshandel","og_image":[{"width":1600,"height":1200,"url":"https:\/\/stage.jh-itc.de\/wp-content\/uploads\/2015\/10\/Doka-Vierwegkopf-1-1-e1597270112320.jpg","type":"image\/jpeg"}],"twitter_card":"summary_large_image","twitter_site":"@JH_ITC","schema":{"@context":"https:\/\/schema.org","@graph":[{"@type":"WebPage","@id":"https:\/\/stage.jh-itc.de\/fr\/shop\/doka-fr\/accessoires-doka\/tete-de-doka-a-quatre-voies\/","url":"https:\/\/stage.jh-itc.de\/fr\/shop\/doka-fr\/accessoires-doka\/tete-de-doka-a-quatre-voies\/","name":"T\u00eate Doka \u00e0 quatre voies - JH - ITC GmbH","isPartOf":{"@id":"https:\/\/stage.jh-itc.de\/fr\/#website"},"primaryImageOfPage":{"@id":"https:\/\/stage.jh-itc.de\/fr\/shop\/doka-fr\/accessoires-doka\/tete-de-doka-a-quatre-voies\/#primaryimage"},"image":{"@id":"https:\/\/stage.jh-itc.de\/fr\/shop\/doka-fr\/accessoires-doka\/tete-de-doka-a-quatre-voies\/#primaryimage"},"thumbnailUrl":"https:\/\/stage.jh-itc.de\/wp-content\/uploads\/2015\/10\/Doka-Vierwegkopf-1-1-e1597270112320.jpg","datePublished":"2021-08-30T17:04:48+00:00","description":"T\u00eate Doka \u00e0 quatre voies","breadcrumb":{"@id":"https:\/\/stage.jh-itc.de\/fr\/shop\/doka-fr\/accessoires-doka\/tete-de-doka-a-quatre-voies\/#breadcrumb"},"inLanguage":"fr-FR","potentialAction":[{"@type":"ReadAction","target":["https:\/\/stage.jh-itc.de\/fr\/shop\/doka-fr\/accessoires-doka\/tete-de-doka-a-quatre-voies\/"]}]},{"@type":"ImageObject","inLanguage":"fr-FR","@id":"https:\/\/stage.jh-itc.de\/fr\/shop\/doka-fr\/accessoires-doka\/tete-de-doka-a-quatre-voies\/#primaryimage","url":"https:\/\/stage.jh-itc.de\/wp-content\/uploads\/2015\/10\/Doka-Vierwegkopf-1-1-e1597270112320.jpg","contentUrl":"https:\/\/stage.jh-itc.de\/wp-content\/uploads\/2015\/10\/Doka-Vierwegkopf-1-1-e1597270112320.jpg","width":1600,"height":1200},{"@type":"BreadcrumbList","@id":"https:\/\/stage.jh-itc.de\/fr\/shop\/doka-fr\/accessoires-doka\/tete-de-doka-a-quatre-voies\/#breadcrumb","itemListElement":[{"@type":"ListItem","position":1,"name":"Home","item":"https:\/\/stage.jh-itc.de\/fr\/coffrages-etais-et-echafaudages-de-professionnels\/"},{"@type":"ListItem","position":2,"name":"Boutique","item":"https:\/\/stage.jh-itc.de\/fr\/boutique\/"},{"@type":"ListItem","position":3,"name":"T\u00eate Doka \u00e0 quatre voies"}]},{"@type":"WebSite","@id":"https:\/\/stage.jh-itc.de\/fr\/#website","url":"https:\/\/stage.jh-itc.de\/fr\/","name":"JH - ITC GmbH","description":"Ihr Experte f\u00fcr gebrauchte St\u00fctzen, Schalungen und Ger\u00fcste","publisher":{"@id":"https:\/\/stage.jh-itc.de\/fr\/#organization"},"potentialAction":[{"@type":"SearchAction","target":{"@type":"EntryPoint","urlTemplate":"https:\/\/stage.jh-itc.de\/fr\/?s={search_term_string}"},"query-input":{"@type":"PropertyValueSpecification","valueRequired":true,"valueName":"search_term_string"}}],"inLanguage":"fr-FR"},{"@type":"Organization","@id":"https:\/\/stage.jh-itc.de\/fr\/#organization","name":"JH-ITC GmbH","url":"https:\/\/stage.jh-itc.de\/fr\/","logo":{"@type":"ImageObject","inLanguage":"fr-FR","@id":"https:\/\/stage.jh-itc.de\/fr\/#\/schema\/logo\/image\/","url":"https:\/\/stage.jh-itc.de\/wp-content\/uploads\/2016\/01\/JH-ITC2-1.png","contentUrl":"https:\/\/stage.jh-itc.de\/wp-content\/uploads\/2016\/01\/JH-ITC2-1.png","width":300,"height":102,"caption":"JH-ITC GmbH"},"image":{"@id":"https:\/\/stage.jh-itc.de\/fr\/#\/schema\/logo\/image\/"},"sameAs":["https:\/\/www.facebook.com\/schalungshandel","https:\/\/x.com\/JH_ITC","https:\/\/www.linkedin.com\/in\/jhitc","https:\/\/youtu.be\/rMdZ-FLfI-Y"]}]}},"_links":{"self":[{"href":"https:\/\/stage.jh-itc.de\/fr\/wp-json\/wp\/v2\/product\/29861","targetHints":{"allow":["GET"]}}],"collection":[{"href":"https:\/\/stage.jh-itc.de\/fr\/wp-json\/wp\/v2\/product"}],"about":[{"href":"https:\/\/stage.jh-itc.de\/fr\/wp-json\/wp\/v2\/types\/product"}],"wp:featuredmedia":[{"embeddable":true,"href":"https:\/\/stage.jh-itc.de\/fr\/wp-json\/wp\/v2\/media\/29987"}],"wp:attachment":[{"href":"https:\/\/stage.jh-itc.de\/fr\/wp-json\/wp\/v2\/media?parent=29861"}],"wp:term":[{"taxonomy":"product_brand","embeddable":true,"href":"https:\/\/stage.jh-itc.de\/fr\/wp-json\/wp\/v2\/product_brand?post=29861"},{"taxonomy":"product_cat","embeddable":true,"href":"https:\/\/stage.jh-itc.de\/fr\/wp-json\/wp\/v2\/product_cat?post=29861"},{"taxonomy":"product_tag","embeddable":true,"href":"https:\/\/stage.jh-itc.de\/fr\/wp-json\/wp\/v2\/product_tag?post=29861"}],"curies":[{"name":"wp","href":"https:\/\/api.w.org\/{rel}","templated":true}]}}