{"id":29499,"date":"2015-06-18T13:57:38","date_gmt":"2021-08-30T17:04:29","guid":{"rendered":"https:\/\/www.jh-itc.de\/shop\/non class\u00e9\/peri-trio-renove-avec-un-nouveau-revetement-de-coffrage\/"},"modified":"2021-08-30T19:04:29","modified_gmt":"2021-08-30T17:04:29","slug":"peri-trio-rehabilites","status":"publish","type":"product","link":"https:\/\/stage.jh-itc.de\/fr\/shop\/peri-fr\/trio-peri\/peri-trio-rehabilites\/","title":{"rendered":"Peri Trio r\u00e9nov\u00e9 avec un nouveau rev\u00eatement de coffrage"},"content":{"rendered":"","protected":false},"excerpt":{"rendered":"<p>Nous proposons des <strong>coffrages Peri Trio <\/strong> r\u00e9cemment remis \u00e0 neuf <strong>en 1,20m + 2,70m + 3,30m <\/strong>.<\/p>\n<p>Le coffrage a \u00e9t\u00e9 recouvert d&#8217;un nouveau coffrage d&#8217;origine.<\/p>\n<p>Les quantit\u00e9s exactes doivent \u00eatre demand\u00e9es \u00e0 l&#8217;avance.<\/p>\n<p>Envoyez-nous vos demandes et venez \u00e0 notre entrep\u00f4t.<\/p>\n","protected":false},"featured_media":29601,"template":"","meta":[],"product_brand":[],"product_cat":[378,398,377],"product_tag":[],"class_list":{"0":"post-29499","1":"product","2":"type-product","3":"status-publish","4":"has-post-thumbnail","6":"product_cat-peri-fr","7":"product_cat-trio-peri","8":"product_cat-volets","10":"first","11":"instock","12":"taxable","13":"shipping-taxable","14":"product-type-simple"},"yoast_head":"<!-- This site is optimized with the Yoast SEO plugin v26.5 - https:\/\/yoast.com\/wordpress\/plugins\/seo\/ -->\n<title>Peri Trio r\u00e9nov\u00e9 avec un nouveau rev\u00eatement de coffrage - JH - ITC GmbH<\/title>\n<meta name=\"description\" content=\"trio peri\" \/>\n<meta name=\"robots\" content=\"noindex, follow, max-snippet:-1, max-image-preview:large, max-video-preview:-1\" \/>\n<meta property=\"og:locale\" content=\"fr_FR\" \/>\n<meta property=\"og:type\" content=\"article\" \/>\n<meta property=\"og:title\" content=\"Peri Trio r\u00e9nov\u00e9 avec un nouveau rev\u00eatement de coffrage - JH - ITC GmbH\" \/>\n<meta property=\"og:description\" content=\"trio peri\" \/>\n<meta property=\"og:url\" content=\"https:\/\/stage.jh-itc.de\/fr\/shop\/peri-fr\/trio-peri\/peri-trio-rehabilites\/\" \/>\n<meta property=\"og:site_name\" content=\"JH - ITC GmbH\" \/>\n<meta property=\"article:publisher\" content=\"https:\/\/www.facebook.com\/schalungshandel\" \/>\n<meta property=\"og:image\" content=\"https:\/\/stage.jh-itc.de\/wp-content\/uploads\/2015\/06\/TRM-72x270-1.jpg\" \/>\n\t<meta property=\"og:image:width\" content=\"1200\" \/>\n\t<meta property=\"og:image:height\" content=\"1600\" \/>\n\t<meta property=\"og:image:type\" content=\"image\/jpeg\" \/>\n<meta name=\"twitter:card\" content=\"summary_large_image\" \/>\n<meta name=\"twitter:site\" content=\"@JH_ITC\" \/>\n<!-- \/ Yoast SEO plugin. -->","yoast_head_json":{"title":"Peri Trio r\u00e9nov\u00e9 avec un nouveau rev\u00eatement de coffrage - JH - ITC GmbH","description":"trio peri","robots":{"index":"noindex","follow":"follow","max-snippet":"max-snippet:-1","max-image-preview":"max-image-preview:large","max-video-preview":"max-video-preview:-1"},"og_locale":"fr_FR","og_type":"article","og_title":"Peri Trio r\u00e9nov\u00e9 avec un nouveau rev\u00eatement de coffrage - JH - ITC GmbH","og_description":"trio peri","og_url":"https:\/\/stage.jh-itc.de\/fr\/shop\/peri-fr\/trio-peri\/peri-trio-rehabilites\/","og_site_name":"JH - ITC GmbH","article_publisher":"https:\/\/www.facebook.com\/schalungshandel","og_image":[{"width":1200,"height":1600,"url":"https:\/\/stage.jh-itc.de\/wp-content\/uploads\/2015\/06\/TRM-72x270-1.jpg","type":"image\/jpeg"}],"twitter_card":"summary_large_image","twitter_site":"@JH_ITC","schema":{"@context":"https:\/\/schema.org","@graph":[{"@type":"WebPage","@id":"https:\/\/stage.jh-itc.de\/fr\/shop\/peri-fr\/trio-peri\/peri-trio-rehabilites\/","url":"https:\/\/stage.jh-itc.de\/fr\/shop\/peri-fr\/trio-peri\/peri-trio-rehabilites\/","name":"Peri Trio r\u00e9nov\u00e9 avec un nouveau rev\u00eatement de coffrage - JH - ITC GmbH","isPartOf":{"@id":"https:\/\/stage.jh-itc.de\/fr\/#website"},"primaryImageOfPage":{"@id":"https:\/\/stage.jh-itc.de\/fr\/shop\/peri-fr\/trio-peri\/peri-trio-rehabilites\/#primaryimage"},"image":{"@id":"https:\/\/stage.jh-itc.de\/fr\/shop\/peri-fr\/trio-peri\/peri-trio-rehabilites\/#primaryimage"},"thumbnailUrl":"https:\/\/stage.jh-itc.de\/wp-content\/uploads\/2015\/06\/TRM-72x270-1.jpg","datePublished":"2021-08-30T17:04:29+00:00","description":"trio peri","breadcrumb":{"@id":"https:\/\/stage.jh-itc.de\/fr\/shop\/peri-fr\/trio-peri\/peri-trio-rehabilites\/#breadcrumb"},"inLanguage":"fr-FR","potentialAction":[{"@type":"ReadAction","target":["https:\/\/stage.jh-itc.de\/fr\/shop\/peri-fr\/trio-peri\/peri-trio-rehabilites\/"]}]},{"@type":"ImageObject","inLanguage":"fr-FR","@id":"https:\/\/stage.jh-itc.de\/fr\/shop\/peri-fr\/trio-peri\/peri-trio-rehabilites\/#primaryimage","url":"https:\/\/stage.jh-itc.de\/wp-content\/uploads\/2015\/06\/TRM-72x270-1.jpg","contentUrl":"https:\/\/stage.jh-itc.de\/wp-content\/uploads\/2015\/06\/TRM-72x270-1.jpg","width":1200,"height":1600},{"@type":"BreadcrumbList","@id":"https:\/\/stage.jh-itc.de\/fr\/shop\/peri-fr\/trio-peri\/peri-trio-rehabilites\/#breadcrumb","itemListElement":[{"@type":"ListItem","position":1,"name":"Home","item":"https:\/\/stage.jh-itc.de\/fr\/coffrages-etais-et-echafaudages-de-professionnels\/"},{"@type":"ListItem","position":2,"name":"Boutique","item":"https:\/\/stage.jh-itc.de\/fr\/boutique\/"},{"@type":"ListItem","position":3,"name":"Peri Trio r\u00e9nov\u00e9 avec un nouveau rev\u00eatement de coffrage"}]},{"@type":"WebSite","@id":"https:\/\/stage.jh-itc.de\/fr\/#website","url":"https:\/\/stage.jh-itc.de\/fr\/","name":"JH - ITC GmbH","description":"Ihr Experte f\u00fcr gebrauchte St\u00fctzen, Schalungen und Ger\u00fcste","publisher":{"@id":"https:\/\/stage.jh-itc.de\/fr\/#organization"},"potentialAction":[{"@type":"SearchAction","target":{"@type":"EntryPoint","urlTemplate":"https:\/\/stage.jh-itc.de\/fr\/?s={search_term_string}"},"query-input":{"@type":"PropertyValueSpecification","valueRequired":true,"valueName":"search_term_string"}}],"inLanguage":"fr-FR"},{"@type":"Organization","@id":"https:\/\/stage.jh-itc.de\/fr\/#organization","name":"JH-ITC GmbH","url":"https:\/\/stage.jh-itc.de\/fr\/","logo":{"@type":"ImageObject","inLanguage":"fr-FR","@id":"https:\/\/stage.jh-itc.de\/fr\/#\/schema\/logo\/image\/","url":"https:\/\/stage.jh-itc.de\/wp-content\/uploads\/2016\/01\/JH-ITC2-1.png","contentUrl":"https:\/\/stage.jh-itc.de\/wp-content\/uploads\/2016\/01\/JH-ITC2-1.png","width":300,"height":102,"caption":"JH-ITC GmbH"},"image":{"@id":"https:\/\/stage.jh-itc.de\/fr\/#\/schema\/logo\/image\/"},"sameAs":["https:\/\/www.facebook.com\/schalungshandel","https:\/\/x.com\/JH_ITC","https:\/\/www.linkedin.com\/in\/jhitc","https:\/\/youtu.be\/rMdZ-FLfI-Y"]}]}},"_links":{"self":[{"href":"https:\/\/stage.jh-itc.de\/fr\/wp-json\/wp\/v2\/product\/29499","targetHints":{"allow":["GET"]}}],"collection":[{"href":"https:\/\/stage.jh-itc.de\/fr\/wp-json\/wp\/v2\/product"}],"about":[{"href":"https:\/\/stage.jh-itc.de\/fr\/wp-json\/wp\/v2\/types\/product"}],"wp:featuredmedia":[{"embeddable":true,"href":"https:\/\/stage.jh-itc.de\/fr\/wp-json\/wp\/v2\/media\/29601"}],"wp:attachment":[{"href":"https:\/\/stage.jh-itc.de\/fr\/wp-json\/wp\/v2\/media?parent=29499"}],"wp:term":[{"taxonomy":"product_brand","embeddable":true,"href":"https:\/\/stage.jh-itc.de\/fr\/wp-json\/wp\/v2\/product_brand?post=29499"},{"taxonomy":"product_cat","embeddable":true,"href":"https:\/\/stage.jh-itc.de\/fr\/wp-json\/wp\/v2\/product_cat?post=29499"},{"taxonomy":"product_tag","embeddable":true,"href":"https:\/\/stage.jh-itc.de\/fr\/wp-json\/wp\/v2\/product_tag?post=29499"}],"curies":[{"name":"wp","href":"https:\/\/api.w.org\/{rel}","templated":true}]}}