{"id":29125,"date":"2015-07-28T12:52:29","date_gmt":"2021-08-30T17:04:11","guid":{"rendered":"https:\/\/www.jh-itc.de\/shop\/non class\u00e9\/centrale-de-cogeneration-usagee\/"},"modified":"2021-08-30T19:04:11","modified_gmt":"2021-08-30T17:04:11","slug":"unite-de-cogeneration-usagee","status":"publish","type":"product","link":"https:\/\/stage.jh-itc.de\/fr\/shop\/machines-industrielles\/unite-de-cogeneration-usagee\/","title":{"rendered":"Centrale de cog\u00e9n\u00e9ration usag\u00e9e"},"content":{"rendered":"<p><strong><u>Informations :<\/u><\/strong><br \/>\nSp\u00e9cifications de l&#8217;ensemble de la machine \u00e0 granulats<\/p>\n<p>Groupe \u00e9lectrog\u00e8ne brid\u00e9 au moteur avec un accouplement REICH \u00e0 usage intensif ; groupe moteur-g\u00e9n\u00e9rateur mont\u00e9 sur un ch\u00e2ssis de base en acier r\u00e9sistant \u00e0 la torsion ; ch\u00e2ssis en \u00e9chelle avec bac de r\u00e9cup\u00e9ration de l&#8217;huile sous le ch\u00e2ssis, mont\u00e9 \u00e9lastiquement au sol avec des m\u00e9taux oscillants. Pompe \u00e9lectrique \u00e0 huile pour une vidange propre D\u00e9marreur avec d\u00e9marrage par batterie ; pr\u00e9chauffage de l&#8217;eau de refroidissement 2 KW avec thermostat r\u00e9glable.<\/p>\n<table width=\"100%\">\n<tbody>\n<tr>\n<td width=\"30%\">Sortie continue<\/td>\n<td width=\"100%\">200 KVA \/ 160 KW selon DIN A sans restriction 24h\/j<\/td>\n<\/tr>\n<tr>\n<td width=\"30%\">Vitesse<\/td>\n<td width=\"100%\">1500 upm\/P-degr\u00e9 1<\/td>\n<\/tr>\n<tr>\n<td width=\"30%\">Marque\/type de moteur<\/td>\n<td width=\"100%\">MAN D 2866 LE201<\/td>\n<\/tr>\n<tr>\n<td width=\"30%\">Version<\/td>\n<td width=\"100%\">6 cylindres turbo diesel Intercooling dans l&#8217;air<\/td>\n<\/tr>\n<tr>\n<td width=\"30%\">Puissance continue, COP<\/td>\n<td width=\"100%\">290 KW selon DIN 6271 A \/ISO 3046\/1<\/td>\n<\/tr>\n<tr>\n<td width=\"30%\">D\u00e9placement<\/td>\n<td width=\"100%\">12 litres<\/td>\n<\/tr>\n<tr>\n<td width=\"30%\">Consommation de carburant<\/td>\n<td width=\"100%\">Diesel : 195g \/ KWh mech. = 0,24 l selon la norme DIN ISO 3046\/1<\/td>\n<\/tr>\n<tr>\n<td width=\"30%\"><\/td>\n<td width=\"100%\">P\u00d6 228g \/ KWh mech. = 0,26 l avec un pouvoir calorifique de 10,3 KWh\/kg<\/td>\n<\/tr>\n<tr>\n<td width=\"30%\"><\/td>\n<td width=\"100%\">Consommation d&#8217;huile v\u00e9g\u00e9tale el. par heure environ 40 l avec un pouvoir calorifique de 10,3 KWh\/kg<\/td>\n<\/tr>\n<tr>\n<td width=\"30%\">Restriction<\/td>\n<td width=\"100%\">L&#8217;huile v\u00e9g\u00e9tale a un contenu \u00e9nerg\u00e9tique non utilisable, selon la qualit\u00e9 ou l&#8217;ad\u00e9quation, la consommation peut augmenter !<\/td>\n<\/tr>\n<tr>\n<td width=\"30%\">Syst\u00e8me d&#8217;injection<\/td>\n<td width=\"100%\">Injection haute pression, contr\u00f4le \u00e9lectronique<\/td>\n<\/tr>\n<tr>\n<td width=\"30%\">Intercooling<\/td>\n<td width=\"100%\">Air\/Air<\/td>\n<\/tr>\n<tr>\n<td width=\"30%\">Consommation sp\u00e9cifique de carburant<\/td>\n<td width=\"100%\">2.28 Kwh th\/ Kwh mech.<\/td>\n<\/tr>\n<tr>\n<td width=\"30%\">Entr\u00e9e d&#8217;\u00e9nergie pour 160 KW el<\/td>\n<td width=\"100%\">384 KW = Puissance calorifique du feu FWL<\/td>\n<\/tr>\n<tr>\n<td width=\"30%\">\u00c9nergie dans l&#8217;eau de refroidissement<\/td>\n<td width=\"100%\">environ 65 KW<\/td>\n<\/tr>\n<tr>\n<td width=\"30%\">\u00c9nergie dans les gaz d&#8217;\u00e9chappement (160\u00b0C)<\/td>\n<td width=\"100%\">environ 80 KW (avec \u00e9changeur de gaz d&#8217;\u00e9chappement propre)<\/td>\n<\/tr>\n<tr>\n<td width=\"30%\">\u00c9nergie thermique utilisable<\/td>\n<td width=\"100%\">environ 145 KW<\/td>\n<\/tr>\n<tr>\n<td width=\"30%\">Circuit de chauffage<\/td>\n<td width=\"100%\">Q=8,5 m\u00b3 \/ V\/L 60\/80\u00b0C<\/td>\n<\/tr>\n<tr>\n<td width=\"30%\">Efficacit\u00e9 \u00e9lectrique<\/td>\n<td width=\"100%\">41,6 %<\/td>\n<\/tr>\n<tr>\n<td width=\"30%\">Efficacit\u00e9 thermique<\/td>\n<td width=\"100%\">38,5 %<\/td>\n<\/tr>\n<tr>\n<td width=\"30%\">Efficacit\u00e9 totale<\/td>\n<td width=\"100%\">80,2 %<\/td>\n<\/tr>\n<tr>\n<td width=\"30%\">Ratio d&#8217;\u00e9lectricit\u00e9<\/td>\n<td width=\"100%\">eta el. \/ eta th. = 1,08<\/td>\n<\/tr>\n<\/tbody>\n<\/table>\n<p>Vidange de l&#8217;huile moteur avec pompe \u00e9lectrique et tuyau de raccordement ; capteur thermique PT-100 pour connexion PLC int\u00e9gr\u00e9 dans la culasse.<\/p>\n<table width=\"100%\">\n<tbody>\n<tr>\n<td width=\"30%\">Capteurs\/Actuateurs<\/td>\n<td width=\"100%\">Commutateur de temp\u00e9rature d&#8217;eau ; commutateur de pression d&#8217;huile ; capteur de pression d&#8217;huile ; temp\u00e9rature d&#8217;air de suralimentation, capteur de niveau d&#8217;eau bas du moteur et du circuit de chauffage ; relais auxiliaire de d\u00e9marrage ; indicateur de contamination du filtre \u00e0 air.<\/td>\n<\/tr>\n<\/tbody>\n<\/table>\n<p>Contr\u00f4le actif de la fr\u00e9quence en fonctionnement isol\u00e9, contr\u00f4le de la puissance en fonctionnement parall\u00e8le.<\/p>\n<table width=\"100%\">\n<tbody>\n<tr>\n<td width=\"30%\">G\u00e9n\u00e9rateur :<\/td>\n<td width=\"100%\"><\/td>\n<\/tr>\n<tr>\n<td width=\"30%\">Faire<\/td>\n<td width=\"100%\">G\u00e9n\u00e9rateur Stamford 1 roulement<\/td>\n<\/tr>\n<tr>\n<td width=\"30%\">Puissance<\/td>\n<td width=\"100%\">225 KVA \/ 180 KW \u00e0 cos.phi 0.8<\/td>\n<\/tr>\n<tr>\n<td width=\"30%\">Tension\/fr\u00e9quence<\/td>\n<td width=\"100%\">400\/231 V \u00e9lectr.r\u00e9gul\u00e9 50 Hertz<\/td>\n<\/tr>\n<tr>\n<td width=\"30%\">Constance de la tension<\/td>\n<td width=\"100%\">+\/- 1%<\/td>\n<\/tr>\n<tr>\n<td width=\"30%\">Efficacit\u00e9<\/td>\n<td width=\"100%\">95,5 % \u00e0 Cos-Phi=1 \/ 75 % de facteur de charge<\/td>\n<\/tr>\n<tr>\n<td width=\"30%\">Niveau de suppression des interf\u00e9rences radio<\/td>\n<td width=\"100%\">N selon VDE 0875<\/td>\n<\/tr>\n<\/tbody>\n<\/table>\n<p>Ex\u00e9cution acc. VDE 0530\/BSS 5000 pour une temp\u00e9rature ambiante de 40 degr\u00e9s ; h au-dessous de 1000m NN ; conception robuste avec un moment d&#8217;inertie \u00e9lev\u00e9 du rotor ; capable de fonctionner en parall\u00e8le avec le r\u00e9seau ; capteurs thermiques int\u00e9gr\u00e9s dans l&#8217;enroulement avec dispositif de d\u00e9clenchement dans l&#8217;appareillage Conception sans balais;Auto-excitation;Autosynchronisation;Isolation tropicale ; Filtre \u00e0 air d&#8217;admission<\/p>\n<table width=\"100%\">\n<tbody>\n<tr>\n<td width=\"30%\">Espace minimum requis pour le module<\/td>\n<td width=\"100%\">2,5 x 5 m<\/td>\n<\/tr>\n<tr>\n<td width=\"30%\">Port\u00e9e de l&#8217;assemblage<\/td>\n<td width=\"100%\">par accord\/feuille d&#8217;offre<\/td>\n<\/tr>\n<\/tbody>\n<\/table>\n<p>&nbsp;<\/p>\n<p>&nbsp;<\/p>\n<p><strong>A vendre contre une ench\u00e8re.<\/strong><\/p>\n<p>&nbsp;<\/p>\n","protected":false},"excerpt":{"rendered":"<p>Informations : Sp\u00e9cifications de l&#8217;ensemble de la machine \u00e0 granulats Groupe \u00e9lectrog\u00e8ne brid\u00e9 au moteur avec un accouplement REICH \u00e0 usage intensif ; groupe moteur-g\u00e9n\u00e9rateur mont\u00e9 sur un ch\u00e2ssis de base en acier r\u00e9sistant \u00e0 la torsion ; ch\u00e2ssis en \u00e9chelle avec bac de r\u00e9cup\u00e9ration de l&#8217;huile sous le ch\u00e2ssis, mont\u00e9 \u00e9lastiquement au sol avec [&hellip;]<\/p>\n","protected":false},"featured_media":0,"template":"","meta":[],"product_brand":[],"product_cat":[401],"product_tag":[],"class_list":{"0":"post-29125","1":"product","2":"type-product","3":"status-publish","5":"product_cat-machines-industrielles","7":"first","8":"instock","9":"taxable","10":"shipping-taxable","11":"product-type-simple"},"yoast_head":"<!-- This site is optimized with the Yoast SEO plugin v26.5 - https:\/\/yoast.com\/wordpress\/plugins\/seo\/ -->\n<title>Centrale de cog\u00e9n\u00e9ration usag\u00e9e - JH - ITC GmbH<\/title>\n<meta name=\"description\" content=\"Centrale de cog\u00e9n\u00e9ration\" \/>\n<meta name=\"robots\" content=\"noindex, follow, max-snippet:-1, max-image-preview:large, max-video-preview:-1\" \/>\n<meta property=\"og:locale\" content=\"fr_FR\" \/>\n<meta property=\"og:type\" content=\"article\" \/>\n<meta property=\"og:title\" content=\"Centrale de cog\u00e9n\u00e9ration usag\u00e9e - JH - ITC GmbH\" \/>\n<meta property=\"og:description\" content=\"Centrale de cog\u00e9n\u00e9ration\" \/>\n<meta property=\"og:url\" content=\"https:\/\/stage.jh-itc.de\/fr\/shop\/machines-industrielles\/unite-de-cogeneration-usagee\/\" \/>\n<meta property=\"og:site_name\" content=\"JH - ITC GmbH\" \/>\n<meta property=\"article:publisher\" content=\"https:\/\/www.facebook.com\/schalungshandel\" \/>\n<meta property=\"og:image\" content=\"https:\/\/stage.jh-itc.de\/wp-content\/uploads\/2015\/07\/CIMG8684-Small.jpg\" \/>\n\t<meta property=\"og:image:width\" content=\"640\" \/>\n\t<meta property=\"og:image:height\" content=\"480\" \/>\n\t<meta property=\"og:image:type\" content=\"image\/jpeg\" \/>\n<meta name=\"twitter:card\" content=\"summary_large_image\" \/>\n<meta name=\"twitter:site\" content=\"@JH_ITC\" \/>\n<meta name=\"twitter:label1\" content=\"Dur\u00e9e de lecture estim\u00e9e\" \/>\n\t<meta name=\"twitter:data1\" content=\"2 minutes\" \/>\n<!-- \/ Yoast SEO plugin. -->","yoast_head_json":{"title":"Centrale de cog\u00e9n\u00e9ration usag\u00e9e - JH - ITC GmbH","description":"Centrale de cog\u00e9n\u00e9ration","robots":{"index":"noindex","follow":"follow","max-snippet":"max-snippet:-1","max-image-preview":"max-image-preview:large","max-video-preview":"max-video-preview:-1"},"og_locale":"fr_FR","og_type":"article","og_title":"Centrale de cog\u00e9n\u00e9ration usag\u00e9e - JH - ITC GmbH","og_description":"Centrale de cog\u00e9n\u00e9ration","og_url":"https:\/\/stage.jh-itc.de\/fr\/shop\/machines-industrielles\/unite-de-cogeneration-usagee\/","og_site_name":"JH - ITC GmbH","article_publisher":"https:\/\/www.facebook.com\/schalungshandel","og_image":[{"width":640,"height":480,"url":"https:\/\/stage.jh-itc.de\/wp-content\/uploads\/2015\/07\/CIMG8684-Small.jpg","type":"image\/jpeg"}],"twitter_card":"summary_large_image","twitter_site":"@JH_ITC","twitter_misc":{"Dur\u00e9e de lecture estim\u00e9e":"2 minutes"},"schema":{"@context":"https:\/\/schema.org","@graph":[{"@type":"WebPage","@id":"https:\/\/stage.jh-itc.de\/fr\/shop\/machines-industrielles\/unite-de-cogeneration-usagee\/","url":"https:\/\/stage.jh-itc.de\/fr\/shop\/machines-industrielles\/unite-de-cogeneration-usagee\/","name":"Centrale de cog\u00e9n\u00e9ration usag\u00e9e - JH - ITC GmbH","isPartOf":{"@id":"https:\/\/stage.jh-itc.de\/fr\/#website"},"datePublished":"2021-08-30T17:04:11+00:00","description":"Centrale de cog\u00e9n\u00e9ration","breadcrumb":{"@id":"https:\/\/stage.jh-itc.de\/fr\/shop\/machines-industrielles\/unite-de-cogeneration-usagee\/#breadcrumb"},"inLanguage":"fr-FR","potentialAction":[{"@type":"ReadAction","target":["https:\/\/stage.jh-itc.de\/fr\/shop\/machines-industrielles\/unite-de-cogeneration-usagee\/"]}]},{"@type":"BreadcrumbList","@id":"https:\/\/stage.jh-itc.de\/fr\/shop\/machines-industrielles\/unite-de-cogeneration-usagee\/#breadcrumb","itemListElement":[{"@type":"ListItem","position":1,"name":"Home","item":"https:\/\/stage.jh-itc.de\/fr\/coffrages-etais-et-echafaudages-de-professionnels\/"},{"@type":"ListItem","position":2,"name":"Boutique","item":"https:\/\/stage.jh-itc.de\/fr\/boutique\/"},{"@type":"ListItem","position":3,"name":"Centrale de cog\u00e9n\u00e9ration usag\u00e9e"}]},{"@type":"WebSite","@id":"https:\/\/stage.jh-itc.de\/fr\/#website","url":"https:\/\/stage.jh-itc.de\/fr\/","name":"JH - ITC GmbH","description":"Ihr Experte f\u00fcr gebrauchte St\u00fctzen, Schalungen und Ger\u00fcste","publisher":{"@id":"https:\/\/stage.jh-itc.de\/fr\/#organization"},"potentialAction":[{"@type":"SearchAction","target":{"@type":"EntryPoint","urlTemplate":"https:\/\/stage.jh-itc.de\/fr\/?s={search_term_string}"},"query-input":{"@type":"PropertyValueSpecification","valueRequired":true,"valueName":"search_term_string"}}],"inLanguage":"fr-FR"},{"@type":"Organization","@id":"https:\/\/stage.jh-itc.de\/fr\/#organization","name":"JH-ITC GmbH","url":"https:\/\/stage.jh-itc.de\/fr\/","logo":{"@type":"ImageObject","inLanguage":"fr-FR","@id":"https:\/\/stage.jh-itc.de\/fr\/#\/schema\/logo\/image\/","url":"https:\/\/stage.jh-itc.de\/wp-content\/uploads\/2016\/01\/JH-ITC2-1.png","contentUrl":"https:\/\/stage.jh-itc.de\/wp-content\/uploads\/2016\/01\/JH-ITC2-1.png","width":300,"height":102,"caption":"JH-ITC GmbH"},"image":{"@id":"https:\/\/stage.jh-itc.de\/fr\/#\/schema\/logo\/image\/"},"sameAs":["https:\/\/www.facebook.com\/schalungshandel","https:\/\/x.com\/JH_ITC","https:\/\/www.linkedin.com\/in\/jhitc","https:\/\/youtu.be\/rMdZ-FLfI-Y"]}]}},"_links":{"self":[{"href":"https:\/\/stage.jh-itc.de\/fr\/wp-json\/wp\/v2\/product\/29125","targetHints":{"allow":["GET"]}}],"collection":[{"href":"https:\/\/stage.jh-itc.de\/fr\/wp-json\/wp\/v2\/product"}],"about":[{"href":"https:\/\/stage.jh-itc.de\/fr\/wp-json\/wp\/v2\/types\/product"}],"wp:attachment":[{"href":"https:\/\/stage.jh-itc.de\/fr\/wp-json\/wp\/v2\/media?parent=29125"}],"wp:term":[{"taxonomy":"product_brand","embeddable":true,"href":"https:\/\/stage.jh-itc.de\/fr\/wp-json\/wp\/v2\/product_brand?post=29125"},{"taxonomy":"product_cat","embeddable":true,"href":"https:\/\/stage.jh-itc.de\/fr\/wp-json\/wp\/v2\/product_cat?post=29125"},{"taxonomy":"product_tag","embeddable":true,"href":"https:\/\/stage.jh-itc.de\/fr\/wp-json\/wp\/v2\/product_tag?post=29125"}],"curies":[{"name":"wp","href":"https:\/\/api.w.org\/{rel}","templated":true}]}}