{"id":28409,"date":"2016-02-10T11:46:11","date_gmt":"2021-08-30T17:03:39","guid":{"rendered":"https:\/\/www.jh-itc.de\/shop\/non class\u00e9\/les-supports-peri-pep\/"},"modified":"2021-08-30T19:03:39","modified_gmt":"2021-08-30T17:03:39","slug":"peri-pep-props-peri-pep-props","status":"publish","type":"product","link":"https:\/\/stage.jh-itc.de\/fr\/shop\/peri-fr\/peri-pep-props-peri-pep-props\/","title":{"rendered":"Les supports Peri PEP"},"content":{"rendered":"","protected":false},"excerpt":{"rendered":"<p>Nous proposons un grand nombre d&#8217;<strong>accessoires Peri PEP<\/strong> d&#8217;occasion.<\/p>\n<table style=\"width: 512px\">\n<tbody>\n<tr>\n<td style=\"width: 220px\"><strong>Description de l&#8217;article<\/strong><\/td>\n<td style=\"width: 162px\"><strong>Description<\/strong><\/td>\n<td style=\"width: 114px\"><strong>Quantit\u00e9<\/strong><\/td>\n<\/tr>\n<tr>\n<td style=\"width: 220px\">Support de plafond PEP 20-300, galv.<\/td>\n<td style=\"width: 162px\">Prop PEP 20-300<\/td>\n<td style=\"width: 114px\">398<\/td>\n<\/tr>\n<tr>\n<td style=\"width: 220px\">Palette RP-2 80 x 150, galvanis\u00e9e<\/td>\n<td style=\"width: 162px\">Palette RP-2 80 x 150, galv.<\/td>\n<td style=\"width: 114px\">8<\/td>\n<\/tr>\n<tr>\n<td style=\"width: 220px\">Support de plafond PEP 20-350, galv.<\/td>\n<td style=\"width: 162px\">Prop PEP 20-350<\/td>\n<td style=\"width: 114px\">401<\/td>\n<\/tr>\n<tr>\n<td style=\"width: 220px\">Palette RP-2 80 x 150, galvanis\u00e9e<\/td>\n<td style=\"width: 162px\">Palette RP-2 80 x 150, galv.<\/td>\n<td style=\"width: 114px\">11<\/td>\n<\/tr>\n<tr>\n<td style=\"width: 220px\">Support de plafond PEP 20-400, galv.<\/td>\n<td style=\"width: 162px\">Prop PEP 20-400<\/td>\n<td style=\"width: 114px\">223<\/td>\n<\/tr>\n<tr>\n<td style=\"width: 220px\">Palette RP-2 80 x 150, galvanis\u00e9e<\/td>\n<td style=\"width: 162px\">Palette RP-2 80 x 150, galv.<\/td>\n<td style=\"width: 114px\">6<\/td>\n<\/tr>\n<tr>\n<td style=\"width: 220px\">T\u00eate de pince 16\/20 S, galv.<\/td>\n<td style=\"width: 162px\">T\u00eate de pince 16\/20 S, galv.<\/td>\n<td style=\"width: 114px\">52<\/td>\n<\/tr>\n<tr>\n<td style=\"width: 220px\">T\u00eate \u00e0 griffes 24 S, galv.<\/td>\n<td style=\"width: 162px\">T\u00eate de pince 24 S, galv.<\/td>\n<td style=\"width: 114px\">45<\/td>\n<\/tr>\n<tr>\n<td style=\"width: 220px\">Bo\u00eete grillag\u00e9e 80 x 120-K, laqu\u00e9e<\/td>\n<td style=\"width: 162px\">Palette de caisses 80 x 120, peinte<\/td>\n<td style=\"width: 114px\">1<\/td>\n<\/tr>\n<tr>\n<td style=\"width: 220px\">Traverse 20\/24 S, galv.<\/td>\n<td style=\"width: 162px\">Traverse 20\/24 S, galv.<\/td>\n<td style=\"width: 114px\">750<\/td>\n<\/tr>\n<tr>\n<td style=\"width: 220px\">Bo\u00eete grillag\u00e9e 80 x 120-K, laqu\u00e9e<\/td>\n<td style=\"width: 162px\">Palette de caisses 80 x 120, peinte<\/td>\n<td style=\"width: 114px\">8<\/td>\n<\/tr>\n<tr>\n<td style=\"width: 220px\">Pied MP 50<\/td>\n<td style=\"width: 162px\">MP de base 50<\/td>\n<td style=\"width: 114px\">94<\/td>\n<\/tr>\n<\/tbody>\n<\/table>\n<p>Disponible en stock.<\/p>\n<p>Si vous \u00eates int\u00e9ress\u00e9, veuillez nous envoyer votre demande.<\/p>\n","protected":false},"featured_media":28448,"template":"","meta":[],"product_brand":[],"product_cat":[378,385],"product_tag":[],"class_list":{"0":"post-28409","1":"product","2":"type-product","3":"status-publish","4":"has-post-thumbnail","6":"product_cat-peri-fr","7":"product_cat-supports","9":"first","10":"instock","11":"taxable","12":"shipping-taxable","13":"product-type-simple"},"yoast_head":"<!-- This site is optimized with the Yoast SEO plugin v26.5 - https:\/\/yoast.com\/wordpress\/plugins\/seo\/ -->\n<title>Les supports Peri PEP - JH - ITC GmbH<\/title>\n<meta name=\"description\" content=\"Peri PEP 20-300 props ; Peri Peri PEP 20-350 props ;\" \/>\n<meta name=\"robots\" content=\"noindex, follow, max-snippet:-1, max-image-preview:large, max-video-preview:-1\" \/>\n<meta property=\"og:locale\" content=\"fr_FR\" \/>\n<meta property=\"og:type\" content=\"article\" \/>\n<meta property=\"og:title\" content=\"Les supports Peri PEP - JH - ITC GmbH\" \/>\n<meta property=\"og:description\" content=\"Peri PEP 20-300 props ; Peri Peri PEP 20-350 props ;\" \/>\n<meta property=\"og:url\" content=\"https:\/\/stage.jh-itc.de\/fr\/shop\/peri-fr\/peri-pep-props-peri-pep-props\/\" \/>\n<meta property=\"og:site_name\" content=\"JH - ITC GmbH\" \/>\n<meta property=\"article:publisher\" content=\"https:\/\/www.facebook.com\/schalungshandel\" \/>\n<meta property=\"og:image\" content=\"https:\/\/stage.jh-itc.de\/wp-content\/uploads\/2016\/02\/Peri-PEP-20-300-2-1.jpg\" \/>\n\t<meta property=\"og:image:width\" content=\"640\" \/>\n\t<meta property=\"og:image:height\" content=\"480\" \/>\n\t<meta property=\"og:image:type\" content=\"image\/jpeg\" \/>\n<meta name=\"twitter:card\" content=\"summary_large_image\" \/>\n<meta name=\"twitter:site\" content=\"@JH_ITC\" \/>\n<!-- \/ Yoast SEO plugin. -->","yoast_head_json":{"title":"Les supports Peri PEP - JH - ITC GmbH","description":"Peri PEP 20-300 props ; Peri Peri PEP 20-350 props ;","robots":{"index":"noindex","follow":"follow","max-snippet":"max-snippet:-1","max-image-preview":"max-image-preview:large","max-video-preview":"max-video-preview:-1"},"og_locale":"fr_FR","og_type":"article","og_title":"Les supports Peri PEP - JH - ITC GmbH","og_description":"Peri PEP 20-300 props ; Peri Peri PEP 20-350 props ;","og_url":"https:\/\/stage.jh-itc.de\/fr\/shop\/peri-fr\/peri-pep-props-peri-pep-props\/","og_site_name":"JH - ITC GmbH","article_publisher":"https:\/\/www.facebook.com\/schalungshandel","og_image":[{"width":640,"height":480,"url":"https:\/\/stage.jh-itc.de\/wp-content\/uploads\/2016\/02\/Peri-PEP-20-300-2-1.jpg","type":"image\/jpeg"}],"twitter_card":"summary_large_image","twitter_site":"@JH_ITC","schema":{"@context":"https:\/\/schema.org","@graph":[{"@type":"WebPage","@id":"https:\/\/stage.jh-itc.de\/fr\/shop\/peri-fr\/peri-pep-props-peri-pep-props\/","url":"https:\/\/stage.jh-itc.de\/fr\/shop\/peri-fr\/peri-pep-props-peri-pep-props\/","name":"Les supports Peri PEP - JH - ITC GmbH","isPartOf":{"@id":"https:\/\/stage.jh-itc.de\/fr\/#website"},"primaryImageOfPage":{"@id":"https:\/\/stage.jh-itc.de\/fr\/shop\/peri-fr\/peri-pep-props-peri-pep-props\/#primaryimage"},"image":{"@id":"https:\/\/stage.jh-itc.de\/fr\/shop\/peri-fr\/peri-pep-props-peri-pep-props\/#primaryimage"},"thumbnailUrl":"https:\/\/stage.jh-itc.de\/wp-content\/uploads\/2016\/02\/Peri-PEP-20-300-2-1.jpg","datePublished":"2021-08-30T17:03:39+00:00","description":"Peri PEP 20-300 props ; Peri Peri PEP 20-350 props ;","breadcrumb":{"@id":"https:\/\/stage.jh-itc.de\/fr\/shop\/peri-fr\/peri-pep-props-peri-pep-props\/#breadcrumb"},"inLanguage":"fr-FR","potentialAction":[{"@type":"ReadAction","target":["https:\/\/stage.jh-itc.de\/fr\/shop\/peri-fr\/peri-pep-props-peri-pep-props\/"]}]},{"@type":"ImageObject","inLanguage":"fr-FR","@id":"https:\/\/stage.jh-itc.de\/fr\/shop\/peri-fr\/peri-pep-props-peri-pep-props\/#primaryimage","url":"https:\/\/stage.jh-itc.de\/wp-content\/uploads\/2016\/02\/Peri-PEP-20-300-2-1.jpg","contentUrl":"https:\/\/stage.jh-itc.de\/wp-content\/uploads\/2016\/02\/Peri-PEP-20-300-2-1.jpg","width":640,"height":480},{"@type":"BreadcrumbList","@id":"https:\/\/stage.jh-itc.de\/fr\/shop\/peri-fr\/peri-pep-props-peri-pep-props\/#breadcrumb","itemListElement":[{"@type":"ListItem","position":1,"name":"Home","item":"https:\/\/stage.jh-itc.de\/fr\/coffrages-etais-et-echafaudages-de-professionnels\/"},{"@type":"ListItem","position":2,"name":"Boutique","item":"https:\/\/stage.jh-itc.de\/fr\/boutique\/"},{"@type":"ListItem","position":3,"name":"Les supports Peri PEP"}]},{"@type":"WebSite","@id":"https:\/\/stage.jh-itc.de\/fr\/#website","url":"https:\/\/stage.jh-itc.de\/fr\/","name":"JH - ITC GmbH","description":"Ihr Experte f\u00fcr gebrauchte St\u00fctzen, Schalungen und Ger\u00fcste","publisher":{"@id":"https:\/\/stage.jh-itc.de\/fr\/#organization"},"potentialAction":[{"@type":"SearchAction","target":{"@type":"EntryPoint","urlTemplate":"https:\/\/stage.jh-itc.de\/fr\/?s={search_term_string}"},"query-input":{"@type":"PropertyValueSpecification","valueRequired":true,"valueName":"search_term_string"}}],"inLanguage":"fr-FR"},{"@type":"Organization","@id":"https:\/\/stage.jh-itc.de\/fr\/#organization","name":"JH-ITC GmbH","url":"https:\/\/stage.jh-itc.de\/fr\/","logo":{"@type":"ImageObject","inLanguage":"fr-FR","@id":"https:\/\/stage.jh-itc.de\/fr\/#\/schema\/logo\/image\/","url":"https:\/\/stage.jh-itc.de\/wp-content\/uploads\/2016\/01\/JH-ITC2-1.png","contentUrl":"https:\/\/stage.jh-itc.de\/wp-content\/uploads\/2016\/01\/JH-ITC2-1.png","width":300,"height":102,"caption":"JH-ITC GmbH"},"image":{"@id":"https:\/\/stage.jh-itc.de\/fr\/#\/schema\/logo\/image\/"},"sameAs":["https:\/\/www.facebook.com\/schalungshandel","https:\/\/x.com\/JH_ITC","https:\/\/www.linkedin.com\/in\/jhitc","https:\/\/youtu.be\/rMdZ-FLfI-Y"]}]}},"_links":{"self":[{"href":"https:\/\/stage.jh-itc.de\/fr\/wp-json\/wp\/v2\/product\/28409","targetHints":{"allow":["GET"]}}],"collection":[{"href":"https:\/\/stage.jh-itc.de\/fr\/wp-json\/wp\/v2\/product"}],"about":[{"href":"https:\/\/stage.jh-itc.de\/fr\/wp-json\/wp\/v2\/types\/product"}],"wp:featuredmedia":[{"embeddable":true,"href":"https:\/\/stage.jh-itc.de\/fr\/wp-json\/wp\/v2\/media\/28448"}],"wp:attachment":[{"href":"https:\/\/stage.jh-itc.de\/fr\/wp-json\/wp\/v2\/media?parent=28409"}],"wp:term":[{"taxonomy":"product_brand","embeddable":true,"href":"https:\/\/stage.jh-itc.de\/fr\/wp-json\/wp\/v2\/product_brand?post=28409"},{"taxonomy":"product_cat","embeddable":true,"href":"https:\/\/stage.jh-itc.de\/fr\/wp-json\/wp\/v2\/product_cat?post=28409"},{"taxonomy":"product_tag","embeddable":true,"href":"https:\/\/stage.jh-itc.de\/fr\/wp-json\/wp\/v2\/product_tag?post=28409"}],"curies":[{"name":"wp","href":"https:\/\/api.w.org\/{rel}","templated":true}]}}