{"id":26820,"date":"2021-08-30T18:45:40","date_gmt":"2021-08-30T16:45:40","guid":{"rendered":"https:\/\/www.jh-itc.de\/ce-quil-faut-savoir\/systeme-de-panneaux-alkus-la-solution-economique-en-matiere-de-panneaux-de-coffrage\/"},"modified":"2021-08-30T18:45:43","modified_gmt":"2021-08-30T16:45:43","slug":"systeme-de-panneaux-alkus-la-solution-economique-en-matiere-de-panneaux-de-coffrage","status":"publish","type":"page","link":"https:\/\/stage.jh-itc.de\/fr\/ce-quil-faut-savoir\/systeme-de-panneaux-alkus-la-solution-economique-en-matiere-de-panneaux-de-coffrage\/","title":{"rendered":"syst\u00e8me de panneaux alkus &#8211; la solution \u00e9conomique en mati\u00e8re de panneaux de coffrage"},"content":{"rendered":"<p>Les panneaux plastiques solides alkus sont l&#8217;alternative \u00e9conomique aux panneaux de coffrage en bois conventionnels pour le secteur de la construction. Les panneaux peuvent \u00eatre trait\u00e9s comme le bois, mais sont beaucoup plus durables, car ils r\u00e9sistent \u00e0 l&#8217;humidit\u00e9 et aux UV et peuvent \u00eatre r\u00e9par\u00e9s comme du tissu. C&#8217;est payant. Plus de 1 000 applications avec une seule feuille tout plastique alkus ont \u00e9t\u00e9 document\u00e9es. Les panneaux enti\u00e8rement en plastique d&#8217;alkus s&#8217;adaptent \u00e0 tous les syst\u00e8mes de coffrage et \u00e0 tous les cadres, quelles que soient leur taille et leur forme. En raison de la possibilit\u00e9 de soudage sans joint et de l&#8217;extr\u00eame flexibilit\u00e9 et formabilit\u00e9, presque tous les projets en b\u00e9ton peuvent \u00eatre mis en \u0153uvre avec le syst\u00e8me de panneaux alkus.<\/p>\n<p>l&#8217;alkus paie !<\/p>\n<p><strong>Quelques avantages du syst\u00e8me de panneaux alkus en un coup d&#8217;\u0153il :<\/strong><\/p>\n<p>Extr\u00eamement durable<\/p>\n<ul>\n<li>Jusqu&#8217;\u00e0 1 000 inserts avec une plaque<\/li>\n<li>Garantie \u00e0 long terme de 7 ans<\/li>\n<li>R\u00e9sistant \u00e0 l&#8217;humidit\u00e9 &#8211; donc pas de pourrissement, de gonflement, de r\u00e9tr\u00e9cissement, de d\u00e9coloration et pas de formation de c\u00f4tes.<\/li>\n<li>R\u00e9sistance \u00e9lev\u00e9e \u00e0 l&#8217;abrasion et aux UV<\/li>\n<li>Option de r\u00e9paration simple et durable &#8211; semblable \u00e0 du tissu sans perte de qualit\u00e9<\/li>\n<\/ul>\n<p>Extr\u00eamement pratique<\/p>\n<ul>\n<li>Ind\u00e9pendant du syst\u00e8me &#8211; peut \u00eatre utilis\u00e9 dans les syst\u00e8mes de cadre de tous les fabricants.<\/li>\n<li>Presque toutes les formes et dimensions de b\u00e9ton peuvent \u00eatre r\u00e9alis\u00e9es &#8211; Peut \u00eatre fa\u00e7onn\u00e9 et pli\u00e9 comme une t\u00f4le, soud\u00e9 sans joints<\/li>\n<li>Clouer, visser et scier comme du bois<\/li>\n<li>Nettoyage avec un nettoyeur haute pression (jusqu&#8217;\u00e0 1000 bars) ou un nettoyeur rotatif<\/li>\n<li>Aucune perte de qualit\u00e9 pendant le stockage en ext\u00e9rieur<\/li>\n<li>Cycle de recyclage respectueux de l&#8217;environnement &#8211; pas de frais suppl\u00e9mentaires pour les d\u00e9chets dangereux<\/li>\n<\/ul>\n<hr>\n<p><iframe src=\"\/\/www.youtube.com\/embed\/dihw-WDYIhU\" width=\"425\" height=\"350\" allowfullscreen=\"allowfullscreen\"><\/iframe><\/p>\n<hr>\n<p><iframe src=\"\/\/www.youtube.com\/embed\/py7TeVc7fwU\" width=\"425\" height=\"350\" allowfullscreen=\"allowfullscreen\"><\/iframe><\/p>\n<hr>\n<p><iframe src=\"\/\/www.youtube.com\/embed\/M9IIhC-C3A0\" width=\"425\" height=\"350\" allowfullscreen=\"allowfullscreen\"><\/iframe><\/p>\n<hr>\n","protected":false},"excerpt":{"rendered":"<p>Les panneaux plastiques solides alkus sont l&#8217;alternative \u00e9conomique aux panneaux de coffrage en bois conventionnels pour le secteur de la construction. Les panneaux peuvent \u00eatre trait\u00e9s comme le bois, mais sont beaucoup plus durables, car ils r\u00e9sistent \u00e0 l&#8217;humidit\u00e9 et aux UV et peuvent \u00eatre r\u00e9par\u00e9s comme du tissu. C&#8217;est payant. Plus de 1 000 [&hellip;]<\/p>\n","protected":false},"author":7,"featured_media":26832,"parent":26756,"menu_order":0,"comment_status":"closed","ping_status":"closed","template":"","meta":{"footnotes":""},"class_list":["post-26820","page","type-page","status-publish","has-post-thumbnail"],"yoast_head":"<!-- This site is optimized with the Yoast SEO plugin v26.5 - https:\/\/yoast.com\/wordpress\/plugins\/seo\/ -->\n<title>syst\u00e8me de panneaux alkus - la solution \u00e9conomique en mati\u00e8re de panneaux de coffrage - JH - ITC GmbH<\/title>\n<meta name=\"robots\" content=\"noindex, follow, max-snippet:-1, max-image-preview:large, max-video-preview:-1\" \/>\n<meta property=\"og:locale\" content=\"fr_FR\" \/>\n<meta property=\"og:type\" content=\"article\" \/>\n<meta property=\"og:title\" content=\"syst\u00e8me de panneaux alkus - la solution \u00e9conomique en mati\u00e8re de panneaux de coffrage - JH - ITC GmbH\" \/>\n<meta property=\"og:description\" content=\"Les panneaux plastiques solides alkus sont l&#8217;alternative \u00e9conomique aux panneaux de coffrage en bois conventionnels pour le secteur de la construction. Les panneaux peuvent \u00eatre trait\u00e9s comme le bois, mais sont beaucoup plus durables, car ils r\u00e9sistent \u00e0 l&#8217;humidit\u00e9 et aux UV et peuvent \u00eatre r\u00e9par\u00e9s comme du tissu. C&#8217;est payant. Plus de 1 000 [&hellip;]\" \/>\n<meta property=\"og:url\" content=\"https:\/\/stage.jh-itc.de\/fr\/ce-quil-faut-savoir\/systeme-de-panneaux-alkus-la-solution-economique-en-matiere-de-panneaux-de-coffrage\/\" \/>\n<meta property=\"og:site_name\" content=\"JH - ITC GmbH\" \/>\n<meta property=\"article:publisher\" content=\"https:\/\/www.facebook.com\/schalungshandel\" \/>\n<meta property=\"article:modified_time\" content=\"2021-08-30T16:45:43+00:00\" \/>\n<meta name=\"twitter:card\" content=\"summary_large_image\" \/>\n<meta name=\"twitter:site\" content=\"@JH_ITC\" \/>\n<meta name=\"twitter:label1\" content=\"Dur\u00e9e de lecture estim\u00e9e\" \/>\n\t<meta name=\"twitter:data1\" content=\"2 minutes\" \/>\n<!-- \/ Yoast SEO plugin. -->","yoast_head_json":{"title":"syst\u00e8me de panneaux alkus - la solution \u00e9conomique en mati\u00e8re de panneaux de coffrage - JH - ITC GmbH","robots":{"index":"noindex","follow":"follow","max-snippet":"max-snippet:-1","max-image-preview":"max-image-preview:large","max-video-preview":"max-video-preview:-1"},"og_locale":"fr_FR","og_type":"article","og_title":"syst\u00e8me de panneaux alkus - la solution \u00e9conomique en mati\u00e8re de panneaux de coffrage - JH - ITC GmbH","og_description":"Les panneaux plastiques solides alkus sont l&#8217;alternative \u00e9conomique aux panneaux de coffrage en bois conventionnels pour le secteur de la construction. Les panneaux peuvent \u00eatre trait\u00e9s comme le bois, mais sont beaucoup plus durables, car ils r\u00e9sistent \u00e0 l&#8217;humidit\u00e9 et aux UV et peuvent \u00eatre r\u00e9par\u00e9s comme du tissu. C&#8217;est payant. Plus de 1 000 [&hellip;]","og_url":"https:\/\/stage.jh-itc.de\/fr\/ce-quil-faut-savoir\/systeme-de-panneaux-alkus-la-solution-economique-en-matiere-de-panneaux-de-coffrage\/","og_site_name":"JH - ITC GmbH","article_publisher":"https:\/\/www.facebook.com\/schalungshandel","article_modified_time":"2021-08-30T16:45:43+00:00","twitter_card":"summary_large_image","twitter_site":"@JH_ITC","twitter_misc":{"Dur\u00e9e de lecture estim\u00e9e":"2 minutes"},"schema":{"@context":"https:\/\/schema.org","@graph":[{"@type":"WebPage","@id":"https:\/\/stage.jh-itc.de\/fr\/ce-quil-faut-savoir\/systeme-de-panneaux-alkus-la-solution-economique-en-matiere-de-panneaux-de-coffrage\/","url":"https:\/\/stage.jh-itc.de\/fr\/ce-quil-faut-savoir\/systeme-de-panneaux-alkus-la-solution-economique-en-matiere-de-panneaux-de-coffrage\/","name":"syst\u00e8me de panneaux alkus - la solution \u00e9conomique en mati\u00e8re de panneaux de coffrage - JH - ITC GmbH","isPartOf":{"@id":"https:\/\/stage.jh-itc.de\/fr\/#website"},"primaryImageOfPage":{"@id":"https:\/\/stage.jh-itc.de\/fr\/ce-quil-faut-savoir\/systeme-de-panneaux-alkus-la-solution-economique-en-matiere-de-panneaux-de-coffrage\/#primaryimage"},"image":{"@id":"https:\/\/stage.jh-itc.de\/fr\/ce-quil-faut-savoir\/systeme-de-panneaux-alkus-la-solution-economique-en-matiere-de-panneaux-de-coffrage\/#primaryimage"},"thumbnailUrl":"https:\/\/stage.jh-itc.de\/wp-content\/uploads\/2020\/12\/Alkus_Baustellenreportage2-1.jpg","datePublished":"2021-08-30T16:45:40+00:00","dateModified":"2021-08-30T16:45:43+00:00","breadcrumb":{"@id":"https:\/\/stage.jh-itc.de\/fr\/ce-quil-faut-savoir\/systeme-de-panneaux-alkus-la-solution-economique-en-matiere-de-panneaux-de-coffrage\/#breadcrumb"},"inLanguage":"fr-FR","potentialAction":[{"@type":"ReadAction","target":["https:\/\/stage.jh-itc.de\/fr\/ce-quil-faut-savoir\/systeme-de-panneaux-alkus-la-solution-economique-en-matiere-de-panneaux-de-coffrage\/"]}]},{"@type":"ImageObject","inLanguage":"fr-FR","@id":"https:\/\/stage.jh-itc.de\/fr\/ce-quil-faut-savoir\/systeme-de-panneaux-alkus-la-solution-economique-en-matiere-de-panneaux-de-coffrage\/#primaryimage","url":"https:\/\/stage.jh-itc.de\/wp-content\/uploads\/2020\/12\/Alkus_Baustellenreportage2-1.jpg","contentUrl":"https:\/\/stage.jh-itc.de\/wp-content\/uploads\/2020\/12\/Alkus_Baustellenreportage2-1.jpg","width":1620,"height":760},{"@type":"BreadcrumbList","@id":"https:\/\/stage.jh-itc.de\/fr\/ce-quil-faut-savoir\/systeme-de-panneaux-alkus-la-solution-economique-en-matiere-de-panneaux-de-coffrage\/#breadcrumb","itemListElement":[{"@type":"ListItem","position":1,"name":"Home","item":"https:\/\/stage.jh-itc.de\/fr\/coffrages-etais-et-echafaudages-de-professionnels\/"},{"@type":"ListItem","position":2,"name":"Ce qu&#8217;il faut savoir","item":"https:\/\/stage.jh-itc.de\/fr\/ce-quil-faut-savoir\/"},{"@type":"ListItem","position":3,"name":"syst\u00e8me de panneaux alkus &#8211; la solution \u00e9conomique en mati\u00e8re de panneaux de coffrage"}]},{"@type":"WebSite","@id":"https:\/\/stage.jh-itc.de\/fr\/#website","url":"https:\/\/stage.jh-itc.de\/fr\/","name":"JH - ITC GmbH","description":"Ihr Experte f\u00fcr gebrauchte St\u00fctzen, Schalungen und Ger\u00fcste","publisher":{"@id":"https:\/\/stage.jh-itc.de\/fr\/#organization"},"potentialAction":[{"@type":"SearchAction","target":{"@type":"EntryPoint","urlTemplate":"https:\/\/stage.jh-itc.de\/fr\/?s={search_term_string}"},"query-input":{"@type":"PropertyValueSpecification","valueRequired":true,"valueName":"search_term_string"}}],"inLanguage":"fr-FR"},{"@type":"Organization","@id":"https:\/\/stage.jh-itc.de\/fr\/#organization","name":"JH-ITC GmbH","url":"https:\/\/stage.jh-itc.de\/fr\/","logo":{"@type":"ImageObject","inLanguage":"fr-FR","@id":"https:\/\/stage.jh-itc.de\/fr\/#\/schema\/logo\/image\/","url":"https:\/\/stage.jh-itc.de\/wp-content\/uploads\/2016\/01\/JH-ITC2-1.png","contentUrl":"https:\/\/stage.jh-itc.de\/wp-content\/uploads\/2016\/01\/JH-ITC2-1.png","width":300,"height":102,"caption":"JH-ITC GmbH"},"image":{"@id":"https:\/\/stage.jh-itc.de\/fr\/#\/schema\/logo\/image\/"},"sameAs":["https:\/\/www.facebook.com\/schalungshandel","https:\/\/x.com\/JH_ITC","https:\/\/www.linkedin.com\/in\/jhitc","https:\/\/youtu.be\/rMdZ-FLfI-Y"]}]}},"_links":{"self":[{"href":"https:\/\/stage.jh-itc.de\/fr\/wp-json\/wp\/v2\/pages\/26820","targetHints":{"allow":["GET"]}}],"collection":[{"href":"https:\/\/stage.jh-itc.de\/fr\/wp-json\/wp\/v2\/pages"}],"about":[{"href":"https:\/\/stage.jh-itc.de\/fr\/wp-json\/wp\/v2\/types\/page"}],"author":[{"embeddable":true,"href":"https:\/\/stage.jh-itc.de\/fr\/wp-json\/wp\/v2\/users\/7"}],"replies":[{"embeddable":true,"href":"https:\/\/stage.jh-itc.de\/fr\/wp-json\/wp\/v2\/comments?post=26820"}],"version-history":[{"count":1,"href":"https:\/\/stage.jh-itc.de\/fr\/wp-json\/wp\/v2\/pages\/26820\/revisions"}],"predecessor-version":[{"id":26833,"href":"https:\/\/stage.jh-itc.de\/fr\/wp-json\/wp\/v2\/pages\/26820\/revisions\/26833"}],"up":[{"embeddable":true,"href":"https:\/\/stage.jh-itc.de\/fr\/wp-json\/wp\/v2\/pages\/26756"}],"wp:featuredmedia":[{"embeddable":true,"href":"https:\/\/stage.jh-itc.de\/fr\/wp-json\/wp\/v2\/media\/26832"}],"wp:attachment":[{"href":"https:\/\/stage.jh-itc.de\/fr\/wp-json\/wp\/v2\/media?parent=26820"}],"curies":[{"name":"wp","href":"https:\/\/api.w.org\/{rel}","templated":true}]}}