{"id":26802,"date":"2021-08-30T18:45:32","date_gmt":"2021-08-30T16:45:32","guid":{"rendered":"https:\/\/www.jh-itc.de\/remise-a-neuf-des-coffrages\/"},"modified":"2023-02-15T15:38:59","modified_gmt":"2023-02-15T14:38:59","slug":"remise-a-neuf-des-coffrages","status":"publish","type":"page","link":"https:\/\/stage.jh-itc.de\/fr\/remise-a-neuf-des-coffrages\/","title":{"rendered":"Remise \u00e0 neuf des coffrages"},"content":{"rendered":"\n<p>Votre coffrage a besoin d&#8217;une r\u00e9paration ou d&#8217;un nouveau coffrage ?<\/p>\n\n<p>Nous nous ferons un plaisir de recouvrir votre coffrage selon vos souhaits et vos exigences, soit avec un nouveau parement de coffrage en bois, soit, mieux encore, avec un nouveau parement de coffrage enti\u00e8rement en plastique alkus.<\/p>\n\n<h2 class=\"wp-block-heading\" id=\"neuer-holz-schalhaut-oder-alkus-vollkunststoff-schalhaut\">Nouveau rev\u00eatement de coffrage en bois ou rev\u00eatement de coffrage tout plastique alkus<\/h2>\n\n<figure class=\"wp-block-image size-full\"><img fetchpriority=\"high\" decoding=\"async\" width=\"600\" height=\"600\" src=\"https:\/\/stage.jh-itc.de\/wp-content\/uploads\/2015\/06\/Peri-Trio-saniert.jpg\" alt=\"\" class=\"wp-image-6381\" srcset=\"https:\/\/stage.jh-itc.de\/wp-content\/uploads\/2015\/06\/Peri-Trio-saniert.jpg 600w, https:\/\/stage.jh-itc.de\/wp-content\/uploads\/2015\/06\/Peri-Trio-saniert-500x500.jpg 500w, https:\/\/stage.jh-itc.de\/wp-content\/uploads\/2015\/06\/Peri-Trio-saniert-100x100.jpg 100w, https:\/\/stage.jh-itc.de\/wp-content\/uploads\/2015\/06\/Peri-Trio-saniert-150x150.jpg 150w, https:\/\/stage.jh-itc.de\/wp-content\/uploads\/2015\/06\/Peri-Trio-saniert-300x300.jpg 300w, https:\/\/stage.jh-itc.de\/wp-content\/uploads\/2015\/06\/Peri-Trio-saniert-66x66.jpg 66w, https:\/\/stage.jh-itc.de\/wp-content\/uploads\/2015\/06\/Peri-Trio-saniert-200x200.jpg 200w, https:\/\/stage.jh-itc.de\/wp-content\/uploads\/2015\/06\/Peri-Trio-saniert-400x400.jpg 400w\" sizes=\"(max-width: 600px) 100vw, 600px\" \/><\/figure>\n<h4 class=\"wp-block-heading\" id=\"gerne-sanieren-wir-auch-ihre-wand-oder-decken-schalungsystem\">Nous sommes \u00e9galement heureux de remettre \u00e0 neuf votre syst\u00e8me de coffrage de mur ou de plafond.<\/h4>\n\n<h3 class=\"wp-block-heading\"><\/h3>\n\n<figure class=\"wp-block-gallery has-nested-images columns-default is-cropped wp-block-gallery-2 is-layout-flex wp-block-gallery-is-layout-flex\">\n<figure class=\"wp-block-image size-large\"><a href=\"https:\/\/stage.jh-itc.de\/wp-content\/uploads\/2022\/02\/Schalung-mit-Holz-und-alkusplatte.jpeg\"><img decoding=\"async\" width=\"1200\" height=\"891\" data-id=\"38051\" src=\"https:\/\/stage.jh-itc.de\/wp-content\/uploads\/2022\/02\/Schalung-mit-Holz-und-alkusplatte.jpeg\" alt=\"\" class=\"wp-image-38051\" srcset=\"https:\/\/stage.jh-itc.de\/wp-content\/uploads\/2022\/02\/Schalung-mit-Holz-und-alkusplatte.jpeg 1200w, https:\/\/stage.jh-itc.de\/wp-content\/uploads\/2022\/02\/Schalung-mit-Holz-und-alkusplatte-300x223.jpeg 300w, https:\/\/stage.jh-itc.de\/wp-content\/uploads\/2022\/02\/Schalung-mit-Holz-und-alkusplatte-1024x760.jpeg 1024w, https:\/\/stage.jh-itc.de\/wp-content\/uploads\/2022\/02\/Schalung-mit-Holz-und-alkusplatte-768x570.jpeg 768w, https:\/\/stage.jh-itc.de\/wp-content\/uploads\/2022\/02\/Schalung-mit-Holz-und-alkusplatte-500x371.jpeg 500w, https:\/\/stage.jh-itc.de\/wp-content\/uploads\/2022\/02\/Schalung-mit-Holz-und-alkusplatte-700x520.jpeg 700w\" sizes=\"(max-width: 1200px) 100vw, 1200px\" \/><\/a><\/figure><\/figure>\n\n<h3 class=\"wp-block-heading\"><\/h3>\n\n<figure class=\"wp-block-gallery has-nested-images columns-default is-cropped wp-block-gallery-3 is-layout-flex wp-block-gallery-is-layout-flex\"><\/figure>\n<h3 class=\"wp-block-heading\"><\/h3>\n\n<figure class=\"wp-block-gallery has-nested-images columns-default is-cropped wp-block-gallery-4 is-layout-flex wp-block-gallery-is-layout-flex\"><\/figure>\n<h3 class=\"wp-block-heading\"><\/h3>\n\n<figure class=\"wp-block-gallery has-nested-images columns-default is-cropped wp-block-gallery-5 is-layout-flex wp-block-gallery-is-layout-flex\"><\/figure>\n<h3 class=\"wp-block-heading\"><\/h3>\n\n<figure class=\"wp-block-gallery has-nested-images columns-default is-cropped wp-block-gallery-6 is-layout-flex wp-block-gallery-is-layout-flex\"><\/figure>\n<hr class=\"wp-block-separator\"\/>\n\n<h2 class=\"wp-block-heading\" id=\"schalungssanierung\"><strong>Remise \u00e0 neuf des coffrages<\/strong><\/h2>\n\n<h3 class=\"wp-block-heading\" id=\"schalung-sanieren-bietet-bessere-betonier-ergebnisse\">La r\u00e9novation des coffrages offre de meilleurs r\u00e9sultats de b\u00e9tonnage<\/h3>\n\n<p>Si vous construisez une maison et avez besoin de b\u00e9ton liquide pour celle-ci, vous utilisez \u00e9galement des coffrages pour les murs et les plafonds de la maison.<br\/>Comme les composants n\u00e9cessaires pr\u00e9sentent t\u00f4t ou tard des dommages et des d\u00e9formations, ils doivent \u00eatre r\u00e9habilit\u00e9s. Parfois, cependant, il suffit de faire changer une peau de foulard.<br\/>Il est \u00e9galement n\u00e9cessaire de faire nettoyer le coffrage de temps en temps.<\/p>\n\n<h3 class=\"wp-block-heading\" id=\"was-sind-schalungen-und-wozu-benotigt-man-sie\">Que sont les coffrages et \u00e0 quoi servent-ils ?<\/h3>\n\n<p>Les coffrages sont des formes creuses utilis\u00e9es dans la construction. Ils sont n\u00e9cessaires dans les constructions en b\u00e9ton arm\u00e9 pour l&#8217;\u00e9dification des murs et des plafonds.<br\/>Les moules de construction sont remplis de b\u00e9ton liquide, auquel ils donnent ensuite sa forme et sa structure de surface d\u00e9finitives. Une fois que le mat\u00e9riau de construction a durci, le coffrage est g\u00e9n\u00e9ralement retir\u00e9.<\/p>\n\n<p>Le coffrage est un syst\u00e8me compos\u00e9 de diff\u00e9rentes parties interconnect\u00e9es. La couche ext\u00e9rieure est appel\u00e9e peau de coffrage ou panneau de coffrage.<br\/>Il est fix\u00e9 au cadre.<\/p>\n\n<p>Le type et la fonction du b\u00e2timent \u00e0 construire d\u00e9terminent le choix du coffrage finalement utilis\u00e9. En fonction de l&#8217;aspect ult\u00e9rieur de la surface du b\u00e9ton, le constructeur peut choisir entre diff\u00e9rentes peaux de coffrage :<\/p>\n\n<p>Si le mur en b\u00e9ton doit avoir une structure en bois d&#8217;aspect naturel, il utilise des coffrages en bois ou des syst\u00e8mes avec des panneaux de coffrage en bois ins\u00e9r\u00e9s pendant la construction. Les planches de coffrage non finies donnent au mur en b\u00e9ton un aspect rustique et une surface rugueuse.<br\/>Les peaux de foulard en plastique offrent des parois lisses et un aspect moderne.<\/p>\n\n<p><strong>Les syst\u00e8mes de coffrage se composent de<\/strong><br\/>&#8211; coque de coffrage<br\/>&#8211; construction de contreventement<br\/>&#8211; construction porteuse<br\/>&#8211; les accessoires tels que les jambes de force, les entretoises, etc. et &#8211; les pi\u00e8ces de raccordement (vis, clous, cha\u00eenes de tension, etc.).<\/p>\n\n<p>Lors de l&#8217;achat des moules \u00e0 b\u00e9ton, le constructeur peut choisir entre des syst\u00e8mes en acier, en plastique, en bois et en aluminium. En fonction de ce qui doit \u00eatre ferm\u00e9, les formes creuses de la construction ont des dimensions diff\u00e9rentes.<\/p>\n\n<p>En r\u00e8gle g\u00e9n\u00e9rale, les coffrages lourds sont transport\u00e9s sur le chantier \u00e0 l&#8217;aide d&#8217;une grue de chargement, puis d\u00e9mont\u00e9s et transport\u00e9s apr\u00e8s le durcissement du b\u00e9ton coul\u00e9, sauf s&#8217;il s&#8217;agit de &#8220;coffrages perdus&#8221;.<\/p>\n\n<p>Ils restent simplement attach\u00e9s \u00e0 la construction en b\u00e9ton. La raison : ils sont cens\u00e9s former des murs d&#8217;enceinte, par exemple. Les constructeurs qui ne veulent pas (ou ne doivent pas) faire fabriquer leurs syst\u00e8mes de coffrage sur mesure peuvent les louer aupr\u00e8s de fournisseurs sp\u00e9cialis\u00e9s.<\/p>\n\n<h3 class=\"wp-block-heading\" id=\"warum-ist-eine-wand-und-deckenschalungssanierung-erforderlich\">Pourquoi la remise \u00e0 neuf des coffrages de murs et de dalles est-elle n\u00e9cessaire ?<\/h3>\n\n<p>\u00c9tant donn\u00e9 que les moules \u00e0 b\u00e9ton doivent r\u00e9sister \u00e0 une pression \u00e9lev\u00e9e lors du coulage du b\u00e9ton, il peut arriver, apr\u00e8s plusieurs utilisations, qu&#8217;ils ne r\u00e9pondent plus aux exigences structurelles. Ils ne sont alors plus \u00e9tanches, dimensionnellement corrects ou suffisamment s\u00fbrs.<\/p>\n\n<p>Les syst\u00e8mes de coffrage doivent \u00e9galement \u00eatre nettoy\u00e9s de temps en temps, car la salet\u00e9 et les r\u00e9sidus de b\u00e9ton s&#8217;accumulent sur leur surface et dans les trous n\u00e9cessaires \u00e0 certaines pi\u00e8ces. Les coffrages creux en plastique, en polyester renforc\u00e9 de fibres de verre et en acier sont g\u00e9n\u00e9ralement plus durables que les coffrages en bois et peuvent donc \u00eatre utilis\u00e9s plusieurs fois avant que vous ne deviez faire r\u00e9nover les coffrages de murs et de dalles.<\/p>\n\n<p>Afin d&#8217;\u00e9viter une usure pr\u00e9matur\u00e9e des syst\u00e8mes de coffrage et d&#8217;obtenir des r\u00e9sultats de b\u00e9tonnage durablement bons, il est recommand\u00e9 de faire remettre en \u00e9tat et nettoyer les moules \u00e0 b\u00e9ton par des professionnels en temps utile.<\/p>\n\n<h3 class=\"wp-block-heading\" id=\"schalung-sanieren-lassen\">Faire r\u00e9nover les coffrages<\/h3>\n\n<p>Si vous souhaitez faire r\u00e9nover votre coffrage, de nombreux fournisseurs vous offrent le choix entre une r\u00e9novation compl\u00e8te et une r\u00e9novation moins compl\u00e8te des coffrages de voiles et de dalles. Les entreprises sp\u00e9cialis\u00e9es traitent g\u00e9n\u00e9ralement tous les syst\u00e8mes de coffrage courants.<\/p>\n\n<p>L&#8217;ensemble de services \u00e0 utiliser d\u00e9pend de l&#8217;\u00e9tat du syst\u00e8me de coffrage.<br\/>Les cadres d\u00e9form\u00e9s ne peuvent plus \u00eatre utilis\u00e9s en toute s\u00e9curit\u00e9 et doivent \u00eatre redress\u00e9s.<br\/>Les parties d\u00e9tach\u00e9es du coffrage sont soud\u00e9es. Les trous fonctionnels obstru\u00e9s sont nettoy\u00e9s avec une grenailleuse.<\/p>\n\n<p>Si le parement du coffrage est tellement endommag\u00e9 qu&#8217;il pr\u00e9sente un nombre excessif de zones \u00e9br\u00e9ch\u00e9es, de trous et de signes \u00e9vidents d&#8217;abrasion, un changement de parement de coffrage est g\u00e9n\u00e9ralement effectu\u00e9.<\/p>\n\n<p>Pour une petite r\u00e9novation de coffrage, un nettoyage de base est d&#8217;abord effectu\u00e9 et l&#8217;ancien panneau de coffrage endommag\u00e9 est remplac\u00e9 par un nouveau.<br\/>Les points d&#8217;ancrage re\u00e7oivent de nouveaux inserts.<\/p>\n\n<p>Enfin, le coffrage est ensuite scell\u00e9. En cas de signes d&#8217;usure s\u00e9v\u00e8res et de d\u00e9formations importantes, la remise en \u00e9tat majeure du coffrage est la m\u00e9thode \u00e0 privil\u00e9gier. M\u00eame des dommages mineurs au cadre et de l\u00e9g\u00e8res d\u00e9formations affectent d\u00e9j\u00e0 la fonctionnalit\u00e9 du syst\u00e8me de coffrage :<br\/>Par exemple, il ne peut alors plus \u00eatre augment\u00e9 de mani\u00e8re concluante.<\/p>\n\n<p>Lors de la r\u00e9novation des grands coffrages de murs et de plafonds, toutes les zones corrod\u00e9es et les anciens rev\u00eatements sont \u00e9limin\u00e9s par la m\u00e9thode de grenaillage.<\/p>\n\n<p>Le redressement du cadre ainsi que la fixation et le soudage des coffrages font \u00e9galement partie de l&#8217;ensemble de services plus complets. Le travail consiste \u00e0 reconnecter les pi\u00e8ces d\u00e9tach\u00e9es au syst\u00e8me de coffrage et \u00e0 s&#8217;assurer qu&#8217;il est \u00e0 nouveau fonctionnel et s\u00fbr.<\/p>\n\n<p>Au cours de ce processus, le cadre en acier est bien s\u00fbr \u00e9galement inspect\u00e9, nettoy\u00e9, sabl\u00e9 et peint ou re\u00e7oit un rev\u00eatement en poudre.<br\/>Ins\u00e9rez ensuite de nouvelles peaux de foulard.<\/p>\n\n<p>Les syst\u00e8mes en aluminium ou en acier galvanis\u00e9 ne sont g\u00e9n\u00e9ralement pas trait\u00e9s avec la grenailleuse.<br\/>Dans le cas de coffrages \u00e0 paroi mince, le ma\u00eetre d&#8217;ouvrage doit pr\u00e9voir un co\u00fbt de r\u00e9novation plus \u00e9lev\u00e9.<\/p>\n\n<p>Si vous \u00eates un professionnel, vous pouvez bien s\u00fbr effectuer vous-m\u00eame les soudures de coffrage et les autres travaux li\u00e9s \u00e0 la r\u00e9paration du syst\u00e8me :<br\/>Certaines entreprises sp\u00e9cialis\u00e9es proposent d\u00e9j\u00e0 des panneaux de remplacement pr\u00eats \u00e0 l&#8217;emploi et d\u00e9coup\u00e9s avec pr\u00e9cision.<\/p>\n\n<h3 class=\"wp-block-heading\" id=\"schalhaut-wechsel\">Changement de peau de coffrage<\/h3>\n\n<p>S&#8217;il n&#8217;est plus possible de remettre en \u00e9tat le panneau de coffrage, par exemple en ins\u00e9rant des plaques de r\u00e9paration de 40 ou 60 mm, parce que leurs trous sont trop grands ou qu&#8217;elles sont trop nombreuses, il faut changer de panneau de coffrage.<\/p>\n\n<p>En r\u00e8gle g\u00e9n\u00e9rale, le panneau doit \u00eatre remplac\u00e9 lorsqu&#8217;il pr\u00e9sente plus de 8 trous par m\u00e8tre carr\u00e9 de surface.<\/p>\n\n<p>L&#8217;\u00e9change comprend les \u00e9tapes de travail suivantes :<br\/>&#8211; Retrait du panneau endommag\u00e9<br\/>&#8211; Nettoyage du cadre au niveau du support de coffrage<br\/>&#8211; D\u00e9coupe pr\u00e9cise \u00e0 la taille et scellement des bords du nouveau panneau.<br\/>&#8211; Fixation du panneau de coffrage avec des rivets ou des vis<br\/>&#8211; Jointoiement des bords avec du silicone transparent<\/p>\n\n<h3 class=\"wp-block-heading\" id=\"was-passiert-bei-einer-schalungsreinigung\">Que se passe-t-il pendant le nettoyage des coffrages ?<\/h3>\n\n<p>La peau du coffrage est nettoy\u00e9e \u00e0 l&#8217;aide de brosses sp\u00e9ciales et d&#8217;un proc\u00e9d\u00e9 de nettoyage \u00e0 sec. Puis les polir. Pour un nettoyage en profondeur du cadre et des traverses int\u00e9rieures, utilisez un nettoyeur haute pression (m\u00e9thode humide). Il fonctionne avec des pressions de 500 \u00e0 1000 bars, en fonction de la salet\u00e9 des parties en contact avec le b\u00e9ton. Les panneaux tout plastique peuvent \u00eatre enti\u00e8rement r\u00e9nov\u00e9s sans que cela ne se voie \u00e0 leur surface :<br\/>Les trous et fissures existants sont simplement soud\u00e9s avec du plastique liqu\u00e9fi\u00e9 (PP) et toute la surface est ensuite d\u00e9cap\u00e9e.<\/p>\n\n<h3 class=\"wp-block-heading\" id=\"welche-vorteile-bietet-die-sanierung-des-schalungssystems\">Quels sont les avantages d&#8217;une remise \u00e0 neuf du syst\u00e8me de coffrage ?<\/h3>\n\n<p>&#8211; Vous obtenez un meilleur r\u00e9sultat de travail<br\/>&#8211; Vous obtenez un aspect plus uniforme du b\u00e9ton<br\/>&#8211; Il suffit de retravailler un peu les murs en b\u00e9ton.<br\/>&#8211; Vous gagnez un temps pr\u00e9cieux lors du coffrage et du d\u00e9coffrage<br\/>&#8211; Vous avez besoin de moins d&#8217;huile de coffrage<br\/>&#8211; Vous faites moins d&#8217;efforts de nettoyage<br\/>&#8211; Vous pouvez utiliser votre coffrage plus longtemps<br\/>&#8211; Vous prot\u00e9gez votre investissement<\/p>\n\n<figure class=\"wp-block-image size-large\"><img decoding=\"async\" width=\"1024\" height=\"483\" src=\"https:\/\/stage.jh-itc.de\/wp-content\/uploads\/2019\/10\/Staplerteam-1024x483.jpg\" alt=\"\" class=\"wp-image-7919\" srcset=\"https:\/\/stage.jh-itc.de\/wp-content\/uploads\/2019\/10\/Staplerteam-1024x483.jpg 1024w, https:\/\/stage.jh-itc.de\/wp-content\/uploads\/2019\/10\/Staplerteam-500x236.jpg 500w, https:\/\/stage.jh-itc.de\/wp-content\/uploads\/2019\/10\/Staplerteam-700x330.jpg 700w, https:\/\/stage.jh-itc.de\/wp-content\/uploads\/2019\/10\/Staplerteam-300x141.jpg 300w, https:\/\/stage.jh-itc.de\/wp-content\/uploads\/2019\/10\/Staplerteam-768x362.jpg 768w, https:\/\/stage.jh-itc.de\/wp-content\/uploads\/2019\/10\/Staplerteam-200x94.jpg 200w, https:\/\/stage.jh-itc.de\/wp-content\/uploads\/2019\/10\/Staplerteam-400x189.jpg 400w, https:\/\/stage.jh-itc.de\/wp-content\/uploads\/2019\/10\/Staplerteam-600x283.jpg 600w, https:\/\/stage.jh-itc.de\/wp-content\/uploads\/2019\/10\/Staplerteam-800x377.jpg 800w, https:\/\/stage.jh-itc.de\/wp-content\/uploads\/2019\/10\/Staplerteam-1200x566.jpg 1200w, https:\/\/stage.jh-itc.de\/wp-content\/uploads\/2019\/10\/Staplerteam.jpg 1288w\" sizes=\"(max-width: 1024px) 100vw, 1024px\" \/><\/figure>\n<h4 class=\"has-text-align-center wp-block-heading\" id=\"wir-freuen-uns-auf-sie-zu-begeistern\">Nous sommes impatients de vous inspirer !<\/h4>\n","protected":false},"excerpt":{"rendered":"<p>Votre coffrage a besoin d&#8217;une r\u00e9paration ou d&#8217;un nouveau coffrage ? Nous nous ferons un plaisir de recouvrir votre coffrage selon vos souhaits et vos exigences, soit avec un nouveau parement de coffrage en bois, soit, mieux encore, avec un nouveau parement de coffrage enti\u00e8rement en plastique alkus. Nouveau rev\u00eatement de coffrage en bois ou [&hellip;]<\/p>\n","protected":false},"author":4,"featured_media":26762,"parent":0,"menu_order":0,"comment_status":"closed","ping_status":"closed","template":"","meta":{"footnotes":""},"class_list":["post-26802","page","type-page","status-publish","has-post-thumbnail"],"yoast_head":"<!-- This site is optimized with the Yoast SEO plugin v26.5 - https:\/\/yoast.com\/wordpress\/plugins\/seo\/ -->\n<title>Remise \u00e0 neuf des coffrages - JH - ITC GmbH<\/title>\n<meta name=\"robots\" content=\"noindex, follow, max-snippet:-1, max-image-preview:large, max-video-preview:-1\" \/>\n<meta property=\"og:locale\" content=\"fr_FR\" \/>\n<meta property=\"og:type\" content=\"article\" \/>\n<meta property=\"og:title\" content=\"Remise \u00e0 neuf des coffrages - JH - ITC GmbH\" \/>\n<meta property=\"og:description\" content=\"Votre coffrage a besoin d&#8217;une r\u00e9paration ou d&#8217;un nouveau coffrage ? Nous nous ferons un plaisir de recouvrir votre coffrage selon vos souhaits et vos exigences, soit avec un nouveau parement de coffrage en bois, soit, mieux encore, avec un nouveau parement de coffrage enti\u00e8rement en plastique alkus. Nouveau rev\u00eatement de coffrage en bois ou [&hellip;]\" \/>\n<meta property=\"og:url\" content=\"https:\/\/stage.jh-itc.de\/fr\/remise-a-neuf-des-coffrages\/\" \/>\n<meta property=\"og:site_name\" content=\"JH - ITC GmbH\" \/>\n<meta property=\"article:publisher\" content=\"https:\/\/www.facebook.com\/schalungshandel\" \/>\n<meta property=\"article:modified_time\" content=\"2023-02-15T14:38:59+00:00\" \/>\n<meta property=\"og:image\" content=\"https:\/\/stage.jh-itc.de\/wp-content\/uploads\/2015\/06\/Peri-Trio-saniert.jpg\" \/>\n<meta name=\"twitter:card\" content=\"summary_large_image\" \/>\n<meta name=\"twitter:site\" content=\"@JH_ITC\" \/>\n<meta name=\"twitter:label1\" content=\"Dur\u00e9e de lecture estim\u00e9e\" \/>\n\t<meta name=\"twitter:data1\" content=\"8 minutes\" \/>\n<!-- \/ Yoast SEO plugin. -->","yoast_head_json":{"title":"Remise \u00e0 neuf des coffrages - JH - ITC GmbH","robots":{"index":"noindex","follow":"follow","max-snippet":"max-snippet:-1","max-image-preview":"max-image-preview:large","max-video-preview":"max-video-preview:-1"},"og_locale":"fr_FR","og_type":"article","og_title":"Remise \u00e0 neuf des coffrages - JH - ITC GmbH","og_description":"Votre coffrage a besoin d&#8217;une r\u00e9paration ou d&#8217;un nouveau coffrage ? Nous nous ferons un plaisir de recouvrir votre coffrage selon vos souhaits et vos exigences, soit avec un nouveau parement de coffrage en bois, soit, mieux encore, avec un nouveau parement de coffrage enti\u00e8rement en plastique alkus. Nouveau rev\u00eatement de coffrage en bois ou [&hellip;]","og_url":"https:\/\/stage.jh-itc.de\/fr\/remise-a-neuf-des-coffrages\/","og_site_name":"JH - ITC GmbH","article_publisher":"https:\/\/www.facebook.com\/schalungshandel","article_modified_time":"2023-02-15T14:38:59+00:00","og_image":[{"url":"https:\/\/stage.jh-itc.de\/wp-content\/uploads\/2015\/06\/Peri-Trio-saniert.jpg","type":"","width":"","height":""}],"twitter_card":"summary_large_image","twitter_site":"@JH_ITC","twitter_misc":{"Dur\u00e9e de lecture estim\u00e9e":"8 minutes"},"schema":{"@context":"https:\/\/schema.org","@graph":[{"@type":"WebPage","@id":"https:\/\/stage.jh-itc.de\/fr\/remise-a-neuf-des-coffrages\/","url":"https:\/\/stage.jh-itc.de\/fr\/remise-a-neuf-des-coffrages\/","name":"Remise \u00e0 neuf des coffrages - JH - ITC GmbH","isPartOf":{"@id":"https:\/\/stage.jh-itc.de\/fr\/#website"},"primaryImageOfPage":{"@id":"https:\/\/stage.jh-itc.de\/fr\/remise-a-neuf-des-coffrages\/#primaryimage"},"image":{"@id":"https:\/\/stage.jh-itc.de\/fr\/remise-a-neuf-des-coffrages\/#primaryimage"},"thumbnailUrl":"https:\/\/stage.jh-itc.de\/wp-content\/uploads\/2020\/05\/Sanierung.jpg","datePublished":"2021-08-30T16:45:32+00:00","dateModified":"2023-02-15T14:38:59+00:00","breadcrumb":{"@id":"https:\/\/stage.jh-itc.de\/fr\/remise-a-neuf-des-coffrages\/#breadcrumb"},"inLanguage":"fr-FR","potentialAction":[{"@type":"ReadAction","target":["https:\/\/stage.jh-itc.de\/fr\/remise-a-neuf-des-coffrages\/"]}]},{"@type":"ImageObject","inLanguage":"fr-FR","@id":"https:\/\/stage.jh-itc.de\/fr\/remise-a-neuf-des-coffrages\/#primaryimage","url":"https:\/\/stage.jh-itc.de\/wp-content\/uploads\/2020\/05\/Sanierung.jpg","contentUrl":"https:\/\/stage.jh-itc.de\/wp-content\/uploads\/2020\/05\/Sanierung.jpg","width":1148,"height":578},{"@type":"BreadcrumbList","@id":"https:\/\/stage.jh-itc.de\/fr\/remise-a-neuf-des-coffrages\/#breadcrumb","itemListElement":[{"@type":"ListItem","position":1,"name":"Home","item":"https:\/\/stage.jh-itc.de\/fr\/coffrages-etais-et-echafaudages-de-professionnels\/"},{"@type":"ListItem","position":2,"name":"Remise \u00e0 neuf des coffrages"}]},{"@type":"WebSite","@id":"https:\/\/stage.jh-itc.de\/fr\/#website","url":"https:\/\/stage.jh-itc.de\/fr\/","name":"JH - ITC GmbH","description":"Ihr Experte f\u00fcr gebrauchte St\u00fctzen, Schalungen und Ger\u00fcste","publisher":{"@id":"https:\/\/stage.jh-itc.de\/fr\/#organization"},"potentialAction":[{"@type":"SearchAction","target":{"@type":"EntryPoint","urlTemplate":"https:\/\/stage.jh-itc.de\/fr\/?s={search_term_string}"},"query-input":{"@type":"PropertyValueSpecification","valueRequired":true,"valueName":"search_term_string"}}],"inLanguage":"fr-FR"},{"@type":"Organization","@id":"https:\/\/stage.jh-itc.de\/fr\/#organization","name":"JH-ITC GmbH","url":"https:\/\/stage.jh-itc.de\/fr\/","logo":{"@type":"ImageObject","inLanguage":"fr-FR","@id":"https:\/\/stage.jh-itc.de\/fr\/#\/schema\/logo\/image\/","url":"https:\/\/stage.jh-itc.de\/wp-content\/uploads\/2016\/01\/JH-ITC2-1.png","contentUrl":"https:\/\/stage.jh-itc.de\/wp-content\/uploads\/2016\/01\/JH-ITC2-1.png","width":300,"height":102,"caption":"JH-ITC GmbH"},"image":{"@id":"https:\/\/stage.jh-itc.de\/fr\/#\/schema\/logo\/image\/"},"sameAs":["https:\/\/www.facebook.com\/schalungshandel","https:\/\/x.com\/JH_ITC","https:\/\/www.linkedin.com\/in\/jhitc","https:\/\/youtu.be\/rMdZ-FLfI-Y"]}]}},"_links":{"self":[{"href":"https:\/\/stage.jh-itc.de\/fr\/wp-json\/wp\/v2\/pages\/26802","targetHints":{"allow":["GET"]}}],"collection":[{"href":"https:\/\/stage.jh-itc.de\/fr\/wp-json\/wp\/v2\/pages"}],"about":[{"href":"https:\/\/stage.jh-itc.de\/fr\/wp-json\/wp\/v2\/types\/page"}],"author":[{"embeddable":true,"href":"https:\/\/stage.jh-itc.de\/fr\/wp-json\/wp\/v2\/users\/4"}],"replies":[{"embeddable":true,"href":"https:\/\/stage.jh-itc.de\/fr\/wp-json\/wp\/v2\/comments?post=26802"}],"version-history":[{"count":5,"href":"https:\/\/stage.jh-itc.de\/fr\/wp-json\/wp\/v2\/pages\/26802\/revisions"}],"predecessor-version":[{"id":41145,"href":"https:\/\/stage.jh-itc.de\/fr\/wp-json\/wp\/v2\/pages\/26802\/revisions\/41145"}],"wp:featuredmedia":[{"embeddable":true,"href":"https:\/\/stage.jh-itc.de\/fr\/wp-json\/wp\/v2\/media\/26762"}],"wp:attachment":[{"href":"https:\/\/stage.jh-itc.de\/fr\/wp-json\/wp\/v2\/media?parent=26802"}],"curies":[{"name":"wp","href":"https:\/\/api.w.org\/{rel}","templated":true}]}}