{"id":26798,"date":"2021-08-30T18:45:30","date_gmt":"2021-08-30T16:45:30","guid":{"rendered":"https:\/\/www.jh-itc.de\/ce-quil-faut-savoir\/volets\/"},"modified":"2021-08-30T18:45:30","modified_gmt":"2021-08-30T16:45:30","slug":"volets","status":"publish","type":"page","link":"https:\/\/stage.jh-itc.de\/fr\/ce-quil-faut-savoir\/volets\/","title":{"rendered":"Volets"},"content":{"rendered":"<h2><strong>Volets<\/strong><\/h2>\n<p>Il existe plusieurs types de coffrages utilis\u00e9s dans la construction. Il s&#8217;agit, d&#8217;une part, des planches de bois, qui sont utilis\u00e9es, par exemple, pour le rev\u00eatement des fa\u00e7ades des b\u00e2timents, et, d&#8217;autre part, des planches de sous-construction pour les toits en bardeaux.<\/p>\n<p>Le type de coffrage le plus couramment utilis\u00e9 est le coffrage de construction en b\u00e9ton. Il s&#8217;agit d&#8217;un moule dans lequel on verse du b\u00e9ton frais liquide. Lorsque l&#8217;on construit avec du b\u00e9ton, ce processus est essentiel. Apr\u00e8s le durcissement du b\u00e9ton, le moule de coul\u00e9e est retir\u00e9. Si cela n&#8217;est pas possible ou pas n\u00e9cessaire, on parle de coffrage perdu.<\/p>\n<p>Par le pass\u00e9, les coffrages de construction en b\u00e9ton \u00e9taient fabriqu\u00e9s individuellement. Aujourd&#8217;hui, ils sont produits industriellement et sont donc rapidement disponibles dans le design souhait\u00e9. Les \u00e9l\u00e9ments de coque produits en s\u00e9rie sont particuli\u00e8rement adapt\u00e9s aux b\u00e2timents r\u00e9sidentiels et encore plus aux b\u00e2timents commerciaux. Les hautes colonnes en b\u00e9ton, telles que les piles de pont, sont \u00e9galement \u00e9rig\u00e9es \u00e0 l&#8217;aide de coffrages en b\u00e9ton fabriqu\u00e9s industriellement. M\u00eame le coffrage perdu est d\u00e9sormais un produit de s\u00e9rie. Il est principalement utilis\u00e9 comme coffrage de bord de dalle, coffrage de fondation et coffrage de dalle de plancher pour les b\u00e2timents. En fonction du projet de construction, diff\u00e9rents types de coffrages de construction en b\u00e9ton sont utilis\u00e9s. Cela comprend les coffrages de panneaux, les coffrages de poteaux et les coffrages grimpants.<\/p>\n<h3>Application du coffrage de construction en b\u00e9ton<\/h3>\n<p>Le b\u00e9ton qui se trouve dans une pompe \u00e0 b\u00e9ton, par exemple, est initialement une masse visqueuse. Le coffrage du b\u00e9ton est utilis\u00e9 pour lui donner la forme qu&#8217;il doit avoir apr\u00e8s le durcissement. Il s&#8217;agit de moules creux dans lesquels on verse du b\u00e9ton liquide.<\/p>\n<p>Apr\u00e8s le durcissement du b\u00e9ton visqueux, le coffrage est d\u00e9coffr\u00e9, sauf s&#8217;il s&#8217;agit d&#8217;un coffrage perdu. Le moment o\u00f9 le d\u00e9coffrage peut avoir lieu d\u00e9pend de la position du syst\u00e8me de coffrage, de la temp\u00e9rature, du type de charge et du type de b\u00e9ton. La dur\u00e9e de la p\u00e9riode de d\u00e9capage peut varier consid\u00e9rablement. Par exemple, apr\u00e8s le b\u00e9tonnage d&#8217;une route, les coffrages lat\u00e9raux peuvent \u00eatre retir\u00e9s apr\u00e8s quelques minutes. Le coffrage porteur d&#8217;une dalle de b\u00e9ton d\u00e9coffr\u00e9e, en revanche, doit rester en place pendant pr\u00e8s d&#8217;un mois entier.<\/p>\n<h3>Nature des syst\u00e8mes de coffrage<\/h3>\n<p>Les composants du coffrage de la construction en b\u00e9ton sont le coffrage et le syst\u00e8me de coffrage avec la structure de support. La peau du coffrage est la forme n\u00e9gative de l&#8217;\u00e9l\u00e9ment en b\u00e9ton fini. Les diff\u00e9rents \u00e9l\u00e9ments de la structure porteuse sont reli\u00e9s entre eux \u00e0 l&#8217;aide de verrous et de boulons. Le type de coffrage choisi d\u00e9pend des propri\u00e9t\u00e9s que doit avoir la structure r\u00e9sultante. La stabilit\u00e9 du syst\u00e8me de coffrage et la rigidit\u00e9 du coffrage \u00e0 b\u00e9ton sont importantes. Ces propri\u00e9t\u00e9s garantissent que les charges du b\u00e9ton frais peuvent \u00eatre support\u00e9es et que l&#8217;\u00e9l\u00e9ment en b\u00e9ton peut \u00eatre cr\u00e9\u00e9 avec une pr\u00e9cision dimensionnelle et sans d\u00e9formations ind\u00e9sirables.<\/p>\n<p>L&#8217;\u00e9tat de surface de l&#8217;\u00e9l\u00e9ment en b\u00e9ton est d\u00e9termin\u00e9 par la structure du coffrage. En choisissant certains syst\u00e8mes de coffrage avec une peau en acier sp\u00e9cifique, il est possible de r\u00e9pondre aux exigences de conception de la surface visible.<\/p>\n<p>Les syst\u00e8mes de coffrage sont divis\u00e9s en coffrages stationnaires et en coffrages sp\u00e9ciaux mobiles. Les coffrages mobiles de construction en b\u00e9ton comprennent les coffrages grimpants et les coffrages glissants. On distingue les coffrages en bois, les coffrages en plastique, les coffrages en aluminium et les coffrages en acier en fonction de leurs mat\u00e9riaux.<\/p>\n<h3>Choisir le bon coffrage pour la construction en b\u00e9ton<\/h3>\n<p>Les coffrages en acier conviennent parfaitement \u00e0 la r\u00e9alisation de surfaces lisses. Ils sont un peu plus chers que les coffrages en bois et les coffrages en aluminium, mais peuvent \u00eatre utilis\u00e9s plusieurs fois, tandis que les coffrages en aluminium sont id\u00e9aux pour une utilisation unique dans la construction de maisons.<\/p>\n<p>Pour pouvoir acheter des coffrages de construction en b\u00e9ton de haute qualit\u00e9 \u00e0 un prix raisonnable, il est possible de les acheter d&#8217;occasion. Les coffrages de construction en b\u00e9ton d&#8217;occasion sont disponibles dans la meilleure qualit\u00e9. Nous accordons des remises importantes sur tous les syst\u00e8mes de coffrage d&#8217;occasion. Nous proposons des \u00e9l\u00e9ments de coffrage de qualit\u00e9 sup\u00e9rieure pour les types de coffrage les plus recherch\u00e9s. Ils sont stables, propres, \u00e9tanches et dimensionnellement pr\u00e9cis. Ils r\u00e9sistent donc \u00e0 la pression \u00e9lev\u00e9e qui s&#8217;exerce lors de la mise en place du b\u00e9ton frais.<\/p>\n<p>Nos <a href=\"http:\/\/www.jh-itc.de\/produkt-kategorie\/schalungen\/\" target=\"_blank\" rel=\"noopener noreferrer\">coffrages de construction en b\u00e9ton<\/a> usag\u00e9s sont peu co\u00fbteux, robustes et durables.<\/p>\n","protected":false},"excerpt":{"rendered":"<p>Volets Il existe plusieurs types de coffrages utilis\u00e9s dans la construction. Il s&#8217;agit, d&#8217;une part, des planches de bois, qui sont utilis\u00e9es, par exemple, pour le rev\u00eatement des fa\u00e7ades des b\u00e2timents, et, d&#8217;autre part, des planches de sous-construction pour les toits en bardeaux. Le type de coffrage le plus couramment utilis\u00e9 est le coffrage de [&hellip;]<\/p>\n","protected":false},"author":7,"featured_media":26809,"parent":26756,"menu_order":0,"comment_status":"closed","ping_status":"closed","template":"","meta":{"footnotes":""},"class_list":["post-26798","page","type-page","status-publish","has-post-thumbnail"],"yoast_head":"<!-- This site is optimized with the Yoast SEO plugin v26.5 - https:\/\/yoast.com\/wordpress\/plugins\/seo\/ -->\n<title>Volets - JH - ITC GmbH<\/title>\n<meta name=\"description\" content=\"Coffrage, coffrage de b\u00e9ton, coffrage de mur, coffrage de dalle\" \/>\n<meta name=\"robots\" content=\"noindex, follow, max-snippet:-1, max-image-preview:large, max-video-preview:-1\" \/>\n<meta property=\"og:locale\" content=\"fr_FR\" \/>\n<meta property=\"og:type\" content=\"article\" \/>\n<meta property=\"og:title\" content=\"Volets - JH - ITC GmbH\" \/>\n<meta property=\"og:description\" content=\"Coffrage, coffrage de b\u00e9ton, coffrage de mur, coffrage de dalle\" \/>\n<meta property=\"og:url\" content=\"https:\/\/stage.jh-itc.de\/fr\/ce-quil-faut-savoir\/volets\/\" \/>\n<meta property=\"og:site_name\" content=\"JH - ITC GmbH\" \/>\n<meta property=\"article:publisher\" content=\"https:\/\/www.facebook.com\/schalungshandel\" \/>\n<meta name=\"twitter:card\" content=\"summary_large_image\" \/>\n<meta name=\"twitter:site\" content=\"@JH_ITC\" \/>\n<meta name=\"twitter:label1\" content=\"Dur\u00e9e de lecture estim\u00e9e\" \/>\n\t<meta name=\"twitter:data1\" content=\"4 minutes\" \/>\n<!-- \/ Yoast SEO plugin. -->","yoast_head_json":{"title":"Volets - JH - ITC GmbH","description":"Coffrage, coffrage de b\u00e9ton, coffrage de mur, coffrage de dalle","robots":{"index":"noindex","follow":"follow","max-snippet":"max-snippet:-1","max-image-preview":"max-image-preview:large","max-video-preview":"max-video-preview:-1"},"og_locale":"fr_FR","og_type":"article","og_title":"Volets - JH - ITC GmbH","og_description":"Coffrage, coffrage de b\u00e9ton, coffrage de mur, coffrage de dalle","og_url":"https:\/\/stage.jh-itc.de\/fr\/ce-quil-faut-savoir\/volets\/","og_site_name":"JH - ITC GmbH","article_publisher":"https:\/\/www.facebook.com\/schalungshandel","twitter_card":"summary_large_image","twitter_site":"@JH_ITC","twitter_misc":{"Dur\u00e9e de lecture estim\u00e9e":"4 minutes"},"schema":{"@context":"https:\/\/schema.org","@graph":[{"@type":"WebPage","@id":"https:\/\/stage.jh-itc.de\/fr\/ce-quil-faut-savoir\/volets\/","url":"https:\/\/stage.jh-itc.de\/fr\/ce-quil-faut-savoir\/volets\/","name":"Volets - JH - ITC GmbH","isPartOf":{"@id":"https:\/\/stage.jh-itc.de\/fr\/#website"},"primaryImageOfPage":{"@id":"https:\/\/stage.jh-itc.de\/fr\/ce-quil-faut-savoir\/volets\/#primaryimage"},"image":{"@id":"https:\/\/stage.jh-itc.de\/fr\/ce-quil-faut-savoir\/volets\/#primaryimage"},"thumbnailUrl":"https:\/\/stage.jh-itc.de\/wp-content\/uploads\/2020\/05\/Lager-2017-scaled.jpg","datePublished":"2021-08-30T16:45:30+00:00","description":"Coffrage, coffrage de b\u00e9ton, coffrage de mur, coffrage de dalle","breadcrumb":{"@id":"https:\/\/stage.jh-itc.de\/fr\/ce-quil-faut-savoir\/volets\/#breadcrumb"},"inLanguage":"fr-FR","potentialAction":[{"@type":"ReadAction","target":["https:\/\/stage.jh-itc.de\/fr\/ce-quil-faut-savoir\/volets\/"]}]},{"@type":"ImageObject","inLanguage":"fr-FR","@id":"https:\/\/stage.jh-itc.de\/fr\/ce-quil-faut-savoir\/volets\/#primaryimage","url":"https:\/\/stage.jh-itc.de\/wp-content\/uploads\/2020\/05\/Lager-2017-scaled.jpg","contentUrl":"https:\/\/stage.jh-itc.de\/wp-content\/uploads\/2020\/05\/Lager-2017-scaled.jpg","width":2560,"height":1918},{"@type":"BreadcrumbList","@id":"https:\/\/stage.jh-itc.de\/fr\/ce-quil-faut-savoir\/volets\/#breadcrumb","itemListElement":[{"@type":"ListItem","position":1,"name":"Home","item":"https:\/\/stage.jh-itc.de\/fr\/coffrages-etais-et-echafaudages-de-professionnels\/"},{"@type":"ListItem","position":2,"name":"Ce qu&#8217;il faut savoir","item":"https:\/\/stage.jh-itc.de\/fr\/ce-quil-faut-savoir\/"},{"@type":"ListItem","position":3,"name":"Volets"}]},{"@type":"WebSite","@id":"https:\/\/stage.jh-itc.de\/fr\/#website","url":"https:\/\/stage.jh-itc.de\/fr\/","name":"JH - ITC GmbH","description":"Ihr Experte f\u00fcr gebrauchte St\u00fctzen, Schalungen und Ger\u00fcste","publisher":{"@id":"https:\/\/stage.jh-itc.de\/fr\/#organization"},"potentialAction":[{"@type":"SearchAction","target":{"@type":"EntryPoint","urlTemplate":"https:\/\/stage.jh-itc.de\/fr\/?s={search_term_string}"},"query-input":{"@type":"PropertyValueSpecification","valueRequired":true,"valueName":"search_term_string"}}],"inLanguage":"fr-FR"},{"@type":"Organization","@id":"https:\/\/stage.jh-itc.de\/fr\/#organization","name":"JH-ITC GmbH","url":"https:\/\/stage.jh-itc.de\/fr\/","logo":{"@type":"ImageObject","inLanguage":"fr-FR","@id":"https:\/\/stage.jh-itc.de\/fr\/#\/schema\/logo\/image\/","url":"https:\/\/stage.jh-itc.de\/wp-content\/uploads\/2016\/01\/JH-ITC2-1.png","contentUrl":"https:\/\/stage.jh-itc.de\/wp-content\/uploads\/2016\/01\/JH-ITC2-1.png","width":300,"height":102,"caption":"JH-ITC GmbH"},"image":{"@id":"https:\/\/stage.jh-itc.de\/fr\/#\/schema\/logo\/image\/"},"sameAs":["https:\/\/www.facebook.com\/schalungshandel","https:\/\/x.com\/JH_ITC","https:\/\/www.linkedin.com\/in\/jhitc","https:\/\/youtu.be\/rMdZ-FLfI-Y"]}]}},"_links":{"self":[{"href":"https:\/\/stage.jh-itc.de\/fr\/wp-json\/wp\/v2\/pages\/26798","targetHints":{"allow":["GET"]}}],"collection":[{"href":"https:\/\/stage.jh-itc.de\/fr\/wp-json\/wp\/v2\/pages"}],"about":[{"href":"https:\/\/stage.jh-itc.de\/fr\/wp-json\/wp\/v2\/types\/page"}],"author":[{"embeddable":true,"href":"https:\/\/stage.jh-itc.de\/fr\/wp-json\/wp\/v2\/users\/7"}],"replies":[{"embeddable":true,"href":"https:\/\/stage.jh-itc.de\/fr\/wp-json\/wp\/v2\/comments?post=26798"}],"version-history":[{"count":0,"href":"https:\/\/stage.jh-itc.de\/fr\/wp-json\/wp\/v2\/pages\/26798\/revisions"}],"up":[{"embeddable":true,"href":"https:\/\/stage.jh-itc.de\/fr\/wp-json\/wp\/v2\/pages\/26756"}],"wp:featuredmedia":[{"embeddable":true,"href":"https:\/\/stage.jh-itc.de\/fr\/wp-json\/wp\/v2\/media\/26809"}],"wp:attachment":[{"href":"https:\/\/stage.jh-itc.de\/fr\/wp-json\/wp\/v2\/media?parent=26798"}],"curies":[{"name":"wp","href":"https:\/\/api.w.org\/{rel}","templated":true}]}}