{"id":26727,"date":"2021-08-30T18:45:11","date_gmt":"2021-08-30T16:45:11","guid":{"rendered":"https:\/\/www.jh-itc.de\/materiaux-de-construction-usages-2\/"},"modified":"2021-08-30T18:45:11","modified_gmt":"2021-08-30T16:45:11","slug":"materiaux-de-construction-usages-2","status":"publish","type":"page","link":"https:\/\/stage.jh-itc.de\/fr\/ce-quil-faut-savoir\/materiaux-de-construction-usages-2\/","title":{"rendered":"Mat\u00e9riaux de construction usag\u00e9s"},"content":{"rendered":"<h2><span style=\"color: #ffffff;\">Coffrages, \u00e9tais et \u00e9chafaudages d&#8217;occasion par votre expert<\/span><\/h2>\n<hr>\n<h3><span style=\"color: #948a80;\">&nbsp;<\/span><\/h3>\n<p><span style=\"color: #948a80;\">Tout entrepreneur sait quel facteur de co\u00fbt repr\u00e9sentent les <span style=\"color: #ffffff;\">coffrages, les \u00e9chafaudages ou les \u00e9tais de dalles<\/span> lorsqu&#8217;ils sont parfois immobilis\u00e9s sur un chantier pendant des semaines ou des mois.<\/span><\/p>\n<p><span style=\"color: #948a80;\">Il en va de m\u00eame pour les machines de construction, et notamment les grues, qui ont souvent de longues p\u00e9riodes d&#8217;inactivit\u00e9 jusqu&#8217;\u00e0 ce que le dernier travail sur un chantier soit enfin termin\u00e9.<\/span><\/p>\n<p><span style=\"color: #948a80;\">Il est donc logique d&#8217;envisager l&#8217;utilisation d&#8217;<span style=\"color: #ffffff;\">\u00e9tais, d&#8217;\u00e9chafaudages ou de coffrages<\/span> d&#8217;occasion au moment d&#8217;investir.<\/span><\/p>\n<p><span style=\"color: #948a80;\">L&#8217;investissement est consid\u00e9rablement plus faible pour les pi\u00e8ces d&#8217;occasion. Toutefois, comme nous ne vendons que des produits test\u00e9s et en bon \u00e9tat de fonctionnement, la dur\u00e9e d&#8217;utilisation n&#8217;est gu\u00e8re plus limit\u00e9e que pour les produits neufs.<\/span><\/p>\n<p><span style=\"color: #948a80;\">Faites le test et demandez-nous un devis pour des \u00e9tais de plafond d&#8217;occasion, par exemple, et comparez-le avec des biens neufs identiques. Vous verrez que votre avantage en termes de co\u00fbts est immense, ce qui vous donne la possibilit\u00e9 de laisser l&#8217;un ou l&#8217;autre de vos concurrents derri\u00e8re vous lorsque vous faites des offres, car vous pouvez calculer la dur\u00e9e d&#8217;utilisation des \u00e9tais de plafond de mani\u00e8re beaucoup plus favorable qu&#8217;un fournisseur qui n&#8217;utilise que des produits neufs.<\/span><\/p>\n<p><span style=\"color: #948a80;\">Il en va de m\u00eame, bien s\u00fbr, pour les engins de construction ou les grues, pour lesquels nous avons toujours une bonne affaire \u00e0 vous proposer. Surtout avec les nouvelles machines, la perte de valeur est \u00e9norme au cours des premi\u00e8res ann\u00e9es. Cela ne vaut la peine que pour les machines qui sont vraiment utilis\u00e9es en permanence. Il est pr\u00e9f\u00e9rable d&#8217;acheter des machines de construction d&#8217;occasion qui doivent rester inutilis\u00e9es \u00e0 plusieurs reprises, ou des accessoires de construction qui doivent reposer longtemps dans un entrep\u00f4t entre deux utilisations, car l&#8217;usure n&#8217;est pas le probl\u00e8me, mais l&#8217;investissement \u00e9lev\u00e9 n\u00e9cessaire \u00e0 l&#8217;achat et la perte rapide de valeur dans le bilan.<\/span><\/p>\n<h3><span style=\"color: #ffffff;\">Nous avons en stock des \u00e9tais de construction, des coffrages et des \u00e9chafaudages d&#8217;occasion provenant de tous les fabricants renomm\u00e9s tels que  <\/span><\/h3>\n<h3><span style=\"color: #ffffff;\"><strong>Peri, Meva, Doka, H\u00fcnnebeck, Paschal, NOE, Ischebeck, Reber, H\u00e4gele ou Wendler<\/strong>.<\/span><\/h3>\n<p><span style=\"color: #948a80;\">Ainsi, nous pouvons \u00e9galement vous aider si vous cherchez \u00e0 compl\u00e9ter votre stock et d\u00e9pendez donc d&#8217;une marque sp\u00e9cifique.<\/span><\/p>\n<p><span style=\"color: #948a80;\">Bien entendu, nous chercherons \u00e9galement pour vous si nous n&#8217;avons pas certaines pi\u00e8ces en stock. Cependant, si vous le souhaitez, nous pouvons \u00e9galement vous fournir des pi\u00e8ces neuves dans le domaine des supports de construction ou des \u00e9chafaudages \u00e0 des prix tr\u00e8s avantageux.<\/span><\/p>\n<p><span style=\"color: #948a80;\">Outre les supports et machines d&#8217;occasion de toutes sortes pour les \u00e9quipements de chantier, nous avons toujours des articles sp\u00e9ciaux du secteur de la construction, des mat\u00e9riaux de construction, des mat\u00e9riaux sanitaires ou des mat\u00e9riaux de construction.<\/span><\/p>\n<p><span style=\"color: #948a80;\">\u00c0 cet \u00e9gard, il vaut la peine que vous vous informiez de temps en temps aupr\u00e8s de nous, car si vous trouvez un article sp\u00e9cial favorable qui correspond \u00e0 l&#8217;un de vos chantiers projet\u00e9s, vous b\u00e9n\u00e9ficiez \u00e0 nouveau d&#8217;un avantage de prix consid\u00e9rable par rapport \u00e0 la concurrence, ce qui maximise votre profit ou vous assure la commande parce que vous pouvez proposer une offre plus avantageuse que vos concurrents. Et si vous avez besoin d&#8217;\u00e9largir votre stock pour le mat\u00e9riel que vous avez command\u00e9 chez nous, parce que vous avez achet\u00e9 si bon march\u00e9, alors vous trouverez \u00e9galement ce que vous cherchez chez nous.<\/span><\/p>\n<p><span style=\"color: #948a80;\">Nous proposons r\u00e9guli\u00e8rement des hangars m\u00e9talliques d&#8217;occasion tr\u00e8s bon march\u00e9, que vous pouvez monter rapidement et ainsi cr\u00e9er un espace de stockage \u00e0 faible co\u00fbt.<\/span><\/p>\n<p><span style=\"color: #948a80;\">Nous livrons dans le monde entier, consultez nos offres et demandez un devis sans engagement !<\/span><\/p>\n<p style=\"text-align: center;\"><a href=\"http:\/\/info@jh-itc.de\">info@jh-itc.de<\/a><\/p>\n<p><img fetchpriority=\"high\" decoding=\"async\" class=\"size-400 wp-image-7917 aligncenter\" src=\"https:\/\/stage.jh-itc.de\/wp-content\/uploads\/2019\/10\/Schalungsteam-400x557.jpg\" alt=\"\" width=\"400\" height=\"557\" srcset=\"https:\/\/stage.jh-itc.de\/wp-content\/uploads\/2019\/10\/Schalungsteam-400x557.jpg 400w, https:\/\/stage.jh-itc.de\/wp-content\/uploads\/2019\/10\/Schalungsteam-500x696.jpg 500w, https:\/\/stage.jh-itc.de\/wp-content\/uploads\/2019\/10\/Schalungsteam-215x300.jpg 215w, https:\/\/stage.jh-itc.de\/wp-content\/uploads\/2019\/10\/Schalungsteam-200x279.jpg 200w, https:\/\/stage.jh-itc.de\/wp-content\/uploads\/2019\/10\/Schalungsteam.jpg 542w\" sizes=\"(max-width: 400px) 100vw, 400px\" \/><\/p>\n<hr>\n","protected":false},"excerpt":{"rendered":"<p>Coffrages, \u00e9tais et \u00e9chafaudages d&#8217;occasion par votre expert &nbsp; Tout entrepreneur sait quel facteur de co\u00fbt repr\u00e9sentent les coffrages, les \u00e9chafaudages ou les \u00e9tais de dalles lorsqu&#8217;ils sont parfois immobilis\u00e9s sur un chantier pendant des semaines ou des mois. Il en va de m\u00eame pour les machines de construction, et notamment les grues, qui ont [&hellip;]<\/p>\n","protected":false},"author":7,"featured_media":26735,"parent":26756,"menu_order":0,"comment_status":"closed","ping_status":"closed","template":"","meta":{"footnotes":""},"class_list":["post-26727","page","type-page","status-publish","has-post-thumbnail"],"yoast_head":"<!-- This site is optimized with the Yoast SEO plugin v26.5 - https:\/\/yoast.com\/wordpress\/plugins\/seo\/ -->\n<title>Mat\u00e9riaux de construction usag\u00e9s - JH - ITC GmbH<\/title>\n<meta name=\"description\" content=\"Coffrage usag\u00e9, accessoires usag\u00e9s, accessoires, accessoires de construction, accessoires de sol\" \/>\n<meta name=\"robots\" content=\"noindex, follow, max-snippet:-1, max-image-preview:large, max-video-preview:-1\" \/>\n<meta property=\"og:locale\" content=\"fr_FR\" \/>\n<meta property=\"og:type\" content=\"article\" \/>\n<meta property=\"og:title\" content=\"Mat\u00e9riaux de construction usag\u00e9s - JH - ITC GmbH\" \/>\n<meta property=\"og:description\" content=\"Coffrage usag\u00e9, accessoires usag\u00e9s, accessoires, accessoires de construction, accessoires de sol\" \/>\n<meta property=\"og:url\" content=\"https:\/\/stage.jh-itc.de\/fr\/ce-quil-faut-savoir\/materiaux-de-construction-usages-2\/\" \/>\n<meta property=\"og:site_name\" content=\"JH - ITC GmbH\" \/>\n<meta property=\"article:publisher\" content=\"https:\/\/www.facebook.com\/schalungshandel\" \/>\n<meta property=\"og:image\" content=\"https:\/\/stage.jh-itc.de\/wp-content\/uploads\/2019\/10\/Schalungsteam-400x557.jpg\" \/>\n<meta name=\"twitter:card\" content=\"summary_large_image\" \/>\n<meta name=\"twitter:site\" content=\"@JH_ITC\" \/>\n<meta name=\"twitter:label1\" content=\"Dur\u00e9e de lecture estim\u00e9e\" \/>\n\t<meta name=\"twitter:data1\" content=\"3 minutes\" \/>\n<!-- \/ Yoast SEO plugin. -->","yoast_head_json":{"title":"Mat\u00e9riaux de construction usag\u00e9s - JH - ITC GmbH","description":"Coffrage usag\u00e9, accessoires usag\u00e9s, accessoires, accessoires de construction, accessoires de sol","robots":{"index":"noindex","follow":"follow","max-snippet":"max-snippet:-1","max-image-preview":"max-image-preview:large","max-video-preview":"max-video-preview:-1"},"og_locale":"fr_FR","og_type":"article","og_title":"Mat\u00e9riaux de construction usag\u00e9s - JH - ITC GmbH","og_description":"Coffrage usag\u00e9, accessoires usag\u00e9s, accessoires, accessoires de construction, accessoires de sol","og_url":"https:\/\/stage.jh-itc.de\/fr\/ce-quil-faut-savoir\/materiaux-de-construction-usages-2\/","og_site_name":"JH - ITC GmbH","article_publisher":"https:\/\/www.facebook.com\/schalungshandel","og_image":[{"url":"https:\/\/stage.jh-itc.de\/wp-content\/uploads\/2019\/10\/Schalungsteam-400x557.jpg","type":"","width":"","height":""}],"twitter_card":"summary_large_image","twitter_site":"@JH_ITC","twitter_misc":{"Dur\u00e9e de lecture estim\u00e9e":"3 minutes"},"schema":{"@context":"https:\/\/schema.org","@graph":[{"@type":"WebPage","@id":"https:\/\/stage.jh-itc.de\/fr\/ce-quil-faut-savoir\/materiaux-de-construction-usages-2\/","url":"https:\/\/stage.jh-itc.de\/fr\/ce-quil-faut-savoir\/materiaux-de-construction-usages-2\/","name":"Mat\u00e9riaux de construction usag\u00e9s - JH - ITC GmbH","isPartOf":{"@id":"https:\/\/stage.jh-itc.de\/fr\/#website"},"primaryImageOfPage":{"@id":"https:\/\/stage.jh-itc.de\/fr\/ce-quil-faut-savoir\/materiaux-de-construction-usages-2\/#primaryimage"},"image":{"@id":"https:\/\/stage.jh-itc.de\/fr\/ce-quil-faut-savoir\/materiaux-de-construction-usages-2\/#primaryimage"},"thumbnailUrl":"https:\/\/stage.jh-itc.de\/wp-content\/uploads\/2020\/09\/Landkreisbuch-433-von-487-Mittel.jpg","datePublished":"2021-08-30T16:45:11+00:00","description":"Coffrage usag\u00e9, accessoires usag\u00e9s, accessoires, accessoires de construction, accessoires de sol","breadcrumb":{"@id":"https:\/\/stage.jh-itc.de\/fr\/ce-quil-faut-savoir\/materiaux-de-construction-usages-2\/#breadcrumb"},"inLanguage":"fr-FR","potentialAction":[{"@type":"ReadAction","target":["https:\/\/stage.jh-itc.de\/fr\/ce-quil-faut-savoir\/materiaux-de-construction-usages-2\/"]}]},{"@type":"ImageObject","inLanguage":"fr-FR","@id":"https:\/\/stage.jh-itc.de\/fr\/ce-quil-faut-savoir\/materiaux-de-construction-usages-2\/#primaryimage","url":"https:\/\/stage.jh-itc.de\/wp-content\/uploads\/2020\/09\/Landkreisbuch-433-von-487-Mittel.jpg","contentUrl":"https:\/\/stage.jh-itc.de\/wp-content\/uploads\/2020\/09\/Landkreisbuch-433-von-487-Mittel.jpg","width":1152,"height":768},{"@type":"BreadcrumbList","@id":"https:\/\/stage.jh-itc.de\/fr\/ce-quil-faut-savoir\/materiaux-de-construction-usages-2\/#breadcrumb","itemListElement":[{"@type":"ListItem","position":1,"name":"Home","item":"https:\/\/stage.jh-itc.de\/fr\/coffrages-etais-et-echafaudages-de-professionnels\/"},{"@type":"ListItem","position":2,"name":"Ce qu&#8217;il faut savoir","item":"https:\/\/stage.jh-itc.de\/fr\/ce-quil-faut-savoir\/"},{"@type":"ListItem","position":3,"name":"Mat\u00e9riaux de construction usag\u00e9s"}]},{"@type":"WebSite","@id":"https:\/\/stage.jh-itc.de\/fr\/#website","url":"https:\/\/stage.jh-itc.de\/fr\/","name":"JH - ITC GmbH","description":"Ihr Experte f\u00fcr gebrauchte St\u00fctzen, Schalungen und Ger\u00fcste","publisher":{"@id":"https:\/\/stage.jh-itc.de\/fr\/#organization"},"potentialAction":[{"@type":"SearchAction","target":{"@type":"EntryPoint","urlTemplate":"https:\/\/stage.jh-itc.de\/fr\/?s={search_term_string}"},"query-input":{"@type":"PropertyValueSpecification","valueRequired":true,"valueName":"search_term_string"}}],"inLanguage":"fr-FR"},{"@type":"Organization","@id":"https:\/\/stage.jh-itc.de\/fr\/#organization","name":"JH-ITC GmbH","url":"https:\/\/stage.jh-itc.de\/fr\/","logo":{"@type":"ImageObject","inLanguage":"fr-FR","@id":"https:\/\/stage.jh-itc.de\/fr\/#\/schema\/logo\/image\/","url":"https:\/\/stage.jh-itc.de\/wp-content\/uploads\/2016\/01\/JH-ITC2-1.png","contentUrl":"https:\/\/stage.jh-itc.de\/wp-content\/uploads\/2016\/01\/JH-ITC2-1.png","width":300,"height":102,"caption":"JH-ITC GmbH"},"image":{"@id":"https:\/\/stage.jh-itc.de\/fr\/#\/schema\/logo\/image\/"},"sameAs":["https:\/\/www.facebook.com\/schalungshandel","https:\/\/x.com\/JH_ITC","https:\/\/www.linkedin.com\/in\/jhitc","https:\/\/youtu.be\/rMdZ-FLfI-Y"]}]}},"_links":{"self":[{"href":"https:\/\/stage.jh-itc.de\/fr\/wp-json\/wp\/v2\/pages\/26727","targetHints":{"allow":["GET"]}}],"collection":[{"href":"https:\/\/stage.jh-itc.de\/fr\/wp-json\/wp\/v2\/pages"}],"about":[{"href":"https:\/\/stage.jh-itc.de\/fr\/wp-json\/wp\/v2\/types\/page"}],"author":[{"embeddable":true,"href":"https:\/\/stage.jh-itc.de\/fr\/wp-json\/wp\/v2\/users\/7"}],"replies":[{"embeddable":true,"href":"https:\/\/stage.jh-itc.de\/fr\/wp-json\/wp\/v2\/comments?post=26727"}],"version-history":[{"count":0,"href":"https:\/\/stage.jh-itc.de\/fr\/wp-json\/wp\/v2\/pages\/26727\/revisions"}],"up":[{"embeddable":true,"href":"https:\/\/stage.jh-itc.de\/fr\/wp-json\/wp\/v2\/pages\/26756"}],"wp:featuredmedia":[{"embeddable":true,"href":"https:\/\/stage.jh-itc.de\/fr\/wp-json\/wp\/v2\/media\/26735"}],"wp:attachment":[{"href":"https:\/\/stage.jh-itc.de\/fr\/wp-json\/wp\/v2\/media?parent=26727"}],"curies":[{"name":"wp","href":"https:\/\/api.w.org\/{rel}","templated":true}]}}