{"id":26684,"date":"2021-08-30T18:45:06","date_gmt":"2021-08-30T16:45:06","guid":{"rendered":"https:\/\/www.jh-itc.de\/jh-international-trade-company-lequipe\/"},"modified":"2021-08-30T18:45:30","modified_gmt":"2021-08-30T16:45:30","slug":"jh-international-trade-company-lequipe","status":"publish","type":"page","link":"https:\/\/stage.jh-itc.de\/fr\/jh-international-trade-company-lequipe\/","title":{"rendered":"JH-International Trade Company &#8211; L&#8217;\u00e9quipe"},"content":{"rendered":"\t\t<div data-elementor-type=\"wp-page\" data-elementor-id=\"26684\" class=\"elementor elementor-26684 elementor-61\" data-elementor-post-type=\"page\">\n\t\t\t\t\t\t<section class=\"elementor-section elementor-top-section elementor-element elementor-element-25e4c7f1 elementor-section-boxed elementor-section-height-default elementor-section-height-default\" data-id=\"25e4c7f1\" data-element_type=\"section\">\n\t\t\t\t\t\t<div class=\"elementor-container elementor-column-gap-default\">\n\t\t\t\t\t<div class=\"elementor-column elementor-col-100 elementor-top-column elementor-element elementor-element-2d1e9dd0\" data-id=\"2d1e9dd0\" data-element_type=\"column\">\n\t\t\t<div class=\"elementor-widget-wrap elementor-element-populated\">\n\t\t\t\t\t\t<section class=\"elementor-section elementor-inner-section elementor-element elementor-element-26cd53d3 elementor-section-boxed elementor-section-height-default elementor-section-height-default\" data-id=\"26cd53d3\" data-element_type=\"section\">\n\t\t\t\t\t\t<div class=\"elementor-container elementor-column-gap-no\">\n\t\t\t\t\t<div class=\"elementor-column elementor-col-50 elementor-inner-column elementor-element elementor-element-1393684a\" data-id=\"1393684a\" data-element_type=\"column\">\n\t\t\t<div class=\"elementor-widget-wrap elementor-element-populated\">\n\t\t\t\t\t\t<div class=\"elementor-element elementor-element-19ff063 elementor-cta--skin-cover elementor-cta--valign-bottom elementor-animated-content elementor-widget elementor-widget-call-to-action\" data-id=\"19ff063\" data-element_type=\"widget\" data-widget_type=\"call-to-action.default\">\n\t\t\t\t<div class=\"elementor-widget-container\">\n\t\t\t\t\t\t\t<div class=\"elementor-cta\">\n\t\t\t\t\t<div class=\"elementor-cta__bg-wrapper\">\n\t\t\t\t<div class=\"elementor-cta__bg elementor-bg\" style=\"background-image: url(https:\/\/stage.jh-itc.de\/wp-content\/uploads\/2020\/01\/Jochen-Hein_.jpg);\" role=\"img\" aria-label=\"Jochen Hein_\"><\/div>\n\t\t\t\t<div class=\"elementor-cta__bg-overlay\"><\/div>\n\t\t\t<\/div>\n\t\t\t\t\t\t\t<div class=\"elementor-cta__content\">\n\t\t\t\t\n\t\t\t\t\t\t\t\t\t<h2 class=\"elementor-cta__title elementor-cta__content-item elementor-content-item elementor-animated-item--enter-from-left\">\n\t\t\t\t\t\tJochen Hein\t\t\t\t\t<\/h2>\n\t\t\t\t\n\t\t\t\t\t\t\t\t\t<div class=\"elementor-cta__description elementor-cta__content-item elementor-content-item elementor-animated-item--enter-from-left\">\n\t\t\t\t\t\t<p>Directeur g\u00e9n\u00e9ral<br \/>\nTel. +49 8221 276 8288<br \/>\nMobile. +49 171 80 35 708<br \/>\nCourriel : <a href=\"mailto:jh@jh-itc.de\">jh@jh-itc.de<\/a><br \/>\nLangues : DE, EN<\/p>\n\t\t\t\t\t<\/div>\n\t\t\t\t\n\t\t\t\t\t\t\t<\/div>\n\t\t\t\t\t\t<\/div>\n\t\t\t\t\t\t<\/div>\n\t\t\t\t<\/div>\n\t\t\t\t\t<\/div>\n\t\t<\/div>\n\t\t\t\t<div class=\"elementor-column elementor-col-50 elementor-inner-column elementor-element elementor-element-7604b03c\" data-id=\"7604b03c\" data-element_type=\"column\">\n\t\t\t<div class=\"elementor-widget-wrap elementor-element-populated\">\n\t\t\t\t\t\t<div class=\"elementor-element elementor-element-4aaf16ea elementor-cta--skin-cover elementor-cta--valign-bottom elementor-animated-content elementor-widget elementor-widget-call-to-action\" data-id=\"4aaf16ea\" data-element_type=\"widget\" data-widget_type=\"call-to-action.default\">\n\t\t\t\t<div class=\"elementor-widget-container\">\n\t\t\t\t\t\t\t<div class=\"elementor-cta\">\n\t\t\t\t\t<div class=\"elementor-cta__bg-wrapper\">\n\t\t\t\t<div class=\"elementor-cta__bg elementor-bg\" style=\"background-image: url(https:\/\/stage.jh-itc.de\/wp-content\/uploads\/2020\/01\/Nesrin-kayahan-Vogg.jpg);\" role=\"img\" aria-label=\"Nesrin kayahan-Vogg\"><\/div>\n\t\t\t\t<div class=\"elementor-cta__bg-overlay\"><\/div>\n\t\t\t<\/div>\n\t\t\t\t\t\t\t<div class=\"elementor-cta__content\">\n\t\t\t\t\n\t\t\t\t\t\t\t\t\t<h2 class=\"elementor-cta__title elementor-cta__content-item elementor-content-item elementor-animated-item--enter-from-left\">\n\t\t\t\t\t\tNina Kayahan-Vogg\t\t\t\t\t<\/h2>\n\t\t\t\t\n\t\t\t\t\t\t\t\t\t<div class=\"elementor-cta__description elementor-cta__content-item elementor-content-item elementor-animated-item--enter-from-left\">\n\t\t\t\t\t\t<p>Comptabilit\u00e9<br \/>\nTel. +49 8224 \u2013 80 45 736<br \/>\nFax. +49 8224 \u2013 80 45 763<br \/>\nCourriel : <a href=\"mailto:nina@jh-itc.de\">nina@jh-itc.de<\/a><br \/>\nLangues : DE, EN, TR<\/p>\n\t\t\t\t\t<\/div>\n\t\t\t\t\n\t\t\t\t\t\t\t<\/div>\n\t\t\t\t\t\t<\/div>\n\t\t\t\t\t\t<\/div>\n\t\t\t\t<\/div>\n\t\t\t\t\t<\/div>\n\t\t<\/div>\n\t\t\t\t\t<\/div>\n\t\t<\/section>\n\t\t\t\t<section class=\"elementor-section elementor-inner-section elementor-element elementor-element-1f36f284 elementor-section-boxed elementor-section-height-default elementor-section-height-default\" data-id=\"1f36f284\" data-element_type=\"section\">\n\t\t\t\t\t\t<div class=\"elementor-container elementor-column-gap-no\">\n\t\t\t\t\t<div class=\"elementor-column elementor-col-50 elementor-inner-column elementor-element elementor-element-ca06a27\" data-id=\"ca06a27\" data-element_type=\"column\">\n\t\t\t<div class=\"elementor-widget-wrap elementor-element-populated\">\n\t\t\t\t\t\t<div class=\"elementor-element elementor-element-26e206e0 elementor-cta--skin-cover elementor-cta--valign-bottom elementor-animated-content elementor-widget elementor-widget-call-to-action\" data-id=\"26e206e0\" data-element_type=\"widget\" data-widget_type=\"call-to-action.default\">\n\t\t\t\t<div class=\"elementor-widget-container\">\n\t\t\t\t\t\t\t<div class=\"elementor-cta\">\n\t\t\t\t\t<div class=\"elementor-cta__bg-wrapper\">\n\t\t\t\t<div class=\"elementor-cta__bg elementor-bg\" style=\"background-image: url(https:\/\/stage.jh-itc.de\/wp-content\/uploads\/2015\/06\/Cihan-Yildiz-e1494442357631.jpg);\" role=\"img\" aria-label=\"Cihan Yildiz\"><\/div>\n\t\t\t\t<div class=\"elementor-cta__bg-overlay\"><\/div>\n\t\t\t<\/div>\n\t\t\t\t\t\t\t<div class=\"elementor-cta__content\">\n\t\t\t\t\n\t\t\t\t\t\t\t\t\t<h2 class=\"elementor-cta__title elementor-cta__content-item elementor-content-item elementor-animated-item--enter-from-left\">\n\t\t\t\t\t\tCihan Yildiz\t\t\t\t\t<\/h2>\n\t\t\t\t\n\t\t\t\t\t\t\t\t\t<div class=\"elementor-cta__description elementor-cta__content-item elementor-content-item elementor-animated-item--enter-from-left\">\n\t\t\t\t\t\t<p>Vente<br \/>\nMobile. +49 173 866 53 47<br \/>\nTel. +49 8221 \u2013 276 8288<br \/>\nFax. +49 8224 \u2013 80 45 763<br \/>\nCourriel : <a href=\"mailto:cy@jh-itc.de\">cy@jh-itc.de<\/a><br \/>\nLangues : DE, EN, TR<\/p>\n\t\t\t\t\t<\/div>\n\t\t\t\t\n\t\t\t\t\t\t\t<\/div>\n\t\t\t\t\t\t<\/div>\n\t\t\t\t\t\t<\/div>\n\t\t\t\t<\/div>\n\t\t\t\t\t<\/div>\n\t\t<\/div>\n\t\t\t\t<div class=\"elementor-column elementor-col-50 elementor-inner-column elementor-element elementor-element-7d64c364\" data-id=\"7d64c364\" data-element_type=\"column\">\n\t\t\t<div class=\"elementor-widget-wrap elementor-element-populated\">\n\t\t\t\t\t\t<div class=\"elementor-element elementor-element-297d951f elementor-cta--skin-cover elementor-cta--valign-bottom elementor-animated-content elementor-widget elementor-widget-call-to-action\" data-id=\"297d951f\" data-element_type=\"widget\" data-widget_type=\"call-to-action.default\">\n\t\t\t\t<div class=\"elementor-widget-container\">\n\t\t\t\t\t\t\t<div class=\"elementor-cta\">\n\t\t\t\t\t<div class=\"elementor-cta__bg-wrapper\">\n\t\t\t\t<div class=\"elementor-cta__bg elementor-bg\" style=\"background-image: url(https:\/\/stage.jh-itc.de\/wp-content\/uploads\/2015\/06\/Maxwell-Zanotto-Small-e1494445435288.jpg);\" role=\"img\" aria-label=\"Maxwell Zanotto\"><\/div>\n\t\t\t\t<div class=\"elementor-cta__bg-overlay\"><\/div>\n\t\t\t<\/div>\n\t\t\t\t\t\t\t<div class=\"elementor-cta__content\">\n\t\t\t\t\n\t\t\t\t\t\t\t\t\t<h2 class=\"elementor-cta__title elementor-cta__content-item elementor-content-item elementor-animated-item--enter-from-left\">\n\t\t\t\t\t\tMaxwell Zanotto\t\t\t\t\t<\/h2>\n\t\t\t\t\n\t\t\t\t\t\t\t\t\t<div class=\"elementor-cta__description elementor-cta__content-item elementor-content-item elementor-animated-item--enter-from-left\">\n\t\t\t\t\t\t<p>Achat et vente<br \/>\nMobile. +49 157 58 51 94 33<br \/>\nTel. +49 40 37 61 66 50<br \/>\nCourriel : <a href=\"mailto:mz@jh-itc.de\">mz@jh-itc.de<\/a><br \/>\nLangues : DE, EN, IT<\/p>\n\t\t\t\t\t<\/div>\n\t\t\t\t\n\t\t\t\t\t\t\t<\/div>\n\t\t\t\t\t\t<\/div>\n\t\t\t\t\t\t<\/div>\n\t\t\t\t<\/div>\n\t\t\t\t\t<\/div>\n\t\t<\/div>\n\t\t\t\t\t<\/div>\n\t\t<\/section>\n\t\t\t\t\t<\/div>\n\t\t<\/div>\n\t\t\t\t\t<\/div>\n\t\t<\/section>\n\t\t\t\t<section class=\"elementor-section elementor-top-section elementor-element elementor-element-3aa1e13 elementor-section-boxed elementor-section-height-default elementor-section-height-default\" data-id=\"3aa1e13\" data-element_type=\"section\">\n\t\t\t\t\t\t<div class=\"elementor-container elementor-column-gap-default\">\n\t\t\t\t\t<div class=\"elementor-column elementor-col-100 elementor-top-column elementor-element elementor-element-63cc1c0\" data-id=\"63cc1c0\" data-element_type=\"column\">\n\t\t\t<div class=\"elementor-widget-wrap elementor-element-populated\">\n\t\t\t\t\t\t<div class=\"elementor-element elementor-element-3bd146c elementor-widget elementor-widget-heading\" data-id=\"3bd146c\" data-element_type=\"widget\" data-widget_type=\"heading.default\">\n\t\t\t\t<div class=\"elementor-widget-container\">\n\t\t\t\t\t<h2 class=\"elementor-heading-title elementor-size-large\">Nous sommes l\u00e0 pour vous !<\/h2>\t\t\t\t<\/div>\n\t\t\t\t<\/div>\n\t\t\t\t<div class=\"elementor-element elementor-element-848793b elementor-widget elementor-widget-image\" data-id=\"848793b\" data-element_type=\"widget\" data-widget_type=\"image.default\">\n\t\t\t\t<div class=\"elementor-widget-container\">\n\t\t\t\t\t\t\t\t\t\t\t\t\t\t\t<img fetchpriority=\"high\" decoding=\"async\" width=\"800\" height=\"465\" src=\"https:\/\/stage.jh-itc.de\/wp-content\/uploads\/2019\/10\/Containerteam-1024x595.jpg\" class=\"attachment-large size-large wp-image-26714\" alt=\"\" srcset=\"https:\/\/stage.jh-itc.de\/wp-content\/uploads\/2019\/10\/Containerteam-1024x595.jpg 1024w, https:\/\/stage.jh-itc.de\/wp-content\/uploads\/2019\/10\/Containerteam-500x290.jpg 500w, https:\/\/stage.jh-itc.de\/wp-content\/uploads\/2019\/10\/Containerteam-700x407.jpg 700w, https:\/\/stage.jh-itc.de\/wp-content\/uploads\/2019\/10\/Containerteam-300x174.jpg 300w, https:\/\/stage.jh-itc.de\/wp-content\/uploads\/2019\/10\/Containerteam-768x446.jpg 768w, https:\/\/stage.jh-itc.de\/wp-content\/uploads\/2019\/10\/Containerteam-200x116.jpg 200w, https:\/\/stage.jh-itc.de\/wp-content\/uploads\/2019\/10\/Containerteam-400x232.jpg 400w, https:\/\/stage.jh-itc.de\/wp-content\/uploads\/2019\/10\/Containerteam-600x348.jpg 600w, https:\/\/stage.jh-itc.de\/wp-content\/uploads\/2019\/10\/Containerteam-800x465.jpg 800w, https:\/\/stage.jh-itc.de\/wp-content\/uploads\/2019\/10\/Containerteam.jpg 1126w\" sizes=\"(max-width: 800px) 100vw, 800px\" \/>\t\t\t\t\t\t\t\t\t\t\t\t\t\t\t<\/div>\n\t\t\t\t<\/div>\n\t\t\t\t\t<\/div>\n\t\t<\/div>\n\t\t\t\t\t<\/div>\n\t\t<\/section>\n\t\t\t\t<\/div>\n\t\t","protected":false},"excerpt":{"rendered":"<p>Jochen Hein Directeur g\u00e9n\u00e9ral Tel. +49 8221 276 8288 Mobile. +49 171 80 35 708 Courriel : jh@jh-itc.de Langues : DE, EN Nina Kayahan-Vogg Comptabilit\u00e9 Tel. +49 8224 \u2013 80 45 736 Fax. +49 8224 \u2013 80 45 763 Courriel : nina@jh-itc.de Langues : DE, EN, TR Cihan Yildiz Vente Mobile. +49 173 866 53 [&hellip;]<\/p>\n","protected":false},"author":7,"featured_media":26723,"parent":0,"menu_order":0,"comment_status":"closed","ping_status":"closed","template":"","meta":{"footnotes":""},"class_list":["post-26684","page","type-page","status-publish","has-post-thumbnail"],"yoast_head":"<!-- This site is optimized with the Yoast SEO plugin v26.5 - https:\/\/yoast.com\/wordpress\/plugins\/seo\/ -->\n<title>JH-International Trade Company - L&#039;\u00e9quipe - JH - ITC GmbH<\/title>\n<meta name=\"description\" content=\"Vos interlocuteurs chez JH -ITC GmbH\" \/>\n<meta name=\"robots\" content=\"noindex, follow, max-snippet:-1, max-image-preview:large, max-video-preview:-1\" \/>\n<meta property=\"og:locale\" content=\"fr_FR\" \/>\n<meta property=\"og:type\" content=\"article\" \/>\n<meta property=\"og:title\" content=\"JH-International Trade Company - L&#039;\u00e9quipe - JH - ITC GmbH\" \/>\n<meta property=\"og:description\" content=\"Vos interlocuteurs chez JH -ITC GmbH\" \/>\n<meta property=\"og:url\" content=\"https:\/\/stage.jh-itc.de\/fr\/jh-international-trade-company-lequipe\/\" \/>\n<meta property=\"og:site_name\" content=\"JH - ITC GmbH\" \/>\n<meta property=\"article:publisher\" content=\"https:\/\/www.facebook.com\/schalungshandel\" \/>\n<meta property=\"article:modified_time\" content=\"2021-08-30T16:45:30+00:00\" \/>\n<meta property=\"og:image\" content=\"https:\/\/stage.jh-itc.de\/wp-content\/uploads\/2019\/10\/Containerteam-1024x595.jpg\" \/>\n<meta name=\"twitter:card\" content=\"summary_large_image\" \/>\n<meta name=\"twitter:site\" content=\"@JH_ITC\" \/>\n<!-- \/ Yoast SEO plugin. -->","yoast_head_json":{"title":"JH-International Trade Company - L'\u00e9quipe - JH - ITC GmbH","description":"Vos interlocuteurs chez JH -ITC GmbH","robots":{"index":"noindex","follow":"follow","max-snippet":"max-snippet:-1","max-image-preview":"max-image-preview:large","max-video-preview":"max-video-preview:-1"},"og_locale":"fr_FR","og_type":"article","og_title":"JH-International Trade Company - L'\u00e9quipe - JH - ITC GmbH","og_description":"Vos interlocuteurs chez JH -ITC GmbH","og_url":"https:\/\/stage.jh-itc.de\/fr\/jh-international-trade-company-lequipe\/","og_site_name":"JH - ITC GmbH","article_publisher":"https:\/\/www.facebook.com\/schalungshandel","article_modified_time":"2021-08-30T16:45:30+00:00","og_image":[{"url":"https:\/\/stage.jh-itc.de\/wp-content\/uploads\/2019\/10\/Containerteam-1024x595.jpg","type":"","width":"","height":""}],"twitter_card":"summary_large_image","twitter_site":"@JH_ITC","schema":{"@context":"https:\/\/schema.org","@graph":[{"@type":"WebPage","@id":"https:\/\/stage.jh-itc.de\/fr\/jh-international-trade-company-lequipe\/","url":"https:\/\/stage.jh-itc.de\/fr\/jh-international-trade-company-lequipe\/","name":"JH-International Trade Company - L'\u00e9quipe - JH - ITC GmbH","isPartOf":{"@id":"https:\/\/stage.jh-itc.de\/fr\/#website"},"primaryImageOfPage":{"@id":"https:\/\/stage.jh-itc.de\/fr\/jh-international-trade-company-lequipe\/#primaryimage"},"image":{"@id":"https:\/\/stage.jh-itc.de\/fr\/jh-international-trade-company-lequipe\/#primaryimage"},"thumbnailUrl":"https:\/\/stage.jh-itc.de\/wp-content\/uploads\/2020\/12\/IMG_5753-1.jpg","datePublished":"2021-08-30T16:45:06+00:00","dateModified":"2021-08-30T16:45:30+00:00","description":"Vos interlocuteurs chez JH -ITC GmbH","breadcrumb":{"@id":"https:\/\/stage.jh-itc.de\/fr\/jh-international-trade-company-lequipe\/#breadcrumb"},"inLanguage":"fr-FR","potentialAction":[{"@type":"ReadAction","target":["https:\/\/stage.jh-itc.de\/fr\/jh-international-trade-company-lequipe\/"]}]},{"@type":"ImageObject","inLanguage":"fr-FR","@id":"https:\/\/stage.jh-itc.de\/fr\/jh-international-trade-company-lequipe\/#primaryimage","url":"https:\/\/stage.jh-itc.de\/wp-content\/uploads\/2020\/12\/IMG_5753-1.jpg","contentUrl":"https:\/\/stage.jh-itc.de\/wp-content\/uploads\/2020\/12\/IMG_5753-1.jpg","width":2490,"height":859},{"@type":"BreadcrumbList","@id":"https:\/\/stage.jh-itc.de\/fr\/jh-international-trade-company-lequipe\/#breadcrumb","itemListElement":[{"@type":"ListItem","position":1,"name":"Home","item":"https:\/\/stage.jh-itc.de\/fr\/coffrages-etais-et-echafaudages-de-professionnels\/"},{"@type":"ListItem","position":2,"name":"JH-International Trade Company &#8211; L&#8217;\u00e9quipe"}]},{"@type":"WebSite","@id":"https:\/\/stage.jh-itc.de\/fr\/#website","url":"https:\/\/stage.jh-itc.de\/fr\/","name":"JH - ITC GmbH","description":"Ihr Experte f\u00fcr gebrauchte St\u00fctzen, Schalungen und Ger\u00fcste","publisher":{"@id":"https:\/\/stage.jh-itc.de\/fr\/#organization"},"potentialAction":[{"@type":"SearchAction","target":{"@type":"EntryPoint","urlTemplate":"https:\/\/stage.jh-itc.de\/fr\/?s={search_term_string}"},"query-input":{"@type":"PropertyValueSpecification","valueRequired":true,"valueName":"search_term_string"}}],"inLanguage":"fr-FR"},{"@type":"Organization","@id":"https:\/\/stage.jh-itc.de\/fr\/#organization","name":"JH-ITC GmbH","url":"https:\/\/stage.jh-itc.de\/fr\/","logo":{"@type":"ImageObject","inLanguage":"fr-FR","@id":"https:\/\/stage.jh-itc.de\/fr\/#\/schema\/logo\/image\/","url":"https:\/\/stage.jh-itc.de\/wp-content\/uploads\/2016\/01\/JH-ITC2-1.png","contentUrl":"https:\/\/stage.jh-itc.de\/wp-content\/uploads\/2016\/01\/JH-ITC2-1.png","width":300,"height":102,"caption":"JH-ITC GmbH"},"image":{"@id":"https:\/\/stage.jh-itc.de\/fr\/#\/schema\/logo\/image\/"},"sameAs":["https:\/\/www.facebook.com\/schalungshandel","https:\/\/x.com\/JH_ITC","https:\/\/www.linkedin.com\/in\/jhitc","https:\/\/youtu.be\/rMdZ-FLfI-Y"]}]}},"_links":{"self":[{"href":"https:\/\/stage.jh-itc.de\/fr\/wp-json\/wp\/v2\/pages\/26684","targetHints":{"allow":["GET"]}}],"collection":[{"href":"https:\/\/stage.jh-itc.de\/fr\/wp-json\/wp\/v2\/pages"}],"about":[{"href":"https:\/\/stage.jh-itc.de\/fr\/wp-json\/wp\/v2\/types\/page"}],"author":[{"embeddable":true,"href":"https:\/\/stage.jh-itc.de\/fr\/wp-json\/wp\/v2\/users\/7"}],"replies":[{"embeddable":true,"href":"https:\/\/stage.jh-itc.de\/fr\/wp-json\/wp\/v2\/comments?post=26684"}],"version-history":[{"count":3,"href":"https:\/\/stage.jh-itc.de\/fr\/wp-json\/wp\/v2\/pages\/26684\/revisions"}],"predecessor-version":[{"id":26800,"href":"https:\/\/stage.jh-itc.de\/fr\/wp-json\/wp\/v2\/pages\/26684\/revisions\/26800"}],"wp:featuredmedia":[{"embeddable":true,"href":"https:\/\/stage.jh-itc.de\/fr\/wp-json\/wp\/v2\/media\/26723"}],"wp:attachment":[{"href":"https:\/\/stage.jh-itc.de\/fr\/wp-json\/wp\/v2\/media?parent=26684"}],"curies":[{"name":"wp","href":"https:\/\/api.w.org\/{rel}","templated":true}]}}