{"id":26678,"date":"2021-08-30T18:44:58","date_gmt":"2021-08-30T16:44:58","guid":{"rendered":"https:\/\/www.jh-itc.de\/contact\/"},"modified":"2021-08-30T18:45:09","modified_gmt":"2021-08-30T16:45:09","slug":"contact","status":"publish","type":"page","link":"https:\/\/stage.jh-itc.de\/fr\/contact\/","title":{"rendered":"CONTACT"},"content":{"rendered":"<h3>Senden Sie uns hier Ihre Anfrage zu &#8211; Send us your message.<\/h3>\n<p>[contact-form-7 id=&#8221;115&#8243; title=&#8221;Kontaktformular&#8221; html_id=&#8221;wpcf7-kontaktanfrage&#8221;]<\/p>\n","protected":false},"excerpt":{"rendered":"<p>Senden Sie uns hier Ihre Anfrage zu &#8211; Send us your message. [contact-form-7 id=&#8221;115&#8243; title=&#8221;Kontaktformular&#8221; html_id=&#8221;wpcf7-kontaktanfrage&#8221;]<\/p>\n","protected":false},"author":7,"featured_media":0,"parent":0,"menu_order":0,"comment_status":"closed","ping_status":"closed","template":"","meta":{"footnotes":""},"class_list":["post-26678","page","type-page","status-publish"],"yoast_head":"<!-- This site is optimized with the Yoast SEO plugin v26.5 - https:\/\/yoast.com\/wordpress\/plugins\/seo\/ -->\n<title>CONTACT - JH - ITC GmbH<\/title>\n<meta name=\"robots\" content=\"noindex, follow, max-snippet:-1, max-image-preview:large, max-video-preview:-1\" \/>\n<meta property=\"og:locale\" content=\"fr_FR\" \/>\n<meta property=\"og:type\" content=\"article\" \/>\n<meta property=\"og:title\" content=\"CONTACT - JH - ITC GmbH\" \/>\n<meta property=\"og:description\" content=\"Senden Sie uns hier Ihre Anfrage zu &#8211; Send us your message. [contact-form-7 id=&#8221;115&#8243; title=&#8221;Kontaktformular&#8221; html_id=&#8221;wpcf7-kontaktanfrage&#8221;]\" \/>\n<meta property=\"og:url\" content=\"https:\/\/stage.jh-itc.de\/fr\/contact\/\" \/>\n<meta property=\"og:site_name\" content=\"JH - ITC GmbH\" \/>\n<meta property=\"article:publisher\" content=\"https:\/\/www.facebook.com\/schalungshandel\" \/>\n<meta property=\"article:modified_time\" content=\"2021-08-30T16:45:09+00:00\" \/>\n<meta name=\"twitter:card\" content=\"summary_large_image\" \/>\n<meta name=\"twitter:site\" content=\"@JH_ITC\" \/>\n<!-- \/ Yoast SEO plugin. -->","yoast_head_json":{"title":"CONTACT - JH - ITC GmbH","robots":{"index":"noindex","follow":"follow","max-snippet":"max-snippet:-1","max-image-preview":"max-image-preview:large","max-video-preview":"max-video-preview:-1"},"og_locale":"fr_FR","og_type":"article","og_title":"CONTACT - JH - ITC GmbH","og_description":"Senden Sie uns hier Ihre Anfrage zu &#8211; Send us your message. [contact-form-7 id=&#8221;115&#8243; title=&#8221;Kontaktformular&#8221; html_id=&#8221;wpcf7-kontaktanfrage&#8221;]","og_url":"https:\/\/stage.jh-itc.de\/fr\/contact\/","og_site_name":"JH - ITC GmbH","article_publisher":"https:\/\/www.facebook.com\/schalungshandel","article_modified_time":"2021-08-30T16:45:09+00:00","twitter_card":"summary_large_image","twitter_site":"@JH_ITC","schema":{"@context":"https:\/\/schema.org","@graph":[{"@type":"WebPage","@id":"https:\/\/stage.jh-itc.de\/fr\/contact\/","url":"https:\/\/stage.jh-itc.de\/fr\/contact\/","name":"CONTACT - JH - ITC GmbH","isPartOf":{"@id":"https:\/\/stage.jh-itc.de\/fr\/#website"},"datePublished":"2021-08-30T16:44:58+00:00","dateModified":"2021-08-30T16:45:09+00:00","breadcrumb":{"@id":"https:\/\/stage.jh-itc.de\/fr\/contact\/#breadcrumb"},"inLanguage":"fr-FR","potentialAction":[{"@type":"ReadAction","target":["https:\/\/stage.jh-itc.de\/fr\/contact\/"]}]},{"@type":"BreadcrumbList","@id":"https:\/\/stage.jh-itc.de\/fr\/contact\/#breadcrumb","itemListElement":[{"@type":"ListItem","position":1,"name":"Home","item":"https:\/\/stage.jh-itc.de\/fr\/coffrages-etais-et-echafaudages-de-professionnels\/"},{"@type":"ListItem","position":2,"name":"CONTACT"}]},{"@type":"WebSite","@id":"https:\/\/stage.jh-itc.de\/fr\/#website","url":"https:\/\/stage.jh-itc.de\/fr\/","name":"JH - ITC GmbH","description":"Ihr Experte f\u00fcr gebrauchte St\u00fctzen, Schalungen und Ger\u00fcste","publisher":{"@id":"https:\/\/stage.jh-itc.de\/fr\/#organization"},"potentialAction":[{"@type":"SearchAction","target":{"@type":"EntryPoint","urlTemplate":"https:\/\/stage.jh-itc.de\/fr\/?s={search_term_string}"},"query-input":{"@type":"PropertyValueSpecification","valueRequired":true,"valueName":"search_term_string"}}],"inLanguage":"fr-FR"},{"@type":"Organization","@id":"https:\/\/stage.jh-itc.de\/fr\/#organization","name":"JH-ITC GmbH","url":"https:\/\/stage.jh-itc.de\/fr\/","logo":{"@type":"ImageObject","inLanguage":"fr-FR","@id":"https:\/\/stage.jh-itc.de\/fr\/#\/schema\/logo\/image\/","url":"https:\/\/stage.jh-itc.de\/wp-content\/uploads\/2016\/01\/JH-ITC2-1.png","contentUrl":"https:\/\/stage.jh-itc.de\/wp-content\/uploads\/2016\/01\/JH-ITC2-1.png","width":300,"height":102,"caption":"JH-ITC GmbH"},"image":{"@id":"https:\/\/stage.jh-itc.de\/fr\/#\/schema\/logo\/image\/"},"sameAs":["https:\/\/www.facebook.com\/schalungshandel","https:\/\/x.com\/JH_ITC","https:\/\/www.linkedin.com\/in\/jhitc","https:\/\/youtu.be\/rMdZ-FLfI-Y"]}]}},"_links":{"self":[{"href":"https:\/\/stage.jh-itc.de\/fr\/wp-json\/wp\/v2\/pages\/26678","targetHints":{"allow":["GET"]}}],"collection":[{"href":"https:\/\/stage.jh-itc.de\/fr\/wp-json\/wp\/v2\/pages"}],"about":[{"href":"https:\/\/stage.jh-itc.de\/fr\/wp-json\/wp\/v2\/types\/page"}],"author":[{"embeddable":true,"href":"https:\/\/stage.jh-itc.de\/fr\/wp-json\/wp\/v2\/users\/7"}],"replies":[{"embeddable":true,"href":"https:\/\/stage.jh-itc.de\/fr\/wp-json\/wp\/v2\/comments?post=26678"}],"version-history":[{"count":3,"href":"https:\/\/stage.jh-itc.de\/fr\/wp-json\/wp\/v2\/pages\/26678\/revisions"}],"predecessor-version":[{"id":26710,"href":"https:\/\/stage.jh-itc.de\/fr\/wp-json\/wp\/v2\/pages\/26678\/revisions\/26710"}],"wp:attachment":[{"href":"https:\/\/stage.jh-itc.de\/fr\/wp-json\/wp\/v2\/media?parent=26678"}],"curies":[{"name":"wp","href":"https:\/\/api.w.org\/{rel}","templated":true}]}}