{"id":92276,"date":"2024-10-15T13:07:48","date_gmt":"2024-10-15T11:08:04","guid":{"rendered":"https:\/\/www.jh-itc.de\/shop\/sin categor\u00eda\/encofrado-titan-hv-de-ischebeck\/"},"modified":"2024-10-15T13:08:04","modified_gmt":"2024-10-15T11:08:04","slug":"encofrado-titan-hv-de-ischebeck","status":"publish","type":"product","link":"https:\/\/stage.jh-itc.de\/es\/shop\/ischebeck-es\/ischebeck-hv-titan-es\/encofrado-titan-hv-de-ischebeck\/","title":{"rendered":"Encofrado TITAN HV de Ischebeck"},"content":{"rendered":"","protected":false},"excerpt":{"rendered":"<p>Te ofrecemos un lote de encofrados TITAN HV de Ischebeck de segunda mano.<\/p>\n<table width=\"0\">\n<tbody>\n<tr>\n<td width=\"149\"><strong>N\u00famero de pieza<\/strong><\/td>\n<td width=\"447\"><strong>Descripci\u00f3n<\/strong><\/td>\n<td width=\"88\"><strong>Ctd.<\/strong><\/td>\n<\/tr>\n<tr>\n<td width=\"149\">0120150001<\/td>\n<td width=\"447\">Puntal de aluminio TITAN 1,70-2,90m (tama\u00f1o 2)<\/td>\n<td width=\"88\">34<\/td>\n<\/tr>\n<tr>\n<td width=\"149\">0120150003<\/td>\n<td width=\"447\">Puntal de aluminio TITAN 2,90-4,10m (tama\u00f1o 4)<\/td>\n<td width=\"88\">39<\/td>\n<\/tr>\n<tr>\n<td width=\"149\">0120150005<\/td>\n<td width=\"447\">HV Puntal de aluminio TITAN 4,30-5,50m (tama\u00f1o 6)<\/td>\n<td width=\"88\">33<\/td>\n<\/tr>\n<tr>\n<td width=\"149\">0120490004<\/td>\n<td width=\"447\">Viga principal TITAN V 1,15 m<\/td>\n<td width=\"88\">13<\/td>\n<\/tr>\n<tr>\n<td width=\"149\">0120490006<\/td>\n<td width=\"447\">Viga principal TITAN 1,50 m<\/td>\n<td width=\"88\">13<\/td>\n<\/tr>\n<tr>\n<td width=\"149\">0120490008<\/td>\n<td width=\"447\">Viga principal TITAN 1,70 m<\/td>\n<td width=\"88\">143<\/td>\n<\/tr>\n<tr>\n<td width=\"149\">0120490021<\/td>\n<td width=\"447\">Viga secundaria TITAN H 1,70 m<\/td>\n<td width=\"88\">564<\/td>\n<\/tr>\n<tr>\n<td width=\"149\">0120490030<\/td>\n<td width=\"447\">Cabezal TITAN HV, galvanizado<\/td>\n<td width=\"88\">184<\/td>\n<\/tr>\n<tr>\n<td width=\"149\">0120600004<\/td>\n<td width=\"447\">Paleta apilable TITAN , galv.<\/td>\n<td width=\"88\">21<\/td>\n<\/tr>\n<tr>\n<td width=\"149\">0120600006<\/td>\n<td width=\"447\">Caja Mesch galv.<\/td>\n<td width=\"88\">2<\/td>\n<\/tr>\n<\/tbody>\n<\/table>\n<p>Si est\u00e1 interesado, env\u00edenos su consulta.<\/p>\n","protected":false},"featured_media":92263,"template":"","meta":[],"product_brand":[],"product_cat":[291,294,306],"product_tag":[],"class_list":{"0":"post-92276","1":"product","2":"type-product","3":"status-publish","4":"has-post-thumbnail","6":"product_cat-ischebeck-es","7":"product_cat-ischebeck-hv-titan-es","8":"product_cat-encofrado","10":"first","11":"instock","12":"taxable","13":"shipping-taxable","14":"product-type-simple"},"yoast_head":"<!-- This site is optimized with the Yoast SEO plugin v26.5 - https:\/\/yoast.com\/wordpress\/plugins\/seo\/ -->\n<title>Encofrado TITAN HV de Ischebeck - JH - ITC GmbH<\/title>\n<meta name=\"description\" content=\"Encofrado TITAN HV de Ischebeck. Fabricantes de renombre \u2714 Encofrados, puntales, andamios y maquinaria de construcci\u00f3n nuevos y usados \u2714 \u00a1Solicite un presupuesto ahora!\" \/>\n<meta name=\"robots\" content=\"noindex, follow, max-snippet:-1, max-image-preview:large, max-video-preview:-1\" \/>\n<meta property=\"og:locale\" content=\"es_ES\" \/>\n<meta property=\"og:type\" content=\"article\" \/>\n<meta property=\"og:title\" content=\"Encofrado TITAN HV de Ischebeck - JH - ITC GmbH\" \/>\n<meta property=\"og:description\" content=\"Encofrado TITAN HV de Ischebeck. Fabricantes de renombre \u2714 Encofrados, puntales, andamios y maquinaria de construcci\u00f3n nuevos y usados \u2714 \u00a1Solicite un presupuesto ahora!\" \/>\n<meta property=\"og:url\" content=\"https:\/\/stage.jh-itc.de\/es\/shop\/ischebeck-es\/ischebeck-hv-titan-es\/encofrado-titan-hv-de-ischebeck\/\" \/>\n<meta property=\"og:site_name\" content=\"JH - ITC GmbH\" \/>\n<meta property=\"article:publisher\" content=\"https:\/\/www.facebook.com\/schalungshandel\" \/>\n<meta property=\"og:image\" content=\"https:\/\/stage.jh-itc.de\/wp-content\/uploads\/2024\/10\/Ischebeck-Titan-HV-3.jpg\" \/>\n\t<meta property=\"og:image:width\" content=\"1080\" \/>\n\t<meta property=\"og:image:height\" content=\"1920\" \/>\n\t<meta property=\"og:image:type\" content=\"image\/jpeg\" \/>\n<meta name=\"twitter:card\" content=\"summary_large_image\" \/>\n<meta name=\"twitter:site\" content=\"@JH_ITC\" \/>\n<!-- \/ Yoast SEO plugin. -->","yoast_head_json":{"title":"Encofrado TITAN HV de Ischebeck - JH - ITC GmbH","description":"Encofrado TITAN HV de Ischebeck. Fabricantes de renombre \u2714 Encofrados, puntales, andamios y maquinaria de construcci\u00f3n nuevos y usados \u2714 \u00a1Solicite un presupuesto ahora!","robots":{"index":"noindex","follow":"follow","max-snippet":"max-snippet:-1","max-image-preview":"max-image-preview:large","max-video-preview":"max-video-preview:-1"},"og_locale":"es_ES","og_type":"article","og_title":"Encofrado TITAN HV de Ischebeck - JH - ITC GmbH","og_description":"Encofrado TITAN HV de Ischebeck. Fabricantes de renombre \u2714 Encofrados, puntales, andamios y maquinaria de construcci\u00f3n nuevos y usados \u2714 \u00a1Solicite un presupuesto ahora!","og_url":"https:\/\/stage.jh-itc.de\/es\/shop\/ischebeck-es\/ischebeck-hv-titan-es\/encofrado-titan-hv-de-ischebeck\/","og_site_name":"JH - ITC GmbH","article_publisher":"https:\/\/www.facebook.com\/schalungshandel","og_image":[{"width":1080,"height":1920,"url":"https:\/\/stage.jh-itc.de\/wp-content\/uploads\/2024\/10\/Ischebeck-Titan-HV-3.jpg","type":"image\/jpeg"}],"twitter_card":"summary_large_image","twitter_site":"@JH_ITC","schema":{"@context":"https:\/\/schema.org","@graph":[{"@type":"WebPage","@id":"https:\/\/stage.jh-itc.de\/es\/shop\/ischebeck-es\/ischebeck-hv-titan-es\/encofrado-titan-hv-de-ischebeck\/","url":"https:\/\/stage.jh-itc.de\/es\/shop\/ischebeck-es\/ischebeck-hv-titan-es\/encofrado-titan-hv-de-ischebeck\/","name":"Encofrado TITAN HV de Ischebeck - JH - ITC GmbH","isPartOf":{"@id":"https:\/\/stage.jh-itc.de\/es\/#website"},"primaryImageOfPage":{"@id":"https:\/\/stage.jh-itc.de\/es\/shop\/ischebeck-es\/ischebeck-hv-titan-es\/encofrado-titan-hv-de-ischebeck\/#primaryimage"},"image":{"@id":"https:\/\/stage.jh-itc.de\/es\/shop\/ischebeck-es\/ischebeck-hv-titan-es\/encofrado-titan-hv-de-ischebeck\/#primaryimage"},"thumbnailUrl":"https:\/\/stage.jh-itc.de\/wp-content\/uploads\/2024\/10\/Ischebeck-Titan-HV-3.jpg","datePublished":"2024-10-15T11:08:04+00:00","description":"Encofrado TITAN HV de Ischebeck. Fabricantes de renombre \u2714 Encofrados, puntales, andamios y maquinaria de construcci\u00f3n nuevos y usados \u2714 \u00a1Solicite un presupuesto ahora!","breadcrumb":{"@id":"https:\/\/stage.jh-itc.de\/es\/shop\/ischebeck-es\/ischebeck-hv-titan-es\/encofrado-titan-hv-de-ischebeck\/#breadcrumb"},"inLanguage":"es","potentialAction":[{"@type":"ReadAction","target":["https:\/\/stage.jh-itc.de\/es\/shop\/ischebeck-es\/ischebeck-hv-titan-es\/encofrado-titan-hv-de-ischebeck\/"]}]},{"@type":"ImageObject","inLanguage":"es","@id":"https:\/\/stage.jh-itc.de\/es\/shop\/ischebeck-es\/ischebeck-hv-titan-es\/encofrado-titan-hv-de-ischebeck\/#primaryimage","url":"https:\/\/stage.jh-itc.de\/wp-content\/uploads\/2024\/10\/Ischebeck-Titan-HV-3.jpg","contentUrl":"https:\/\/stage.jh-itc.de\/wp-content\/uploads\/2024\/10\/Ischebeck-Titan-HV-3.jpg","width":1080,"height":1920},{"@type":"BreadcrumbList","@id":"https:\/\/stage.jh-itc.de\/es\/shop\/ischebeck-es\/ischebeck-hv-titan-es\/encofrado-titan-hv-de-ischebeck\/#breadcrumb","itemListElement":[{"@type":"ListItem","position":1,"name":"Home","item":"https:\/\/stage.jh-itc.de\/es\/encofrados-puntales-y-andamios-de-profesionales\/"},{"@type":"ListItem","position":2,"name":"Tienda","item":"https:\/\/stage.jh-itc.de\/es\/tienda\/"},{"@type":"ListItem","position":3,"name":"Encofrado TITAN HV de Ischebeck"}]},{"@type":"WebSite","@id":"https:\/\/stage.jh-itc.de\/es\/#website","url":"https:\/\/stage.jh-itc.de\/es\/","name":"JH - ITC GmbH","description":"Ihr Experte f\u00fcr gebrauchte St\u00fctzen, Schalungen und Ger\u00fcste","publisher":{"@id":"https:\/\/stage.jh-itc.de\/es\/#organization"},"potentialAction":[{"@type":"SearchAction","target":{"@type":"EntryPoint","urlTemplate":"https:\/\/stage.jh-itc.de\/es\/?s={search_term_string}"},"query-input":{"@type":"PropertyValueSpecification","valueRequired":true,"valueName":"search_term_string"}}],"inLanguage":"es"},{"@type":"Organization","@id":"https:\/\/stage.jh-itc.de\/es\/#organization","name":"JH-ITC GmbH","url":"https:\/\/stage.jh-itc.de\/es\/","logo":{"@type":"ImageObject","inLanguage":"es","@id":"https:\/\/stage.jh-itc.de\/es\/#\/schema\/logo\/image\/","url":"https:\/\/stage.jh-itc.de\/wp-content\/uploads\/2016\/01\/JH-ITC2-1.png","contentUrl":"https:\/\/stage.jh-itc.de\/wp-content\/uploads\/2016\/01\/JH-ITC2-1.png","width":300,"height":102,"caption":"JH-ITC GmbH"},"image":{"@id":"https:\/\/stage.jh-itc.de\/es\/#\/schema\/logo\/image\/"},"sameAs":["https:\/\/www.facebook.com\/schalungshandel","https:\/\/x.com\/JH_ITC","https:\/\/www.linkedin.com\/in\/jhitc","https:\/\/youtu.be\/rMdZ-FLfI-Y"]}]}},"_links":{"self":[{"href":"https:\/\/stage.jh-itc.de\/es\/wp-json\/wp\/v2\/product\/92276","targetHints":{"allow":["GET"]}}],"collection":[{"href":"https:\/\/stage.jh-itc.de\/es\/wp-json\/wp\/v2\/product"}],"about":[{"href":"https:\/\/stage.jh-itc.de\/es\/wp-json\/wp\/v2\/types\/product"}],"wp:featuredmedia":[{"embeddable":true,"href":"https:\/\/stage.jh-itc.de\/es\/wp-json\/wp\/v2\/media\/92263"}],"wp:attachment":[{"href":"https:\/\/stage.jh-itc.de\/es\/wp-json\/wp\/v2\/media?parent=92276"}],"wp:term":[{"taxonomy":"product_brand","embeddable":true,"href":"https:\/\/stage.jh-itc.de\/es\/wp-json\/wp\/v2\/product_brand?post=92276"},{"taxonomy":"product_cat","embeddable":true,"href":"https:\/\/stage.jh-itc.de\/es\/wp-json\/wp\/v2\/product_cat?post=92276"},{"taxonomy":"product_tag","embeddable":true,"href":"https:\/\/stage.jh-itc.de\/es\/wp-json\/wp\/v2\/product_tag?post=92276"}],"curies":[{"name":"wp","href":"https:\/\/api.w.org\/{rel}","templated":true}]}}