{"id":92201,"date":"2024-01-22T15:06:44","date_gmt":"2024-10-08T11:54:58","guid":{"rendered":"https:\/\/www.jh-itc.de\/shop\/sin categor\u00eda\/anticaidas-huennebeck-protecto\/"},"modified":"2024-10-08T13:54:58","modified_gmt":"2024-10-08T11:54:58","slug":"anticaidas-huennebeck-protecto","status":"publish","type":"product","link":"https:\/\/stage.jh-itc.de\/es\/shop\/huennebeck-es\/anticaidas-huennebeck-protecto\/","title":{"rendered":"Antica\u00eddas H\u00fcnnebeck Protecto"},"content":{"rendered":"<p>Aqu\u00ed tienes un enlace para m\u00e1s informaci\u00f3n.<\/p>\n<p><a href=\"https:\/\/products.huennebeck.com\/de\/systeme\/sicherheitssysteme\/protecto-g2\">https:\/\/products.huennebeck.com\/de\/systeme\/sicherheitssysteme\/protecto-g2<\/a><\/p>\n<p>&nbsp;<\/p>\n","protected":false},"excerpt":{"rendered":"<p>Ofrecemos el siguiente material antica\u00eddas H\u00fcnnebeck Protecto.<\/p>\n<table style=\"height: 595px;\" width=\"927\">\n<tbody>\n<tr>\n<td width=\"116\"><strong>N\u00famero de pieza<\/strong><\/td>\n<td width=\"268\"><strong>Descripci\u00f3n del art\u00edculo<\/strong><\/td>\n<td width=\"207\"><strong>Descripci\u00f3n<\/strong><\/td>\n<td width=\"90\"><strong>Cantidad<\/strong><\/td>\n<\/tr>\n<tr>\n<td width=\"116\">193220<\/td>\n<td width=\"268\">Postes de barandilla TK<\/td>\n<td width=\"207\">Poste de barandilla TK<\/td>\n<td width=\"90\">40<\/td>\n<\/tr>\n<tr>\n<td width=\"116\">548480<\/td>\n<td width=\"268\">Caja de rejilla Euro<\/td>\n<td width=\"207\">Caja de rejilla Euro<\/td>\n<td width=\"90\">7<\/td>\n<\/tr>\n<tr>\n<td width=\"116\">601225<\/td>\n<td width=\"268\">Puestos PROTECTO<\/td>\n<td width=\"207\">Poste de barandilla PROTECTO<\/td>\n<td width=\"90\">282<\/td>\n<\/tr>\n<tr>\n<td width=\"116\">601226<\/td>\n<td width=\"268\">Consola PROTECTO-MZ<\/td>\n<td width=\"207\">Pinza m\u00faltiple PROTECTO<\/td>\n<td width=\"90\">108<\/td>\n<\/tr>\n<tr>\n<td width=\"116\">601227<\/td>\n<td width=\"268\">Soporte reposapi\u00e9s PROTECTO<\/td>\n<td width=\"207\">Retenedor de rodapi\u00e9 PROTECTO<\/td>\n<td width=\"90\">93<\/td>\n<\/tr>\n<tr>\n<td width=\"116\">602580<\/td>\n<td width=\"268\">Extensi\u00f3n de poste PROTECTO 42<\/td>\n<td width=\"207\">Extensi\u00f3n de poste PROTECTO 42<\/td>\n<td width=\"90\">42<\/td>\n<\/tr>\n<tr>\n<td width=\"116\">601892<\/td>\n<td width=\"268\">Soporte de rosca PROTECTO<\/td>\n<td width=\"207\">Soporte de rosca PROTECTO<\/td>\n<td width=\"90\">118<\/td>\n<\/tr>\n<tr>\n<td width=\"116\">601291<\/td>\n<td width=\"268\">Conexi\u00f3n PROTECTO-HT<\/td>\n<td width=\"207\">Conector para vigas de madera PROTECTO<\/td>\n<td width=\"90\">49<\/td>\n<\/tr>\n<\/tbody>\n<\/table>\n<p>Si est\u00e1 interesado, env\u00edenos su consulta.<\/p>\n","protected":false},"featured_media":45547,"template":"","meta":[],"product_brand":[],"product_cat":[279,306],"product_tag":[],"class_list":{"0":"post-92201","1":"product","2":"type-product","3":"status-publish","4":"has-post-thumbnail","6":"product_cat-huennebeck-es","7":"product_cat-encofrado","9":"first","10":"instock","11":"taxable","12":"shipping-taxable","13":"product-type-simple"},"yoast_head":"<!-- This site is optimized with the Yoast SEO plugin v26.5 - https:\/\/yoast.com\/wordpress\/plugins\/seo\/ -->\n<title>Antica\u00eddas H\u00fcnnebeck Protecto - JH - ITC GmbH<\/title>\n<meta name=\"description\" content=\"Antica\u00eddas H\u00fcnnebeck Protecto. Fabricantes de renombre \u2714 Encofrados, puntales, andamios y maquinaria de construcci\u00f3n nuevos y usados \u2714 \u00a1Solicite un presupuesto ahora!\" \/>\n<meta name=\"robots\" content=\"noindex, follow, max-snippet:-1, max-image-preview:large, max-video-preview:-1\" \/>\n<meta property=\"og:locale\" content=\"es_ES\" \/>\n<meta property=\"og:type\" content=\"article\" \/>\n<meta property=\"og:title\" content=\"Antica\u00eddas H\u00fcnnebeck Protecto - JH - ITC GmbH\" \/>\n<meta property=\"og:description\" content=\"Antica\u00eddas H\u00fcnnebeck Protecto. Fabricantes de renombre \u2714 Encofrados, puntales, andamios y maquinaria de construcci\u00f3n nuevos y usados \u2714 \u00a1Solicite un presupuesto ahora!\" \/>\n<meta property=\"og:url\" content=\"https:\/\/stage.jh-itc.de\/es\/shop\/huennebeck-es\/anticaidas-huennebeck-protecto\/\" \/>\n<meta property=\"og:site_name\" content=\"JH - ITC GmbH\" \/>\n<meta property=\"article:publisher\" content=\"https:\/\/www.facebook.com\/schalungshandel\" \/>\n<meta property=\"og:image\" content=\"https:\/\/stage.jh-itc.de\/wp-content\/uploads\/2024\/01\/Huennebeck-MZ-Konsolen.jpg\" \/>\n\t<meta property=\"og:image:width\" content=\"768\" \/>\n\t<meta property=\"og:image:height\" content=\"1024\" \/>\n\t<meta property=\"og:image:type\" content=\"image\/jpeg\" \/>\n<meta name=\"twitter:card\" content=\"summary_large_image\" \/>\n<meta name=\"twitter:site\" content=\"@JH_ITC\" \/>\n<!-- \/ Yoast SEO plugin. -->","yoast_head_json":{"title":"Antica\u00eddas H\u00fcnnebeck Protecto - JH - ITC GmbH","description":"Antica\u00eddas H\u00fcnnebeck Protecto. Fabricantes de renombre \u2714 Encofrados, puntales, andamios y maquinaria de construcci\u00f3n nuevos y usados \u2714 \u00a1Solicite un presupuesto ahora!","robots":{"index":"noindex","follow":"follow","max-snippet":"max-snippet:-1","max-image-preview":"max-image-preview:large","max-video-preview":"max-video-preview:-1"},"og_locale":"es_ES","og_type":"article","og_title":"Antica\u00eddas H\u00fcnnebeck Protecto - JH - ITC GmbH","og_description":"Antica\u00eddas H\u00fcnnebeck Protecto. Fabricantes de renombre \u2714 Encofrados, puntales, andamios y maquinaria de construcci\u00f3n nuevos y usados \u2714 \u00a1Solicite un presupuesto ahora!","og_url":"https:\/\/stage.jh-itc.de\/es\/shop\/huennebeck-es\/anticaidas-huennebeck-protecto\/","og_site_name":"JH - ITC GmbH","article_publisher":"https:\/\/www.facebook.com\/schalungshandel","og_image":[{"width":768,"height":1024,"url":"https:\/\/stage.jh-itc.de\/wp-content\/uploads\/2024\/01\/Huennebeck-MZ-Konsolen.jpg","type":"image\/jpeg"}],"twitter_card":"summary_large_image","twitter_site":"@JH_ITC","schema":{"@context":"https:\/\/schema.org","@graph":[{"@type":"WebPage","@id":"https:\/\/stage.jh-itc.de\/es\/shop\/huennebeck-es\/anticaidas-huennebeck-protecto\/","url":"https:\/\/stage.jh-itc.de\/es\/shop\/huennebeck-es\/anticaidas-huennebeck-protecto\/","name":"Antica\u00eddas H\u00fcnnebeck Protecto - JH - ITC GmbH","isPartOf":{"@id":"https:\/\/stage.jh-itc.de\/es\/#website"},"primaryImageOfPage":{"@id":"https:\/\/stage.jh-itc.de\/es\/shop\/huennebeck-es\/anticaidas-huennebeck-protecto\/#primaryimage"},"image":{"@id":"https:\/\/stage.jh-itc.de\/es\/shop\/huennebeck-es\/anticaidas-huennebeck-protecto\/#primaryimage"},"thumbnailUrl":"https:\/\/stage.jh-itc.de\/wp-content\/uploads\/2024\/01\/Huennebeck-MZ-Konsolen.jpg","datePublished":"2024-10-08T11:54:58+00:00","description":"Antica\u00eddas H\u00fcnnebeck Protecto. Fabricantes de renombre \u2714 Encofrados, puntales, andamios y maquinaria de construcci\u00f3n nuevos y usados \u2714 \u00a1Solicite un presupuesto ahora!","breadcrumb":{"@id":"https:\/\/stage.jh-itc.de\/es\/shop\/huennebeck-es\/anticaidas-huennebeck-protecto\/#breadcrumb"},"inLanguage":"es","potentialAction":[{"@type":"ReadAction","target":["https:\/\/stage.jh-itc.de\/es\/shop\/huennebeck-es\/anticaidas-huennebeck-protecto\/"]}]},{"@type":"ImageObject","inLanguage":"es","@id":"https:\/\/stage.jh-itc.de\/es\/shop\/huennebeck-es\/anticaidas-huennebeck-protecto\/#primaryimage","url":"https:\/\/stage.jh-itc.de\/wp-content\/uploads\/2024\/01\/Huennebeck-MZ-Konsolen.jpg","contentUrl":"https:\/\/stage.jh-itc.de\/wp-content\/uploads\/2024\/01\/Huennebeck-MZ-Konsolen.jpg","width":768,"height":1024},{"@type":"BreadcrumbList","@id":"https:\/\/stage.jh-itc.de\/es\/shop\/huennebeck-es\/anticaidas-huennebeck-protecto\/#breadcrumb","itemListElement":[{"@type":"ListItem","position":1,"name":"Home","item":"https:\/\/stage.jh-itc.de\/es\/encofrados-puntales-y-andamios-de-profesionales\/"},{"@type":"ListItem","position":2,"name":"Tienda","item":"https:\/\/stage.jh-itc.de\/es\/tienda\/"},{"@type":"ListItem","position":3,"name":"Antica\u00eddas H\u00fcnnebeck Protecto"}]},{"@type":"WebSite","@id":"https:\/\/stage.jh-itc.de\/es\/#website","url":"https:\/\/stage.jh-itc.de\/es\/","name":"JH - ITC GmbH","description":"Ihr Experte f\u00fcr gebrauchte St\u00fctzen, Schalungen und Ger\u00fcste","publisher":{"@id":"https:\/\/stage.jh-itc.de\/es\/#organization"},"potentialAction":[{"@type":"SearchAction","target":{"@type":"EntryPoint","urlTemplate":"https:\/\/stage.jh-itc.de\/es\/?s={search_term_string}"},"query-input":{"@type":"PropertyValueSpecification","valueRequired":true,"valueName":"search_term_string"}}],"inLanguage":"es"},{"@type":"Organization","@id":"https:\/\/stage.jh-itc.de\/es\/#organization","name":"JH-ITC GmbH","url":"https:\/\/stage.jh-itc.de\/es\/","logo":{"@type":"ImageObject","inLanguage":"es","@id":"https:\/\/stage.jh-itc.de\/es\/#\/schema\/logo\/image\/","url":"https:\/\/stage.jh-itc.de\/wp-content\/uploads\/2016\/01\/JH-ITC2-1.png","contentUrl":"https:\/\/stage.jh-itc.de\/wp-content\/uploads\/2016\/01\/JH-ITC2-1.png","width":300,"height":102,"caption":"JH-ITC GmbH"},"image":{"@id":"https:\/\/stage.jh-itc.de\/es\/#\/schema\/logo\/image\/"},"sameAs":["https:\/\/www.facebook.com\/schalungshandel","https:\/\/x.com\/JH_ITC","https:\/\/www.linkedin.com\/in\/jhitc","https:\/\/youtu.be\/rMdZ-FLfI-Y"]}]}},"_links":{"self":[{"href":"https:\/\/stage.jh-itc.de\/es\/wp-json\/wp\/v2\/product\/92201","targetHints":{"allow":["GET"]}}],"collection":[{"href":"https:\/\/stage.jh-itc.de\/es\/wp-json\/wp\/v2\/product"}],"about":[{"href":"https:\/\/stage.jh-itc.de\/es\/wp-json\/wp\/v2\/types\/product"}],"wp:featuredmedia":[{"embeddable":true,"href":"https:\/\/stage.jh-itc.de\/es\/wp-json\/wp\/v2\/media\/45547"}],"wp:attachment":[{"href":"https:\/\/stage.jh-itc.de\/es\/wp-json\/wp\/v2\/media?parent=92201"}],"wp:term":[{"taxonomy":"product_brand","embeddable":true,"href":"https:\/\/stage.jh-itc.de\/es\/wp-json\/wp\/v2\/product_brand?post=92201"},{"taxonomy":"product_cat","embeddable":true,"href":"https:\/\/stage.jh-itc.de\/es\/wp-json\/wp\/v2\/product_cat?post=92201"},{"taxonomy":"product_tag","embeddable":true,"href":"https:\/\/stage.jh-itc.de\/es\/wp-json\/wp\/v2\/product_tag?post=92201"}],"curies":[{"name":"wp","href":"https:\/\/api.w.org\/{rel}","templated":true}]}}