{"id":92152,"date":"2023-06-13T14:50:27","date_gmt":"2024-10-08T11:53:45","guid":{"rendered":"https:\/\/www.jh-itc.de\/shop\/sin categor\u00eda\/ancla-de-hierro-plano-wendler\/"},"modified":"2024-10-08T13:53:45","modified_gmt":"2024-10-08T11:53:45","slug":"ancla-de-hierro-plano-wendler","status":"publish","type":"product","link":"https:\/\/stage.jh-itc.de\/es\/shop\/encofrado\/ancla-de-hierro-plano-wendler\/","title":{"rendered":"Ancla de hierro plano Wendler"},"content":{"rendered":"","protected":false},"excerpt":{"rendered":"<p>Ofrecemos varios anclajes planos Wendler.<\/p>\n<p>Descripci\u00f3n del art\u00edculo Cantidad Longitud en cm<br \/>\nAncla de plancha vieja 18 1,05 cm<br \/>\nPlancha ancla antigua 24 1,00 cm<br \/>\nAncla de plancha vieja 13 0,90 cm<br \/>\nAncla de plancha antigua 15 0,80 cm<br \/>\nAncla de plancha vieja 4 0,75 cm<br \/>\nAncla de plancha vieja 13 0,70 cm<br \/>\nAncla de plancha vieja 64 0,60 cm<br \/>\nAncla de plancha antigua 31 0,50 cm<br \/>\nAncla de plancha vieja 17 0,36 cm<br \/>\nAncla de plancha vieja 38 0,32 cm<br \/>\nAncla de plancha vieja 53 0,30 cm<br \/>\nAncla de plancha vieja 57 0,24 cm<br \/>\nAncla de plancha vieja 40 0,20 cm<br \/>\nAncla de plancha vieja 50 0,18 cm<br \/>\nAncla de plancha vieja 7 0,17 cm<br \/>\nAncla de plancha vieja 13 0,15 cm<br \/>\nAncla de plancha vieja 14 0,08 cm<br \/>\nAncla de plancha nueva 52 0,50 cm<br \/>\nAncla de hierro plano nueva 81 0,30 m<br \/>\nAncla de plancha nueva 19 0,24 cm<br \/>\nAncla de plancha nueva 26 0,20 cm<br \/>\nAncla de plancha nueva 17 0,18 cm<br \/>\nAncla de plancha nueva 19 0,15 cm<\/p>\n<p>Si est\u00e1 interesado, env\u00edenos su consulta.<\/p>\n","protected":false},"featured_media":43975,"template":"","meta":[],"product_brand":[],"product_cat":[314,306],"product_tag":[],"class_list":{"0":"post-92152","1":"product","2":"type-product","3":"status-publish","4":"has-post-thumbnail","6":"product_cat-wendler-es","7":"product_cat-encofrado","9":"first","10":"instock","11":"taxable","12":"shipping-taxable","13":"product-type-simple"},"yoast_head":"<!-- This site is optimized with the Yoast SEO plugin v26.5 - https:\/\/yoast.com\/wordpress\/plugins\/seo\/ -->\n<title>Ancla de hierro plano Wendler - JH - ITC GmbH<\/title>\n<meta name=\"description\" content=\"Ancla de hierro plano Wendler. Fabricantes de renombre \u2714 Encofrados, puntales, andamios y maquinaria de construcci\u00f3n nuevos y usados \u2714 \u00a1Solicite un presupuesto ahora!\" \/>\n<meta name=\"robots\" content=\"noindex, follow, max-snippet:-1, max-image-preview:large, max-video-preview:-1\" \/>\n<meta property=\"og:locale\" content=\"es_ES\" \/>\n<meta property=\"og:type\" content=\"article\" \/>\n<meta property=\"og:title\" content=\"Ancla de hierro plano Wendler - JH - ITC GmbH\" \/>\n<meta property=\"og:description\" content=\"Ancla de hierro plano Wendler. Fabricantes de renombre \u2714 Encofrados, puntales, andamios y maquinaria de construcci\u00f3n nuevos y usados \u2714 \u00a1Solicite un presupuesto ahora!\" \/>\n<meta property=\"og:url\" content=\"https:\/\/stage.jh-itc.de\/es\/shop\/encofrado\/ancla-de-hierro-plano-wendler\/\" \/>\n<meta property=\"og:site_name\" content=\"JH - ITC GmbH\" \/>\n<meta property=\"article:publisher\" content=\"https:\/\/www.facebook.com\/schalungshandel\" \/>\n<meta property=\"og:image\" content=\"https:\/\/stage.jh-itc.de\/wp-content\/uploads\/2023\/06\/Stapel3-gebrauchte-Flacheisen-Klein.jpg\" \/>\n\t<meta property=\"og:image:width\" content=\"640\" \/>\n\t<meta property=\"og:image:height\" content=\"480\" \/>\n\t<meta property=\"og:image:type\" content=\"image\/jpeg\" \/>\n<meta name=\"twitter:card\" content=\"summary_large_image\" \/>\n<meta name=\"twitter:site\" content=\"@JH_ITC\" \/>\n<!-- \/ Yoast SEO plugin. -->","yoast_head_json":{"title":"Ancla de hierro plano Wendler - JH - ITC GmbH","description":"Ancla de hierro plano Wendler. Fabricantes de renombre \u2714 Encofrados, puntales, andamios y maquinaria de construcci\u00f3n nuevos y usados \u2714 \u00a1Solicite un presupuesto ahora!","robots":{"index":"noindex","follow":"follow","max-snippet":"max-snippet:-1","max-image-preview":"max-image-preview:large","max-video-preview":"max-video-preview:-1"},"og_locale":"es_ES","og_type":"article","og_title":"Ancla de hierro plano Wendler - JH - ITC GmbH","og_description":"Ancla de hierro plano Wendler. Fabricantes de renombre \u2714 Encofrados, puntales, andamios y maquinaria de construcci\u00f3n nuevos y usados \u2714 \u00a1Solicite un presupuesto ahora!","og_url":"https:\/\/stage.jh-itc.de\/es\/shop\/encofrado\/ancla-de-hierro-plano-wendler\/","og_site_name":"JH - ITC GmbH","article_publisher":"https:\/\/www.facebook.com\/schalungshandel","og_image":[{"width":640,"height":480,"url":"https:\/\/stage.jh-itc.de\/wp-content\/uploads\/2023\/06\/Stapel3-gebrauchte-Flacheisen-Klein.jpg","type":"image\/jpeg"}],"twitter_card":"summary_large_image","twitter_site":"@JH_ITC","schema":{"@context":"https:\/\/schema.org","@graph":[{"@type":"WebPage","@id":"https:\/\/stage.jh-itc.de\/es\/shop\/encofrado\/ancla-de-hierro-plano-wendler\/","url":"https:\/\/stage.jh-itc.de\/es\/shop\/encofrado\/ancla-de-hierro-plano-wendler\/","name":"Ancla de hierro plano Wendler - JH - ITC GmbH","isPartOf":{"@id":"https:\/\/stage.jh-itc.de\/es\/#website"},"primaryImageOfPage":{"@id":"https:\/\/stage.jh-itc.de\/es\/shop\/encofrado\/ancla-de-hierro-plano-wendler\/#primaryimage"},"image":{"@id":"https:\/\/stage.jh-itc.de\/es\/shop\/encofrado\/ancla-de-hierro-plano-wendler\/#primaryimage"},"thumbnailUrl":"https:\/\/stage.jh-itc.de\/wp-content\/uploads\/2023\/06\/Stapel3-gebrauchte-Flacheisen-Klein.jpg","datePublished":"2024-10-08T11:53:45+00:00","description":"Ancla de hierro plano Wendler. Fabricantes de renombre \u2714 Encofrados, puntales, andamios y maquinaria de construcci\u00f3n nuevos y usados \u2714 \u00a1Solicite un presupuesto ahora!","breadcrumb":{"@id":"https:\/\/stage.jh-itc.de\/es\/shop\/encofrado\/ancla-de-hierro-plano-wendler\/#breadcrumb"},"inLanguage":"es","potentialAction":[{"@type":"ReadAction","target":["https:\/\/stage.jh-itc.de\/es\/shop\/encofrado\/ancla-de-hierro-plano-wendler\/"]}]},{"@type":"ImageObject","inLanguage":"es","@id":"https:\/\/stage.jh-itc.de\/es\/shop\/encofrado\/ancla-de-hierro-plano-wendler\/#primaryimage","url":"https:\/\/stage.jh-itc.de\/wp-content\/uploads\/2023\/06\/Stapel3-gebrauchte-Flacheisen-Klein.jpg","contentUrl":"https:\/\/stage.jh-itc.de\/wp-content\/uploads\/2023\/06\/Stapel3-gebrauchte-Flacheisen-Klein.jpg","width":640,"height":480,"caption":"SAMSUNG"},{"@type":"BreadcrumbList","@id":"https:\/\/stage.jh-itc.de\/es\/shop\/encofrado\/ancla-de-hierro-plano-wendler\/#breadcrumb","itemListElement":[{"@type":"ListItem","position":1,"name":"Home","item":"https:\/\/stage.jh-itc.de\/es\/encofrados-puntales-y-andamios-de-profesionales\/"},{"@type":"ListItem","position":2,"name":"Tienda","item":"https:\/\/stage.jh-itc.de\/es\/tienda\/"},{"@type":"ListItem","position":3,"name":"Ancla de hierro plano Wendler"}]},{"@type":"WebSite","@id":"https:\/\/stage.jh-itc.de\/es\/#website","url":"https:\/\/stage.jh-itc.de\/es\/","name":"JH - ITC GmbH","description":"Ihr Experte f\u00fcr gebrauchte St\u00fctzen, Schalungen und Ger\u00fcste","publisher":{"@id":"https:\/\/stage.jh-itc.de\/es\/#organization"},"potentialAction":[{"@type":"SearchAction","target":{"@type":"EntryPoint","urlTemplate":"https:\/\/stage.jh-itc.de\/es\/?s={search_term_string}"},"query-input":{"@type":"PropertyValueSpecification","valueRequired":true,"valueName":"search_term_string"}}],"inLanguage":"es"},{"@type":"Organization","@id":"https:\/\/stage.jh-itc.de\/es\/#organization","name":"JH-ITC GmbH","url":"https:\/\/stage.jh-itc.de\/es\/","logo":{"@type":"ImageObject","inLanguage":"es","@id":"https:\/\/stage.jh-itc.de\/es\/#\/schema\/logo\/image\/","url":"https:\/\/stage.jh-itc.de\/wp-content\/uploads\/2016\/01\/JH-ITC2-1.png","contentUrl":"https:\/\/stage.jh-itc.de\/wp-content\/uploads\/2016\/01\/JH-ITC2-1.png","width":300,"height":102,"caption":"JH-ITC GmbH"},"image":{"@id":"https:\/\/stage.jh-itc.de\/es\/#\/schema\/logo\/image\/"},"sameAs":["https:\/\/www.facebook.com\/schalungshandel","https:\/\/x.com\/JH_ITC","https:\/\/www.linkedin.com\/in\/jhitc","https:\/\/youtu.be\/rMdZ-FLfI-Y"]}]}},"_links":{"self":[{"href":"https:\/\/stage.jh-itc.de\/es\/wp-json\/wp\/v2\/product\/92152","targetHints":{"allow":["GET"]}}],"collection":[{"href":"https:\/\/stage.jh-itc.de\/es\/wp-json\/wp\/v2\/product"}],"about":[{"href":"https:\/\/stage.jh-itc.de\/es\/wp-json\/wp\/v2\/types\/product"}],"wp:featuredmedia":[{"embeddable":true,"href":"https:\/\/stage.jh-itc.de\/es\/wp-json\/wp\/v2\/media\/43975"}],"wp:attachment":[{"href":"https:\/\/stage.jh-itc.de\/es\/wp-json\/wp\/v2\/media?parent=92152"}],"wp:term":[{"taxonomy":"product_brand","embeddable":true,"href":"https:\/\/stage.jh-itc.de\/es\/wp-json\/wp\/v2\/product_brand?post=92152"},{"taxonomy":"product_cat","embeddable":true,"href":"https:\/\/stage.jh-itc.de\/es\/wp-json\/wp\/v2\/product_cat?post=92152"},{"taxonomy":"product_tag","embeddable":true,"href":"https:\/\/stage.jh-itc.de\/es\/wp-json\/wp\/v2\/product_tag?post=92152"}],"curies":[{"name":"wp","href":"https:\/\/api.w.org\/{rel}","templated":true}]}}