{"id":92056,"date":"2023-08-09T17:36:36","date_gmt":"2024-10-08T11:51:24","guid":{"rendered":"https:\/\/www.jh-itc.de\/shop\/sin categor\u00eda\/encofrado-noe-top-2000\/"},"modified":"2024-10-08T13:51:24","modified_gmt":"2024-10-08T11:51:24","slug":"encofrado-noe-top-2000","status":"publish","type":"product","link":"https:\/\/stage.jh-itc.de\/es\/shop\/noe-es\/noe-top-2000-es\/encofrado-noe-top-2000\/","title":{"rendered":"Encofrado NOE Top 2000"},"content":{"rendered":"","protected":false},"excerpt":{"rendered":"<p>Ofrecemos un lote de encofrados usados NOE TOP 2000.<\/p>\n<p>De ellos, el 85 % de los elementos est\u00e1n recubiertos de un revestimiento alcalino.<\/p>\n<p>16 x elemento 2650 x 5300<br \/>\n18 x elemento 2650 x 2650<br \/>\n10 x elemento 2400 x 2650<br \/>\n2 x elemento 1325 x 2650<br \/>\n10 x elemento 1000 x 2650<br \/>\n20 x elemento 750 x 2650<br \/>\n10 x elemento 500 x 2650<br \/>\n6 x elemento 450 x 2650<br \/>\n4 x elemento 250 x 2650<br \/>\n4 x esquinas 250 x 250 x 2650<br \/>\n4 x elemento 110 x 110 x 2650<\/p>\n<p>Si est\u00e1 interesado, env\u00edenos su consulta.<\/p>\n","protected":false},"featured_media":44547,"template":"","meta":[],"product_brand":[],"product_cat":[300,434,306],"product_tag":[],"class_list":{"0":"post-92056","1":"product","2":"type-product","3":"status-publish","4":"has-post-thumbnail","6":"product_cat-noe-es","7":"product_cat-noe-top-2000-es","8":"product_cat-encofrado","10":"first","11":"instock","12":"taxable","13":"shipping-taxable","14":"product-type-simple"},"yoast_head":"<!-- This site is optimized with the Yoast SEO plugin v26.5 - https:\/\/yoast.com\/wordpress\/plugins\/seo\/ -->\n<title>Encofrado NOE Top 2000 - JH - ITC GmbH<\/title>\n<meta name=\"description\" content=\"Encofrado NOE Top 2000. Fabricantes de renombre \u2714 Encofrados, puntales, andamios y maquinaria de construcci\u00f3n nuevos y usados \u2714 \u00a1Solicite un presupuesto ahora!\" \/>\n<meta name=\"robots\" content=\"noindex, follow, max-snippet:-1, max-image-preview:large, max-video-preview:-1\" \/>\n<meta property=\"og:locale\" content=\"es_ES\" \/>\n<meta property=\"og:type\" content=\"article\" \/>\n<meta property=\"og:title\" content=\"Encofrado NOE Top 2000 - JH - ITC GmbH\" \/>\n<meta property=\"og:description\" content=\"Encofrado NOE Top 2000. Fabricantes de renombre \u2714 Encofrados, puntales, andamios y maquinaria de construcci\u00f3n nuevos y usados \u2714 \u00a1Solicite un presupuesto ahora!\" \/>\n<meta property=\"og:url\" content=\"https:\/\/stage.jh-itc.de\/es\/shop\/noe-es\/noe-top-2000-es\/encofrado-noe-top-2000\/\" \/>\n<meta property=\"og:site_name\" content=\"JH - ITC GmbH\" \/>\n<meta property=\"article:publisher\" content=\"https:\/\/www.facebook.com\/schalungshandel\" \/>\n<meta property=\"og:image\" content=\"https:\/\/stage.jh-itc.de\/wp-content\/uploads\/2023\/08\/Noe-Top-Wandschalung-2.jpg\" \/>\n\t<meta property=\"og:image:width\" content=\"640\" \/>\n\t<meta property=\"og:image:height\" content=\"480\" \/>\n\t<meta property=\"og:image:type\" content=\"image\/jpeg\" \/>\n<meta name=\"twitter:card\" content=\"summary_large_image\" \/>\n<meta name=\"twitter:site\" content=\"@JH_ITC\" \/>\n<!-- \/ Yoast SEO plugin. -->","yoast_head_json":{"title":"Encofrado NOE Top 2000 - JH - ITC GmbH","description":"Encofrado NOE Top 2000. Fabricantes de renombre \u2714 Encofrados, puntales, andamios y maquinaria de construcci\u00f3n nuevos y usados \u2714 \u00a1Solicite un presupuesto ahora!","robots":{"index":"noindex","follow":"follow","max-snippet":"max-snippet:-1","max-image-preview":"max-image-preview:large","max-video-preview":"max-video-preview:-1"},"og_locale":"es_ES","og_type":"article","og_title":"Encofrado NOE Top 2000 - JH - ITC GmbH","og_description":"Encofrado NOE Top 2000. Fabricantes de renombre \u2714 Encofrados, puntales, andamios y maquinaria de construcci\u00f3n nuevos y usados \u2714 \u00a1Solicite un presupuesto ahora!","og_url":"https:\/\/stage.jh-itc.de\/es\/shop\/noe-es\/noe-top-2000-es\/encofrado-noe-top-2000\/","og_site_name":"JH - ITC GmbH","article_publisher":"https:\/\/www.facebook.com\/schalungshandel","og_image":[{"width":640,"height":480,"url":"https:\/\/stage.jh-itc.de\/wp-content\/uploads\/2023\/08\/Noe-Top-Wandschalung-2.jpg","type":"image\/jpeg"}],"twitter_card":"summary_large_image","twitter_site":"@JH_ITC","schema":{"@context":"https:\/\/schema.org","@graph":[{"@type":"WebPage","@id":"https:\/\/stage.jh-itc.de\/es\/shop\/noe-es\/noe-top-2000-es\/encofrado-noe-top-2000\/","url":"https:\/\/stage.jh-itc.de\/es\/shop\/noe-es\/noe-top-2000-es\/encofrado-noe-top-2000\/","name":"Encofrado NOE Top 2000 - JH - ITC GmbH","isPartOf":{"@id":"https:\/\/stage.jh-itc.de\/es\/#website"},"primaryImageOfPage":{"@id":"https:\/\/stage.jh-itc.de\/es\/shop\/noe-es\/noe-top-2000-es\/encofrado-noe-top-2000\/#primaryimage"},"image":{"@id":"https:\/\/stage.jh-itc.de\/es\/shop\/noe-es\/noe-top-2000-es\/encofrado-noe-top-2000\/#primaryimage"},"thumbnailUrl":"https:\/\/stage.jh-itc.de\/wp-content\/uploads\/2023\/08\/Noe-Top-Wandschalung-2.jpg","datePublished":"2024-10-08T11:51:24+00:00","description":"Encofrado NOE Top 2000. Fabricantes de renombre \u2714 Encofrados, puntales, andamios y maquinaria de construcci\u00f3n nuevos y usados \u2714 \u00a1Solicite un presupuesto ahora!","breadcrumb":{"@id":"https:\/\/stage.jh-itc.de\/es\/shop\/noe-es\/noe-top-2000-es\/encofrado-noe-top-2000\/#breadcrumb"},"inLanguage":"es","potentialAction":[{"@type":"ReadAction","target":["https:\/\/stage.jh-itc.de\/es\/shop\/noe-es\/noe-top-2000-es\/encofrado-noe-top-2000\/"]}]},{"@type":"ImageObject","inLanguage":"es","@id":"https:\/\/stage.jh-itc.de\/es\/shop\/noe-es\/noe-top-2000-es\/encofrado-noe-top-2000\/#primaryimage","url":"https:\/\/stage.jh-itc.de\/wp-content\/uploads\/2023\/08\/Noe-Top-Wandschalung-2.jpg","contentUrl":"https:\/\/stage.jh-itc.de\/wp-content\/uploads\/2023\/08\/Noe-Top-Wandschalung-2.jpg","width":640,"height":480},{"@type":"BreadcrumbList","@id":"https:\/\/stage.jh-itc.de\/es\/shop\/noe-es\/noe-top-2000-es\/encofrado-noe-top-2000\/#breadcrumb","itemListElement":[{"@type":"ListItem","position":1,"name":"Home","item":"https:\/\/stage.jh-itc.de\/es\/encofrados-puntales-y-andamios-de-profesionales\/"},{"@type":"ListItem","position":2,"name":"Tienda","item":"https:\/\/stage.jh-itc.de\/es\/tienda\/"},{"@type":"ListItem","position":3,"name":"Encofrado NOE Top 2000"}]},{"@type":"WebSite","@id":"https:\/\/stage.jh-itc.de\/es\/#website","url":"https:\/\/stage.jh-itc.de\/es\/","name":"JH - ITC GmbH","description":"Ihr Experte f\u00fcr gebrauchte St\u00fctzen, Schalungen und Ger\u00fcste","publisher":{"@id":"https:\/\/stage.jh-itc.de\/es\/#organization"},"potentialAction":[{"@type":"SearchAction","target":{"@type":"EntryPoint","urlTemplate":"https:\/\/stage.jh-itc.de\/es\/?s={search_term_string}"},"query-input":{"@type":"PropertyValueSpecification","valueRequired":true,"valueName":"search_term_string"}}],"inLanguage":"es"},{"@type":"Organization","@id":"https:\/\/stage.jh-itc.de\/es\/#organization","name":"JH-ITC GmbH","url":"https:\/\/stage.jh-itc.de\/es\/","logo":{"@type":"ImageObject","inLanguage":"es","@id":"https:\/\/stage.jh-itc.de\/es\/#\/schema\/logo\/image\/","url":"https:\/\/stage.jh-itc.de\/wp-content\/uploads\/2016\/01\/JH-ITC2-1.png","contentUrl":"https:\/\/stage.jh-itc.de\/wp-content\/uploads\/2016\/01\/JH-ITC2-1.png","width":300,"height":102,"caption":"JH-ITC GmbH"},"image":{"@id":"https:\/\/stage.jh-itc.de\/es\/#\/schema\/logo\/image\/"},"sameAs":["https:\/\/www.facebook.com\/schalungshandel","https:\/\/x.com\/JH_ITC","https:\/\/www.linkedin.com\/in\/jhitc","https:\/\/youtu.be\/rMdZ-FLfI-Y"]}]}},"_links":{"self":[{"href":"https:\/\/stage.jh-itc.de\/es\/wp-json\/wp\/v2\/product\/92056","targetHints":{"allow":["GET"]}}],"collection":[{"href":"https:\/\/stage.jh-itc.de\/es\/wp-json\/wp\/v2\/product"}],"about":[{"href":"https:\/\/stage.jh-itc.de\/es\/wp-json\/wp\/v2\/types\/product"}],"wp:featuredmedia":[{"embeddable":true,"href":"https:\/\/stage.jh-itc.de\/es\/wp-json\/wp\/v2\/media\/44547"}],"wp:attachment":[{"href":"https:\/\/stage.jh-itc.de\/es\/wp-json\/wp\/v2\/media?parent=92056"}],"wp:term":[{"taxonomy":"product_brand","embeddable":true,"href":"https:\/\/stage.jh-itc.de\/es\/wp-json\/wp\/v2\/product_brand?post=92056"},{"taxonomy":"product_cat","embeddable":true,"href":"https:\/\/stage.jh-itc.de\/es\/wp-json\/wp\/v2\/product_cat?post=92056"},{"taxonomy":"product_tag","embeddable":true,"href":"https:\/\/stage.jh-itc.de\/es\/wp-json\/wp\/v2\/product_tag?post=92056"}],"curies":[{"name":"wp","href":"https:\/\/api.w.org\/{rel}","templated":true}]}}