{"id":92042,"date":"2023-10-31T14:13:38","date_gmt":"2024-10-08T11:51:00","guid":{"rendered":"https:\/\/www.jh-itc.de\/shop\/sin categor\u00eda\/sistema-de-torre-de-escalera-de-altrad-assco-futuro\/"},"modified":"2024-10-08T13:51:00","modified_gmt":"2024-10-08T11:51:00","slug":"sistema-de-torre-de-escalera-de-altrad-assco-futuro","status":"publish","type":"product","link":"https:\/\/stage.jh-itc.de\/es\/shop\/andamio\/plettac-es\/sistema-de-torre-de-escalera-de-altrad-assco-futuro\/","title":{"rendered":"Sistema de torre de escalera de Altrad assco futuro"},"content":{"rendered":"<p>Aqu\u00ed tiene un enlace para m\u00e1s informaci\u00f3n:<\/p>\n<p><a href=\"https:\/\/stage.jh-itc.de\/wp-content\/uploads\/2023\/10\/Treppenturmsystem_assco_08_2022_web.pdf\" target=\"_blank\" rel=\"noopener\">https:\/\/stage.jh-itc.de\/wp-content\/uploads\/2023\/10\/Treppenturmsystem_assco_08_2022_web.pdf<\/a><\/p>\n<p>&nbsp;<\/p>\n<p>&nbsp;<\/p>\n<p>&nbsp;<\/p>\n","protected":false},"excerpt":{"rendered":"<p>Ofrecemos un sistema de torre de escalera de Altrad assco futuro.<\/p>\n<p>Se ha utilizado una vez y est\u00e1 en muy buen estado.<\/p>\n<p>Si est\u00e1 interesado, env\u00edenos su consulta.<\/p>\n","protected":false},"featured_media":44941,"template":"","meta":[],"product_brand":[],"product_cat":[276,282],"product_tag":[],"class_list":{"0":"post-92042","1":"product","2":"type-product","3":"status-publish","4":"has-post-thumbnail","6":"product_cat-andamio","7":"product_cat-plettac-es","9":"first","10":"instock","11":"taxable","12":"shipping-taxable","13":"product-type-simple"},"yoast_head":"<!-- This site is optimized with the Yoast SEO plugin v26.5 - https:\/\/yoast.com\/wordpress\/plugins\/seo\/ -->\n<title>Sistema de torre de escalera de Altrad assco futuro - JH - ITC GmbH<\/title>\n<meta name=\"description\" content=\"Sistema de torre de escalera de Altrad assco futuro. Fabricantes de renombre \u2714 Encofrados, puntales, andamios y maquinaria de construcci\u00f3n nuevos y usados \u2714 \u00a1Solicite un presupuesto ahora!\" \/>\n<meta name=\"robots\" content=\"noindex, follow, max-snippet:-1, max-image-preview:large, max-video-preview:-1\" \/>\n<meta property=\"og:locale\" content=\"es_ES\" \/>\n<meta property=\"og:type\" content=\"article\" \/>\n<meta property=\"og:title\" content=\"Sistema de torre de escalera de Altrad assco futuro - JH - ITC GmbH\" \/>\n<meta property=\"og:description\" content=\"Sistema de torre de escalera de Altrad assco futuro. Fabricantes de renombre \u2714 Encofrados, puntales, andamios y maquinaria de construcci\u00f3n nuevos y usados \u2714 \u00a1Solicite un presupuesto ahora!\" \/>\n<meta property=\"og:url\" content=\"https:\/\/stage.jh-itc.de\/es\/shop\/andamio\/plettac-es\/sistema-de-torre-de-escalera-de-altrad-assco-futuro\/\" \/>\n<meta property=\"og:site_name\" content=\"JH - ITC GmbH\" \/>\n<meta property=\"article:publisher\" content=\"https:\/\/www.facebook.com\/schalungshandel\" \/>\n<meta property=\"og:image\" content=\"https:\/\/stage.jh-itc.de\/wp-content\/uploads\/2023\/10\/Treppenturm-System-Assco.jpg\" \/>\n\t<meta property=\"og:image:width\" content=\"1600\" \/>\n\t<meta property=\"og:image:height\" content=\"1105\" \/>\n\t<meta property=\"og:image:type\" content=\"image\/jpeg\" \/>\n<meta name=\"twitter:card\" content=\"summary_large_image\" \/>\n<meta name=\"twitter:site\" content=\"@JH_ITC\" \/>\n<!-- \/ Yoast SEO plugin. -->","yoast_head_json":{"title":"Sistema de torre de escalera de Altrad assco futuro - JH - ITC GmbH","description":"Sistema de torre de escalera de Altrad assco futuro. Fabricantes de renombre \u2714 Encofrados, puntales, andamios y maquinaria de construcci\u00f3n nuevos y usados \u2714 \u00a1Solicite un presupuesto ahora!","robots":{"index":"noindex","follow":"follow","max-snippet":"max-snippet:-1","max-image-preview":"max-image-preview:large","max-video-preview":"max-video-preview:-1"},"og_locale":"es_ES","og_type":"article","og_title":"Sistema de torre de escalera de Altrad assco futuro - JH - ITC GmbH","og_description":"Sistema de torre de escalera de Altrad assco futuro. Fabricantes de renombre \u2714 Encofrados, puntales, andamios y maquinaria de construcci\u00f3n nuevos y usados \u2714 \u00a1Solicite un presupuesto ahora!","og_url":"https:\/\/stage.jh-itc.de\/es\/shop\/andamio\/plettac-es\/sistema-de-torre-de-escalera-de-altrad-assco-futuro\/","og_site_name":"JH - ITC GmbH","article_publisher":"https:\/\/www.facebook.com\/schalungshandel","og_image":[{"width":1600,"height":1105,"url":"https:\/\/stage.jh-itc.de\/wp-content\/uploads\/2023\/10\/Treppenturm-System-Assco.jpg","type":"image\/jpeg"}],"twitter_card":"summary_large_image","twitter_site":"@JH_ITC","schema":{"@context":"https:\/\/schema.org","@graph":[{"@type":"WebPage","@id":"https:\/\/stage.jh-itc.de\/es\/shop\/andamio\/plettac-es\/sistema-de-torre-de-escalera-de-altrad-assco-futuro\/","url":"https:\/\/stage.jh-itc.de\/es\/shop\/andamio\/plettac-es\/sistema-de-torre-de-escalera-de-altrad-assco-futuro\/","name":"Sistema de torre de escalera de Altrad assco futuro - JH - ITC GmbH","isPartOf":{"@id":"https:\/\/stage.jh-itc.de\/es\/#website"},"primaryImageOfPage":{"@id":"https:\/\/stage.jh-itc.de\/es\/shop\/andamio\/plettac-es\/sistema-de-torre-de-escalera-de-altrad-assco-futuro\/#primaryimage"},"image":{"@id":"https:\/\/stage.jh-itc.de\/es\/shop\/andamio\/plettac-es\/sistema-de-torre-de-escalera-de-altrad-assco-futuro\/#primaryimage"},"thumbnailUrl":"https:\/\/stage.jh-itc.de\/wp-content\/uploads\/2023\/10\/Treppenturm-System-Assco.jpg","datePublished":"2024-10-08T11:51:00+00:00","description":"Sistema de torre de escalera de Altrad assco futuro. Fabricantes de renombre \u2714 Encofrados, puntales, andamios y maquinaria de construcci\u00f3n nuevos y usados \u2714 \u00a1Solicite un presupuesto ahora!","breadcrumb":{"@id":"https:\/\/stage.jh-itc.de\/es\/shop\/andamio\/plettac-es\/sistema-de-torre-de-escalera-de-altrad-assco-futuro\/#breadcrumb"},"inLanguage":"es","potentialAction":[{"@type":"ReadAction","target":["https:\/\/stage.jh-itc.de\/es\/shop\/andamio\/plettac-es\/sistema-de-torre-de-escalera-de-altrad-assco-futuro\/"]}]},{"@type":"ImageObject","inLanguage":"es","@id":"https:\/\/stage.jh-itc.de\/es\/shop\/andamio\/plettac-es\/sistema-de-torre-de-escalera-de-altrad-assco-futuro\/#primaryimage","url":"https:\/\/stage.jh-itc.de\/wp-content\/uploads\/2023\/10\/Treppenturm-System-Assco.jpg","contentUrl":"https:\/\/stage.jh-itc.de\/wp-content\/uploads\/2023\/10\/Treppenturm-System-Assco.jpg","width":1600,"height":1105},{"@type":"BreadcrumbList","@id":"https:\/\/stage.jh-itc.de\/es\/shop\/andamio\/plettac-es\/sistema-de-torre-de-escalera-de-altrad-assco-futuro\/#breadcrumb","itemListElement":[{"@type":"ListItem","position":1,"name":"Home","item":"https:\/\/stage.jh-itc.de\/es\/encofrados-puntales-y-andamios-de-profesionales\/"},{"@type":"ListItem","position":2,"name":"Tienda","item":"https:\/\/stage.jh-itc.de\/es\/tienda\/"},{"@type":"ListItem","position":3,"name":"Sistema de torre de escalera de Altrad assco futuro"}]},{"@type":"WebSite","@id":"https:\/\/stage.jh-itc.de\/es\/#website","url":"https:\/\/stage.jh-itc.de\/es\/","name":"JH - ITC GmbH","description":"Ihr Experte f\u00fcr gebrauchte St\u00fctzen, Schalungen und Ger\u00fcste","publisher":{"@id":"https:\/\/stage.jh-itc.de\/es\/#organization"},"potentialAction":[{"@type":"SearchAction","target":{"@type":"EntryPoint","urlTemplate":"https:\/\/stage.jh-itc.de\/es\/?s={search_term_string}"},"query-input":{"@type":"PropertyValueSpecification","valueRequired":true,"valueName":"search_term_string"}}],"inLanguage":"es"},{"@type":"Organization","@id":"https:\/\/stage.jh-itc.de\/es\/#organization","name":"JH-ITC GmbH","url":"https:\/\/stage.jh-itc.de\/es\/","logo":{"@type":"ImageObject","inLanguage":"es","@id":"https:\/\/stage.jh-itc.de\/es\/#\/schema\/logo\/image\/","url":"https:\/\/stage.jh-itc.de\/wp-content\/uploads\/2016\/01\/JH-ITC2-1.png","contentUrl":"https:\/\/stage.jh-itc.de\/wp-content\/uploads\/2016\/01\/JH-ITC2-1.png","width":300,"height":102,"caption":"JH-ITC GmbH"},"image":{"@id":"https:\/\/stage.jh-itc.de\/es\/#\/schema\/logo\/image\/"},"sameAs":["https:\/\/www.facebook.com\/schalungshandel","https:\/\/x.com\/JH_ITC","https:\/\/www.linkedin.com\/in\/jhitc","https:\/\/youtu.be\/rMdZ-FLfI-Y"]}]}},"_links":{"self":[{"href":"https:\/\/stage.jh-itc.de\/es\/wp-json\/wp\/v2\/product\/92042","targetHints":{"allow":["GET"]}}],"collection":[{"href":"https:\/\/stage.jh-itc.de\/es\/wp-json\/wp\/v2\/product"}],"about":[{"href":"https:\/\/stage.jh-itc.de\/es\/wp-json\/wp\/v2\/types\/product"}],"wp:featuredmedia":[{"embeddable":true,"href":"https:\/\/stage.jh-itc.de\/es\/wp-json\/wp\/v2\/media\/44941"}],"wp:attachment":[{"href":"https:\/\/stage.jh-itc.de\/es\/wp-json\/wp\/v2\/media?parent=92042"}],"wp:term":[{"taxonomy":"product_brand","embeddable":true,"href":"https:\/\/stage.jh-itc.de\/es\/wp-json\/wp\/v2\/product_brand?post=92042"},{"taxonomy":"product_cat","embeddable":true,"href":"https:\/\/stage.jh-itc.de\/es\/wp-json\/wp\/v2\/product_cat?post=92042"},{"taxonomy":"product_tag","embeddable":true,"href":"https:\/\/stage.jh-itc.de\/es\/wp-json\/wp\/v2\/product_tag?post=92042"}],"curies":[{"name":"wp","href":"https:\/\/api.w.org\/{rel}","templated":true}]}}