{"id":92030,"date":"2023-05-31T14:06:25","date_gmt":"2024-10-08T11:50:44","guid":{"rendered":"https:\/\/www.jh-itc.de\/shop\/sin categor\u00eda\/encofrado-ligero-huennebeck\/"},"modified":"2024-10-08T13:50:44","modified_gmt":"2024-10-08T11:50:44","slug":"encofrado-ligero-huennebeck","status":"publish","type":"product","link":"https:\/\/stage.jh-itc.de\/es\/shop\/huennebeck-es\/encofrado-ligero-huennebeck\/","title":{"rendered":"Encofrado ligero H\u00fcnnebeck"},"content":{"rendered":"","protected":false},"excerpt":{"rendered":"<p>Ofrecemos un lote de aprox. 230 m2 &#8211; Encofrado ligero H\u00fcnnebeck con una altura de 2,50 metros.<\/p>\n<table style=\"height: 553px;\" width=\"719\">\n<tbody>\n<tr>\n<td width=\"80\">Cantidad<\/td>\n<td width=\"162\">Designaci\u00f3n<\/td>\n<td width=\"80\">Longitud<\/td>\n<td width=\"81\">Anchura<\/td>\n<td width=\"80\">m\u00b2<\/td>\n<td width=\"100\">Total m\u00b2<\/td>\n<\/tr>\n<tr>\n<td><\/td>\n<td><\/td>\n<td><\/td>\n<td><\/td>\n<td><\/td>\n<td><\/td>\n<\/tr>\n<tr>\n<td>5<\/td>\n<td>Elemento<\/td>\n<td>2,50<\/td>\n<td>0,95<\/td>\n<td>2,38<\/td>\n<td>11,88<\/td>\n<\/tr>\n<tr>\n<td>69<\/td>\n<td>Elemento<\/td>\n<td>2,50<\/td>\n<td>0,75<\/td>\n<td>1,88<\/td>\n<td>129,38<\/td>\n<\/tr>\n<tr>\n<td>4<\/td>\n<td>Elemento<\/td>\n<td>2,50<\/td>\n<td>0,60<\/td>\n<td>1,50<\/td>\n<td>6,00<\/td>\n<\/tr>\n<tr>\n<td>5<\/td>\n<td>Elemento<\/td>\n<td>2,50<\/td>\n<td>0,55<\/td>\n<td>1,38<\/td>\n<td>6,88<\/td>\n<\/tr>\n<tr>\n<td>7<\/td>\n<td>Elemento<\/td>\n<td>2,50<\/td>\n<td>0,50<\/td>\n<td>1,25<\/td>\n<td>8,75<\/td>\n<\/tr>\n<tr>\n<td>2<\/td>\n<td>Elemento<\/td>\n<td>2,50<\/td>\n<td>0,45<\/td>\n<td>1,13<\/td>\n<td>2,25<\/td>\n<\/tr>\n<tr>\n<td>1<\/td>\n<td>Elemento<\/td>\n<td>2,50<\/td>\n<td>0,40<\/td>\n<td>1,00<\/td>\n<td>1,00<\/td>\n<\/tr>\n<tr>\n<td>6<\/td>\n<td>Esquina interior<\/td>\n<td>2,50<\/td>\n<td>0,30<\/td>\n<td>0,75<\/td>\n<td>4,50<\/td>\n<\/tr>\n<tr>\n<td>2<\/td>\n<td>Elemento<\/td>\n<td>1,25<\/td>\n<td>1,00<\/td>\n<td>1,25<\/td>\n<td>2,50<\/td>\n<\/tr>\n<tr>\n<td>57<\/td>\n<td>Elemento<\/td>\n<td>1,25<\/td>\n<td>0,75<\/td>\n<td>0,94<\/td>\n<td>53,44<\/td>\n<\/tr>\n<tr>\n<td>3<\/td>\n<td>Elemento<\/td>\n<td>1,25<\/td>\n<td>0,60<\/td>\n<td>0,75<\/td>\n<td>2,25<\/td>\n<\/tr>\n<tr>\n<td>11<\/td>\n<td>Elemento<\/td>\n<td>1,25<\/td>\n<td>0,50<\/td>\n<td>0,63<\/td>\n<td>6,88<\/td>\n<\/tr>\n<tr>\n<td>4<\/td>\n<td>Esquina interior<\/td>\n<td>1,25<\/td>\n<td>0,30<\/td>\n<td>0,38<\/td>\n<td>1,50<\/td>\n<\/tr>\n<tr>\n<td><\/td>\n<td>Accesorios<\/td>\n<td><\/td>\n<td><\/td>\n<td><\/td>\n<td><\/td>\n<\/tr>\n<tr>\n<td><\/td>\n<td><\/td>\n<td><\/td>\n<td><\/td>\n<td><\/td>\n<td><\/td>\n<\/tr>\n<tr>\n<td><\/td>\n<td>Cantidad total<\/td>\n<td><\/td>\n<td><\/td>\n<td><\/td>\n<td>237,19<\/td>\n<\/tr>\n<\/tbody>\n<\/table>\n<p>Si est\u00e1 interesado, env\u00edenos su consulta.<\/p>\n","protected":false},"featured_media":43900,"template":"","meta":[],"product_brand":[],"product_cat":[279,306],"product_tag":[],"class_list":{"0":"post-92030","1":"product","2":"type-product","3":"status-publish","4":"has-post-thumbnail","6":"product_cat-huennebeck-es","7":"product_cat-encofrado","9":"first","10":"instock","11":"taxable","12":"shipping-taxable","13":"product-type-simple"},"yoast_head":"<!-- This site is optimized with the Yoast SEO plugin v26.5 - https:\/\/yoast.com\/wordpress\/plugins\/seo\/ -->\n<title>Encofrado ligero H\u00fcnnebeck - JH - ITC GmbH<\/title>\n<meta name=\"description\" content=\"Encofrado ligero H\u00fcnnebeck. Fabricantes de renombre \u2714 Encofrados, puntales, andamios y maquinaria de construcci\u00f3n nuevos y usados \u2714 \u00a1Solicite un presupuesto ahora!\" \/>\n<meta name=\"robots\" content=\"noindex, follow, max-snippet:-1, max-image-preview:large, max-video-preview:-1\" \/>\n<meta property=\"og:locale\" content=\"es_ES\" \/>\n<meta property=\"og:type\" content=\"article\" \/>\n<meta property=\"og:title\" content=\"Encofrado ligero H\u00fcnnebeck - JH - ITC GmbH\" \/>\n<meta property=\"og:description\" content=\"Encofrado ligero H\u00fcnnebeck. Fabricantes de renombre \u2714 Encofrados, puntales, andamios y maquinaria de construcci\u00f3n nuevos y usados \u2714 \u00a1Solicite un presupuesto ahora!\" \/>\n<meta property=\"og:url\" content=\"https:\/\/stage.jh-itc.de\/es\/shop\/huennebeck-es\/encofrado-ligero-huennebeck\/\" \/>\n<meta property=\"og:site_name\" content=\"JH - ITC GmbH\" \/>\n<meta property=\"article:publisher\" content=\"https:\/\/www.facebook.com\/schalungshandel\" \/>\n<meta property=\"og:image\" content=\"https:\/\/stage.jh-itc.de\/wp-content\/uploads\/2023\/05\/Huennebeck-Leichtbau-Schalung-2-scaled.jpg\" \/>\n\t<meta property=\"og:image:width\" content=\"1920\" \/>\n\t<meta property=\"og:image:height\" content=\"2560\" \/>\n\t<meta property=\"og:image:type\" content=\"image\/jpeg\" \/>\n<meta name=\"twitter:card\" content=\"summary_large_image\" \/>\n<meta name=\"twitter:site\" content=\"@JH_ITC\" \/>\n<!-- \/ Yoast SEO plugin. -->","yoast_head_json":{"title":"Encofrado ligero H\u00fcnnebeck - JH - ITC GmbH","description":"Encofrado ligero H\u00fcnnebeck. Fabricantes de renombre \u2714 Encofrados, puntales, andamios y maquinaria de construcci\u00f3n nuevos y usados \u2714 \u00a1Solicite un presupuesto ahora!","robots":{"index":"noindex","follow":"follow","max-snippet":"max-snippet:-1","max-image-preview":"max-image-preview:large","max-video-preview":"max-video-preview:-1"},"og_locale":"es_ES","og_type":"article","og_title":"Encofrado ligero H\u00fcnnebeck - JH - ITC GmbH","og_description":"Encofrado ligero H\u00fcnnebeck. Fabricantes de renombre \u2714 Encofrados, puntales, andamios y maquinaria de construcci\u00f3n nuevos y usados \u2714 \u00a1Solicite un presupuesto ahora!","og_url":"https:\/\/stage.jh-itc.de\/es\/shop\/huennebeck-es\/encofrado-ligero-huennebeck\/","og_site_name":"JH - ITC GmbH","article_publisher":"https:\/\/www.facebook.com\/schalungshandel","og_image":[{"width":1920,"height":2560,"url":"https:\/\/stage.jh-itc.de\/wp-content\/uploads\/2023\/05\/Huennebeck-Leichtbau-Schalung-2-scaled.jpg","type":"image\/jpeg"}],"twitter_card":"summary_large_image","twitter_site":"@JH_ITC","schema":{"@context":"https:\/\/schema.org","@graph":[{"@type":"WebPage","@id":"https:\/\/stage.jh-itc.de\/es\/shop\/huennebeck-es\/encofrado-ligero-huennebeck\/","url":"https:\/\/stage.jh-itc.de\/es\/shop\/huennebeck-es\/encofrado-ligero-huennebeck\/","name":"Encofrado ligero H\u00fcnnebeck - JH - ITC GmbH","isPartOf":{"@id":"https:\/\/stage.jh-itc.de\/es\/#website"},"primaryImageOfPage":{"@id":"https:\/\/stage.jh-itc.de\/es\/shop\/huennebeck-es\/encofrado-ligero-huennebeck\/#primaryimage"},"image":{"@id":"https:\/\/stage.jh-itc.de\/es\/shop\/huennebeck-es\/encofrado-ligero-huennebeck\/#primaryimage"},"thumbnailUrl":"https:\/\/stage.jh-itc.de\/wp-content\/uploads\/2023\/05\/Huennebeck-Leichtbau-Schalung-2-scaled.jpg","datePublished":"2024-10-08T11:50:44+00:00","description":"Encofrado ligero H\u00fcnnebeck. Fabricantes de renombre \u2714 Encofrados, puntales, andamios y maquinaria de construcci\u00f3n nuevos y usados \u2714 \u00a1Solicite un presupuesto ahora!","breadcrumb":{"@id":"https:\/\/stage.jh-itc.de\/es\/shop\/huennebeck-es\/encofrado-ligero-huennebeck\/#breadcrumb"},"inLanguage":"es","potentialAction":[{"@type":"ReadAction","target":["https:\/\/stage.jh-itc.de\/es\/shop\/huennebeck-es\/encofrado-ligero-huennebeck\/"]}]},{"@type":"ImageObject","inLanguage":"es","@id":"https:\/\/stage.jh-itc.de\/es\/shop\/huennebeck-es\/encofrado-ligero-huennebeck\/#primaryimage","url":"https:\/\/stage.jh-itc.de\/wp-content\/uploads\/2023\/05\/Huennebeck-Leichtbau-Schalung-2-scaled.jpg","contentUrl":"https:\/\/stage.jh-itc.de\/wp-content\/uploads\/2023\/05\/Huennebeck-Leichtbau-Schalung-2-scaled.jpg","width":1920,"height":2560},{"@type":"BreadcrumbList","@id":"https:\/\/stage.jh-itc.de\/es\/shop\/huennebeck-es\/encofrado-ligero-huennebeck\/#breadcrumb","itemListElement":[{"@type":"ListItem","position":1,"name":"Home","item":"https:\/\/stage.jh-itc.de\/es\/encofrados-puntales-y-andamios-de-profesionales\/"},{"@type":"ListItem","position":2,"name":"Tienda","item":"https:\/\/stage.jh-itc.de\/es\/tienda\/"},{"@type":"ListItem","position":3,"name":"Encofrado ligero H\u00fcnnebeck"}]},{"@type":"WebSite","@id":"https:\/\/stage.jh-itc.de\/es\/#website","url":"https:\/\/stage.jh-itc.de\/es\/","name":"JH - ITC GmbH","description":"Ihr Experte f\u00fcr gebrauchte St\u00fctzen, Schalungen und Ger\u00fcste","publisher":{"@id":"https:\/\/stage.jh-itc.de\/es\/#organization"},"potentialAction":[{"@type":"SearchAction","target":{"@type":"EntryPoint","urlTemplate":"https:\/\/stage.jh-itc.de\/es\/?s={search_term_string}"},"query-input":{"@type":"PropertyValueSpecification","valueRequired":true,"valueName":"search_term_string"}}],"inLanguage":"es"},{"@type":"Organization","@id":"https:\/\/stage.jh-itc.de\/es\/#organization","name":"JH-ITC GmbH","url":"https:\/\/stage.jh-itc.de\/es\/","logo":{"@type":"ImageObject","inLanguage":"es","@id":"https:\/\/stage.jh-itc.de\/es\/#\/schema\/logo\/image\/","url":"https:\/\/stage.jh-itc.de\/wp-content\/uploads\/2016\/01\/JH-ITC2-1.png","contentUrl":"https:\/\/stage.jh-itc.de\/wp-content\/uploads\/2016\/01\/JH-ITC2-1.png","width":300,"height":102,"caption":"JH-ITC GmbH"},"image":{"@id":"https:\/\/stage.jh-itc.de\/es\/#\/schema\/logo\/image\/"},"sameAs":["https:\/\/www.facebook.com\/schalungshandel","https:\/\/x.com\/JH_ITC","https:\/\/www.linkedin.com\/in\/jhitc","https:\/\/youtu.be\/rMdZ-FLfI-Y"]}]}},"_links":{"self":[{"href":"https:\/\/stage.jh-itc.de\/es\/wp-json\/wp\/v2\/product\/92030","targetHints":{"allow":["GET"]}}],"collection":[{"href":"https:\/\/stage.jh-itc.de\/es\/wp-json\/wp\/v2\/product"}],"about":[{"href":"https:\/\/stage.jh-itc.de\/es\/wp-json\/wp\/v2\/types\/product"}],"wp:featuredmedia":[{"embeddable":true,"href":"https:\/\/stage.jh-itc.de\/es\/wp-json\/wp\/v2\/media\/43900"}],"wp:attachment":[{"href":"https:\/\/stage.jh-itc.de\/es\/wp-json\/wp\/v2\/media?parent=92030"}],"wp:term":[{"taxonomy":"product_brand","embeddable":true,"href":"https:\/\/stage.jh-itc.de\/es\/wp-json\/wp\/v2\/product_brand?post=92030"},{"taxonomy":"product_cat","embeddable":true,"href":"https:\/\/stage.jh-itc.de\/es\/wp-json\/wp\/v2\/product_cat?post=92030"},{"taxonomy":"product_tag","embeddable":true,"href":"https:\/\/stage.jh-itc.de\/es\/wp-json\/wp\/v2\/product_tag?post=92030"}],"curies":[{"name":"wp","href":"https:\/\/api.w.org\/{rel}","templated":true}]}}