{"id":43459,"date":"2015-07-28T07:58:52","date_gmt":"2023-04-24T13:58:08","guid":{"rendered":"https:\/\/www.jh-itc.de\/shop\/sin categor\u00eda\/marco-peri-mrk\/"},"modified":"2023-04-24T15:58:08","modified_gmt":"2023-04-24T13:58:08","slug":"peri-mrk-frame","status":"publish","type":"product","link":"https:\/\/stage.jh-itc.de\/es\/shop\/peri-es\/peri-mrk-frame\/","title":{"rendered":"Marco Peri MRK"},"content":{"rendered":"","protected":false},"excerpt":{"rendered":"<p>Ofrecemos <strong>cuadros Peri MRK<\/strong> de segunda mano.<\/p>\n<table width=\"343\">\n<tbody>\n<tr>\n<td width=\"88\">N\u00ba de art.<\/td>\n<td width=\"186\">Descripci\u00f3n del art\u00edculo<\/td>\n<td width=\"69\">Cantidad<\/td>\n<\/tr>\n<tr>\n<td>028340<\/td>\n<td>Bastidor MRK 120<\/td>\n<td>42<\/td>\n<\/tr>\n<tr>\n<td>028350<\/td>\n<td>Bastidor MRK 150<\/td>\n<td>154<\/td>\n<\/tr>\n<tr>\n<td>028460<\/td>\n<td>Marco MRK 201.5 Alu<\/td>\n<td>40<\/td>\n<\/tr>\n<\/tbody>\n<\/table>\n<p>&nbsp;<\/p>\n<p>Si est\u00e1 interesado, env\u00edenos su consulta.<\/p>\n","protected":false},"featured_media":49057,"template":"","meta":[],"product_brand":[],"product_cat":[304,305,306],"product_tag":[],"class_list":{"0":"post-43459","1":"product","2":"type-product","3":"status-publish","4":"has-post-thumbnail","6":"product_cat-peri-es","7":"product_cat-peri-multiprops-es","8":"product_cat-encofrado","10":"first","11":"instock","12":"taxable","13":"shipping-taxable","14":"product-type-simple"},"yoast_head":"<!-- This site is optimized with the Yoast SEO plugin v26.5 - https:\/\/yoast.com\/wordpress\/plugins\/seo\/ -->\n<title>Marco Peri MRK - JH - ITC GmbH<\/title>\n<meta name=\"description\" content=\"Marco Peri MRK\" \/>\n<meta name=\"robots\" content=\"noindex, follow, max-snippet:-1, max-image-preview:large, max-video-preview:-1\" \/>\n<meta property=\"og:locale\" content=\"es_ES\" \/>\n<meta property=\"og:type\" content=\"article\" \/>\n<meta property=\"og:title\" content=\"Marco Peri MRK - JH - ITC GmbH\" \/>\n<meta property=\"og:description\" content=\"Marco Peri MRK\" \/>\n<meta property=\"og:url\" content=\"https:\/\/stage.jh-itc.de\/es\/shop\/peri-es\/peri-mrk-frame\/\" \/>\n<meta property=\"og:site_name\" content=\"JH - ITC GmbH\" \/>\n<meta property=\"article:publisher\" content=\"https:\/\/www.facebook.com\/schalungshandel\" \/>\n<meta property=\"og:image\" content=\"https:\/\/stage.jh-itc.de\/wp-content\/uploads\/2015\/11\/Peri-MRK-2.jpg\" \/>\n\t<meta property=\"og:image:width\" content=\"1280\" \/>\n\t<meta property=\"og:image:height\" content=\"1280\" \/>\n\t<meta property=\"og:image:type\" content=\"image\/jpeg\" \/>\n<meta name=\"twitter:card\" content=\"summary_large_image\" \/>\n<meta name=\"twitter:site\" content=\"@JH_ITC\" \/>\n<!-- \/ Yoast SEO plugin. -->","yoast_head_json":{"title":"Marco Peri MRK - JH - ITC GmbH","description":"Marco Peri MRK","robots":{"index":"noindex","follow":"follow","max-snippet":"max-snippet:-1","max-image-preview":"max-image-preview:large","max-video-preview":"max-video-preview:-1"},"og_locale":"es_ES","og_type":"article","og_title":"Marco Peri MRK - JH - ITC GmbH","og_description":"Marco Peri MRK","og_url":"https:\/\/stage.jh-itc.de\/es\/shop\/peri-es\/peri-mrk-frame\/","og_site_name":"JH - ITC GmbH","article_publisher":"https:\/\/www.facebook.com\/schalungshandel","og_image":[{"width":1280,"height":1280,"url":"https:\/\/stage.jh-itc.de\/wp-content\/uploads\/2015\/11\/Peri-MRK-2.jpg","type":"image\/jpeg"}],"twitter_card":"summary_large_image","twitter_site":"@JH_ITC","schema":{"@context":"https:\/\/schema.org","@graph":[{"@type":"WebPage","@id":"https:\/\/stage.jh-itc.de\/es\/shop\/peri-es\/peri-mrk-frame\/","url":"https:\/\/stage.jh-itc.de\/es\/shop\/peri-es\/peri-mrk-frame\/","name":"Marco Peri MRK - JH - ITC GmbH","isPartOf":{"@id":"https:\/\/stage.jh-itc.de\/es\/#website"},"primaryImageOfPage":{"@id":"https:\/\/stage.jh-itc.de\/es\/shop\/peri-es\/peri-mrk-frame\/#primaryimage"},"image":{"@id":"https:\/\/stage.jh-itc.de\/es\/shop\/peri-es\/peri-mrk-frame\/#primaryimage"},"thumbnailUrl":"https:\/\/stage.jh-itc.de\/wp-content\/uploads\/2015\/11\/Peri-MRK-2.jpg","datePublished":"2023-04-24T13:58:08+00:00","description":"Marco Peri MRK","breadcrumb":{"@id":"https:\/\/stage.jh-itc.de\/es\/shop\/peri-es\/peri-mrk-frame\/#breadcrumb"},"inLanguage":"es","potentialAction":[{"@type":"ReadAction","target":["https:\/\/stage.jh-itc.de\/es\/shop\/peri-es\/peri-mrk-frame\/"]}]},{"@type":"ImageObject","inLanguage":"es","@id":"https:\/\/stage.jh-itc.de\/es\/shop\/peri-es\/peri-mrk-frame\/#primaryimage","url":"https:\/\/stage.jh-itc.de\/wp-content\/uploads\/2015\/11\/Peri-MRK-2.jpg","contentUrl":"https:\/\/stage.jh-itc.de\/wp-content\/uploads\/2015\/11\/Peri-MRK-2.jpg","width":1280,"height":1280},{"@type":"BreadcrumbList","@id":"https:\/\/stage.jh-itc.de\/es\/shop\/peri-es\/peri-mrk-frame\/#breadcrumb","itemListElement":[{"@type":"ListItem","position":1,"name":"Home","item":"https:\/\/stage.jh-itc.de\/es\/encofrados-puntales-y-andamios-de-profesionales\/"},{"@type":"ListItem","position":2,"name":"Tienda","item":"https:\/\/stage.jh-itc.de\/es\/tienda\/"},{"@type":"ListItem","position":3,"name":"Marco Peri MRK"}]},{"@type":"WebSite","@id":"https:\/\/stage.jh-itc.de\/es\/#website","url":"https:\/\/stage.jh-itc.de\/es\/","name":"JH - ITC GmbH","description":"Ihr Experte f\u00fcr gebrauchte St\u00fctzen, Schalungen und Ger\u00fcste","publisher":{"@id":"https:\/\/stage.jh-itc.de\/es\/#organization"},"potentialAction":[{"@type":"SearchAction","target":{"@type":"EntryPoint","urlTemplate":"https:\/\/stage.jh-itc.de\/es\/?s={search_term_string}"},"query-input":{"@type":"PropertyValueSpecification","valueRequired":true,"valueName":"search_term_string"}}],"inLanguage":"es"},{"@type":"Organization","@id":"https:\/\/stage.jh-itc.de\/es\/#organization","name":"JH-ITC GmbH","url":"https:\/\/stage.jh-itc.de\/es\/","logo":{"@type":"ImageObject","inLanguage":"es","@id":"https:\/\/stage.jh-itc.de\/es\/#\/schema\/logo\/image\/","url":"https:\/\/stage.jh-itc.de\/wp-content\/uploads\/2016\/01\/JH-ITC2-1.png","contentUrl":"https:\/\/stage.jh-itc.de\/wp-content\/uploads\/2016\/01\/JH-ITC2-1.png","width":300,"height":102,"caption":"JH-ITC GmbH"},"image":{"@id":"https:\/\/stage.jh-itc.de\/es\/#\/schema\/logo\/image\/"},"sameAs":["https:\/\/www.facebook.com\/schalungshandel","https:\/\/x.com\/JH_ITC","https:\/\/www.linkedin.com\/in\/jhitc","https:\/\/youtu.be\/rMdZ-FLfI-Y"]}]}},"_links":{"self":[{"href":"https:\/\/stage.jh-itc.de\/es\/wp-json\/wp\/v2\/product\/43459","targetHints":{"allow":["GET"]}}],"collection":[{"href":"https:\/\/stage.jh-itc.de\/es\/wp-json\/wp\/v2\/product"}],"about":[{"href":"https:\/\/stage.jh-itc.de\/es\/wp-json\/wp\/v2\/types\/product"}],"wp:featuredmedia":[{"embeddable":true,"href":"https:\/\/stage.jh-itc.de\/es\/wp-json\/wp\/v2\/media\/49057"}],"wp:attachment":[{"href":"https:\/\/stage.jh-itc.de\/es\/wp-json\/wp\/v2\/media?parent=43459"}],"wp:term":[{"taxonomy":"product_brand","embeddable":true,"href":"https:\/\/stage.jh-itc.de\/es\/wp-json\/wp\/v2\/product_brand?post=43459"},{"taxonomy":"product_cat","embeddable":true,"href":"https:\/\/stage.jh-itc.de\/es\/wp-json\/wp\/v2\/product_cat?post=43459"},{"taxonomy":"product_tag","embeddable":true,"href":"https:\/\/stage.jh-itc.de\/es\/wp-json\/wp\/v2\/product_tag?post=43459"}],"curies":[{"name":"wp","href":"https:\/\/api.w.org\/{rel}","templated":true}]}}