{"id":43383,"date":"2015-06-09T23:20:50","date_gmt":"2023-04-24T13:58:02","guid":{"rendered":"https:\/\/www.jh-itc.de\/shop\/sin categor\u00eda\/encofrado-para-viviendas-peri-trio\/"},"modified":"2023-04-24T15:58:02","modified_gmt":"2023-04-24T13:58:02","slug":"encofrado-de-viviendas-peri-trio","status":"publish","type":"product","link":"https:\/\/stage.jh-itc.de\/es\/shop\/peri-es\/el-trio-peri\/encofrado-de-viviendas-peri-trio\/","title":{"rendered":"Encofrado para viviendas Peri Trio"},"content":{"rendered":"<p>Ofrecemos un <strong>encofrado<\/strong> usado <strong>Peri Trio Housing<\/strong>.<\/p>\n<p><strong>2 x Trio Housing Element 1,80m x 2,64m<\/strong><\/p>\n<p><strong>2 x Elemento de carcasa Trio 2,70m x 2,64m<\/strong><\/p>\n<p><strong>8 x Elemento de carcasa tr\u00edo 3,60m x 2,64m<\/strong><\/p>\n<hr>\n<p>&nbsp;<\/p>\n<p>Este encofrado est\u00e1 en muy buenas condiciones.<\/p>\n","protected":false},"excerpt":{"rendered":"<p><strong>2 x Trio Housing Element 1,80m x 2,64m<\/strong><\/p>\n<p><strong>2 x Elemento de carcasa Trio 2,70m x 2,64m<\/strong><\/p>\n<p><strong>8 x Elemento de carcasa tr\u00edo 3,60m x 2,64m<\/strong><\/p>\n","protected":false},"featured_media":43406,"template":"","meta":[],"product_brand":[],"product_cat":[312,304,306],"product_tag":[],"class_list":{"0":"post-43383","1":"product","2":"type-product","3":"status-publish","4":"has-post-thumbnail","6":"product_cat-el-trio-peri","7":"product_cat-peri-es","8":"product_cat-encofrado","10":"first","11":"instock","12":"taxable","13":"shipping-taxable","14":"product-type-simple"},"yoast_head":"<!-- This site is optimized with the Yoast SEO plugin v26.5 - https:\/\/yoast.com\/wordpress\/plugins\/seo\/ -->\n<title>Encofrado para viviendas Peri Trio - JH - ITC GmbH<\/title>\n<meta name=\"description\" content=\"Encofrado para viviendas Peri Trio. Fabricantes de renombre \u2714 Encofrados, puntales, andamios y maquinaria de construcci\u00f3n nuevos y usados \u2714 \u00a1Solicite un presupuesto ahora!\" \/>\n<meta name=\"robots\" content=\"noindex, follow, max-snippet:-1, max-image-preview:large, max-video-preview:-1\" \/>\n<meta property=\"og:locale\" content=\"es_ES\" \/>\n<meta property=\"og:type\" content=\"article\" \/>\n<meta property=\"og:title\" content=\"Encofrado para viviendas Peri Trio - JH - ITC GmbH\" \/>\n<meta property=\"og:description\" content=\"Encofrado para viviendas Peri Trio. Fabricantes de renombre \u2714 Encofrados, puntales, andamios y maquinaria de construcci\u00f3n nuevos y usados \u2714 \u00a1Solicite un presupuesto ahora!\" \/>\n<meta property=\"og:url\" content=\"https:\/\/stage.jh-itc.de\/es\/shop\/peri-es\/el-trio-peri\/encofrado-de-viviendas-peri-trio\/\" \/>\n<meta property=\"og:site_name\" content=\"JH - ITC GmbH\" \/>\n<meta property=\"article:publisher\" content=\"https:\/\/www.facebook.com\/schalungshandel\" \/>\n<meta name=\"twitter:card\" content=\"summary_large_image\" \/>\n<meta name=\"twitter:site\" content=\"@JH_ITC\" \/>\n<!-- \/ Yoast SEO plugin. -->","yoast_head_json":{"title":"Encofrado para viviendas Peri Trio - JH - ITC GmbH","description":"Encofrado para viviendas Peri Trio. Fabricantes de renombre \u2714 Encofrados, puntales, andamios y maquinaria de construcci\u00f3n nuevos y usados \u2714 \u00a1Solicite un presupuesto ahora!","robots":{"index":"noindex","follow":"follow","max-snippet":"max-snippet:-1","max-image-preview":"max-image-preview:large","max-video-preview":"max-video-preview:-1"},"og_locale":"es_ES","og_type":"article","og_title":"Encofrado para viviendas Peri Trio - JH - ITC GmbH","og_description":"Encofrado para viviendas Peri Trio. Fabricantes de renombre \u2714 Encofrados, puntales, andamios y maquinaria de construcci\u00f3n nuevos y usados \u2714 \u00a1Solicite un presupuesto ahora!","og_url":"https:\/\/stage.jh-itc.de\/es\/shop\/peri-es\/el-trio-peri\/encofrado-de-viviendas-peri-trio\/","og_site_name":"JH - ITC GmbH","article_publisher":"https:\/\/www.facebook.com\/schalungshandel","twitter_card":"summary_large_image","twitter_site":"@JH_ITC","schema":{"@context":"https:\/\/schema.org","@graph":[{"@type":"WebPage","@id":"https:\/\/stage.jh-itc.de\/es\/shop\/peri-es\/el-trio-peri\/encofrado-de-viviendas-peri-trio\/","url":"https:\/\/stage.jh-itc.de\/es\/shop\/peri-es\/el-trio-peri\/encofrado-de-viviendas-peri-trio\/","name":"Encofrado para viviendas Peri Trio - JH - ITC GmbH","isPartOf":{"@id":"https:\/\/stage.jh-itc.de\/es\/#website"},"primaryImageOfPage":{"@id":"https:\/\/stage.jh-itc.de\/es\/shop\/peri-es\/el-trio-peri\/encofrado-de-viviendas-peri-trio\/#primaryimage"},"image":{"@id":"https:\/\/stage.jh-itc.de\/es\/shop\/peri-es\/el-trio-peri\/encofrado-de-viviendas-peri-trio\/#primaryimage"},"thumbnailUrl":"https:\/\/stage.jh-itc.de\/wp-content\/uploads\/2015\/06\/Peri-Trio-Housing-61.jpg","datePublished":"2023-04-24T13:58:02+00:00","description":"Encofrado para viviendas Peri Trio. Fabricantes de renombre \u2714 Encofrados, puntales, andamios y maquinaria de construcci\u00f3n nuevos y usados \u2714 \u00a1Solicite un presupuesto ahora!","breadcrumb":{"@id":"https:\/\/stage.jh-itc.de\/es\/shop\/peri-es\/el-trio-peri\/encofrado-de-viviendas-peri-trio\/#breadcrumb"},"inLanguage":"es","potentialAction":[{"@type":"ReadAction","target":["https:\/\/stage.jh-itc.de\/es\/shop\/peri-es\/el-trio-peri\/encofrado-de-viviendas-peri-trio\/"]}]},{"@type":"ImageObject","inLanguage":"es","@id":"https:\/\/stage.jh-itc.de\/es\/shop\/peri-es\/el-trio-peri\/encofrado-de-viviendas-peri-trio\/#primaryimage","url":"https:\/\/stage.jh-itc.de\/wp-content\/uploads\/2015\/06\/Peri-Trio-Housing-61.jpg","contentUrl":"https:\/\/stage.jh-itc.de\/wp-content\/uploads\/2015\/06\/Peri-Trio-Housing-61.jpg","width":430,"height":323},{"@type":"BreadcrumbList","@id":"https:\/\/stage.jh-itc.de\/es\/shop\/peri-es\/el-trio-peri\/encofrado-de-viviendas-peri-trio\/#breadcrumb","itemListElement":[{"@type":"ListItem","position":1,"name":"Home","item":"https:\/\/stage.jh-itc.de\/es\/encofrados-puntales-y-andamios-de-profesionales\/"},{"@type":"ListItem","position":2,"name":"Tienda","item":"https:\/\/stage.jh-itc.de\/es\/tienda\/"},{"@type":"ListItem","position":3,"name":"Encofrado para viviendas Peri Trio"}]},{"@type":"WebSite","@id":"https:\/\/stage.jh-itc.de\/es\/#website","url":"https:\/\/stage.jh-itc.de\/es\/","name":"JH - ITC GmbH","description":"Ihr Experte f\u00fcr gebrauchte St\u00fctzen, Schalungen und Ger\u00fcste","publisher":{"@id":"https:\/\/stage.jh-itc.de\/es\/#organization"},"potentialAction":[{"@type":"SearchAction","target":{"@type":"EntryPoint","urlTemplate":"https:\/\/stage.jh-itc.de\/es\/?s={search_term_string}"},"query-input":{"@type":"PropertyValueSpecification","valueRequired":true,"valueName":"search_term_string"}}],"inLanguage":"es"},{"@type":"Organization","@id":"https:\/\/stage.jh-itc.de\/es\/#organization","name":"JH-ITC GmbH","url":"https:\/\/stage.jh-itc.de\/es\/","logo":{"@type":"ImageObject","inLanguage":"es","@id":"https:\/\/stage.jh-itc.de\/es\/#\/schema\/logo\/image\/","url":"https:\/\/stage.jh-itc.de\/wp-content\/uploads\/2016\/01\/JH-ITC2-1.png","contentUrl":"https:\/\/stage.jh-itc.de\/wp-content\/uploads\/2016\/01\/JH-ITC2-1.png","width":300,"height":102,"caption":"JH-ITC GmbH"},"image":{"@id":"https:\/\/stage.jh-itc.de\/es\/#\/schema\/logo\/image\/"},"sameAs":["https:\/\/www.facebook.com\/schalungshandel","https:\/\/x.com\/JH_ITC","https:\/\/www.linkedin.com\/in\/jhitc","https:\/\/youtu.be\/rMdZ-FLfI-Y"]}]}},"_links":{"self":[{"href":"https:\/\/stage.jh-itc.de\/es\/wp-json\/wp\/v2\/product\/43383","targetHints":{"allow":["GET"]}}],"collection":[{"href":"https:\/\/stage.jh-itc.de\/es\/wp-json\/wp\/v2\/product"}],"about":[{"href":"https:\/\/stage.jh-itc.de\/es\/wp-json\/wp\/v2\/types\/product"}],"wp:featuredmedia":[{"embeddable":true,"href":"https:\/\/stage.jh-itc.de\/es\/wp-json\/wp\/v2\/media\/43406"}],"wp:attachment":[{"href":"https:\/\/stage.jh-itc.de\/es\/wp-json\/wp\/v2\/media?parent=43383"}],"wp:term":[{"taxonomy":"product_brand","embeddable":true,"href":"https:\/\/stage.jh-itc.de\/es\/wp-json\/wp\/v2\/product_brand?post=43383"},{"taxonomy":"product_cat","embeddable":true,"href":"https:\/\/stage.jh-itc.de\/es\/wp-json\/wp\/v2\/product_cat?post=43383"},{"taxonomy":"product_tag","embeddable":true,"href":"https:\/\/stage.jh-itc.de\/es\/wp-json\/wp\/v2\/product_tag?post=43383"}],"curies":[{"name":"wp","href":"https:\/\/api.w.org\/{rel}","templated":true}]}}