{"id":43351,"date":"2015-07-13T10:57:36","date_gmt":"2023-04-24T13:58:00","guid":{"rendered":"https:\/\/www.jh-itc.de\/shop\/sin categor\u00eda\/huennebeck-topec-amarillo-con-piel-de-concha-de-madera\/"},"modified":"2023-04-24T15:58:00","modified_gmt":"2023-04-24T13:58:00","slug":"huennebeck-topec-amarillo-con-piel-de-madera","status":"publish","type":"product","link":"https:\/\/stage.jh-itc.de\/es\/shop\/huennebeck-es\/huennebeck-topec-es\/huennebeck-topec-amarillo-con-piel-de-madera\/","title":{"rendered":"H\u00fcnnebeck Topec amarillo con piel de concha de madera"},"content":{"rendered":"","protected":false},"excerpt":{"rendered":"<p>Ofrecemos encofrado modular para losas <strong>H\u00fcnnebeck Topec<\/strong> renovado con encofrado de madera nuevo.<\/p>\n<p>Podemos suministrarle el encofrado en sus colores y tambi\u00e9n puede elegir el revestimiento del encofrado,<\/p>\n<p>entre la <strong>piel de encofrado de madera 10mm WB 240g\/240gr<\/strong> o el panel de pl\u00e1stico macizo <strong>ALKUS<\/strong>.<\/p>\n<p><em>El encofrado de losas Topec le ofrece tiempos de encofrado muy r\u00e1pidos con un alto nivel de seguridad gracias al encofrado y desencofrado desde el suelo.<\/em><\/p>\n<ol>\n<li><em>Montaje + desmontaje seguro desde el suelo con un m\u00e1ximo de 2 personas hasta una altura de 3,50 m<\/em><\/li>\n<li><em>Encofrado r\u00e1pido gracias al gran panel de 180 x 180 con 3,24 m\u00b2 de superficie de encofrado<\/em><\/li>\n<li><em>Estructura ligera de aluminio con perfil de 14 cm de altura  <\/em><\/li>\n<li><em>Muy buena adaptabilidad gracias a los amplios tama\u00f1os de los paneles y a los paneles de compensaci\u00f3n<\/em><\/li>\n<li>Encofrado modular para losas sin vigas con panel Topec, cojinete Topec y puntales opcionales 20KN o 30KN<\/li>\n<\/ol>\n<hr>\n<p>&nbsp;<\/p>\n<p><iframe src=\"\/\/www.youtube.com\/embed\/vwMq_G5EE0g\" width=\"425\" height=\"350\" allowfullscreen=\"allowfullscreen\"><\/iframe><\/p>\n<p><span style=\"text-decoration: underline;\">Descargar PDF: Aqu\u00ed<\/span><\/p>\n<p><a href=\"http:\/\/www.jh-itc.de\/wp-content\/uploads\/2015\/10\/Huennebeck-Topec-Info.pdf\">H<\/a><a href=\"http:\/\/www.jh-itc.de\/wp-content\/uploads\/2015\/10\/Huennebeck-Topec-Info.pdf\">uennebeck Topec Informaci\u00f3n<\/a><\/p>\n<hr>\n<p>&nbsp;<\/p>\n<p><iframe src=\"\/\/www.youtube.com\/embed\/WrtmelSuYCk\" width=\"425\" height=\"350\" allowfullscreen=\"allowfullscreen\"><\/iframe><\/p>\n<hr>\n<p>Si est\u00e1 interesado, env\u00edenos su solicitud<\/p>\n","protected":false},"featured_media":43387,"template":"","meta":[],"product_brand":[],"product_cat":[279,289,306],"product_tag":[],"class_list":{"0":"post-43351","1":"product","2":"type-product","3":"status-publish","4":"has-post-thumbnail","6":"product_cat-huennebeck-es","7":"product_cat-huennebeck-topec-es","8":"product_cat-encofrado","10":"first","11":"instock","12":"taxable","13":"shipping-taxable","14":"product-type-simple"},"yoast_head":"<!-- This site is optimized with the Yoast SEO plugin v26.5 - https:\/\/yoast.com\/wordpress\/plugins\/seo\/ -->\n<title>H\u00fcnnebeck Topec amarillo con piel de concha de madera - JH - ITC GmbH<\/title>\n<meta name=\"description\" content=\"Encofrado de losas Topec\" \/>\n<meta name=\"robots\" content=\"noindex, follow, max-snippet:-1, max-image-preview:large, max-video-preview:-1\" \/>\n<meta property=\"og:locale\" content=\"es_ES\" \/>\n<meta property=\"og:type\" content=\"article\" \/>\n<meta property=\"og:title\" content=\"H\u00fcnnebeck Topec amarillo con piel de concha de madera - JH - ITC GmbH\" \/>\n<meta property=\"og:description\" content=\"Encofrado de losas Topec\" \/>\n<meta property=\"og:url\" content=\"https:\/\/stage.jh-itc.de\/es\/shop\/huennebeck-es\/huennebeck-topec-es\/huennebeck-topec-amarillo-con-piel-de-madera\/\" \/>\n<meta property=\"og:site_name\" content=\"JH - ITC GmbH\" \/>\n<meta property=\"article:publisher\" content=\"https:\/\/www.facebook.com\/schalungshandel\" \/>\n<meta property=\"og:image\" content=\"https:\/\/stage.jh-itc.de\/wp-content\/uploads\/2015\/07\/Topec-Gelb-4.jpg\" \/>\n\t<meta property=\"og:image:width\" content=\"1280\" \/>\n\t<meta property=\"og:image:height\" content=\"960\" \/>\n\t<meta property=\"og:image:type\" content=\"image\/jpeg\" \/>\n<meta name=\"twitter:card\" content=\"summary_large_image\" \/>\n<meta name=\"twitter:site\" content=\"@JH_ITC\" \/>\n<!-- \/ Yoast SEO plugin. -->","yoast_head_json":{"title":"H\u00fcnnebeck Topec amarillo con piel de concha de madera - JH - ITC GmbH","description":"Encofrado de losas Topec","robots":{"index":"noindex","follow":"follow","max-snippet":"max-snippet:-1","max-image-preview":"max-image-preview:large","max-video-preview":"max-video-preview:-1"},"og_locale":"es_ES","og_type":"article","og_title":"H\u00fcnnebeck Topec amarillo con piel de concha de madera - JH - ITC GmbH","og_description":"Encofrado de losas Topec","og_url":"https:\/\/stage.jh-itc.de\/es\/shop\/huennebeck-es\/huennebeck-topec-es\/huennebeck-topec-amarillo-con-piel-de-madera\/","og_site_name":"JH - ITC GmbH","article_publisher":"https:\/\/www.facebook.com\/schalungshandel","og_image":[{"width":1280,"height":960,"url":"https:\/\/stage.jh-itc.de\/wp-content\/uploads\/2015\/07\/Topec-Gelb-4.jpg","type":"image\/jpeg"}],"twitter_card":"summary_large_image","twitter_site":"@JH_ITC","schema":{"@context":"https:\/\/schema.org","@graph":[{"@type":"WebPage","@id":"https:\/\/stage.jh-itc.de\/es\/shop\/huennebeck-es\/huennebeck-topec-es\/huennebeck-topec-amarillo-con-piel-de-madera\/","url":"https:\/\/stage.jh-itc.de\/es\/shop\/huennebeck-es\/huennebeck-topec-es\/huennebeck-topec-amarillo-con-piel-de-madera\/","name":"H\u00fcnnebeck Topec amarillo con piel de concha de madera - JH - ITC GmbH","isPartOf":{"@id":"https:\/\/stage.jh-itc.de\/es\/#website"},"primaryImageOfPage":{"@id":"https:\/\/stage.jh-itc.de\/es\/shop\/huennebeck-es\/huennebeck-topec-es\/huennebeck-topec-amarillo-con-piel-de-madera\/#primaryimage"},"image":{"@id":"https:\/\/stage.jh-itc.de\/es\/shop\/huennebeck-es\/huennebeck-topec-es\/huennebeck-topec-amarillo-con-piel-de-madera\/#primaryimage"},"thumbnailUrl":"https:\/\/stage.jh-itc.de\/wp-content\/uploads\/2015\/07\/Topec-Gelb-4.jpg","datePublished":"2023-04-24T13:58:00+00:00","description":"Encofrado de losas Topec","breadcrumb":{"@id":"https:\/\/stage.jh-itc.de\/es\/shop\/huennebeck-es\/huennebeck-topec-es\/huennebeck-topec-amarillo-con-piel-de-madera\/#breadcrumb"},"inLanguage":"es","potentialAction":[{"@type":"ReadAction","target":["https:\/\/stage.jh-itc.de\/es\/shop\/huennebeck-es\/huennebeck-topec-es\/huennebeck-topec-amarillo-con-piel-de-madera\/"]}]},{"@type":"ImageObject","inLanguage":"es","@id":"https:\/\/stage.jh-itc.de\/es\/shop\/huennebeck-es\/huennebeck-topec-es\/huennebeck-topec-amarillo-con-piel-de-madera\/#primaryimage","url":"https:\/\/stage.jh-itc.de\/wp-content\/uploads\/2015\/07\/Topec-Gelb-4.jpg","contentUrl":"https:\/\/stage.jh-itc.de\/wp-content\/uploads\/2015\/07\/Topec-Gelb-4.jpg","width":1280,"height":960},{"@type":"BreadcrumbList","@id":"https:\/\/stage.jh-itc.de\/es\/shop\/huennebeck-es\/huennebeck-topec-es\/huennebeck-topec-amarillo-con-piel-de-madera\/#breadcrumb","itemListElement":[{"@type":"ListItem","position":1,"name":"Home","item":"https:\/\/stage.jh-itc.de\/es\/encofrados-puntales-y-andamios-de-profesionales\/"},{"@type":"ListItem","position":2,"name":"Tienda","item":"https:\/\/stage.jh-itc.de\/es\/tienda\/"},{"@type":"ListItem","position":3,"name":"H\u00fcnnebeck Topec amarillo con piel de concha de madera"}]},{"@type":"WebSite","@id":"https:\/\/stage.jh-itc.de\/es\/#website","url":"https:\/\/stage.jh-itc.de\/es\/","name":"JH - ITC GmbH","description":"Ihr Experte f\u00fcr gebrauchte St\u00fctzen, Schalungen und Ger\u00fcste","publisher":{"@id":"https:\/\/stage.jh-itc.de\/es\/#organization"},"potentialAction":[{"@type":"SearchAction","target":{"@type":"EntryPoint","urlTemplate":"https:\/\/stage.jh-itc.de\/es\/?s={search_term_string}"},"query-input":{"@type":"PropertyValueSpecification","valueRequired":true,"valueName":"search_term_string"}}],"inLanguage":"es"},{"@type":"Organization","@id":"https:\/\/stage.jh-itc.de\/es\/#organization","name":"JH-ITC GmbH","url":"https:\/\/stage.jh-itc.de\/es\/","logo":{"@type":"ImageObject","inLanguage":"es","@id":"https:\/\/stage.jh-itc.de\/es\/#\/schema\/logo\/image\/","url":"https:\/\/stage.jh-itc.de\/wp-content\/uploads\/2016\/01\/JH-ITC2-1.png","contentUrl":"https:\/\/stage.jh-itc.de\/wp-content\/uploads\/2016\/01\/JH-ITC2-1.png","width":300,"height":102,"caption":"JH-ITC GmbH"},"image":{"@id":"https:\/\/stage.jh-itc.de\/es\/#\/schema\/logo\/image\/"},"sameAs":["https:\/\/www.facebook.com\/schalungshandel","https:\/\/x.com\/JH_ITC","https:\/\/www.linkedin.com\/in\/jhitc","https:\/\/youtu.be\/rMdZ-FLfI-Y"]}]}},"_links":{"self":[{"href":"https:\/\/stage.jh-itc.de\/es\/wp-json\/wp\/v2\/product\/43351","targetHints":{"allow":["GET"]}}],"collection":[{"href":"https:\/\/stage.jh-itc.de\/es\/wp-json\/wp\/v2\/product"}],"about":[{"href":"https:\/\/stage.jh-itc.de\/es\/wp-json\/wp\/v2\/types\/product"}],"wp:featuredmedia":[{"embeddable":true,"href":"https:\/\/stage.jh-itc.de\/es\/wp-json\/wp\/v2\/media\/43387"}],"wp:attachment":[{"href":"https:\/\/stage.jh-itc.de\/es\/wp-json\/wp\/v2\/media?parent=43351"}],"wp:term":[{"taxonomy":"product_brand","embeddable":true,"href":"https:\/\/stage.jh-itc.de\/es\/wp-json\/wp\/v2\/product_brand?post=43351"},{"taxonomy":"product_cat","embeddable":true,"href":"https:\/\/stage.jh-itc.de\/es\/wp-json\/wp\/v2\/product_cat?post=43351"},{"taxonomy":"product_tag","embeddable":true,"href":"https:\/\/stage.jh-itc.de\/es\/wp-json\/wp\/v2\/product_tag?post=43351"}],"curies":[{"name":"wp","href":"https:\/\/api.w.org\/{rel}","templated":true}]}}