{"id":43259,"date":"2015-10-12T16:23:38","date_gmt":"2023-04-24T13:56:48","guid":{"rendered":"https:\/\/www.jh-itc.de\/shop\/sin categor\u00eda\/doka-eurex-30-400\/"},"modified":"2023-04-24T15:56:48","modified_gmt":"2023-04-24T13:56:48","slug":"500-x-doka-eurex-30-400","status":"publish","type":"product","link":"https:\/\/stage.jh-itc.de\/es\/shop\/doka-es\/doka-stuetzen-es\/500-x-doka-eurex-30-400\/","title":{"rendered":"Doka Eurex 30-400"},"content":{"rendered":"","protected":false},"excerpt":{"rendered":"<p>Ofrecemos <strong>puntales de suelo Doka Eurex 30-400<\/strong>.<\/p>\n<p>Est\u00e1n en buen estado y disponibles en stock<\/p>\n","protected":false},"featured_media":43290,"template":"","meta":[],"product_brand":[],"product_cat":[275,308,269],"product_tag":[],"class_list":{"0":"post-43259","1":"product","2":"type-product","3":"status-publish","4":"has-post-thumbnail","6":"product_cat-doka-stuetzen-es","7":"product_cat-apuntalar","8":"product_cat-doka-es","10":"first","11":"instock","12":"taxable","13":"shipping-taxable","14":"product-type-simple"},"yoast_head":"<!-- This site is optimized with the Yoast SEO plugin v26.5 - https:\/\/yoast.com\/wordpress\/plugins\/seo\/ -->\n<title>Doka Eurex 30-400 - JH - ITC GmbH<\/title>\n<meta name=\"description\" content=\"Puntales de suelo usados Doka Eurex 30-400\" \/>\n<meta name=\"robots\" content=\"noindex, follow, max-snippet:-1, max-image-preview:large, max-video-preview:-1\" \/>\n<meta property=\"og:locale\" content=\"es_ES\" \/>\n<meta property=\"og:type\" content=\"article\" \/>\n<meta property=\"og:title\" content=\"Doka Eurex 30-400 - JH - ITC GmbH\" \/>\n<meta property=\"og:description\" content=\"Puntales de suelo usados Doka Eurex 30-400\" \/>\n<meta property=\"og:url\" content=\"https:\/\/stage.jh-itc.de\/es\/shop\/doka-es\/doka-stuetzen-es\/500-x-doka-eurex-30-400\/\" \/>\n<meta property=\"og:site_name\" content=\"JH - ITC GmbH\" \/>\n<meta property=\"article:publisher\" content=\"https:\/\/www.facebook.com\/schalungshandel\" \/>\n<meta property=\"og:image\" content=\"https:\/\/stage.jh-itc.de\/wp-content\/uploads\/2015\/10\/Doka-Eurex-30-400-6.jpg\" \/>\n\t<meta property=\"og:image:width\" content=\"1024\" \/>\n\t<meta property=\"og:image:height\" content=\"768\" \/>\n\t<meta property=\"og:image:type\" content=\"image\/jpeg\" \/>\n<meta name=\"twitter:card\" content=\"summary_large_image\" \/>\n<meta name=\"twitter:site\" content=\"@JH_ITC\" \/>\n<!-- \/ Yoast SEO plugin. -->","yoast_head_json":{"title":"Doka Eurex 30-400 - JH - ITC GmbH","description":"Puntales de suelo usados Doka Eurex 30-400","robots":{"index":"noindex","follow":"follow","max-snippet":"max-snippet:-1","max-image-preview":"max-image-preview:large","max-video-preview":"max-video-preview:-1"},"og_locale":"es_ES","og_type":"article","og_title":"Doka Eurex 30-400 - JH - ITC GmbH","og_description":"Puntales de suelo usados Doka Eurex 30-400","og_url":"https:\/\/stage.jh-itc.de\/es\/shop\/doka-es\/doka-stuetzen-es\/500-x-doka-eurex-30-400\/","og_site_name":"JH - ITC GmbH","article_publisher":"https:\/\/www.facebook.com\/schalungshandel","og_image":[{"width":1024,"height":768,"url":"https:\/\/stage.jh-itc.de\/wp-content\/uploads\/2015\/10\/Doka-Eurex-30-400-6.jpg","type":"image\/jpeg"}],"twitter_card":"summary_large_image","twitter_site":"@JH_ITC","schema":{"@context":"https:\/\/schema.org","@graph":[{"@type":"WebPage","@id":"https:\/\/stage.jh-itc.de\/es\/shop\/doka-es\/doka-stuetzen-es\/500-x-doka-eurex-30-400\/","url":"https:\/\/stage.jh-itc.de\/es\/shop\/doka-es\/doka-stuetzen-es\/500-x-doka-eurex-30-400\/","name":"Doka Eurex 30-400 - JH - ITC GmbH","isPartOf":{"@id":"https:\/\/stage.jh-itc.de\/es\/#website"},"primaryImageOfPage":{"@id":"https:\/\/stage.jh-itc.de\/es\/shop\/doka-es\/doka-stuetzen-es\/500-x-doka-eurex-30-400\/#primaryimage"},"image":{"@id":"https:\/\/stage.jh-itc.de\/es\/shop\/doka-es\/doka-stuetzen-es\/500-x-doka-eurex-30-400\/#primaryimage"},"thumbnailUrl":"https:\/\/stage.jh-itc.de\/wp-content\/uploads\/2015\/10\/Doka-Eurex-30-400-6.jpg","datePublished":"2023-04-24T13:56:48+00:00","description":"Puntales de suelo usados Doka Eurex 30-400","breadcrumb":{"@id":"https:\/\/stage.jh-itc.de\/es\/shop\/doka-es\/doka-stuetzen-es\/500-x-doka-eurex-30-400\/#breadcrumb"},"inLanguage":"es","potentialAction":[{"@type":"ReadAction","target":["https:\/\/stage.jh-itc.de\/es\/shop\/doka-es\/doka-stuetzen-es\/500-x-doka-eurex-30-400\/"]}]},{"@type":"ImageObject","inLanguage":"es","@id":"https:\/\/stage.jh-itc.de\/es\/shop\/doka-es\/doka-stuetzen-es\/500-x-doka-eurex-30-400\/#primaryimage","url":"https:\/\/stage.jh-itc.de\/wp-content\/uploads\/2015\/10\/Doka-Eurex-30-400-6.jpg","contentUrl":"https:\/\/stage.jh-itc.de\/wp-content\/uploads\/2015\/10\/Doka-Eurex-30-400-6.jpg","width":1024,"height":768},{"@type":"BreadcrumbList","@id":"https:\/\/stage.jh-itc.de\/es\/shop\/doka-es\/doka-stuetzen-es\/500-x-doka-eurex-30-400\/#breadcrumb","itemListElement":[{"@type":"ListItem","position":1,"name":"Home","item":"https:\/\/stage.jh-itc.de\/es\/encofrados-puntales-y-andamios-de-profesionales\/"},{"@type":"ListItem","position":2,"name":"Tienda","item":"https:\/\/stage.jh-itc.de\/es\/tienda\/"},{"@type":"ListItem","position":3,"name":"Doka Eurex 30-400"}]},{"@type":"WebSite","@id":"https:\/\/stage.jh-itc.de\/es\/#website","url":"https:\/\/stage.jh-itc.de\/es\/","name":"JH - ITC GmbH","description":"Ihr Experte f\u00fcr gebrauchte St\u00fctzen, Schalungen und Ger\u00fcste","publisher":{"@id":"https:\/\/stage.jh-itc.de\/es\/#organization"},"potentialAction":[{"@type":"SearchAction","target":{"@type":"EntryPoint","urlTemplate":"https:\/\/stage.jh-itc.de\/es\/?s={search_term_string}"},"query-input":{"@type":"PropertyValueSpecification","valueRequired":true,"valueName":"search_term_string"}}],"inLanguage":"es"},{"@type":"Organization","@id":"https:\/\/stage.jh-itc.de\/es\/#organization","name":"JH-ITC GmbH","url":"https:\/\/stage.jh-itc.de\/es\/","logo":{"@type":"ImageObject","inLanguage":"es","@id":"https:\/\/stage.jh-itc.de\/es\/#\/schema\/logo\/image\/","url":"https:\/\/stage.jh-itc.de\/wp-content\/uploads\/2016\/01\/JH-ITC2-1.png","contentUrl":"https:\/\/stage.jh-itc.de\/wp-content\/uploads\/2016\/01\/JH-ITC2-1.png","width":300,"height":102,"caption":"JH-ITC GmbH"},"image":{"@id":"https:\/\/stage.jh-itc.de\/es\/#\/schema\/logo\/image\/"},"sameAs":["https:\/\/www.facebook.com\/schalungshandel","https:\/\/x.com\/JH_ITC","https:\/\/www.linkedin.com\/in\/jhitc","https:\/\/youtu.be\/rMdZ-FLfI-Y"]}]}},"_links":{"self":[{"href":"https:\/\/stage.jh-itc.de\/es\/wp-json\/wp\/v2\/product\/43259","targetHints":{"allow":["GET"]}}],"collection":[{"href":"https:\/\/stage.jh-itc.de\/es\/wp-json\/wp\/v2\/product"}],"about":[{"href":"https:\/\/stage.jh-itc.de\/es\/wp-json\/wp\/v2\/types\/product"}],"wp:featuredmedia":[{"embeddable":true,"href":"https:\/\/stage.jh-itc.de\/es\/wp-json\/wp\/v2\/media\/43290"}],"wp:attachment":[{"href":"https:\/\/stage.jh-itc.de\/es\/wp-json\/wp\/v2\/media?parent=43259"}],"wp:term":[{"taxonomy":"product_brand","embeddable":true,"href":"https:\/\/stage.jh-itc.de\/es\/wp-json\/wp\/v2\/product_brand?post=43259"},{"taxonomy":"product_cat","embeddable":true,"href":"https:\/\/stage.jh-itc.de\/es\/wp-json\/wp\/v2\/product_cat?post=43259"},{"taxonomy":"product_tag","embeddable":true,"href":"https:\/\/stage.jh-itc.de\/es\/wp-json\/wp\/v2\/product_tag?post=43259"}],"curies":[{"name":"wp","href":"https:\/\/api.w.org\/{rel}","templated":true}]}}