{"id":43145,"date":"2015-09-23T18:59:38","date_gmt":"2023-04-24T13:56:36","guid":{"rendered":"https:\/\/www.jh-itc.de\/shop\/sin categor\u00eda\/angulo-de-apilado-topec-de-huennebeck\/"},"modified":"2023-04-24T15:56:36","modified_gmt":"2023-04-24T13:56:36","slug":"huennebeck-topec-apilado-angulo","status":"publish","type":"product","link":"https:\/\/stage.jh-itc.de\/es\/shop\/huennebeck-es\/huennebeck-topec-es\/huennebeck-topec-apilado-angulo\/","title":{"rendered":"\u00c1ngulo de apilado Topec de H\u00fcnnebeck"},"content":{"rendered":"<p>El soporte apilable TOPEC se utiliza para apilar un total de 7 paneles Topec y transportar los paneles TOPEC.<\/p>\n<p>Esto garantiza un transporte seguro del encofrado en la obra o en su patio de almacenamiento.<\/p>\n<p>&nbsp;<\/p>\n","protected":false},"excerpt":{"rendered":"<p>Le ofrecemos los nuevos <strong>soportes apilables Topec de H\u00fcnnebeck<\/strong>.<\/p>\n<p>Para un <strong>transporte y almacenamiento<\/strong> seguros <strong>de<\/strong> su encofrado de losas Topec de H\u00fcnnebeck.<\/p>\n<p>Se pueden apilar<strong> 7 x paneles<\/strong> con los \u00e1ngulos de apilado.<\/p>\n<p>Si est\u00e1 interesado, env\u00edenos su consulta.<\/p>\n","protected":false},"featured_media":48460,"template":"","meta":[],"product_brand":[],"product_cat":[279,289,306],"product_tag":[],"class_list":{"0":"post-43145","1":"product","2":"type-product","3":"status-publish","4":"has-post-thumbnail","6":"product_cat-huennebeck-es","7":"product_cat-huennebeck-topec-es","8":"product_cat-encofrado","10":"first","11":"instock","12":"taxable","13":"shipping-taxable","14":"product-type-simple"},"yoast_head":"<!-- This site is optimized with the Yoast SEO plugin v26.5 - https:\/\/yoast.com\/wordpress\/plugins\/seo\/ -->\n<title>\u00c1ngulo de apilado Topec de H\u00fcnnebeck - JH - ITC GmbH<\/title>\n<meta name=\"description\" content=\"H\u00fcnnebeck Topec, SBG, Harsco Topec, Deckfast, \u00e1ngulos de apilado Topec\" \/>\n<meta name=\"robots\" content=\"noindex, follow, max-snippet:-1, max-image-preview:large, max-video-preview:-1\" \/>\n<meta property=\"og:locale\" content=\"es_ES\" \/>\n<meta property=\"og:type\" content=\"article\" \/>\n<meta property=\"og:title\" content=\"\u00c1ngulo de apilado Topec de H\u00fcnnebeck - JH - ITC GmbH\" \/>\n<meta property=\"og:description\" content=\"H\u00fcnnebeck Topec, SBG, Harsco Topec, Deckfast, \u00e1ngulos de apilado Topec\" \/>\n<meta property=\"og:url\" content=\"https:\/\/stage.jh-itc.de\/es\/shop\/huennebeck-es\/huennebeck-topec-es\/huennebeck-topec-apilado-angulo\/\" \/>\n<meta property=\"og:site_name\" content=\"JH - ITC GmbH\" \/>\n<meta property=\"article:publisher\" content=\"https:\/\/www.facebook.com\/schalungshandel\" \/>\n<meta property=\"og:image\" content=\"http:\/\/www.jh-itc.de\/wp-content\/uploads\/2015\/11\/Neue-Topec-Stapelwinkel-1.jpg\" \/>\n<meta name=\"twitter:card\" content=\"summary_large_image\" \/>\n<meta name=\"twitter:site\" content=\"@JH_ITC\" \/>\n<!-- \/ Yoast SEO plugin. -->","yoast_head_json":{"title":"\u00c1ngulo de apilado Topec de H\u00fcnnebeck - JH - ITC GmbH","description":"H\u00fcnnebeck Topec, SBG, Harsco Topec, Deckfast, \u00e1ngulos de apilado Topec","robots":{"index":"noindex","follow":"follow","max-snippet":"max-snippet:-1","max-image-preview":"max-image-preview:large","max-video-preview":"max-video-preview:-1"},"og_locale":"es_ES","og_type":"article","og_title":"\u00c1ngulo de apilado Topec de H\u00fcnnebeck - JH - ITC GmbH","og_description":"H\u00fcnnebeck Topec, SBG, Harsco Topec, Deckfast, \u00e1ngulos de apilado Topec","og_url":"https:\/\/stage.jh-itc.de\/es\/shop\/huennebeck-es\/huennebeck-topec-es\/huennebeck-topec-apilado-angulo\/","og_site_name":"JH - ITC GmbH","article_publisher":"https:\/\/www.facebook.com\/schalungshandel","og_image":[{"url":"http:\/\/www.jh-itc.de\/wp-content\/uploads\/2015\/11\/Neue-Topec-Stapelwinkel-1.jpg","type":"","width":"","height":""}],"twitter_card":"summary_large_image","twitter_site":"@JH_ITC","schema":{"@context":"https:\/\/schema.org","@graph":[{"@type":"WebPage","@id":"https:\/\/stage.jh-itc.de\/es\/shop\/huennebeck-es\/huennebeck-topec-es\/huennebeck-topec-apilado-angulo\/","url":"https:\/\/stage.jh-itc.de\/es\/shop\/huennebeck-es\/huennebeck-topec-es\/huennebeck-topec-apilado-angulo\/","name":"\u00c1ngulo de apilado Topec de H\u00fcnnebeck - JH - ITC GmbH","isPartOf":{"@id":"https:\/\/stage.jh-itc.de\/es\/#website"},"primaryImageOfPage":{"@id":"https:\/\/stage.jh-itc.de\/es\/shop\/huennebeck-es\/huennebeck-topec-es\/huennebeck-topec-apilado-angulo\/#primaryimage"},"image":{"@id":"https:\/\/stage.jh-itc.de\/es\/shop\/huennebeck-es\/huennebeck-topec-es\/huennebeck-topec-apilado-angulo\/#primaryimage"},"thumbnailUrl":"https:\/\/stage.jh-itc.de\/wp-content\/uploads\/2015\/09\/Topec-Stapelwinkel-4-Small-e1443026939205.jpg","datePublished":"2023-04-24T13:56:36+00:00","description":"H\u00fcnnebeck Topec, SBG, Harsco Topec, Deckfast, \u00e1ngulos de apilado Topec","breadcrumb":{"@id":"https:\/\/stage.jh-itc.de\/es\/shop\/huennebeck-es\/huennebeck-topec-es\/huennebeck-topec-apilado-angulo\/#breadcrumb"},"inLanguage":"es","potentialAction":[{"@type":"ReadAction","target":["https:\/\/stage.jh-itc.de\/es\/shop\/huennebeck-es\/huennebeck-topec-es\/huennebeck-topec-apilado-angulo\/"]}]},{"@type":"ImageObject","inLanguage":"es","@id":"https:\/\/stage.jh-itc.de\/es\/shop\/huennebeck-es\/huennebeck-topec-es\/huennebeck-topec-apilado-angulo\/#primaryimage","url":"https:\/\/stage.jh-itc.de\/wp-content\/uploads\/2015\/09\/Topec-Stapelwinkel-4-Small-e1443026939205.jpg","contentUrl":"https:\/\/stage.jh-itc.de\/wp-content\/uploads\/2015\/09\/Topec-Stapelwinkel-4-Small-e1443026939205.jpg","width":480,"height":640},{"@type":"BreadcrumbList","@id":"https:\/\/stage.jh-itc.de\/es\/shop\/huennebeck-es\/huennebeck-topec-es\/huennebeck-topec-apilado-angulo\/#breadcrumb","itemListElement":[{"@type":"ListItem","position":1,"name":"Home","item":"https:\/\/stage.jh-itc.de\/es\/encofrados-puntales-y-andamios-de-profesionales\/"},{"@type":"ListItem","position":2,"name":"Tienda","item":"https:\/\/stage.jh-itc.de\/es\/tienda\/"},{"@type":"ListItem","position":3,"name":"\u00c1ngulo de apilado Topec de H\u00fcnnebeck"}]},{"@type":"WebSite","@id":"https:\/\/stage.jh-itc.de\/es\/#website","url":"https:\/\/stage.jh-itc.de\/es\/","name":"JH - ITC GmbH","description":"Ihr Experte f\u00fcr gebrauchte St\u00fctzen, Schalungen und Ger\u00fcste","publisher":{"@id":"https:\/\/stage.jh-itc.de\/es\/#organization"},"potentialAction":[{"@type":"SearchAction","target":{"@type":"EntryPoint","urlTemplate":"https:\/\/stage.jh-itc.de\/es\/?s={search_term_string}"},"query-input":{"@type":"PropertyValueSpecification","valueRequired":true,"valueName":"search_term_string"}}],"inLanguage":"es"},{"@type":"Organization","@id":"https:\/\/stage.jh-itc.de\/es\/#organization","name":"JH-ITC GmbH","url":"https:\/\/stage.jh-itc.de\/es\/","logo":{"@type":"ImageObject","inLanguage":"es","@id":"https:\/\/stage.jh-itc.de\/es\/#\/schema\/logo\/image\/","url":"https:\/\/stage.jh-itc.de\/wp-content\/uploads\/2016\/01\/JH-ITC2-1.png","contentUrl":"https:\/\/stage.jh-itc.de\/wp-content\/uploads\/2016\/01\/JH-ITC2-1.png","width":300,"height":102,"caption":"JH-ITC GmbH"},"image":{"@id":"https:\/\/stage.jh-itc.de\/es\/#\/schema\/logo\/image\/"},"sameAs":["https:\/\/www.facebook.com\/schalungshandel","https:\/\/x.com\/JH_ITC","https:\/\/www.linkedin.com\/in\/jhitc","https:\/\/youtu.be\/rMdZ-FLfI-Y"]}]}},"_links":{"self":[{"href":"https:\/\/stage.jh-itc.de\/es\/wp-json\/wp\/v2\/product\/43145","targetHints":{"allow":["GET"]}}],"collection":[{"href":"https:\/\/stage.jh-itc.de\/es\/wp-json\/wp\/v2\/product"}],"about":[{"href":"https:\/\/stage.jh-itc.de\/es\/wp-json\/wp\/v2\/types\/product"}],"wp:featuredmedia":[{"embeddable":true,"href":"https:\/\/stage.jh-itc.de\/es\/wp-json\/wp\/v2\/media\/48460"}],"wp:attachment":[{"href":"https:\/\/stage.jh-itc.de\/es\/wp-json\/wp\/v2\/media?parent=43145"}],"wp:term":[{"taxonomy":"product_brand","embeddable":true,"href":"https:\/\/stage.jh-itc.de\/es\/wp-json\/wp\/v2\/product_brand?post=43145"},{"taxonomy":"product_cat","embeddable":true,"href":"https:\/\/stage.jh-itc.de\/es\/wp-json\/wp\/v2\/product_cat?post=43145"},{"taxonomy":"product_tag","embeddable":true,"href":"https:\/\/stage.jh-itc.de\/es\/wp-json\/wp\/v2\/product_tag?post=43145"}],"curies":[{"name":"wp","href":"https:\/\/api.w.org\/{rel}","templated":true}]}}