{"id":43040,"date":"2021-11-17T14:42:00","date_gmt":"2023-04-24T13:56:07","guid":{"rendered":"https:\/\/www.jh-itc.de\/shop\/sin categor\u00eda\/encofrado-compatible-peri-trio-con-3-m-de-altura\/"},"modified":"2023-04-24T15:56:07","modified_gmt":"2023-04-24T13:56:07","slug":"encofrado-peri-trio-compatible-con-altura-de-3m","status":"publish","type":"product","link":"https:\/\/stage.jh-itc.de\/es\/shop\/peri-es\/encofrado-peri-trio-compatible-con-altura-de-3m\/","title":{"rendered":"Encofrado compatible Peri Trio con 3 m de altura"},"content":{"rendered":"","protected":false},"excerpt":{"rendered":"<p>Podemos ofrecerle un encofrado compatible con Peri Trio de 3 m de altura.<\/p>\n<p>A\u00f1o de fabricaci\u00f3n : 2021<\/p>\n<p>El encofrado es 100% compatible con el encofrado PERI (todas las piezas de uni\u00f3n pueden utilizarse sin restricciones con ambos sistemas, id\u00e9ntica posici\u00f3n de los agujeros de anclaje, etc.).<\/p>\n<p>La altura del encofrado es de 3,0 m<\/p>\n<p>Tambi\u00e9n hay esquinas internas de extracci\u00f3n, que PERI no tiene.<\/p>\n<p>La lista de materiales puede enviarse previa solicitud.<\/p>\n<p>Si est\u00e1 interesado, env\u00edenos su solicitud<\/p>\n<p>&nbsp;<\/p>\n","protected":false},"featured_media":37049,"template":"","meta":[],"product_brand":[],"product_cat":[304,306],"product_tag":[],"class_list":{"0":"post-43040","1":"product","2":"type-product","3":"status-publish","4":"has-post-thumbnail","6":"product_cat-peri-es","7":"product_cat-encofrado","9":"first","10":"instock","11":"taxable","12":"shipping-taxable","13":"product-type-simple"},"yoast_head":"<!-- This site is optimized with the Yoast SEO plugin v26.5 - https:\/\/yoast.com\/wordpress\/plugins\/seo\/ -->\n<title>Encofrado compatible Peri Trio con 3 m de altura - JH - ITC GmbH<\/title>\n<meta name=\"description\" content=\"Encofrado compatible Peri Trio con 3 m de altura. Fabricantes de renombre \u2714 Encofrados, puntales, andamios y maquinaria de construcci\u00f3n nuevos y usados \u2714 \u00a1Solicite un presupuesto ahora!\" \/>\n<meta name=\"robots\" content=\"noindex, follow, max-snippet:-1, max-image-preview:large, max-video-preview:-1\" \/>\n<meta property=\"og:locale\" content=\"es_ES\" \/>\n<meta property=\"og:type\" content=\"article\" \/>\n<meta property=\"og:title\" content=\"Encofrado compatible Peri Trio con 3 m de altura - JH - ITC GmbH\" \/>\n<meta property=\"og:description\" content=\"Encofrado compatible Peri Trio con 3 m de altura. Fabricantes de renombre \u2714 Encofrados, puntales, andamios y maquinaria de construcci\u00f3n nuevos y usados \u2714 \u00a1Solicite un presupuesto ahora!\" \/>\n<meta property=\"og:url\" content=\"https:\/\/stage.jh-itc.de\/es\/shop\/peri-es\/encofrado-peri-trio-compatible-con-altura-de-3m\/\" \/>\n<meta property=\"og:site_name\" content=\"JH - ITC GmbH\" \/>\n<meta property=\"article:publisher\" content=\"https:\/\/www.facebook.com\/schalungshandel\" \/>\n<meta property=\"og:image\" content=\"https:\/\/stage.jh-itc.de\/wp-content\/uploads\/2021\/11\/Peri-Trio-Kompatibel-3m-Schalung-2.jpg\" \/>\n\t<meta property=\"og:image:width\" content=\"2048\" \/>\n\t<meta property=\"og:image:height\" content=\"1152\" \/>\n\t<meta property=\"og:image:type\" content=\"image\/jpeg\" \/>\n<meta name=\"twitter:card\" content=\"summary_large_image\" \/>\n<meta name=\"twitter:site\" content=\"@JH_ITC\" \/>\n<!-- \/ Yoast SEO plugin. -->","yoast_head_json":{"title":"Encofrado compatible Peri Trio con 3 m de altura - JH - ITC GmbH","description":"Encofrado compatible Peri Trio con 3 m de altura. Fabricantes de renombre \u2714 Encofrados, puntales, andamios y maquinaria de construcci\u00f3n nuevos y usados \u2714 \u00a1Solicite un presupuesto ahora!","robots":{"index":"noindex","follow":"follow","max-snippet":"max-snippet:-1","max-image-preview":"max-image-preview:large","max-video-preview":"max-video-preview:-1"},"og_locale":"es_ES","og_type":"article","og_title":"Encofrado compatible Peri Trio con 3 m de altura - JH - ITC GmbH","og_description":"Encofrado compatible Peri Trio con 3 m de altura. Fabricantes de renombre \u2714 Encofrados, puntales, andamios y maquinaria de construcci\u00f3n nuevos y usados \u2714 \u00a1Solicite un presupuesto ahora!","og_url":"https:\/\/stage.jh-itc.de\/es\/shop\/peri-es\/encofrado-peri-trio-compatible-con-altura-de-3m\/","og_site_name":"JH - ITC GmbH","article_publisher":"https:\/\/www.facebook.com\/schalungshandel","og_image":[{"width":2048,"height":1152,"url":"https:\/\/stage.jh-itc.de\/wp-content\/uploads\/2021\/11\/Peri-Trio-Kompatibel-3m-Schalung-2.jpg","type":"image\/jpeg"}],"twitter_card":"summary_large_image","twitter_site":"@JH_ITC","schema":{"@context":"https:\/\/schema.org","@graph":[{"@type":"WebPage","@id":"https:\/\/stage.jh-itc.de\/es\/shop\/peri-es\/encofrado-peri-trio-compatible-con-altura-de-3m\/","url":"https:\/\/stage.jh-itc.de\/es\/shop\/peri-es\/encofrado-peri-trio-compatible-con-altura-de-3m\/","name":"Encofrado compatible Peri Trio con 3 m de altura - JH - ITC GmbH","isPartOf":{"@id":"https:\/\/stage.jh-itc.de\/es\/#website"},"primaryImageOfPage":{"@id":"https:\/\/stage.jh-itc.de\/es\/shop\/peri-es\/encofrado-peri-trio-compatible-con-altura-de-3m\/#primaryimage"},"image":{"@id":"https:\/\/stage.jh-itc.de\/es\/shop\/peri-es\/encofrado-peri-trio-compatible-con-altura-de-3m\/#primaryimage"},"thumbnailUrl":"https:\/\/stage.jh-itc.de\/wp-content\/uploads\/2021\/11\/Peri-Trio-Kompatibel-3m-Schalung-2.jpg","datePublished":"2023-04-24T13:56:07+00:00","description":"Encofrado compatible Peri Trio con 3 m de altura. Fabricantes de renombre \u2714 Encofrados, puntales, andamios y maquinaria de construcci\u00f3n nuevos y usados \u2714 \u00a1Solicite un presupuesto ahora!","breadcrumb":{"@id":"https:\/\/stage.jh-itc.de\/es\/shop\/peri-es\/encofrado-peri-trio-compatible-con-altura-de-3m\/#breadcrumb"},"inLanguage":"es","potentialAction":[{"@type":"ReadAction","target":["https:\/\/stage.jh-itc.de\/es\/shop\/peri-es\/encofrado-peri-trio-compatible-con-altura-de-3m\/"]}]},{"@type":"ImageObject","inLanguage":"es","@id":"https:\/\/stage.jh-itc.de\/es\/shop\/peri-es\/encofrado-peri-trio-compatible-con-altura-de-3m\/#primaryimage","url":"https:\/\/stage.jh-itc.de\/wp-content\/uploads\/2021\/11\/Peri-Trio-Kompatibel-3m-Schalung-2.jpg","contentUrl":"https:\/\/stage.jh-itc.de\/wp-content\/uploads\/2021\/11\/Peri-Trio-Kompatibel-3m-Schalung-2.jpg","width":2048,"height":1152},{"@type":"BreadcrumbList","@id":"https:\/\/stage.jh-itc.de\/es\/shop\/peri-es\/encofrado-peri-trio-compatible-con-altura-de-3m\/#breadcrumb","itemListElement":[{"@type":"ListItem","position":1,"name":"Home","item":"https:\/\/stage.jh-itc.de\/es\/encofrados-puntales-y-andamios-de-profesionales\/"},{"@type":"ListItem","position":2,"name":"Tienda","item":"https:\/\/stage.jh-itc.de\/es\/tienda\/"},{"@type":"ListItem","position":3,"name":"Encofrado compatible Peri Trio con 3 m de altura"}]},{"@type":"WebSite","@id":"https:\/\/stage.jh-itc.de\/es\/#website","url":"https:\/\/stage.jh-itc.de\/es\/","name":"JH - ITC GmbH","description":"Ihr Experte f\u00fcr gebrauchte St\u00fctzen, Schalungen und Ger\u00fcste","publisher":{"@id":"https:\/\/stage.jh-itc.de\/es\/#organization"},"potentialAction":[{"@type":"SearchAction","target":{"@type":"EntryPoint","urlTemplate":"https:\/\/stage.jh-itc.de\/es\/?s={search_term_string}"},"query-input":{"@type":"PropertyValueSpecification","valueRequired":true,"valueName":"search_term_string"}}],"inLanguage":"es"},{"@type":"Organization","@id":"https:\/\/stage.jh-itc.de\/es\/#organization","name":"JH-ITC GmbH","url":"https:\/\/stage.jh-itc.de\/es\/","logo":{"@type":"ImageObject","inLanguage":"es","@id":"https:\/\/stage.jh-itc.de\/es\/#\/schema\/logo\/image\/","url":"https:\/\/stage.jh-itc.de\/wp-content\/uploads\/2016\/01\/JH-ITC2-1.png","contentUrl":"https:\/\/stage.jh-itc.de\/wp-content\/uploads\/2016\/01\/JH-ITC2-1.png","width":300,"height":102,"caption":"JH-ITC GmbH"},"image":{"@id":"https:\/\/stage.jh-itc.de\/es\/#\/schema\/logo\/image\/"},"sameAs":["https:\/\/www.facebook.com\/schalungshandel","https:\/\/x.com\/JH_ITC","https:\/\/www.linkedin.com\/in\/jhitc","https:\/\/youtu.be\/rMdZ-FLfI-Y"]}]}},"_links":{"self":[{"href":"https:\/\/stage.jh-itc.de\/es\/wp-json\/wp\/v2\/product\/43040","targetHints":{"allow":["GET"]}}],"collection":[{"href":"https:\/\/stage.jh-itc.de\/es\/wp-json\/wp\/v2\/product"}],"about":[{"href":"https:\/\/stage.jh-itc.de\/es\/wp-json\/wp\/v2\/types\/product"}],"wp:featuredmedia":[{"embeddable":true,"href":"https:\/\/stage.jh-itc.de\/es\/wp-json\/wp\/v2\/media\/37049"}],"wp:attachment":[{"href":"https:\/\/stage.jh-itc.de\/es\/wp-json\/wp\/v2\/media?parent=43040"}],"wp:term":[{"taxonomy":"product_brand","embeddable":true,"href":"https:\/\/stage.jh-itc.de\/es\/wp-json\/wp\/v2\/product_brand?post=43040"},{"taxonomy":"product_cat","embeddable":true,"href":"https:\/\/stage.jh-itc.de\/es\/wp-json\/wp\/v2\/product_cat?post=43040"},{"taxonomy":"product_tag","embeddable":true,"href":"https:\/\/stage.jh-itc.de\/es\/wp-json\/wp\/v2\/product_tag?post=43040"}],"curies":[{"name":"wp","href":"https:\/\/api.w.org\/{rel}","templated":true}]}}