{"id":42983,"date":"2021-11-26T19:27:17","date_gmt":"2023-04-24T13:54:19","guid":{"rendered":"https:\/\/www.jh-itc.de\/shop\/sin categor\u00eda\/andamio-de-montaje-rapido-huennebeck\/"},"modified":"2023-04-24T15:54:19","modified_gmt":"2023-04-24T13:54:19","slug":"huennebeck-schnellbau-geruest","status":"publish","type":"product","link":"https:\/\/stage.jh-itc.de\/es\/shop\/andamio\/huennebeck-schnellbau-geruest\/","title":{"rendered":"Andamio de montaje r\u00e1pido H\u00fcnnebeck"},"content":{"rendered":"<p>Aqu\u00ed puede descargar las instrucciones de montaje:<\/p>\n<p><a href=\"https:\/\/stage.jh-itc.de\/wp-content\/uploads\/2021\/11\/6.-Aufbauanleitung-Schnellbaugeruest.pdf\">Instrucciones de montaje Andamio de montaje r\u00e1pido H\u00fcnnebeck<\/a><\/p>\n","protected":false},"excerpt":{"rendered":"<p>Ofrecemos aprox. 2.000 m\u00b2 &#8211; andamios de montaje r\u00e1pido H\u00fcnnebeck usados de 1,00 m de ancho<\/p>\n<p>El andamio est\u00e1 en buenas condiciones.<\/p>\n<p>Si est\u00e1 interesado, env\u00edenos su consulta.<\/p>\n","protected":false},"featured_media":0,"template":"","meta":[],"product_brand":[],"product_cat":[276,279],"product_tag":[],"class_list":{"0":"post-42983","1":"product","2":"type-product","3":"status-publish","5":"product_cat-andamio","6":"product_cat-huennebeck-es","8":"first","9":"instock","10":"taxable","11":"shipping-taxable","12":"product-type-simple"},"yoast_head":"<!-- This site is optimized with the Yoast SEO plugin v26.5 - https:\/\/yoast.com\/wordpress\/plugins\/seo\/ -->\n<title>Andamio de montaje r\u00e1pido H\u00fcnnebeck - JH - ITC GmbH<\/title>\n<meta name=\"description\" content=\"Andamio de montaje r\u00e1pido H\u00fcnnebeck\" \/>\n<meta name=\"robots\" content=\"noindex, follow, max-snippet:-1, max-image-preview:large, max-video-preview:-1\" \/>\n<meta property=\"og:locale\" content=\"es_ES\" \/>\n<meta property=\"og:type\" content=\"article\" \/>\n<meta property=\"og:title\" content=\"Andamio de montaje r\u00e1pido H\u00fcnnebeck - JH - ITC GmbH\" \/>\n<meta property=\"og:description\" content=\"Andamio de montaje r\u00e1pido H\u00fcnnebeck\" \/>\n<meta property=\"og:url\" content=\"https:\/\/stage.jh-itc.de\/es\/shop\/andamio\/huennebeck-schnellbau-geruest\/\" \/>\n<meta property=\"og:site_name\" content=\"JH - ITC GmbH\" \/>\n<meta property=\"article:publisher\" content=\"https:\/\/www.facebook.com\/schalungshandel\" \/>\n<meta property=\"og:image\" content=\"https:\/\/stage.jh-itc.de\/wp-content\/uploads\/2021\/11\/Huennebeck-Schnellbaugeruest-1-scaled.jpg\" \/>\n\t<meta property=\"og:image:width\" content=\"1920\" \/>\n\t<meta property=\"og:image:height\" content=\"2560\" \/>\n\t<meta property=\"og:image:type\" content=\"image\/jpeg\" \/>\n<meta name=\"twitter:card\" content=\"summary_large_image\" \/>\n<meta name=\"twitter:site\" content=\"@JH_ITC\" \/>\n<!-- \/ Yoast SEO plugin. -->","yoast_head_json":{"title":"Andamio de montaje r\u00e1pido H\u00fcnnebeck - JH - ITC GmbH","description":"Andamio de montaje r\u00e1pido H\u00fcnnebeck","robots":{"index":"noindex","follow":"follow","max-snippet":"max-snippet:-1","max-image-preview":"max-image-preview:large","max-video-preview":"max-video-preview:-1"},"og_locale":"es_ES","og_type":"article","og_title":"Andamio de montaje r\u00e1pido H\u00fcnnebeck - JH - ITC GmbH","og_description":"Andamio de montaje r\u00e1pido H\u00fcnnebeck","og_url":"https:\/\/stage.jh-itc.de\/es\/shop\/andamio\/huennebeck-schnellbau-geruest\/","og_site_name":"JH - ITC GmbH","article_publisher":"https:\/\/www.facebook.com\/schalungshandel","og_image":[{"width":1920,"height":2560,"url":"https:\/\/stage.jh-itc.de\/wp-content\/uploads\/2021\/11\/Huennebeck-Schnellbaugeruest-1-scaled.jpg","type":"image\/jpeg"}],"twitter_card":"summary_large_image","twitter_site":"@JH_ITC","schema":{"@context":"https:\/\/schema.org","@graph":[{"@type":"WebPage","@id":"https:\/\/stage.jh-itc.de\/es\/shop\/andamio\/huennebeck-schnellbau-geruest\/","url":"https:\/\/stage.jh-itc.de\/es\/shop\/andamio\/huennebeck-schnellbau-geruest\/","name":"Andamio de montaje r\u00e1pido H\u00fcnnebeck - JH - ITC GmbH","isPartOf":{"@id":"https:\/\/stage.jh-itc.de\/es\/#website"},"datePublished":"2023-04-24T13:54:19+00:00","description":"Andamio de montaje r\u00e1pido H\u00fcnnebeck","breadcrumb":{"@id":"https:\/\/stage.jh-itc.de\/es\/shop\/andamio\/huennebeck-schnellbau-geruest\/#breadcrumb"},"inLanguage":"es","potentialAction":[{"@type":"ReadAction","target":["https:\/\/stage.jh-itc.de\/es\/shop\/andamio\/huennebeck-schnellbau-geruest\/"]}]},{"@type":"BreadcrumbList","@id":"https:\/\/stage.jh-itc.de\/es\/shop\/andamio\/huennebeck-schnellbau-geruest\/#breadcrumb","itemListElement":[{"@type":"ListItem","position":1,"name":"Home","item":"https:\/\/stage.jh-itc.de\/es\/encofrados-puntales-y-andamios-de-profesionales\/"},{"@type":"ListItem","position":2,"name":"Tienda","item":"https:\/\/stage.jh-itc.de\/es\/tienda\/"},{"@type":"ListItem","position":3,"name":"Andamio de montaje r\u00e1pido H\u00fcnnebeck"}]},{"@type":"WebSite","@id":"https:\/\/stage.jh-itc.de\/es\/#website","url":"https:\/\/stage.jh-itc.de\/es\/","name":"JH - ITC GmbH","description":"Ihr Experte f\u00fcr gebrauchte St\u00fctzen, Schalungen und Ger\u00fcste","publisher":{"@id":"https:\/\/stage.jh-itc.de\/es\/#organization"},"potentialAction":[{"@type":"SearchAction","target":{"@type":"EntryPoint","urlTemplate":"https:\/\/stage.jh-itc.de\/es\/?s={search_term_string}"},"query-input":{"@type":"PropertyValueSpecification","valueRequired":true,"valueName":"search_term_string"}}],"inLanguage":"es"},{"@type":"Organization","@id":"https:\/\/stage.jh-itc.de\/es\/#organization","name":"JH-ITC GmbH","url":"https:\/\/stage.jh-itc.de\/es\/","logo":{"@type":"ImageObject","inLanguage":"es","@id":"https:\/\/stage.jh-itc.de\/es\/#\/schema\/logo\/image\/","url":"https:\/\/stage.jh-itc.de\/wp-content\/uploads\/2016\/01\/JH-ITC2-1.png","contentUrl":"https:\/\/stage.jh-itc.de\/wp-content\/uploads\/2016\/01\/JH-ITC2-1.png","width":300,"height":102,"caption":"JH-ITC GmbH"},"image":{"@id":"https:\/\/stage.jh-itc.de\/es\/#\/schema\/logo\/image\/"},"sameAs":["https:\/\/www.facebook.com\/schalungshandel","https:\/\/x.com\/JH_ITC","https:\/\/www.linkedin.com\/in\/jhitc","https:\/\/youtu.be\/rMdZ-FLfI-Y"]}]}},"_links":{"self":[{"href":"https:\/\/stage.jh-itc.de\/es\/wp-json\/wp\/v2\/product\/42983","targetHints":{"allow":["GET"]}}],"collection":[{"href":"https:\/\/stage.jh-itc.de\/es\/wp-json\/wp\/v2\/product"}],"about":[{"href":"https:\/\/stage.jh-itc.de\/es\/wp-json\/wp\/v2\/types\/product"}],"wp:attachment":[{"href":"https:\/\/stage.jh-itc.de\/es\/wp-json\/wp\/v2\/media?parent=42983"}],"wp:term":[{"taxonomy":"product_brand","embeddable":true,"href":"https:\/\/stage.jh-itc.de\/es\/wp-json\/wp\/v2\/product_brand?post=42983"},{"taxonomy":"product_cat","embeddable":true,"href":"https:\/\/stage.jh-itc.de\/es\/wp-json\/wp\/v2\/product_cat?post=42983"},{"taxonomy":"product_tag","embeddable":true,"href":"https:\/\/stage.jh-itc.de\/es\/wp-json\/wp\/v2\/product_tag?post=42983"}],"curies":[{"name":"wp","href":"https:\/\/api.w.org\/{rel}","templated":true}]}}