{"id":42955,"date":"2022-01-19T18:32:04","date_gmt":"2023-04-24T13:54:10","guid":{"rendered":"https:\/\/www.jh-itc.de\/shop\/sin categor\u00eda\/peri-vario-gt-perno-de-acero\/"},"modified":"2023-04-24T15:54:10","modified_gmt":"2023-04-24T13:54:10","slug":"perno-peri-vario-gt-acero","status":"publish","type":"product","link":"https:\/\/stage.jh-itc.de\/es\/shop\/peri-es\/perno-peri-vario-gt-acero\/","title":{"rendered":"Peri Vario GT &#8211; Perno de acero"},"content":{"rendered":"<p>Esta es la lista de materiales<\/p>\n<p>&nbsp;<\/p>\n<table width=\"667\">\n<tbody>\n<tr>\n<td width=\"80\">N\u00ba de art.<\/td>\n<td width=\"264\">Descripci\u00f3n del art\u00edculo<\/td>\n<td width=\"248\">Descripci\u00f3n<\/td>\n<td width=\"75\">Cantidad<\/td>\n<\/tr>\n<tr>\n<td>103868<\/td>\n<td>List\u00f3n de acero Universal SRU U120, L = 0,72 m<\/td>\n<td>Acero Waler Universal SRU U-120 l = 0,72 m<\/td>\n<td>100<\/td>\n<\/tr>\n<tr>\n<td>103871<\/td>\n<td>List\u00f3n de acero Universal SRU U120, L = 0,97 m<\/td>\n<td>Acero Waler Universal SRU U-120 l = 0,97 m<\/td>\n<td>100<\/td>\n<\/tr>\n<tr>\n<td>103874<\/td>\n<td>Montante de acero Universal SRU U120, L = 1,22 m<\/td>\n<td>Acero Waler Universal SRU U-120 l = 1,22 m<\/td>\n<td>100<\/td>\n<\/tr>\n<tr>\n<td>103877<\/td>\n<td>Montante de acero Universal SRU U120, L = 1,47 m<\/td>\n<td>Acero Waler Universal SRU U-120 l = 1,47 m<\/td>\n<td>30<\/td>\n<\/tr>\n<tr>\n<td>103886<\/td>\n<td>Montante de acero Universal SRU U120, L = 1,72 m<\/td>\n<td>Acero Waler Universal SRU U-120 l = 1,72 m<\/td>\n<td>40<\/td>\n<\/tr>\n<tr>\n<td>103889<\/td>\n<td>Montante de acero Universal SRU U120, L = 1,97 m<\/td>\n<td>Acero Waler Universal SRU U-120 l = 1,97 m<\/td>\n<td>40<\/td>\n<\/tr>\n<tr>\n<td>103898<\/td>\n<td>Montante de acero Universal SRU U120, L = 2,22 m<\/td>\n<td>Acero Waler Universal SRU U-120 l = 2,22 m<\/td>\n<td>50<\/td>\n<\/tr>\n<tr>\n<td>103892<\/td>\n<td>Montante de acero Universal SRU U120, L = 2,47 m<\/td>\n<td>Acero Waler Universal SRU U-120 l = 2,47 m<\/td>\n<td>20<\/td>\n<\/tr>\n<tr>\n<td>103929<\/td>\n<td>Montante de acero Universal SRU U120, L = 2,72 m<\/td>\n<td>Acero Waler Universal SRU U-120 l = 2,72 m<\/td>\n<td>60<\/td>\n<\/tr>\n<tr>\n<td>103903<\/td>\n<td>Balaustrada de acero Universal SRU U120, L = 2,97 m<\/td>\n<td>Acero Waler Universal SRU U-120 l = 2,97 m<\/td>\n<td>150<\/td>\n<\/tr>\n<tr>\n<td>103906<\/td>\n<td>Montante de acero Universal SRU U120, L = 3,47 m<\/td>\n<td>Acero Waler Universal SRU U-120 l = 3,47 m<\/td>\n<td>50<\/td>\n<\/tr>\n<tr>\n<td>103915<\/td>\n<td>Montante de acero Universal SRU U120, L = 3,97 m<\/td>\n<td>Acero Waler Universal SRU U-120 l = 3,97 m<\/td>\n<td>50<\/td>\n<\/tr>\n<tr>\n<td>103918<\/td>\n<td>Montante de acero Universal SRU U120, L = 4,47 m<\/td>\n<td>Acero Waler Universal SRU U-120 l = 4,47 m<\/td>\n<td>50<\/td>\n<\/tr>\n<tr>\n<td>103922<\/td>\n<td>Montante de acero Universal SRU U120, L = 4,97 m<\/td>\n<td>Acero Waler Universal SRU U-120 l = 4,97 m<\/td>\n<td>120<\/td>\n<\/tr>\n<tr>\n<td>104031<\/td>\n<td width=\"264\">Tornillo de fijaci\u00f3n 21 x 120<\/td>\n<td width=\"248\">Perno \u00d8 21 x 120<\/td>\n<td>2000<\/td>\n<\/tr>\n<tr>\n<td>114082<\/td>\n<td>Placa de anclaje RCS DW 20<\/td>\n<td>Contraplaca RCS DW 20<\/td>\n<td>300<\/td>\n<\/tr>\n<tr>\n<td>111279<\/td>\n<td>Conector transversal VARIOKIT<\/td>\n<td><\/td>\n<td>1000<\/td>\n<\/tr>\n<tr>\n<td>109469<\/td>\n<td>Barandilla de escalada RCS 248<\/td>\n<td>Riel de escalada RCS 248<\/td>\n<td>200<\/td>\n<\/tr>\n<tr>\n<td>112102<\/td>\n<td>Barandilla de escalada RCS 298<\/td>\n<td>Riel de escalada RCS 298<\/td>\n<td>10<\/td>\n<\/tr>\n<tr>\n<td>109470<\/td>\n<td>Barandilla de escalada RCS 348<\/td>\n<td>Riel de escalada RCS 348<\/td>\n<td>200<\/td>\n<\/tr>\n<tr>\n<td>112141<\/td>\n<td>Riel de escalada RCS 398<\/td>\n<td>Riel de escalada RCS 398<\/td>\n<td>20<\/td>\n<\/tr>\n<tr>\n<td>109471<\/td>\n<td>Barandilla de escalada RCS 498<\/td>\n<td>Riel de escalada RCS 498<\/td>\n<td>20<\/td>\n<\/tr>\n<tr>\n<td>109472<\/td>\n<td>Barandilla de escalada RCS 748<\/td>\n<td>Riel de escalada RCS 748<\/td>\n<td>210<\/td>\n<\/tr>\n<tr>\n<td>111833<\/td>\n<td>Conector de ra\u00edl de escalada RCS 40<\/td>\n<td>Conector de ra\u00edl de escalada RCS 40<\/td>\n<td>100<\/td>\n<\/tr>\n<tr>\n<td>113744<\/td>\n<td>Conector de ra\u00edl de escalada RCS 73<\/td>\n<td>Conector de ra\u00edl de escalada RCS 73<\/td>\n<td>140<\/td>\n<\/tr>\n<tr>\n<td>111390<\/td>\n<td>Conector de ra\u00edl de escalada RCS 97<\/td>\n<td>Conector de ra\u00edl de escalada RCS 97<\/td>\n<td>160<\/td>\n<\/tr>\n<tr>\n<td>111382<\/td>\n<td>Rieles de escalada Conectores angulares RCS<\/td>\n<td>Conector angular del carril de escalada RCS<\/td>\n<td>24<\/td>\n<\/tr>\n<tr>\n<td>101773<\/td>\n<td>Husillo para cargas pesadas SLS 80\/140<\/td>\n<td>Husillo para cargas pesadas SLS 80\/140<\/td>\n<td>400<\/td>\n<\/tr>\n<tr>\n<td>101776<\/td>\n<td>Husillo para cargas pesadas SLS 140\/240<\/td>\n<td>Husillo para cargas pesadas SLS 140\/240<\/td>\n<td>400<\/td>\n<\/tr>\n<tr>\n<td>101779<\/td>\n<td>Husillo para cargas pesadas SLS 260\/360<\/td>\n<td>Husillo para cargas pesadas SLS 260\/360<\/td>\n<td>200<\/td>\n<\/tr>\n<tr>\n<td>110477<\/td>\n<td>Adaptador de husillo SLS\/RCS<\/td>\n<td>Adaptador de husillo SLS\/RCS<\/td>\n<td>1600<\/td>\n<\/tr>\n<tr>\n<td>111567<\/td>\n<td>Tornillo de fijaci\u00f3n \u00d8 26 x 120<\/td>\n<td>Perno \u00d8 26 x 120<\/td>\n<td>2000<\/td>\n<\/tr>\n<tr>\n<td>114997<\/td>\n<td>Zapata RCS DW 15<\/td>\n<td>Zapata de refuerzo RCS DW 15<\/td>\n<td>190<\/td>\n<\/tr>\n<tr>\n<td>018060<\/td>\n<td width=\"264\">Pasador de chaveta 4\/1, galv.<\/td>\n<td width=\"248\">Pasador de chaveta 4\/1, galv.<\/td>\n<td>2000<\/td>\n<\/tr>\n<\/tbody>\n<\/table>\n","protected":false},"excerpt":{"rendered":"<p>Ofrecemos <strong>material<\/strong> usado <strong>Peri Vario GT<\/strong>.<\/p>\n<p>El material est\u00e1 casi como nuevo y en muy buen estado.<\/p>\n<p>Si est\u00e1 interesado, env\u00edenos su consulta.<\/p>\n","protected":false},"featured_media":37820,"template":"","meta":[],"product_brand":[],"product_cat":[304,306],"product_tag":[],"class_list":{"0":"post-42955","1":"product","2":"type-product","3":"status-publish","4":"has-post-thumbnail","6":"product_cat-peri-es","7":"product_cat-encofrado","9":"first","10":"instock","11":"taxable","12":"shipping-taxable","13":"product-type-simple"},"yoast_head":"<!-- This site is optimized with the Yoast SEO plugin v26.5 - https:\/\/yoast.com\/wordpress\/plugins\/seo\/ -->\n<title>Peri Vario GT - Perno de acero - JH - ITC GmbH<\/title>\n<meta name=\"description\" content=\"Peri Vario GT - Perno de acero. Fabricantes de renombre \u2714 Encofrados, puntales, andamios y maquinaria de construcci\u00f3n nuevos y usados \u2714 \u00a1Solicite un presupuesto ahora!\" \/>\n<meta name=\"robots\" content=\"noindex, follow, max-snippet:-1, max-image-preview:large, max-video-preview:-1\" \/>\n<meta property=\"og:locale\" content=\"es_ES\" \/>\n<meta property=\"og:type\" content=\"article\" \/>\n<meta property=\"og:title\" content=\"Peri Vario GT - Perno de acero - JH - ITC GmbH\" \/>\n<meta property=\"og:description\" content=\"Peri Vario GT - Perno de acero. Fabricantes de renombre \u2714 Encofrados, puntales, andamios y maquinaria de construcci\u00f3n nuevos y usados \u2714 \u00a1Solicite un presupuesto ahora!\" \/>\n<meta property=\"og:url\" content=\"https:\/\/stage.jh-itc.de\/es\/shop\/peri-es\/perno-peri-vario-gt-acero\/\" \/>\n<meta property=\"og:site_name\" content=\"JH - ITC GmbH\" \/>\n<meta property=\"article:publisher\" content=\"https:\/\/www.facebook.com\/schalungshandel\" \/>\n<meta property=\"og:image\" content=\"https:\/\/stage.jh-itc.de\/wp-content\/uploads\/2022\/01\/Peri-Vario-GT_jwww.h-itc.de-11.jpg\" \/>\n\t<meta property=\"og:image:width\" content=\"2016\" \/>\n\t<meta property=\"og:image:height\" content=\"1512\" \/>\n\t<meta property=\"og:image:type\" content=\"image\/jpeg\" \/>\n<meta name=\"twitter:card\" content=\"summary_large_image\" \/>\n<meta name=\"twitter:site\" content=\"@JH_ITC\" \/>\n<meta name=\"twitter:label1\" content=\"Tiempo de lectura\" \/>\n\t<meta name=\"twitter:data1\" content=\"2 minutos\" \/>\n<!-- \/ Yoast SEO plugin. -->","yoast_head_json":{"title":"Peri Vario GT - Perno de acero - JH - ITC GmbH","description":"Peri Vario GT - Perno de acero. Fabricantes de renombre \u2714 Encofrados, puntales, andamios y maquinaria de construcci\u00f3n nuevos y usados \u2714 \u00a1Solicite un presupuesto ahora!","robots":{"index":"noindex","follow":"follow","max-snippet":"max-snippet:-1","max-image-preview":"max-image-preview:large","max-video-preview":"max-video-preview:-1"},"og_locale":"es_ES","og_type":"article","og_title":"Peri Vario GT - Perno de acero - JH - ITC GmbH","og_description":"Peri Vario GT - Perno de acero. Fabricantes de renombre \u2714 Encofrados, puntales, andamios y maquinaria de construcci\u00f3n nuevos y usados \u2714 \u00a1Solicite un presupuesto ahora!","og_url":"https:\/\/stage.jh-itc.de\/es\/shop\/peri-es\/perno-peri-vario-gt-acero\/","og_site_name":"JH - ITC GmbH","article_publisher":"https:\/\/www.facebook.com\/schalungshandel","og_image":[{"width":2016,"height":1512,"url":"https:\/\/stage.jh-itc.de\/wp-content\/uploads\/2022\/01\/Peri-Vario-GT_jwww.h-itc.de-11.jpg","type":"image\/jpeg"}],"twitter_card":"summary_large_image","twitter_site":"@JH_ITC","twitter_misc":{"Tiempo de lectura":"2 minutos"},"schema":{"@context":"https:\/\/schema.org","@graph":[{"@type":"WebPage","@id":"https:\/\/stage.jh-itc.de\/es\/shop\/peri-es\/perno-peri-vario-gt-acero\/","url":"https:\/\/stage.jh-itc.de\/es\/shop\/peri-es\/perno-peri-vario-gt-acero\/","name":"Peri Vario GT - Perno de acero - JH - ITC GmbH","isPartOf":{"@id":"https:\/\/stage.jh-itc.de\/es\/#website"},"primaryImageOfPage":{"@id":"https:\/\/stage.jh-itc.de\/es\/shop\/peri-es\/perno-peri-vario-gt-acero\/#primaryimage"},"image":{"@id":"https:\/\/stage.jh-itc.de\/es\/shop\/peri-es\/perno-peri-vario-gt-acero\/#primaryimage"},"thumbnailUrl":"https:\/\/stage.jh-itc.de\/wp-content\/uploads\/2022\/01\/Peri-Vario-GT_jwww.h-itc.de-11.jpg","datePublished":"2023-04-24T13:54:10+00:00","description":"Peri Vario GT - Perno de acero. Fabricantes de renombre \u2714 Encofrados, puntales, andamios y maquinaria de construcci\u00f3n nuevos y usados \u2714 \u00a1Solicite un presupuesto ahora!","breadcrumb":{"@id":"https:\/\/stage.jh-itc.de\/es\/shop\/peri-es\/perno-peri-vario-gt-acero\/#breadcrumb"},"inLanguage":"es","potentialAction":[{"@type":"ReadAction","target":["https:\/\/stage.jh-itc.de\/es\/shop\/peri-es\/perno-peri-vario-gt-acero\/"]}]},{"@type":"ImageObject","inLanguage":"es","@id":"https:\/\/stage.jh-itc.de\/es\/shop\/peri-es\/perno-peri-vario-gt-acero\/#primaryimage","url":"https:\/\/stage.jh-itc.de\/wp-content\/uploads\/2022\/01\/Peri-Vario-GT_jwww.h-itc.de-11.jpg","contentUrl":"https:\/\/stage.jh-itc.de\/wp-content\/uploads\/2022\/01\/Peri-Vario-GT_jwww.h-itc.de-11.jpg","width":2016,"height":1512},{"@type":"BreadcrumbList","@id":"https:\/\/stage.jh-itc.de\/es\/shop\/peri-es\/perno-peri-vario-gt-acero\/#breadcrumb","itemListElement":[{"@type":"ListItem","position":1,"name":"Home","item":"https:\/\/stage.jh-itc.de\/es\/encofrados-puntales-y-andamios-de-profesionales\/"},{"@type":"ListItem","position":2,"name":"Tienda","item":"https:\/\/stage.jh-itc.de\/es\/tienda\/"},{"@type":"ListItem","position":3,"name":"Peri Vario GT &#8211; Perno de acero"}]},{"@type":"WebSite","@id":"https:\/\/stage.jh-itc.de\/es\/#website","url":"https:\/\/stage.jh-itc.de\/es\/","name":"JH - ITC GmbH","description":"Ihr Experte f\u00fcr gebrauchte St\u00fctzen, Schalungen und Ger\u00fcste","publisher":{"@id":"https:\/\/stage.jh-itc.de\/es\/#organization"},"potentialAction":[{"@type":"SearchAction","target":{"@type":"EntryPoint","urlTemplate":"https:\/\/stage.jh-itc.de\/es\/?s={search_term_string}"},"query-input":{"@type":"PropertyValueSpecification","valueRequired":true,"valueName":"search_term_string"}}],"inLanguage":"es"},{"@type":"Organization","@id":"https:\/\/stage.jh-itc.de\/es\/#organization","name":"JH-ITC GmbH","url":"https:\/\/stage.jh-itc.de\/es\/","logo":{"@type":"ImageObject","inLanguage":"es","@id":"https:\/\/stage.jh-itc.de\/es\/#\/schema\/logo\/image\/","url":"https:\/\/stage.jh-itc.de\/wp-content\/uploads\/2016\/01\/JH-ITC2-1.png","contentUrl":"https:\/\/stage.jh-itc.de\/wp-content\/uploads\/2016\/01\/JH-ITC2-1.png","width":300,"height":102,"caption":"JH-ITC GmbH"},"image":{"@id":"https:\/\/stage.jh-itc.de\/es\/#\/schema\/logo\/image\/"},"sameAs":["https:\/\/www.facebook.com\/schalungshandel","https:\/\/x.com\/JH_ITC","https:\/\/www.linkedin.com\/in\/jhitc","https:\/\/youtu.be\/rMdZ-FLfI-Y"]}]}},"_links":{"self":[{"href":"https:\/\/stage.jh-itc.de\/es\/wp-json\/wp\/v2\/product\/42955","targetHints":{"allow":["GET"]}}],"collection":[{"href":"https:\/\/stage.jh-itc.de\/es\/wp-json\/wp\/v2\/product"}],"about":[{"href":"https:\/\/stage.jh-itc.de\/es\/wp-json\/wp\/v2\/types\/product"}],"wp:featuredmedia":[{"embeddable":true,"href":"https:\/\/stage.jh-itc.de\/es\/wp-json\/wp\/v2\/media\/37820"}],"wp:attachment":[{"href":"https:\/\/stage.jh-itc.de\/es\/wp-json\/wp\/v2\/media?parent=42955"}],"wp:term":[{"taxonomy":"product_brand","embeddable":true,"href":"https:\/\/stage.jh-itc.de\/es\/wp-json\/wp\/v2\/product_brand?post=42955"},{"taxonomy":"product_cat","embeddable":true,"href":"https:\/\/stage.jh-itc.de\/es\/wp-json\/wp\/v2\/product_cat?post=42955"},{"taxonomy":"product_tag","embeddable":true,"href":"https:\/\/stage.jh-itc.de\/es\/wp-json\/wp\/v2\/product_tag?post=42955"}],"curies":[{"name":"wp","href":"https:\/\/api.w.org\/{rel}","templated":true}]}}