{"id":42945,"date":"2021-12-15T14:57:17","date_gmt":"2023-04-24T13:54:08","guid":{"rendered":"https:\/\/www.jh-itc.de\/shop\/sin categor\u00eda\/material-de-cubierta-peri-vario\/"},"modified":"2023-04-24T15:54:08","modified_gmt":"2023-04-24T13:54:08","slug":"material-de-cubierta-peri-vario","status":"publish","type":"product","link":"https:\/\/stage.jh-itc.de\/es\/shop\/peri-es\/material-de-cubierta-peri-vario\/","title":{"rendered":"Material de cubierta Peri Vario"},"content":{"rendered":"<p>La mesa para losas VARIODECK es ideal para proyectos en los que hay que encofrar grandes superficies de losa en poco tiempo. Las mesas pueden utilizarse para techos de hasta 50 cm.<\/p>\n<p>Siempre requieren s\u00f3lo cuatro puntales de suelo y pueden trasladarse con una sola gr\u00faa. Si es necesario, tambi\u00e9n pueden formarse losas m\u00e1s gruesas con el n\u00famero de soportes correspondiente.<\/p>\n<h3>Ventajas<\/h3>\n<ul>\n<li>La superficie m\u00e1xima de encofrado de una mesa es de 15,9 m\u00b2.<\/li>\n<li>Cuando se utilizan las mesas en el borde de la losa, ya hay una plataforma de trabajo integrada en el sistema y no se requiere ninguna protecci\u00f3n adicional contra ca\u00eddas.<\/li>\n<li>Para facilitar y agilizar el desmontaje o el desplazamiento horizontal, se utiliza una mesa elevadora o un carro de transferencia.<\/li>\n<li>Selecci\u00f3n libre del puntal y aumento de la carga del puntal posible mediante la sujeci\u00f3n del puntal de losa en el cabezal giratorio de la mesa.<\/li>\n<li>Se pueden realizar \u00e1reas de montaje de hasta un m\u00e1ximo de 50 cm sin soporte adicional.<\/li>\n<li>Las conexiones integradas en el sistema sirven para disipar las fuerzas horizontales.<\/li>\n<li>Gracias a su reducida altura total de s\u00f3lo 36 cm, se requiere poco volumen de transporte y almacenamiento.<\/li>\n<\/ul>\n<p>&nbsp;<\/p>\n<hr>\n<p>&nbsp;<\/p>\n<p>Aqu\u00ed encontrar\u00e1 un enlace para descargar el folleto:<\/p>\n<p><a href=\"https:\/\/stage.jh-itc.de\/wp-content\/uploads\/2021\/12\/Peri_VARIODECK-DE.pdf\">Peri_VARIODECK-ES<\/a><\/p>\n<p><a href=\"https:\/\/stage.jh-itc.de\/wp-content\/uploads\/2021\/12\/Peri_VARIODECK_EN.pdf\">Peri_VARIODECK_ES<\/a><\/p>\n<p>&nbsp;<\/p>\n<p>&nbsp;<\/p>\n","protected":false},"excerpt":{"rendered":"<p>Ofrecemos el siguiente material usado <strong>Peri Vario Deck<\/strong>.<\/p>\n<table width=\"625\">\n<tbody>\n<tr>\n<td width=\"80\">N\u00ba de art.<\/td>\n<td width=\"264\">Descripci\u00f3n del art\u00edculo<\/td>\n<td width=\"206\">Descripci\u00f3n<\/td>\n<td width=\"75\">Cantidad<\/td>\n<\/tr>\n<tr>\n<td>100956<\/td>\n<td>Cabezal giratorio de mesa, parte inferior<\/td>\n<td>Cabezal giratorio de mesa, parte inferior<\/td>\n<td>1236<\/td>\n<\/tr>\n<tr>\n<td>117176<\/td>\n<td>Parte superior del cabezal de la mesa VD<\/td>\n<td>Cabezal de mesa Parte superior VD<\/td>\n<td>1196<\/td>\n<\/tr>\n<tr>\n<td>117185<\/td>\n<td>Parte central del cabezal de la mesa VD<\/td>\n<td>Cabezal de mesa Parte central VD<\/td>\n<td>1121<\/td>\n<\/tr>\n<tr>\n<td>103212<\/td>\n<td>Horquilla elevadora de mesa 1,75t \/ 8m<\/td>\n<td>Horquilla de elevaci\u00f3n 1,75 t \/ 8,0 m<\/td>\n<td>4<\/td>\n<\/tr>\n<tr>\n<td>028710<\/td>\n<td>Carro de transferencia de mesa 2t L = 2,00m<\/td>\n<td>Carro de mesa 2 t, l = 2,00 m<\/td>\n<td>10<\/td>\n<\/tr>\n<\/tbody>\n<\/table>\n<p>Si est\u00e1 interesado, env\u00edenos su consulta.<\/p>\n","protected":false},"featured_media":37555,"template":"","meta":[],"product_brand":[],"product_cat":[304,306],"product_tag":[],"class_list":{"0":"post-42945","1":"product","2":"type-product","3":"status-publish","4":"has-post-thumbnail","6":"product_cat-peri-es","7":"product_cat-encofrado","9":"first","10":"instock","11":"taxable","12":"shipping-taxable","13":"product-type-simple"},"yoast_head":"<!-- This site is optimized with the Yoast SEO plugin v26.5 - https:\/\/yoast.com\/wordpress\/plugins\/seo\/ -->\n<title>Material de cubierta Peri Vario - JH - ITC GmbH<\/title>\n<meta name=\"description\" content=\"Material de cubierta Peri Vario. Fabricantes de renombre \u2714 Encofrados, puntales, andamios y maquinaria de construcci\u00f3n nuevos y usados \u2714 \u00a1Solicite un presupuesto ahora!\" \/>\n<meta name=\"robots\" content=\"noindex, follow, max-snippet:-1, max-image-preview:large, max-video-preview:-1\" \/>\n<meta property=\"og:locale\" content=\"es_ES\" \/>\n<meta property=\"og:type\" content=\"article\" \/>\n<meta property=\"og:title\" content=\"Material de cubierta Peri Vario - JH - ITC GmbH\" \/>\n<meta property=\"og:description\" content=\"Material de cubierta Peri Vario. Fabricantes de renombre \u2714 Encofrados, puntales, andamios y maquinaria de construcci\u00f3n nuevos y usados \u2714 \u00a1Solicite un presupuesto ahora!\" \/>\n<meta property=\"og:url\" content=\"https:\/\/stage.jh-itc.de\/es\/shop\/peri-es\/material-de-cubierta-peri-vario\/\" \/>\n<meta property=\"og:site_name\" content=\"JH - ITC GmbH\" \/>\n<meta property=\"article:publisher\" content=\"https:\/\/www.facebook.com\/schalungshandel\" \/>\n<meta property=\"og:image\" content=\"https:\/\/stage.jh-itc.de\/wp-content\/uploads\/2021\/12\/Peri-Vario-Deck.jpg\" \/>\n\t<meta property=\"og:image:width\" content=\"925\" \/>\n\t<meta property=\"og:image:height\" content=\"528\" \/>\n\t<meta property=\"og:image:type\" content=\"image\/jpeg\" \/>\n<meta name=\"twitter:card\" content=\"summary_large_image\" \/>\n<meta name=\"twitter:site\" content=\"@JH_ITC\" \/>\n<meta name=\"twitter:label1\" content=\"Tiempo de lectura\" \/>\n\t<meta name=\"twitter:data1\" content=\"1 minuto\" \/>\n<!-- \/ Yoast SEO plugin. -->","yoast_head_json":{"title":"Material de cubierta Peri Vario - JH - ITC GmbH","description":"Material de cubierta Peri Vario. Fabricantes de renombre \u2714 Encofrados, puntales, andamios y maquinaria de construcci\u00f3n nuevos y usados \u2714 \u00a1Solicite un presupuesto ahora!","robots":{"index":"noindex","follow":"follow","max-snippet":"max-snippet:-1","max-image-preview":"max-image-preview:large","max-video-preview":"max-video-preview:-1"},"og_locale":"es_ES","og_type":"article","og_title":"Material de cubierta Peri Vario - JH - ITC GmbH","og_description":"Material de cubierta Peri Vario. Fabricantes de renombre \u2714 Encofrados, puntales, andamios y maquinaria de construcci\u00f3n nuevos y usados \u2714 \u00a1Solicite un presupuesto ahora!","og_url":"https:\/\/stage.jh-itc.de\/es\/shop\/peri-es\/material-de-cubierta-peri-vario\/","og_site_name":"JH - ITC GmbH","article_publisher":"https:\/\/www.facebook.com\/schalungshandel","og_image":[{"width":925,"height":528,"url":"https:\/\/stage.jh-itc.de\/wp-content\/uploads\/2021\/12\/Peri-Vario-Deck.jpg","type":"image\/jpeg"}],"twitter_card":"summary_large_image","twitter_site":"@JH_ITC","twitter_misc":{"Tiempo de lectura":"1 minuto"},"schema":{"@context":"https:\/\/schema.org","@graph":[{"@type":"WebPage","@id":"https:\/\/stage.jh-itc.de\/es\/shop\/peri-es\/material-de-cubierta-peri-vario\/","url":"https:\/\/stage.jh-itc.de\/es\/shop\/peri-es\/material-de-cubierta-peri-vario\/","name":"Material de cubierta Peri Vario - JH - ITC GmbH","isPartOf":{"@id":"https:\/\/stage.jh-itc.de\/es\/#website"},"primaryImageOfPage":{"@id":"https:\/\/stage.jh-itc.de\/es\/shop\/peri-es\/material-de-cubierta-peri-vario\/#primaryimage"},"image":{"@id":"https:\/\/stage.jh-itc.de\/es\/shop\/peri-es\/material-de-cubierta-peri-vario\/#primaryimage"},"thumbnailUrl":"https:\/\/stage.jh-itc.de\/wp-content\/uploads\/2021\/12\/Peri-Vario-Deck.jpg","datePublished":"2023-04-24T13:54:08+00:00","description":"Material de cubierta Peri Vario. Fabricantes de renombre \u2714 Encofrados, puntales, andamios y maquinaria de construcci\u00f3n nuevos y usados \u2714 \u00a1Solicite un presupuesto ahora!","breadcrumb":{"@id":"https:\/\/stage.jh-itc.de\/es\/shop\/peri-es\/material-de-cubierta-peri-vario\/#breadcrumb"},"inLanguage":"es","potentialAction":[{"@type":"ReadAction","target":["https:\/\/stage.jh-itc.de\/es\/shop\/peri-es\/material-de-cubierta-peri-vario\/"]}]},{"@type":"ImageObject","inLanguage":"es","@id":"https:\/\/stage.jh-itc.de\/es\/shop\/peri-es\/material-de-cubierta-peri-vario\/#primaryimage","url":"https:\/\/stage.jh-itc.de\/wp-content\/uploads\/2021\/12\/Peri-Vario-Deck.jpg","contentUrl":"https:\/\/stage.jh-itc.de\/wp-content\/uploads\/2021\/12\/Peri-Vario-Deck.jpg","width":925,"height":528},{"@type":"BreadcrumbList","@id":"https:\/\/stage.jh-itc.de\/es\/shop\/peri-es\/material-de-cubierta-peri-vario\/#breadcrumb","itemListElement":[{"@type":"ListItem","position":1,"name":"Home","item":"https:\/\/stage.jh-itc.de\/es\/encofrados-puntales-y-andamios-de-profesionales\/"},{"@type":"ListItem","position":2,"name":"Tienda","item":"https:\/\/stage.jh-itc.de\/es\/tienda\/"},{"@type":"ListItem","position":3,"name":"Material de cubierta Peri Vario"}]},{"@type":"WebSite","@id":"https:\/\/stage.jh-itc.de\/es\/#website","url":"https:\/\/stage.jh-itc.de\/es\/","name":"JH - ITC GmbH","description":"Ihr Experte f\u00fcr gebrauchte St\u00fctzen, Schalungen und Ger\u00fcste","publisher":{"@id":"https:\/\/stage.jh-itc.de\/es\/#organization"},"potentialAction":[{"@type":"SearchAction","target":{"@type":"EntryPoint","urlTemplate":"https:\/\/stage.jh-itc.de\/es\/?s={search_term_string}"},"query-input":{"@type":"PropertyValueSpecification","valueRequired":true,"valueName":"search_term_string"}}],"inLanguage":"es"},{"@type":"Organization","@id":"https:\/\/stage.jh-itc.de\/es\/#organization","name":"JH-ITC GmbH","url":"https:\/\/stage.jh-itc.de\/es\/","logo":{"@type":"ImageObject","inLanguage":"es","@id":"https:\/\/stage.jh-itc.de\/es\/#\/schema\/logo\/image\/","url":"https:\/\/stage.jh-itc.de\/wp-content\/uploads\/2016\/01\/JH-ITC2-1.png","contentUrl":"https:\/\/stage.jh-itc.de\/wp-content\/uploads\/2016\/01\/JH-ITC2-1.png","width":300,"height":102,"caption":"JH-ITC GmbH"},"image":{"@id":"https:\/\/stage.jh-itc.de\/es\/#\/schema\/logo\/image\/"},"sameAs":["https:\/\/www.facebook.com\/schalungshandel","https:\/\/x.com\/JH_ITC","https:\/\/www.linkedin.com\/in\/jhitc","https:\/\/youtu.be\/rMdZ-FLfI-Y"]}]}},"_links":{"self":[{"href":"https:\/\/stage.jh-itc.de\/es\/wp-json\/wp\/v2\/product\/42945","targetHints":{"allow":["GET"]}}],"collection":[{"href":"https:\/\/stage.jh-itc.de\/es\/wp-json\/wp\/v2\/product"}],"about":[{"href":"https:\/\/stage.jh-itc.de\/es\/wp-json\/wp\/v2\/types\/product"}],"wp:featuredmedia":[{"embeddable":true,"href":"https:\/\/stage.jh-itc.de\/es\/wp-json\/wp\/v2\/media\/37555"}],"wp:attachment":[{"href":"https:\/\/stage.jh-itc.de\/es\/wp-json\/wp\/v2\/media?parent=42945"}],"wp:term":[{"taxonomy":"product_brand","embeddable":true,"href":"https:\/\/stage.jh-itc.de\/es\/wp-json\/wp\/v2\/product_brand?post=42945"},{"taxonomy":"product_cat","embeddable":true,"href":"https:\/\/stage.jh-itc.de\/es\/wp-json\/wp\/v2\/product_cat?post=42945"},{"taxonomy":"product_tag","embeddable":true,"href":"https:\/\/stage.jh-itc.de\/es\/wp-json\/wp\/v2\/product_tag?post=42945"}],"curies":[{"name":"wp","href":"https:\/\/api.w.org\/{rel}","templated":true}]}}