{"id":42926,"date":"2022-02-21T17:20:28","date_gmt":"2023-04-24T13:54:04","guid":{"rendered":"https:\/\/www.jh-itc.de\/shop\/sin categor\u00eda\/peri-up-torre-de-apuntalamiento-mds\/"},"modified":"2023-04-24T15:54:04","modified_gmt":"2023-04-24T13:54:04","slug":"peri-up-tower-mds","status":"publish","type":"product","link":"https:\/\/stage.jh-itc.de\/es\/shop\/andamio\/peri-up-tower-mds\/","title":{"rendered":"Peri UP torre de apuntalamiento MDS"},"content":{"rendered":"<p>La torre de apuntalamiento MDS K del kit de construcci\u00f3n de andamios PERI UP se utiliza en la construcci\u00f3n de apuntalamiento para la transferencia de cargas verticales y horizontales. El sistema permite un montaje seguro integrado en el sistema sin componentes adicionales. El montaje y desmontaje de la torre de soporte m\u00f3vil con gr\u00faa se realiza necesariamente bajo la protecci\u00f3n de una barandilla circundante. El usuario se encuentra en una posici\u00f3n segura en todas las situaciones de montaje, sin necesidad de tomar medidas adicionales. Las almohadillas se enganchan a las barras horizontales sin necesidad de herramientas, por lo que no es posible levantarlas involuntariamente desde abajo. El material se introduce en el interior de la torre de soporte. Ensayo de tipo TP-17-0009<\/p>\n<p><strong>Ventajas<\/strong><\/p>\n<ul>\n<li>Montaje seguro sin componentes adicionales gracias al dise\u00f1o espec\u00edfico con paneles de tarima y barandillas integrales<\/li>\n<li>Trabajo acelerado con pocos componentes del sistema y pasos de montaje repetitivos<\/li>\n<li>Manejo respetuoso con el cuerpo gracias a los pesos reducidos y al trabajo ergon\u00f3micamente ventajoso en el centro del cuerpo<\/li>\n<\/ul>\n<p>&nbsp;<\/p>\n<p>Aqu\u00ed tiene un enlace a la descarga<\/p>\n<p><a href=\"https:\/\/stage.jh-itc.de\/wp-content\/uploads\/2022\/02\/PERI-UP-Flex-Stuetzturm-MDS-K.pdf\">https:\/\/stage.jh-itc.de\/wp-content\/uploads\/2022\/02\/PERI-UP-Flex-Stuetzturm-MDS-K.pdf<\/a><\/p>\n<p>&nbsp;<\/p>\n","protected":false},"excerpt":{"rendered":"<p>Ofrecemos una gran cantidad de material usado de la torre de carga Peri UP MDS.<\/p>\n<p>Si est\u00e1 interesado, env\u00edenos su consulta.<\/p>\n","protected":false},"featured_media":0,"template":"","meta":[],"product_brand":[],"product_cat":[276,304,306],"product_tag":[],"class_list":{"0":"post-42926","1":"product","2":"type-product","3":"status-publish","5":"product_cat-andamio","6":"product_cat-peri-es","7":"product_cat-encofrado","9":"first","10":"instock","11":"taxable","12":"shipping-taxable","13":"product-type-simple"},"yoast_head":"<!-- This site is optimized with the Yoast SEO plugin v26.5 - https:\/\/yoast.com\/wordpress\/plugins\/seo\/ -->\n<title>Peri UP torre de apuntalamiento MDS - JH - ITC GmbH<\/title>\n<meta name=\"description\" content=\"Peri UP torre de apuntalamiento MDS. Fabricantes de renombre \u2714 Encofrados, puntales, andamios y maquinaria de construcci\u00f3n nuevos y usados \u2714 \u00a1Solicite un presupuesto ahora!\" \/>\n<meta name=\"robots\" content=\"noindex, follow, max-snippet:-1, max-image-preview:large, max-video-preview:-1\" \/>\n<meta property=\"og:locale\" content=\"es_ES\" \/>\n<meta property=\"og:type\" content=\"article\" \/>\n<meta property=\"og:title\" content=\"Peri UP torre de apuntalamiento MDS - JH - ITC GmbH\" \/>\n<meta property=\"og:description\" content=\"Peri UP torre de apuntalamiento MDS. Fabricantes de renombre \u2714 Encofrados, puntales, andamios y maquinaria de construcci\u00f3n nuevos y usados \u2714 \u00a1Solicite un presupuesto ahora!\" \/>\n<meta property=\"og:url\" content=\"https:\/\/stage.jh-itc.de\/es\/shop\/andamio\/peri-up-tower-mds\/\" \/>\n<meta property=\"og:site_name\" content=\"JH - ITC GmbH\" \/>\n<meta property=\"article:publisher\" content=\"https:\/\/www.facebook.com\/schalungshandel\" \/>\n<meta property=\"og:image\" content=\"https:\/\/stage.jh-itc.de\/wp-content\/uploads\/2022\/02\/freistehender-stuetzturm.jpg\" \/>\n\t<meta property=\"og:image:width\" content=\"600\" \/>\n\t<meta property=\"og:image:height\" content=\"900\" \/>\n\t<meta property=\"og:image:type\" content=\"image\/jpeg\" \/>\n<meta name=\"twitter:card\" content=\"summary_large_image\" \/>\n<meta name=\"twitter:site\" content=\"@JH_ITC\" \/>\n<meta name=\"twitter:label1\" content=\"Tiempo de lectura\" \/>\n\t<meta name=\"twitter:data1\" content=\"1 minuto\" \/>\n<!-- \/ Yoast SEO plugin. -->","yoast_head_json":{"title":"Peri UP torre de apuntalamiento MDS - JH - ITC GmbH","description":"Peri UP torre de apuntalamiento MDS. Fabricantes de renombre \u2714 Encofrados, puntales, andamios y maquinaria de construcci\u00f3n nuevos y usados \u2714 \u00a1Solicite un presupuesto ahora!","robots":{"index":"noindex","follow":"follow","max-snippet":"max-snippet:-1","max-image-preview":"max-image-preview:large","max-video-preview":"max-video-preview:-1"},"og_locale":"es_ES","og_type":"article","og_title":"Peri UP torre de apuntalamiento MDS - JH - ITC GmbH","og_description":"Peri UP torre de apuntalamiento MDS. Fabricantes de renombre \u2714 Encofrados, puntales, andamios y maquinaria de construcci\u00f3n nuevos y usados \u2714 \u00a1Solicite un presupuesto ahora!","og_url":"https:\/\/stage.jh-itc.de\/es\/shop\/andamio\/peri-up-tower-mds\/","og_site_name":"JH - ITC GmbH","article_publisher":"https:\/\/www.facebook.com\/schalungshandel","og_image":[{"width":600,"height":900,"url":"https:\/\/stage.jh-itc.de\/wp-content\/uploads\/2022\/02\/freistehender-stuetzturm.jpg","type":"image\/jpeg"}],"twitter_card":"summary_large_image","twitter_site":"@JH_ITC","twitter_misc":{"Tiempo de lectura":"1 minuto"},"schema":{"@context":"https:\/\/schema.org","@graph":[{"@type":"WebPage","@id":"https:\/\/stage.jh-itc.de\/es\/shop\/andamio\/peri-up-tower-mds\/","url":"https:\/\/stage.jh-itc.de\/es\/shop\/andamio\/peri-up-tower-mds\/","name":"Peri UP torre de apuntalamiento MDS - JH - ITC GmbH","isPartOf":{"@id":"https:\/\/stage.jh-itc.de\/es\/#website"},"datePublished":"2023-04-24T13:54:04+00:00","description":"Peri UP torre de apuntalamiento MDS. Fabricantes de renombre \u2714 Encofrados, puntales, andamios y maquinaria de construcci\u00f3n nuevos y usados \u2714 \u00a1Solicite un presupuesto ahora!","breadcrumb":{"@id":"https:\/\/stage.jh-itc.de\/es\/shop\/andamio\/peri-up-tower-mds\/#breadcrumb"},"inLanguage":"es","potentialAction":[{"@type":"ReadAction","target":["https:\/\/stage.jh-itc.de\/es\/shop\/andamio\/peri-up-tower-mds\/"]}]},{"@type":"BreadcrumbList","@id":"https:\/\/stage.jh-itc.de\/es\/shop\/andamio\/peri-up-tower-mds\/#breadcrumb","itemListElement":[{"@type":"ListItem","position":1,"name":"Home","item":"https:\/\/stage.jh-itc.de\/es\/encofrados-puntales-y-andamios-de-profesionales\/"},{"@type":"ListItem","position":2,"name":"Tienda","item":"https:\/\/stage.jh-itc.de\/es\/tienda\/"},{"@type":"ListItem","position":3,"name":"Peri UP torre de apuntalamiento MDS"}]},{"@type":"WebSite","@id":"https:\/\/stage.jh-itc.de\/es\/#website","url":"https:\/\/stage.jh-itc.de\/es\/","name":"JH - ITC GmbH","description":"Ihr Experte f\u00fcr gebrauchte St\u00fctzen, Schalungen und Ger\u00fcste","publisher":{"@id":"https:\/\/stage.jh-itc.de\/es\/#organization"},"potentialAction":[{"@type":"SearchAction","target":{"@type":"EntryPoint","urlTemplate":"https:\/\/stage.jh-itc.de\/es\/?s={search_term_string}"},"query-input":{"@type":"PropertyValueSpecification","valueRequired":true,"valueName":"search_term_string"}}],"inLanguage":"es"},{"@type":"Organization","@id":"https:\/\/stage.jh-itc.de\/es\/#organization","name":"JH-ITC GmbH","url":"https:\/\/stage.jh-itc.de\/es\/","logo":{"@type":"ImageObject","inLanguage":"es","@id":"https:\/\/stage.jh-itc.de\/es\/#\/schema\/logo\/image\/","url":"https:\/\/stage.jh-itc.de\/wp-content\/uploads\/2016\/01\/JH-ITC2-1.png","contentUrl":"https:\/\/stage.jh-itc.de\/wp-content\/uploads\/2016\/01\/JH-ITC2-1.png","width":300,"height":102,"caption":"JH-ITC GmbH"},"image":{"@id":"https:\/\/stage.jh-itc.de\/es\/#\/schema\/logo\/image\/"},"sameAs":["https:\/\/www.facebook.com\/schalungshandel","https:\/\/x.com\/JH_ITC","https:\/\/www.linkedin.com\/in\/jhitc","https:\/\/youtu.be\/rMdZ-FLfI-Y"]}]}},"_links":{"self":[{"href":"https:\/\/stage.jh-itc.de\/es\/wp-json\/wp\/v2\/product\/42926","targetHints":{"allow":["GET"]}}],"collection":[{"href":"https:\/\/stage.jh-itc.de\/es\/wp-json\/wp\/v2\/product"}],"about":[{"href":"https:\/\/stage.jh-itc.de\/es\/wp-json\/wp\/v2\/types\/product"}],"wp:attachment":[{"href":"https:\/\/stage.jh-itc.de\/es\/wp-json\/wp\/v2\/media?parent=42926"}],"wp:term":[{"taxonomy":"product_brand","embeddable":true,"href":"https:\/\/stage.jh-itc.de\/es\/wp-json\/wp\/v2\/product_brand?post=42926"},{"taxonomy":"product_cat","embeddable":true,"href":"https:\/\/stage.jh-itc.de\/es\/wp-json\/wp\/v2\/product_cat?post=42926"},{"taxonomy":"product_tag","embeddable":true,"href":"https:\/\/stage.jh-itc.de\/es\/wp-json\/wp\/v2\/product_tag?post=42926"}],"curies":[{"name":"wp","href":"https:\/\/api.w.org\/{rel}","templated":true}]}}