{"id":42855,"date":"2022-06-10T17:52:32","date_gmt":"2023-04-24T13:53:42","guid":{"rendered":"https:\/\/www.jh-itc.de\/shop\/sin categor\u00eda\/soporte-80\/"},"modified":"2023-04-24T15:53:42","modified_gmt":"2023-04-24T13:53:42","slug":"consola-de-asiento-80-2","status":"publish","type":"product","link":"https:\/\/stage.jh-itc.de\/es\/shop\/meva-es\/consola-de-asiento-80-2\/","title":{"rendered":"Soporte 80"},"content":{"rendered":"<div class=\"article\">\n<div class=\"article-descr right\">\n<div id=\"article-descr\">Para encofrar bordes de forjados verticales o inclinados y juntas de construcci\u00f3n en forjados de hasta 80 cm de altura.<\/div>\n<\/div>\n<div>&#8211; Para una altura de elemento de 80 cm<br \/>\n&#8211; Con barra de clavos de pl\u00e1stico<br \/>\n&#8211; Para los bordes del techo y\/o las placas base<br \/>\n&#8211; Ajustable al mil\u00edmetro para inclinaciones de hasta \u00b1 15\u00b0<\/div>\n<div><\/div>\n<div>Encofrado, apuntalamiento, monocabezal<\/div>\n<\/div>\n<div>Plegable para el transporte<\/div>\n","protected":false},"excerpt":{"rendered":"<p>Ofrecemos 52 x soporte Meva 80 de segunda mano.<\/p>\n<p>Est\u00e1n en buen estado de uso y disponibles en stock.<\/p>\n","protected":false},"featured_media":17000,"template":"","meta":[],"product_brand":[],"product_cat":[295,306],"product_tag":[],"class_list":{"0":"post-42855","1":"product","2":"type-product","3":"status-publish","4":"has-post-thumbnail","6":"product_cat-meva-es","7":"product_cat-encofrado","9":"first","10":"instock","11":"taxable","12":"shipping-taxable","13":"product-type-simple"},"yoast_head":"<!-- This site is optimized with the Yoast SEO plugin v26.5 - https:\/\/yoast.com\/wordpress\/plugins\/seo\/ -->\n<title>Soporte 80 - JH - ITC GmbH<\/title>\n<meta name=\"description\" content=\"Soporte 80. Fabricantes de renombre \u2714 Encofrados, puntales, andamios y maquinaria de construcci\u00f3n nuevos y usados \u2714 \u00a1Solicite un presupuesto ahora!\" \/>\n<meta name=\"robots\" content=\"noindex, follow, max-snippet:-1, max-image-preview:large, max-video-preview:-1\" \/>\n<meta property=\"og:locale\" content=\"es_ES\" \/>\n<meta property=\"og:type\" content=\"article\" \/>\n<meta property=\"og:title\" content=\"Soporte 80 - JH - ITC GmbH\" \/>\n<meta property=\"og:description\" content=\"Soporte 80. Fabricantes de renombre \u2714 Encofrados, puntales, andamios y maquinaria de construcci\u00f3n nuevos y usados \u2714 \u00a1Solicite un presupuesto ahora!\" \/>\n<meta property=\"og:url\" content=\"https:\/\/stage.jh-itc.de\/es\/shop\/meva-es\/consola-de-asiento-80-2\/\" \/>\n<meta property=\"og:site_name\" content=\"JH - ITC GmbH\" \/>\n<meta property=\"article:publisher\" content=\"https:\/\/www.facebook.com\/schalungshandel\" \/>\n<meta property=\"og:image\" content=\"https:\/\/stage.jh-itc.de\/wp-content\/uploads\/2020\/06\/Meva-St\u00fctzkonsole-80.jpg\" \/>\n\t<meta property=\"og:image:width\" content=\"440\" \/>\n\t<meta property=\"og:image:height\" content=\"349\" \/>\n\t<meta property=\"og:image:type\" content=\"image\/jpeg\" \/>\n<meta name=\"twitter:card\" content=\"summary_large_image\" \/>\n<meta name=\"twitter:site\" content=\"@JH_ITC\" \/>\n<!-- \/ Yoast SEO plugin. -->","yoast_head_json":{"title":"Soporte 80 - JH - ITC GmbH","description":"Soporte 80. Fabricantes de renombre \u2714 Encofrados, puntales, andamios y maquinaria de construcci\u00f3n nuevos y usados \u2714 \u00a1Solicite un presupuesto ahora!","robots":{"index":"noindex","follow":"follow","max-snippet":"max-snippet:-1","max-image-preview":"max-image-preview:large","max-video-preview":"max-video-preview:-1"},"og_locale":"es_ES","og_type":"article","og_title":"Soporte 80 - JH - ITC GmbH","og_description":"Soporte 80. Fabricantes de renombre \u2714 Encofrados, puntales, andamios y maquinaria de construcci\u00f3n nuevos y usados \u2714 \u00a1Solicite un presupuesto ahora!","og_url":"https:\/\/stage.jh-itc.de\/es\/shop\/meva-es\/consola-de-asiento-80-2\/","og_site_name":"JH - ITC GmbH","article_publisher":"https:\/\/www.facebook.com\/schalungshandel","og_image":[{"width":440,"height":349,"url":"https:\/\/stage.jh-itc.de\/wp-content\/uploads\/2020\/06\/Meva-St\u00fctzkonsole-80.jpg","type":"image\/jpeg"}],"twitter_card":"summary_large_image","twitter_site":"@JH_ITC","schema":{"@context":"https:\/\/schema.org","@graph":[{"@type":"WebPage","@id":"https:\/\/stage.jh-itc.de\/es\/shop\/meva-es\/consola-de-asiento-80-2\/","url":"https:\/\/stage.jh-itc.de\/es\/shop\/meva-es\/consola-de-asiento-80-2\/","name":"Soporte 80 - JH - ITC GmbH","isPartOf":{"@id":"https:\/\/stage.jh-itc.de\/es\/#website"},"primaryImageOfPage":{"@id":"https:\/\/stage.jh-itc.de\/es\/shop\/meva-es\/consola-de-asiento-80-2\/#primaryimage"},"image":{"@id":"https:\/\/stage.jh-itc.de\/es\/shop\/meva-es\/consola-de-asiento-80-2\/#primaryimage"},"thumbnailUrl":"https:\/\/stage.jh-itc.de\/wp-content\/uploads\/2020\/06\/Meva-St\u00fctzkonsole-80.jpg","datePublished":"2023-04-24T13:53:42+00:00","description":"Soporte 80. Fabricantes de renombre \u2714 Encofrados, puntales, andamios y maquinaria de construcci\u00f3n nuevos y usados \u2714 \u00a1Solicite un presupuesto ahora!","breadcrumb":{"@id":"https:\/\/stage.jh-itc.de\/es\/shop\/meva-es\/consola-de-asiento-80-2\/#breadcrumb"},"inLanguage":"es","potentialAction":[{"@type":"ReadAction","target":["https:\/\/stage.jh-itc.de\/es\/shop\/meva-es\/consola-de-asiento-80-2\/"]}]},{"@type":"ImageObject","inLanguage":"es","@id":"https:\/\/stage.jh-itc.de\/es\/shop\/meva-es\/consola-de-asiento-80-2\/#primaryimage","url":"https:\/\/stage.jh-itc.de\/wp-content\/uploads\/2020\/06\/Meva-St\u00fctzkonsole-80.jpg","contentUrl":"https:\/\/stage.jh-itc.de\/wp-content\/uploads\/2020\/06\/Meva-St\u00fctzkonsole-80.jpg","width":440,"height":349},{"@type":"BreadcrumbList","@id":"https:\/\/stage.jh-itc.de\/es\/shop\/meva-es\/consola-de-asiento-80-2\/#breadcrumb","itemListElement":[{"@type":"ListItem","position":1,"name":"Home","item":"https:\/\/stage.jh-itc.de\/es\/encofrados-puntales-y-andamios-de-profesionales\/"},{"@type":"ListItem","position":2,"name":"Tienda","item":"https:\/\/stage.jh-itc.de\/es\/tienda\/"},{"@type":"ListItem","position":3,"name":"Soporte 80"}]},{"@type":"WebSite","@id":"https:\/\/stage.jh-itc.de\/es\/#website","url":"https:\/\/stage.jh-itc.de\/es\/","name":"JH - ITC GmbH","description":"Ihr Experte f\u00fcr gebrauchte St\u00fctzen, Schalungen und Ger\u00fcste","publisher":{"@id":"https:\/\/stage.jh-itc.de\/es\/#organization"},"potentialAction":[{"@type":"SearchAction","target":{"@type":"EntryPoint","urlTemplate":"https:\/\/stage.jh-itc.de\/es\/?s={search_term_string}"},"query-input":{"@type":"PropertyValueSpecification","valueRequired":true,"valueName":"search_term_string"}}],"inLanguage":"es"},{"@type":"Organization","@id":"https:\/\/stage.jh-itc.de\/es\/#organization","name":"JH-ITC GmbH","url":"https:\/\/stage.jh-itc.de\/es\/","logo":{"@type":"ImageObject","inLanguage":"es","@id":"https:\/\/stage.jh-itc.de\/es\/#\/schema\/logo\/image\/","url":"https:\/\/stage.jh-itc.de\/wp-content\/uploads\/2016\/01\/JH-ITC2-1.png","contentUrl":"https:\/\/stage.jh-itc.de\/wp-content\/uploads\/2016\/01\/JH-ITC2-1.png","width":300,"height":102,"caption":"JH-ITC GmbH"},"image":{"@id":"https:\/\/stage.jh-itc.de\/es\/#\/schema\/logo\/image\/"},"sameAs":["https:\/\/www.facebook.com\/schalungshandel","https:\/\/x.com\/JH_ITC","https:\/\/www.linkedin.com\/in\/jhitc","https:\/\/youtu.be\/rMdZ-FLfI-Y"]}]}},"_links":{"self":[{"href":"https:\/\/stage.jh-itc.de\/es\/wp-json\/wp\/v2\/product\/42855","targetHints":{"allow":["GET"]}}],"collection":[{"href":"https:\/\/stage.jh-itc.de\/es\/wp-json\/wp\/v2\/product"}],"about":[{"href":"https:\/\/stage.jh-itc.de\/es\/wp-json\/wp\/v2\/types\/product"}],"wp:featuredmedia":[{"embeddable":true,"href":"https:\/\/stage.jh-itc.de\/es\/wp-json\/wp\/v2\/media\/17000"}],"wp:attachment":[{"href":"https:\/\/stage.jh-itc.de\/es\/wp-json\/wp\/v2\/media?parent=42855"}],"wp:term":[{"taxonomy":"product_brand","embeddable":true,"href":"https:\/\/stage.jh-itc.de\/es\/wp-json\/wp\/v2\/product_brand?post=42855"},{"taxonomy":"product_cat","embeddable":true,"href":"https:\/\/stage.jh-itc.de\/es\/wp-json\/wp\/v2\/product_cat?post=42855"},{"taxonomy":"product_tag","embeddable":true,"href":"https:\/\/stage.jh-itc.de\/es\/wp-json\/wp\/v2\/product_tag?post=42855"}],"curies":[{"name":"wp","href":"https:\/\/api.w.org\/{rel}","templated":true}]}}