{"id":42785,"date":"2022-11-22T16:11:32","date_gmt":"2023-04-24T13:52:53","guid":{"rendered":"https:\/\/www.jh-itc.de\/shop\/sin categor\u00eda\/encofrado-topec-de-huennebeck-con-acabado-horneado-cascara-de-encofrado-alkus\/"},"modified":"2023-04-24T15:52:53","modified_gmt":"2023-04-24T13:52:53","slug":"huennebeck-topec-shell-con-gebr-alkus-shell-piel","status":"publish","type":"product","link":"https:\/\/stage.jh-itc.de\/es\/shop\/huennebeck-es\/huennebeck-topec-es\/huennebeck-topec-shell-con-gebr-alkus-shell-piel\/","title":{"rendered":"Encofrado Topec de H\u00fcnnebeck con acabado horneado. c\u00e1scara de encofrado alkus"},"content":{"rendered":"<p>Ofrecemos un lote de 246m\u00b2 &#8211; encofrado de losa H\u00fcnnebeck Topec usado con br. alkus piel de concha totalmente de pl\u00e1stico.<\/p>\n<table width=\"388\">\n<tbody>\n<tr>\n<td width=\"86\"><span style=\"color: #ffffff;\">N\u00famero de pieza<\/span><\/td>\n<td width=\"225\"><span style=\"color: #ffffff;\">Descripci\u00f3n del art\u00edculo<\/span><\/td>\n<td width=\"77\"><span style=\"color: #ffffff;\">Cantidad<\/span><\/td>\n<\/tr>\n<tr>\n<td><span style=\"color: #ffffff;\">602668<\/span><\/td>\n<td><span style=\"color: #ffffff;\">Tablero TOPEC E 180 x 90<\/span><\/td>\n<td><span style=\"color: #ffffff;\">124<\/span><\/td>\n<\/tr>\n<tr>\n<td><span style=\"color: #ffffff;\">602669<\/span><\/td>\n<td><span style=\"color: #ffffff;\">Tablero TOPEC E 180 x 75<\/span><\/td>\n<td><span style=\"color: #ffffff;\">21<\/span><\/td>\n<\/tr>\n<tr>\n<td><span style=\"color: #ffffff;\">602670<\/span><\/td>\n<td><span style=\"color: #ffffff;\">Tablero TOPEC E 180 x 60<\/span><\/td>\n<td><span style=\"color: #ffffff;\">11<\/span><\/td>\n<\/tr>\n<tr>\n<td><span style=\"color: #ffffff;\">602672<\/span><\/td>\n<td><span style=\"color: #ffffff;\">Tablero TOPEC E 90 x 90<\/span><\/td>\n<td><span style=\"color: #ffffff;\">4<\/span><\/td>\n<\/tr>\n<tr>\n<td><span style=\"color: #ffffff;\">602671<\/span><\/td>\n<td><span style=\"color: #ffffff;\">Tablero TOPEC E 180 x 45<\/span><\/td>\n<td><span style=\"color: #ffffff;\">3<\/span><\/td>\n<\/tr>\n<\/tbody>\n<\/table>\n<p>Si est\u00e1 interesado, env\u00edenos su consulta.<\/p>\n","protected":false},"excerpt":{"rendered":"<p>Ofrecemos un lote de 246m\u00b2 &#8211; encofrado de losa H\u00fcnnebeck Topec usado con br. alkus piel de concha totalmente de pl\u00e1stico.<\/p>\n<table width=\"388\">\n<tbody>\n<tr>\n<td width=\"86\"><span style=\"color: #ffffff;\">N\u00famero de pieza<\/span><\/td>\n<td width=\"225\"><span style=\"color: #ffffff;\">Descripci\u00f3n del art\u00edculo<\/span><\/td>\n<td width=\"77\"><span style=\"color: #ffffff;\">Cantidad<\/span><\/td>\n<\/tr>\n<tr>\n<td><span style=\"color: #ffffff;\">602668<\/span><\/td>\n<td><span style=\"color: #ffffff;\">Tablero TOPEC E 180 x 90<\/span><\/td>\n<td><span style=\"color: #ffffff;\">124<\/span><\/td>\n<\/tr>\n<tr>\n<td><span style=\"color: #ffffff;\">602669<\/span><\/td>\n<td><span style=\"color: #ffffff;\">Tablero TOPEC E 180 x 75<\/span><\/td>\n<td><span style=\"color: #ffffff;\">21<\/span><\/td>\n<\/tr>\n<tr>\n<td><span style=\"color: #ffffff;\">602670<\/span><\/td>\n<td><span style=\"color: #ffffff;\">Tablero TOPEC E 180 x 60<\/span><\/td>\n<td><span style=\"color: #ffffff;\">11<\/span><\/td>\n<\/tr>\n<tr>\n<td><span style=\"color: #ffffff;\">602672<\/span><\/td>\n<td><span style=\"color: #ffffff;\">Tablero TOPEC E 90 x 90<\/span><\/td>\n<td><span style=\"color: #ffffff;\">4<\/span><\/td>\n<\/tr>\n<tr>\n<td><span style=\"color: #ffffff;\">602671<\/span><\/td>\n<td><span style=\"color: #ffffff;\">Tablero TOPEC E 180 x 45<\/span><\/td>\n<td><span style=\"color: #ffffff;\">3<\/span><\/td>\n<\/tr>\n<\/tbody>\n<\/table>\n<p>Si est\u00e1 interesado, env\u00edenos su consulta.<\/p>\n","protected":false},"featured_media":0,"template":"","meta":[],"product_brand":[],"product_cat":[279,289,306],"product_tag":[],"class_list":{"0":"post-42785","1":"product","2":"type-product","3":"status-publish","5":"product_cat-huennebeck-es","6":"product_cat-huennebeck-topec-es","7":"product_cat-encofrado","9":"first","10":"instock","11":"taxable","12":"shipping-taxable","13":"product-type-simple"},"yoast_head":"<!-- This site is optimized with the Yoast SEO plugin v26.5 - https:\/\/yoast.com\/wordpress\/plugins\/seo\/ -->\n<title>Encofrado Topec de H\u00fcnnebeck con acabado horneado. c\u00e1scara de encofrado alkus - JH - ITC GmbH<\/title>\n<meta name=\"description\" content=\"Encofrado Topec de H\u00fcnnebeck con acabado horneado. c\u00e1scara de encofrado alkus. Fabricantes de renombre \u2714 Encofrados, puntales, andamios y maquinaria de construcci\u00f3n nuevos y usados \u2714 \u00a1Solicite un presupuesto ahora!\" \/>\n<meta name=\"robots\" content=\"noindex, follow, max-snippet:-1, max-image-preview:large, max-video-preview:-1\" \/>\n<meta property=\"og:locale\" content=\"es_ES\" \/>\n<meta property=\"og:type\" content=\"article\" \/>\n<meta property=\"og:title\" content=\"Encofrado Topec de H\u00fcnnebeck con acabado horneado. c\u00e1scara de encofrado alkus - JH - ITC GmbH\" \/>\n<meta property=\"og:description\" content=\"Encofrado Topec de H\u00fcnnebeck con acabado horneado. c\u00e1scara de encofrado alkus. Fabricantes de renombre \u2714 Encofrados, puntales, andamios y maquinaria de construcci\u00f3n nuevos y usados \u2714 \u00a1Solicite un presupuesto ahora!\" \/>\n<meta property=\"og:url\" content=\"https:\/\/stage.jh-itc.de\/es\/shop\/huennebeck-es\/huennebeck-topec-es\/huennebeck-topec-shell-con-gebr-alkus-shell-piel\/\" \/>\n<meta property=\"og:site_name\" content=\"JH - ITC GmbH\" \/>\n<meta property=\"article:publisher\" content=\"https:\/\/www.facebook.com\/schalungshandel\" \/>\n<meta property=\"og:image\" content=\"https:\/\/stage.jh-itc.de\/wp-content\/uploads\/2022\/11\/Huennebeck-Topec-Deckenschalung-10.jpg\" \/>\n\t<meta property=\"og:image:width\" content=\"2048\" \/>\n\t<meta property=\"og:image:height\" content=\"1536\" \/>\n\t<meta property=\"og:image:type\" content=\"image\/jpeg\" \/>\n<meta name=\"twitter:card\" content=\"summary_large_image\" \/>\n<meta name=\"twitter:site\" content=\"@JH_ITC\" \/>\n<!-- \/ Yoast SEO plugin. -->","yoast_head_json":{"title":"Encofrado Topec de H\u00fcnnebeck con acabado horneado. c\u00e1scara de encofrado alkus - JH - ITC GmbH","description":"Encofrado Topec de H\u00fcnnebeck con acabado horneado. c\u00e1scara de encofrado alkus. Fabricantes de renombre \u2714 Encofrados, puntales, andamios y maquinaria de construcci\u00f3n nuevos y usados \u2714 \u00a1Solicite un presupuesto ahora!","robots":{"index":"noindex","follow":"follow","max-snippet":"max-snippet:-1","max-image-preview":"max-image-preview:large","max-video-preview":"max-video-preview:-1"},"og_locale":"es_ES","og_type":"article","og_title":"Encofrado Topec de H\u00fcnnebeck con acabado horneado. c\u00e1scara de encofrado alkus - JH - ITC GmbH","og_description":"Encofrado Topec de H\u00fcnnebeck con acabado horneado. c\u00e1scara de encofrado alkus. Fabricantes de renombre \u2714 Encofrados, puntales, andamios y maquinaria de construcci\u00f3n nuevos y usados \u2714 \u00a1Solicite un presupuesto ahora!","og_url":"https:\/\/stage.jh-itc.de\/es\/shop\/huennebeck-es\/huennebeck-topec-es\/huennebeck-topec-shell-con-gebr-alkus-shell-piel\/","og_site_name":"JH - ITC GmbH","article_publisher":"https:\/\/www.facebook.com\/schalungshandel","og_image":[{"width":2048,"height":1536,"url":"https:\/\/stage.jh-itc.de\/wp-content\/uploads\/2022\/11\/Huennebeck-Topec-Deckenschalung-10.jpg","type":"image\/jpeg"}],"twitter_card":"summary_large_image","twitter_site":"@JH_ITC","schema":{"@context":"https:\/\/schema.org","@graph":[{"@type":"WebPage","@id":"https:\/\/stage.jh-itc.de\/es\/shop\/huennebeck-es\/huennebeck-topec-es\/huennebeck-topec-shell-con-gebr-alkus-shell-piel\/","url":"https:\/\/stage.jh-itc.de\/es\/shop\/huennebeck-es\/huennebeck-topec-es\/huennebeck-topec-shell-con-gebr-alkus-shell-piel\/","name":"Encofrado Topec de H\u00fcnnebeck con acabado horneado. c\u00e1scara de encofrado alkus - JH - ITC GmbH","isPartOf":{"@id":"https:\/\/stage.jh-itc.de\/es\/#website"},"datePublished":"2023-04-24T13:52:53+00:00","description":"Encofrado Topec de H\u00fcnnebeck con acabado horneado. c\u00e1scara de encofrado alkus. Fabricantes de renombre \u2714 Encofrados, puntales, andamios y maquinaria de construcci\u00f3n nuevos y usados \u2714 \u00a1Solicite un presupuesto ahora!","breadcrumb":{"@id":"https:\/\/stage.jh-itc.de\/es\/shop\/huennebeck-es\/huennebeck-topec-es\/huennebeck-topec-shell-con-gebr-alkus-shell-piel\/#breadcrumb"},"inLanguage":"es","potentialAction":[{"@type":"ReadAction","target":["https:\/\/stage.jh-itc.de\/es\/shop\/huennebeck-es\/huennebeck-topec-es\/huennebeck-topec-shell-con-gebr-alkus-shell-piel\/"]}]},{"@type":"BreadcrumbList","@id":"https:\/\/stage.jh-itc.de\/es\/shop\/huennebeck-es\/huennebeck-topec-es\/huennebeck-topec-shell-con-gebr-alkus-shell-piel\/#breadcrumb","itemListElement":[{"@type":"ListItem","position":1,"name":"Home","item":"https:\/\/stage.jh-itc.de\/es\/encofrados-puntales-y-andamios-de-profesionales\/"},{"@type":"ListItem","position":2,"name":"Tienda","item":"https:\/\/stage.jh-itc.de\/es\/tienda\/"},{"@type":"ListItem","position":3,"name":"Encofrado Topec de H\u00fcnnebeck con acabado horneado. c\u00e1scara de encofrado alkus"}]},{"@type":"WebSite","@id":"https:\/\/stage.jh-itc.de\/es\/#website","url":"https:\/\/stage.jh-itc.de\/es\/","name":"JH - ITC GmbH","description":"Ihr Experte f\u00fcr gebrauchte St\u00fctzen, Schalungen und Ger\u00fcste","publisher":{"@id":"https:\/\/stage.jh-itc.de\/es\/#organization"},"potentialAction":[{"@type":"SearchAction","target":{"@type":"EntryPoint","urlTemplate":"https:\/\/stage.jh-itc.de\/es\/?s={search_term_string}"},"query-input":{"@type":"PropertyValueSpecification","valueRequired":true,"valueName":"search_term_string"}}],"inLanguage":"es"},{"@type":"Organization","@id":"https:\/\/stage.jh-itc.de\/es\/#organization","name":"JH-ITC GmbH","url":"https:\/\/stage.jh-itc.de\/es\/","logo":{"@type":"ImageObject","inLanguage":"es","@id":"https:\/\/stage.jh-itc.de\/es\/#\/schema\/logo\/image\/","url":"https:\/\/stage.jh-itc.de\/wp-content\/uploads\/2016\/01\/JH-ITC2-1.png","contentUrl":"https:\/\/stage.jh-itc.de\/wp-content\/uploads\/2016\/01\/JH-ITC2-1.png","width":300,"height":102,"caption":"JH-ITC GmbH"},"image":{"@id":"https:\/\/stage.jh-itc.de\/es\/#\/schema\/logo\/image\/"},"sameAs":["https:\/\/www.facebook.com\/schalungshandel","https:\/\/x.com\/JH_ITC","https:\/\/www.linkedin.com\/in\/jhitc","https:\/\/youtu.be\/rMdZ-FLfI-Y"]}]}},"_links":{"self":[{"href":"https:\/\/stage.jh-itc.de\/es\/wp-json\/wp\/v2\/product\/42785","targetHints":{"allow":["GET"]}}],"collection":[{"href":"https:\/\/stage.jh-itc.de\/es\/wp-json\/wp\/v2\/product"}],"about":[{"href":"https:\/\/stage.jh-itc.de\/es\/wp-json\/wp\/v2\/types\/product"}],"wp:attachment":[{"href":"https:\/\/stage.jh-itc.de\/es\/wp-json\/wp\/v2\/media?parent=42785"}],"wp:term":[{"taxonomy":"product_brand","embeddable":true,"href":"https:\/\/stage.jh-itc.de\/es\/wp-json\/wp\/v2\/product_brand?post=42785"},{"taxonomy":"product_cat","embeddable":true,"href":"https:\/\/stage.jh-itc.de\/es\/wp-json\/wp\/v2\/product_cat?post=42785"},{"taxonomy":"product_tag","embeddable":true,"href":"https:\/\/stage.jh-itc.de\/es\/wp-json\/wp\/v2\/product_tag?post=42785"}],"curies":[{"name":"wp","href":"https:\/\/api.w.org\/{rel}","templated":true}]}}