{"id":42767,"date":"2022-11-29T13:38:02","date_gmt":"2023-04-24T13:52:48","guid":{"rendered":"https:\/\/www.jh-itc.de\/shop\/sin categor\u00eda\/encofrado-de-pilares-peri-quattro\/"},"modified":"2023-04-24T15:52:48","modified_gmt":"2023-04-24T13:52:48","slug":"encofrado-de-pilares-peri-quattro","status":"publish","type":"product","link":"https:\/\/stage.jh-itc.de\/es\/shop\/peri-es\/encofrado-de-pilares-peri-quattro\/","title":{"rendered":"Encofrado de pilares Peri Quattro"},"content":{"rendered":"<p>El encofrado de pilares QUATTRO de una sola pieza es adecuado para encofrar pilares cuadrados o rectangulares de hasta 4,50 m de altura. La columna completa, incluidos los puntales de empuje y tracci\u00f3n y la plataforma de hormigonado, puede trasladarse con una sola gr\u00faa. Si es necesario, la transferencia tambi\u00e9n puede hacerse a mano con la ayuda de 4 ruedas de transferencia. Con la piel de encofrado de pl\u00e1stico de alta calidad atornillada por detr\u00e1s, se consigue b\u00e1sicamente una alta calidad del hormig\u00f3n visto.<\/p>\n<p>Aqu\u00ed tiene un enlace para descargarlo:<\/p>\n<p><a href=\"https:\/\/stage.jh-itc.de\/wp-content\/uploads\/2022\/12\/Peri_QUATTRO.pdf\">https:\/\/stage.jh-itc.de\/wp-content\/uploads\/2022\/12\/Peri_QUATTRO.pdf<\/a><\/p>\n","protected":false},"excerpt":{"rendered":"<p>Ofrecemos los siguientes encofrados de pilares Peri Quattro de segunda mano.<\/p>\n<p>&nbsp;<\/p>\n<table width=\"417\">\n<tbody>\n<tr>\n<td width=\"80\"><span style=\"color: #ffffff;\">N\u00ba de art.<\/span><\/td>\n<td width=\"264\"><span style=\"color: #ffffff;\">Descripci\u00f3n del art\u00edculo<\/span><\/td>\n<td width=\"73\"><span style=\"color: #ffffff;\">Cantidad<\/span><\/td>\n<\/tr>\n<tr>\n<td><span style=\"color: #ffffff;\">109925<\/span><\/td>\n<td><span style=\"color: #ffffff;\">Elemento de columna QUATTRO QES 275<\/span><\/td>\n<td><span style=\"color: #ffffff;\">40<\/span><\/td>\n<\/tr>\n<tr>\n<td><span style=\"color: #ffffff;\">109924<\/span><\/td>\n<td><span style=\"color: #ffffff;\">Elemento de columna QUATTRO QES 125<\/span><\/td>\n<td><span style=\"color: #ffffff;\">32<\/span><\/td>\n<\/tr>\n<tr>\n<td><span style=\"color: #ffffff;\">109923<\/span><\/td>\n<td><span style=\"color: #ffffff;\">Elemento de columna QUATTRO QES 50<\/span><\/td>\n<td><span style=\"color: #ffffff;\">40<\/span><\/td>\n<\/tr>\n<tr>\n<td><span style=\"color: #ffffff;\">037610<\/span><\/td>\n<td><span style=\"color: #ffffff;\">Tira triangular QDL 275<\/span><\/td>\n<td><span style=\"color: #ffffff;\">1<\/span><\/td>\n<\/tr>\n<tr>\n<td><span style=\"color: #ffffff;\">037600<\/span><\/td>\n<td><span style=\"color: #ffffff;\">Repisa triangular QDL 125<\/span><\/td>\n<td><span style=\"color: #ffffff;\">1<\/span><\/td>\n<\/tr>\n<tr>\n<td><span style=\"color: #ffffff;\">037590<\/span><\/td>\n<td><span style=\"color: #ffffff;\">Tira triangular QDL 50<\/span><\/td>\n<td><span style=\"color: #ffffff;\">1<\/span><\/td>\n<\/tr>\n<tr>\n<td><span style=\"color: #ffffff;\">037540<\/span><\/td>\n<td><span style=\"color: #ffffff;\">Conjunto de sujeci\u00f3n QUATTRO QA<\/span><\/td>\n<td><span style=\"color: #ffffff;\">86<\/span><\/td>\n<\/tr>\n<tr>\n<td><span style=\"color: #ffffff;\">037530<\/span><\/td>\n<td><span style=\"color: #ffffff;\">Conector de h\u00e9lice Push-pull QUATTRO QR<\/span><\/td>\n<td><span style=\"color: #ffffff;\">90<\/span><\/td>\n<\/tr>\n<tr>\n<td><span style=\"color: #ffffff;\">037400<\/span><\/td>\n<td><span style=\"color: #ffffff;\">Plataforma de hormigonado completa<\/span><\/td>\n<td><span style=\"color: #ffffff;\">7<\/span><\/td>\n<\/tr>\n<tr>\n<td><span style=\"color: #ffffff;\">051410<\/span><\/td>\n<td><span style=\"color: #ffffff;\">Escalera 180\/6, galv.<\/span><\/td>\n<td><span style=\"color: #ffffff;\">4<\/span><\/td>\n<\/tr>\n<tr>\n<td><span style=\"color: #ffffff;\">103724<\/span><\/td>\n<td><span style=\"color: #ffffff;\">Escalera de salida 180\/2, galv.<\/span><\/td>\n<td><span style=\"color: #ffffff;\">2<\/span><\/td>\n<\/tr>\n<tr>\n<td><span style=\"color: #ffffff;\">051460<\/span><\/td>\n<td><span style=\"color: #ffffff;\">Base de escalera, galv.<\/span><\/td>\n<td><span style=\"color: #ffffff;\">2<\/span><\/td>\n<\/tr>\n<tr>\n<td><span style=\"color: #ffffff;\">103718<\/span><\/td>\n<td><span style=\"color: #ffffff;\">Gancho de escalera, galv.<\/span><\/td>\n<td><span style=\"color: #ffffff;\">4<\/span><\/td>\n<\/tr>\n<tr>\n<td><span style=\"color: #ffffff;\">103391<\/span><\/td>\n<td><span style=\"color: #ffffff;\">Conexi\u00f3n de conductores QUATTRO<\/span><\/td>\n<td><span style=\"color: #ffffff;\">4<\/span><\/td>\n<\/tr>\n<tr>\n<td><span style=\"color: #ffffff;\">051450<\/span><\/td>\n<td><span style=\"color: #ffffff;\">Protecci\u00f3n dorsal 150, galvanizada<\/span><\/td>\n<td><span style=\"color: #ffffff;\">2<\/span><\/td>\n<\/tr>\n<tr>\n<td><span style=\"color: #ffffff;\">028010<\/span><\/td>\n<td><span style=\"color: #ffffff;\">Puntal RSS I (2,05 &#8211; 2,94 m)<\/span><\/td>\n<td><span style=\"color: #ffffff;\">41<\/span><\/td>\n<\/tr>\n<tr>\n<td><span style=\"color: #ffffff;\">028020<\/span><\/td>\n<td><span style=\"color: #ffffff;\">Puntal push-pull RSS II (2,91 &#8211; 3,80 m)<\/span><\/td>\n<td><span style=\"color: #ffffff;\">17<\/span><\/td>\n<\/tr>\n<tr>\n<td><span style=\"color: #ffffff;\">106000<\/span><\/td>\n<td><span style=\"color: #ffffff;\">Placa base-2 para RSS, galvanizada<\/span><\/td>\n<td><span style=\"color: #ffffff;\">53<\/span><\/td>\n<\/tr>\n<tr>\n<td><span style=\"color: #ffffff;\">028270<\/span><\/td>\n<td><span style=\"color: #ffffff;\">AV 190 en voladizo<\/span><\/td>\n<td><span style=\"color: #ffffff;\">28<\/span><\/td>\n<\/tr>\n<tr>\n<td><span style=\"color: #ffffff;\">108135<\/span><\/td>\n<td><span style=\"color: #ffffff;\">M\u00e9nsula AV 210<\/span><\/td>\n<td><span style=\"color: #ffffff;\">7<\/span><\/td>\n<\/tr>\n<\/tbody>\n<\/table>\n<p>Si est\u00e1 interesado, env\u00edenos su consulta.<\/p>\n","protected":false},"featured_media":40491,"template":"","meta":[],"product_brand":[],"product_cat":[304,306],"product_tag":[],"class_list":{"0":"post-42767","1":"product","2":"type-product","3":"status-publish","4":"has-post-thumbnail","6":"product_cat-peri-es","7":"product_cat-encofrado","9":"first","10":"instock","11":"taxable","12":"shipping-taxable","13":"product-type-simple"},"yoast_head":"<!-- This site is optimized with the Yoast SEO plugin v26.5 - https:\/\/yoast.com\/wordpress\/plugins\/seo\/ -->\n<title>Encofrado de pilares Peri Quattro - JH - ITC GmbH<\/title>\n<meta name=\"description\" content=\"Encofrado de pilares Peri Quattro. Fabricantes de renombre \u2714 Encofrados, puntales, andamios y maquinaria de construcci\u00f3n nuevos y usados \u2714 \u00a1Solicite un presupuesto ahora!\" \/>\n<meta name=\"robots\" content=\"noindex, follow, max-snippet:-1, max-image-preview:large, max-video-preview:-1\" \/>\n<meta property=\"og:locale\" content=\"es_ES\" \/>\n<meta property=\"og:type\" content=\"article\" \/>\n<meta property=\"og:title\" content=\"Encofrado de pilares Peri Quattro - JH - ITC GmbH\" \/>\n<meta property=\"og:description\" content=\"Encofrado de pilares Peri Quattro. Fabricantes de renombre \u2714 Encofrados, puntales, andamios y maquinaria de construcci\u00f3n nuevos y usados \u2714 \u00a1Solicite un presupuesto ahora!\" \/>\n<meta property=\"og:url\" content=\"https:\/\/stage.jh-itc.de\/es\/shop\/peri-es\/encofrado-de-pilares-peri-quattro\/\" \/>\n<meta property=\"og:site_name\" content=\"JH - ITC GmbH\" \/>\n<meta property=\"article:publisher\" content=\"https:\/\/www.facebook.com\/schalungshandel\" \/>\n<meta property=\"og:image\" content=\"https:\/\/stage.jh-itc.de\/wp-content\/uploads\/2022\/11\/quattro-saeulenschalung.jpg\" \/>\n\t<meta property=\"og:image:width\" content=\"1272\" \/>\n\t<meta property=\"og:image:height\" content=\"900\" \/>\n\t<meta property=\"og:image:type\" content=\"image\/jpeg\" \/>\n<meta name=\"twitter:card\" content=\"summary_large_image\" \/>\n<meta name=\"twitter:site\" content=\"@JH_ITC\" \/>\n<meta name=\"twitter:label1\" content=\"Tiempo de lectura\" \/>\n\t<meta name=\"twitter:data1\" content=\"1 minuto\" \/>\n<!-- \/ Yoast SEO plugin. -->","yoast_head_json":{"title":"Encofrado de pilares Peri Quattro - JH - ITC GmbH","description":"Encofrado de pilares Peri Quattro. Fabricantes de renombre \u2714 Encofrados, puntales, andamios y maquinaria de construcci\u00f3n nuevos y usados \u2714 \u00a1Solicite un presupuesto ahora!","robots":{"index":"noindex","follow":"follow","max-snippet":"max-snippet:-1","max-image-preview":"max-image-preview:large","max-video-preview":"max-video-preview:-1"},"og_locale":"es_ES","og_type":"article","og_title":"Encofrado de pilares Peri Quattro - JH - ITC GmbH","og_description":"Encofrado de pilares Peri Quattro. Fabricantes de renombre \u2714 Encofrados, puntales, andamios y maquinaria de construcci\u00f3n nuevos y usados \u2714 \u00a1Solicite un presupuesto ahora!","og_url":"https:\/\/stage.jh-itc.de\/es\/shop\/peri-es\/encofrado-de-pilares-peri-quattro\/","og_site_name":"JH - ITC GmbH","article_publisher":"https:\/\/www.facebook.com\/schalungshandel","og_image":[{"width":1272,"height":900,"url":"https:\/\/stage.jh-itc.de\/wp-content\/uploads\/2022\/11\/quattro-saeulenschalung.jpg","type":"image\/jpeg"}],"twitter_card":"summary_large_image","twitter_site":"@JH_ITC","twitter_misc":{"Tiempo de lectura":"1 minuto"},"schema":{"@context":"https:\/\/schema.org","@graph":[{"@type":"WebPage","@id":"https:\/\/stage.jh-itc.de\/es\/shop\/peri-es\/encofrado-de-pilares-peri-quattro\/","url":"https:\/\/stage.jh-itc.de\/es\/shop\/peri-es\/encofrado-de-pilares-peri-quattro\/","name":"Encofrado de pilares Peri Quattro - JH - ITC GmbH","isPartOf":{"@id":"https:\/\/stage.jh-itc.de\/es\/#website"},"primaryImageOfPage":{"@id":"https:\/\/stage.jh-itc.de\/es\/shop\/peri-es\/encofrado-de-pilares-peri-quattro\/#primaryimage"},"image":{"@id":"https:\/\/stage.jh-itc.de\/es\/shop\/peri-es\/encofrado-de-pilares-peri-quattro\/#primaryimage"},"thumbnailUrl":"https:\/\/stage.jh-itc.de\/wp-content\/uploads\/2022\/11\/quattro-saeulenschalung.jpg","datePublished":"2023-04-24T13:52:48+00:00","description":"Encofrado de pilares Peri Quattro. Fabricantes de renombre \u2714 Encofrados, puntales, andamios y maquinaria de construcci\u00f3n nuevos y usados \u2714 \u00a1Solicite un presupuesto ahora!","breadcrumb":{"@id":"https:\/\/stage.jh-itc.de\/es\/shop\/peri-es\/encofrado-de-pilares-peri-quattro\/#breadcrumb"},"inLanguage":"es","potentialAction":[{"@type":"ReadAction","target":["https:\/\/stage.jh-itc.de\/es\/shop\/peri-es\/encofrado-de-pilares-peri-quattro\/"]}]},{"@type":"ImageObject","inLanguage":"es","@id":"https:\/\/stage.jh-itc.de\/es\/shop\/peri-es\/encofrado-de-pilares-peri-quattro\/#primaryimage","url":"https:\/\/stage.jh-itc.de\/wp-content\/uploads\/2022\/11\/quattro-saeulenschalung.jpg","contentUrl":"https:\/\/stage.jh-itc.de\/wp-content\/uploads\/2022\/11\/quattro-saeulenschalung.jpg","width":1272,"height":900},{"@type":"BreadcrumbList","@id":"https:\/\/stage.jh-itc.de\/es\/shop\/peri-es\/encofrado-de-pilares-peri-quattro\/#breadcrumb","itemListElement":[{"@type":"ListItem","position":1,"name":"Home","item":"https:\/\/stage.jh-itc.de\/es\/encofrados-puntales-y-andamios-de-profesionales\/"},{"@type":"ListItem","position":2,"name":"Tienda","item":"https:\/\/stage.jh-itc.de\/es\/tienda\/"},{"@type":"ListItem","position":3,"name":"Encofrado de pilares Peri Quattro"}]},{"@type":"WebSite","@id":"https:\/\/stage.jh-itc.de\/es\/#website","url":"https:\/\/stage.jh-itc.de\/es\/","name":"JH - ITC GmbH","description":"Ihr Experte f\u00fcr gebrauchte St\u00fctzen, Schalungen und Ger\u00fcste","publisher":{"@id":"https:\/\/stage.jh-itc.de\/es\/#organization"},"potentialAction":[{"@type":"SearchAction","target":{"@type":"EntryPoint","urlTemplate":"https:\/\/stage.jh-itc.de\/es\/?s={search_term_string}"},"query-input":{"@type":"PropertyValueSpecification","valueRequired":true,"valueName":"search_term_string"}}],"inLanguage":"es"},{"@type":"Organization","@id":"https:\/\/stage.jh-itc.de\/es\/#organization","name":"JH-ITC GmbH","url":"https:\/\/stage.jh-itc.de\/es\/","logo":{"@type":"ImageObject","inLanguage":"es","@id":"https:\/\/stage.jh-itc.de\/es\/#\/schema\/logo\/image\/","url":"https:\/\/stage.jh-itc.de\/wp-content\/uploads\/2016\/01\/JH-ITC2-1.png","contentUrl":"https:\/\/stage.jh-itc.de\/wp-content\/uploads\/2016\/01\/JH-ITC2-1.png","width":300,"height":102,"caption":"JH-ITC GmbH"},"image":{"@id":"https:\/\/stage.jh-itc.de\/es\/#\/schema\/logo\/image\/"},"sameAs":["https:\/\/www.facebook.com\/schalungshandel","https:\/\/x.com\/JH_ITC","https:\/\/www.linkedin.com\/in\/jhitc","https:\/\/youtu.be\/rMdZ-FLfI-Y"]}]}},"_links":{"self":[{"href":"https:\/\/stage.jh-itc.de\/es\/wp-json\/wp\/v2\/product\/42767","targetHints":{"allow":["GET"]}}],"collection":[{"href":"https:\/\/stage.jh-itc.de\/es\/wp-json\/wp\/v2\/product"}],"about":[{"href":"https:\/\/stage.jh-itc.de\/es\/wp-json\/wp\/v2\/types\/product"}],"wp:featuredmedia":[{"embeddable":true,"href":"https:\/\/stage.jh-itc.de\/es\/wp-json\/wp\/v2\/media\/40491"}],"wp:attachment":[{"href":"https:\/\/stage.jh-itc.de\/es\/wp-json\/wp\/v2\/media?parent=42767"}],"wp:term":[{"taxonomy":"product_brand","embeddable":true,"href":"https:\/\/stage.jh-itc.de\/es\/wp-json\/wp\/v2\/product_brand?post=42767"},{"taxonomy":"product_cat","embeddable":true,"href":"https:\/\/stage.jh-itc.de\/es\/wp-json\/wp\/v2\/product_cat?post=42767"},{"taxonomy":"product_tag","embeddable":true,"href":"https:\/\/stage.jh-itc.de\/es\/wp-json\/wp\/v2\/product_tag?post=42767"}],"curies":[{"name":"wp","href":"https:\/\/api.w.org\/{rel}","templated":true}]}}