{"id":42729,"date":"2022-12-13T12:29:22","date_gmt":"2023-04-24T13:52:38","guid":{"rendered":"https:\/\/www.jh-itc.de\/shop\/sin categor\u00eda\/noe-alu-l-encofrado-ligero\/"},"modified":"2023-04-24T15:52:38","modified_gmt":"2023-04-24T13:52:38","slug":"noe-alu-light-formwork","status":"publish","type":"product","link":"https:\/\/stage.jh-itc.de\/es\/shop\/noe-es\/noe-alu-es\/noe-alu-light-formwork\/","title":{"rendered":"NOE Alu L + Encofrado ligero"},"content":{"rendered":"","protected":false},"excerpt":{"rendered":"<p>Ofrecemos un lote de encofrado NOE ALU L + Light de segunda mano incl. accesorios.<\/p>\n<p>Hay aproximadamente 400 m\u00b2 disponibles.<\/p>\n<p>2 x paneles de encofrado 3,00 x 0,75<br \/>\nPanel de encofrado 129 x NOEalu L 0,90 x 2,75 m,<br \/>\n1 panel de encofrado NOEalu L de 0,75 x 2,45 m,<br \/>\nPanel de encofrado 40 x NOEalu L 0,75 x 1,50 m,<br \/>\n12 paneles de encofrado NOEalu L de 0,50 x 1,50 m,<br \/>\nPanel de encofrado 8 x NOEalu L 0,45 x 1,50 m,<br \/>\n4 paneles de encofrado NOEalu L de 0,40 x 1,50 m,<br \/>\n28 x barandilla con manivela<br \/>\n12 x esquineros de filigrana para barandilla<br \/>\n8 x 90\u00b0 esquina interior 0,25 x 0,25 x 1,5<br \/>\n8 x \u00e1ngulo exterior 90\u00b0 0,1 x 0,1 x 1,45<br \/>\n511 x abrazadera de encofrado<br \/>\nSoporte de gr\u00faa, etc.<\/p>\n<p>Si est\u00e1 interesado, env\u00edenos su consulta.<\/p>\n","protected":false},"featured_media":0,"template":"","meta":[],"product_brand":[],"product_cat":[300,426,306],"product_tag":[],"class_list":{"0":"post-42729","1":"product","2":"type-product","3":"status-publish","5":"product_cat-noe-es","6":"product_cat-noe-alu-es","7":"product_cat-encofrado","9":"first","10":"instock","11":"taxable","12":"shipping-taxable","13":"product-type-simple"},"yoast_head":"<!-- This site is optimized with the Yoast SEO plugin v26.5 - https:\/\/yoast.com\/wordpress\/plugins\/seo\/ -->\n<title>NOE Alu L + Encofrado ligero - JH - ITC GmbH<\/title>\n<meta name=\"description\" content=\"NOE Alu L + Encofrado ligero. Fabricantes de renombre \u2714 Encofrados, puntales, andamios y maquinaria de construcci\u00f3n nuevos y usados \u2714 \u00a1Solicite un presupuesto ahora!\" \/>\n<meta name=\"robots\" content=\"noindex, follow, max-snippet:-1, max-image-preview:large, max-video-preview:-1\" \/>\n<meta property=\"og:locale\" content=\"es_ES\" \/>\n<meta property=\"og:type\" content=\"article\" \/>\n<meta property=\"og:title\" content=\"NOE Alu L + Encofrado ligero - JH - ITC GmbH\" \/>\n<meta property=\"og:description\" content=\"NOE Alu L + Encofrado ligero. Fabricantes de renombre \u2714 Encofrados, puntales, andamios y maquinaria de construcci\u00f3n nuevos y usados \u2714 \u00a1Solicite un presupuesto ahora!\" \/>\n<meta property=\"og:url\" content=\"https:\/\/stage.jh-itc.de\/es\/shop\/noe-es\/noe-alu-es\/noe-alu-light-formwork\/\" \/>\n<meta property=\"og:site_name\" content=\"JH - ITC GmbH\" \/>\n<meta property=\"article:publisher\" content=\"https:\/\/www.facebook.com\/schalungshandel\" \/>\n<meta property=\"og:image\" content=\"https:\/\/stage.jh-itc.de\/wp-content\/uploads\/2022\/12\/NOE-Schalung_www.jh-itc.de-9.jpg\" \/>\n\t<meta property=\"og:image:width\" content=\"1536\" \/>\n\t<meta property=\"og:image:height\" content=\"2048\" \/>\n\t<meta property=\"og:image:type\" content=\"image\/jpeg\" \/>\n<meta name=\"twitter:card\" content=\"summary_large_image\" \/>\n<meta name=\"twitter:site\" content=\"@JH_ITC\" \/>\n<!-- \/ Yoast SEO plugin. -->","yoast_head_json":{"title":"NOE Alu L + Encofrado ligero - JH - ITC GmbH","description":"NOE Alu L + Encofrado ligero. Fabricantes de renombre \u2714 Encofrados, puntales, andamios y maquinaria de construcci\u00f3n nuevos y usados \u2714 \u00a1Solicite un presupuesto ahora!","robots":{"index":"noindex","follow":"follow","max-snippet":"max-snippet:-1","max-image-preview":"max-image-preview:large","max-video-preview":"max-video-preview:-1"},"og_locale":"es_ES","og_type":"article","og_title":"NOE Alu L + Encofrado ligero - JH - ITC GmbH","og_description":"NOE Alu L + Encofrado ligero. Fabricantes de renombre \u2714 Encofrados, puntales, andamios y maquinaria de construcci\u00f3n nuevos y usados \u2714 \u00a1Solicite un presupuesto ahora!","og_url":"https:\/\/stage.jh-itc.de\/es\/shop\/noe-es\/noe-alu-es\/noe-alu-light-formwork\/","og_site_name":"JH - ITC GmbH","article_publisher":"https:\/\/www.facebook.com\/schalungshandel","og_image":[{"width":1536,"height":2048,"url":"https:\/\/stage.jh-itc.de\/wp-content\/uploads\/2022\/12\/NOE-Schalung_www.jh-itc.de-9.jpg","type":"image\/jpeg"}],"twitter_card":"summary_large_image","twitter_site":"@JH_ITC","schema":{"@context":"https:\/\/schema.org","@graph":[{"@type":"WebPage","@id":"https:\/\/stage.jh-itc.de\/es\/shop\/noe-es\/noe-alu-es\/noe-alu-light-formwork\/","url":"https:\/\/stage.jh-itc.de\/es\/shop\/noe-es\/noe-alu-es\/noe-alu-light-formwork\/","name":"NOE Alu L + Encofrado ligero - JH - ITC GmbH","isPartOf":{"@id":"https:\/\/stage.jh-itc.de\/es\/#website"},"datePublished":"2023-04-24T13:52:38+00:00","description":"NOE Alu L + Encofrado ligero. Fabricantes de renombre \u2714 Encofrados, puntales, andamios y maquinaria de construcci\u00f3n nuevos y usados \u2714 \u00a1Solicite un presupuesto ahora!","breadcrumb":{"@id":"https:\/\/stage.jh-itc.de\/es\/shop\/noe-es\/noe-alu-es\/noe-alu-light-formwork\/#breadcrumb"},"inLanguage":"es","potentialAction":[{"@type":"ReadAction","target":["https:\/\/stage.jh-itc.de\/es\/shop\/noe-es\/noe-alu-es\/noe-alu-light-formwork\/"]}]},{"@type":"BreadcrumbList","@id":"https:\/\/stage.jh-itc.de\/es\/shop\/noe-es\/noe-alu-es\/noe-alu-light-formwork\/#breadcrumb","itemListElement":[{"@type":"ListItem","position":1,"name":"Home","item":"https:\/\/stage.jh-itc.de\/es\/encofrados-puntales-y-andamios-de-profesionales\/"},{"@type":"ListItem","position":2,"name":"Tienda","item":"https:\/\/stage.jh-itc.de\/es\/tienda\/"},{"@type":"ListItem","position":3,"name":"NOE Alu L + Encofrado ligero"}]},{"@type":"WebSite","@id":"https:\/\/stage.jh-itc.de\/es\/#website","url":"https:\/\/stage.jh-itc.de\/es\/","name":"JH - ITC GmbH","description":"Ihr Experte f\u00fcr gebrauchte St\u00fctzen, Schalungen und Ger\u00fcste","publisher":{"@id":"https:\/\/stage.jh-itc.de\/es\/#organization"},"potentialAction":[{"@type":"SearchAction","target":{"@type":"EntryPoint","urlTemplate":"https:\/\/stage.jh-itc.de\/es\/?s={search_term_string}"},"query-input":{"@type":"PropertyValueSpecification","valueRequired":true,"valueName":"search_term_string"}}],"inLanguage":"es"},{"@type":"Organization","@id":"https:\/\/stage.jh-itc.de\/es\/#organization","name":"JH-ITC GmbH","url":"https:\/\/stage.jh-itc.de\/es\/","logo":{"@type":"ImageObject","inLanguage":"es","@id":"https:\/\/stage.jh-itc.de\/es\/#\/schema\/logo\/image\/","url":"https:\/\/stage.jh-itc.de\/wp-content\/uploads\/2016\/01\/JH-ITC2-1.png","contentUrl":"https:\/\/stage.jh-itc.de\/wp-content\/uploads\/2016\/01\/JH-ITC2-1.png","width":300,"height":102,"caption":"JH-ITC GmbH"},"image":{"@id":"https:\/\/stage.jh-itc.de\/es\/#\/schema\/logo\/image\/"},"sameAs":["https:\/\/www.facebook.com\/schalungshandel","https:\/\/x.com\/JH_ITC","https:\/\/www.linkedin.com\/in\/jhitc","https:\/\/youtu.be\/rMdZ-FLfI-Y"]}]}},"_links":{"self":[{"href":"https:\/\/stage.jh-itc.de\/es\/wp-json\/wp\/v2\/product\/42729","targetHints":{"allow":["GET"]}}],"collection":[{"href":"https:\/\/stage.jh-itc.de\/es\/wp-json\/wp\/v2\/product"}],"about":[{"href":"https:\/\/stage.jh-itc.de\/es\/wp-json\/wp\/v2\/types\/product"}],"wp:attachment":[{"href":"https:\/\/stage.jh-itc.de\/es\/wp-json\/wp\/v2\/media?parent=42729"}],"wp:term":[{"taxonomy":"product_brand","embeddable":true,"href":"https:\/\/stage.jh-itc.de\/es\/wp-json\/wp\/v2\/product_brand?post=42729"},{"taxonomy":"product_cat","embeddable":true,"href":"https:\/\/stage.jh-itc.de\/es\/wp-json\/wp\/v2\/product_cat?post=42729"},{"taxonomy":"product_tag","embeddable":true,"href":"https:\/\/stage.jh-itc.de\/es\/wp-json\/wp\/v2\/product_tag?post=42729"}],"curies":[{"name":"wp","href":"https:\/\/api.w.org\/{rel}","templated":true}]}}