{"id":42726,"date":"2022-08-02T19:24:44","date_gmt":"2023-04-24T13:52:37","guid":{"rendered":"https:\/\/www.jh-itc.de\/shop\/sin categor\u00eda\/paneles-de-encofrado-3-capas-3000-x-50-cm-21mm\/"},"modified":"2023-04-24T15:52:37","modified_gmt":"2023-04-24T13:52:37","slug":"schaltafeln-3-schicht-3000-x-50-cm-21mm","status":"publish","type":"product","link":"https:\/\/stage.jh-itc.de\/es\/shop\/encofrado\/schaltafeln-3-schicht-3000-x-50-cm-21mm\/","title":{"rendered":"Paneles de encofrado 3 capas 3000 x 50 cm &#8211; 21mm"},"content":{"rendered":"","protected":false},"excerpt":{"rendered":"<p>Ofrecemos nuevos paneles de encofrado de 3 capas 3000 x 50 cm &#8211; 21mm.<\/p>\n<p>Si est\u00e1 interesado, env\u00edenos su consulta.<\/p>\n","protected":false},"featured_media":39438,"template":"","meta":[],"product_brand":[],"product_cat":[306],"product_tag":[],"class_list":{"0":"post-42726","1":"product","2":"type-product","3":"status-publish","4":"has-post-thumbnail","6":"product_cat-encofrado","8":"first","9":"instock","10":"taxable","11":"shipping-taxable","12":"product-type-simple"},"yoast_head":"<!-- This site is optimized with the Yoast SEO plugin v26.5 - https:\/\/yoast.com\/wordpress\/plugins\/seo\/ -->\n<title>Paneles de encofrado 3 capas 3000 x 50 cm - 21mm - JH - ITC GmbH<\/title>\n<meta name=\"description\" content=\"Paneles de encofrado 3 capas 3000 x 50 cm - 21mm. Fabricantes de renombre \u2714 Encofrados, puntales, andamios y maquinaria de construcci\u00f3n nuevos y usados \u2714 \u00a1Solicite un presupuesto ahora!\" \/>\n<meta name=\"robots\" content=\"noindex, follow, max-snippet:-1, max-image-preview:large, max-video-preview:-1\" \/>\n<meta property=\"og:locale\" content=\"es_ES\" \/>\n<meta property=\"og:type\" content=\"article\" \/>\n<meta property=\"og:title\" content=\"Paneles de encofrado 3 capas 3000 x 50 cm - 21mm - JH - ITC GmbH\" \/>\n<meta property=\"og:description\" content=\"Paneles de encofrado 3 capas 3000 x 50 cm - 21mm. Fabricantes de renombre \u2714 Encofrados, puntales, andamios y maquinaria de construcci\u00f3n nuevos y usados \u2714 \u00a1Solicite un presupuesto ahora!\" \/>\n<meta property=\"og:url\" content=\"https:\/\/stage.jh-itc.de\/es\/shop\/encofrado\/schaltafeln-3-schicht-3000-x-50-cm-21mm\/\" \/>\n<meta property=\"og:site_name\" content=\"JH - ITC GmbH\" \/>\n<meta property=\"article:publisher\" content=\"https:\/\/www.facebook.com\/schalungshandel\" \/>\n<meta property=\"og:image\" content=\"https:\/\/stage.jh-itc.de\/wp-content\/uploads\/2022\/08\/Schaltafeln-3000-x-50cm-21mm-2.jpg\" \/>\n\t<meta property=\"og:image:width\" content=\"1599\" \/>\n\t<meta property=\"og:image:height\" content=\"899\" \/>\n\t<meta property=\"og:image:type\" content=\"image\/jpeg\" \/>\n<meta name=\"twitter:card\" content=\"summary_large_image\" \/>\n<meta name=\"twitter:site\" content=\"@JH_ITC\" \/>\n<!-- \/ Yoast SEO plugin. -->","yoast_head_json":{"title":"Paneles de encofrado 3 capas 3000 x 50 cm - 21mm - JH - ITC GmbH","description":"Paneles de encofrado 3 capas 3000 x 50 cm - 21mm. Fabricantes de renombre \u2714 Encofrados, puntales, andamios y maquinaria de construcci\u00f3n nuevos y usados \u2714 \u00a1Solicite un presupuesto ahora!","robots":{"index":"noindex","follow":"follow","max-snippet":"max-snippet:-1","max-image-preview":"max-image-preview:large","max-video-preview":"max-video-preview:-1"},"og_locale":"es_ES","og_type":"article","og_title":"Paneles de encofrado 3 capas 3000 x 50 cm - 21mm - JH - ITC GmbH","og_description":"Paneles de encofrado 3 capas 3000 x 50 cm - 21mm. Fabricantes de renombre \u2714 Encofrados, puntales, andamios y maquinaria de construcci\u00f3n nuevos y usados \u2714 \u00a1Solicite un presupuesto ahora!","og_url":"https:\/\/stage.jh-itc.de\/es\/shop\/encofrado\/schaltafeln-3-schicht-3000-x-50-cm-21mm\/","og_site_name":"JH - ITC GmbH","article_publisher":"https:\/\/www.facebook.com\/schalungshandel","og_image":[{"width":1599,"height":899,"url":"https:\/\/stage.jh-itc.de\/wp-content\/uploads\/2022\/08\/Schaltafeln-3000-x-50cm-21mm-2.jpg","type":"image\/jpeg"}],"twitter_card":"summary_large_image","twitter_site":"@JH_ITC","schema":{"@context":"https:\/\/schema.org","@graph":[{"@type":"WebPage","@id":"https:\/\/stage.jh-itc.de\/es\/shop\/encofrado\/schaltafeln-3-schicht-3000-x-50-cm-21mm\/","url":"https:\/\/stage.jh-itc.de\/es\/shop\/encofrado\/schaltafeln-3-schicht-3000-x-50-cm-21mm\/","name":"Paneles de encofrado 3 capas 3000 x 50 cm - 21mm - JH - ITC GmbH","isPartOf":{"@id":"https:\/\/stage.jh-itc.de\/es\/#website"},"primaryImageOfPage":{"@id":"https:\/\/stage.jh-itc.de\/es\/shop\/encofrado\/schaltafeln-3-schicht-3000-x-50-cm-21mm\/#primaryimage"},"image":{"@id":"https:\/\/stage.jh-itc.de\/es\/shop\/encofrado\/schaltafeln-3-schicht-3000-x-50-cm-21mm\/#primaryimage"},"thumbnailUrl":"https:\/\/stage.jh-itc.de\/wp-content\/uploads\/2022\/08\/Schaltafeln-3000-x-50cm-21mm-2.jpg","datePublished":"2023-04-24T13:52:37+00:00","description":"Paneles de encofrado 3 capas 3000 x 50 cm - 21mm. Fabricantes de renombre \u2714 Encofrados, puntales, andamios y maquinaria de construcci\u00f3n nuevos y usados \u2714 \u00a1Solicite un presupuesto ahora!","breadcrumb":{"@id":"https:\/\/stage.jh-itc.de\/es\/shop\/encofrado\/schaltafeln-3-schicht-3000-x-50-cm-21mm\/#breadcrumb"},"inLanguage":"es","potentialAction":[{"@type":"ReadAction","target":["https:\/\/stage.jh-itc.de\/es\/shop\/encofrado\/schaltafeln-3-schicht-3000-x-50-cm-21mm\/"]}]},{"@type":"ImageObject","inLanguage":"es","@id":"https:\/\/stage.jh-itc.de\/es\/shop\/encofrado\/schaltafeln-3-schicht-3000-x-50-cm-21mm\/#primaryimage","url":"https:\/\/stage.jh-itc.de\/wp-content\/uploads\/2022\/08\/Schaltafeln-3000-x-50cm-21mm-2.jpg","contentUrl":"https:\/\/stage.jh-itc.de\/wp-content\/uploads\/2022\/08\/Schaltafeln-3000-x-50cm-21mm-2.jpg","width":1599,"height":899},{"@type":"BreadcrumbList","@id":"https:\/\/stage.jh-itc.de\/es\/shop\/encofrado\/schaltafeln-3-schicht-3000-x-50-cm-21mm\/#breadcrumb","itemListElement":[{"@type":"ListItem","position":1,"name":"Home","item":"https:\/\/stage.jh-itc.de\/es\/encofrados-puntales-y-andamios-de-profesionales\/"},{"@type":"ListItem","position":2,"name":"Tienda","item":"https:\/\/stage.jh-itc.de\/es\/tienda\/"},{"@type":"ListItem","position":3,"name":"Paneles de encofrado 3 capas 3000 x 50 cm &#8211; 21mm"}]},{"@type":"WebSite","@id":"https:\/\/stage.jh-itc.de\/es\/#website","url":"https:\/\/stage.jh-itc.de\/es\/","name":"JH - ITC GmbH","description":"Ihr Experte f\u00fcr gebrauchte St\u00fctzen, Schalungen und Ger\u00fcste","publisher":{"@id":"https:\/\/stage.jh-itc.de\/es\/#organization"},"potentialAction":[{"@type":"SearchAction","target":{"@type":"EntryPoint","urlTemplate":"https:\/\/stage.jh-itc.de\/es\/?s={search_term_string}"},"query-input":{"@type":"PropertyValueSpecification","valueRequired":true,"valueName":"search_term_string"}}],"inLanguage":"es"},{"@type":"Organization","@id":"https:\/\/stage.jh-itc.de\/es\/#organization","name":"JH-ITC GmbH","url":"https:\/\/stage.jh-itc.de\/es\/","logo":{"@type":"ImageObject","inLanguage":"es","@id":"https:\/\/stage.jh-itc.de\/es\/#\/schema\/logo\/image\/","url":"https:\/\/stage.jh-itc.de\/wp-content\/uploads\/2016\/01\/JH-ITC2-1.png","contentUrl":"https:\/\/stage.jh-itc.de\/wp-content\/uploads\/2016\/01\/JH-ITC2-1.png","width":300,"height":102,"caption":"JH-ITC GmbH"},"image":{"@id":"https:\/\/stage.jh-itc.de\/es\/#\/schema\/logo\/image\/"},"sameAs":["https:\/\/www.facebook.com\/schalungshandel","https:\/\/x.com\/JH_ITC","https:\/\/www.linkedin.com\/in\/jhitc","https:\/\/youtu.be\/rMdZ-FLfI-Y"]}]}},"_links":{"self":[{"href":"https:\/\/stage.jh-itc.de\/es\/wp-json\/wp\/v2\/product\/42726","targetHints":{"allow":["GET"]}}],"collection":[{"href":"https:\/\/stage.jh-itc.de\/es\/wp-json\/wp\/v2\/product"}],"about":[{"href":"https:\/\/stage.jh-itc.de\/es\/wp-json\/wp\/v2\/types\/product"}],"wp:featuredmedia":[{"embeddable":true,"href":"https:\/\/stage.jh-itc.de\/es\/wp-json\/wp\/v2\/media\/39438"}],"wp:attachment":[{"href":"https:\/\/stage.jh-itc.de\/es\/wp-json\/wp\/v2\/media?parent=42726"}],"wp:term":[{"taxonomy":"product_brand","embeddable":true,"href":"https:\/\/stage.jh-itc.de\/es\/wp-json\/wp\/v2\/product_brand?post=42726"},{"taxonomy":"product_cat","embeddable":true,"href":"https:\/\/stage.jh-itc.de\/es\/wp-json\/wp\/v2\/product_cat?post=42726"},{"taxonomy":"product_tag","embeddable":true,"href":"https:\/\/stage.jh-itc.de\/es\/wp-json\/wp\/v2\/product_tag?post=42726"}],"curies":[{"name":"wp","href":"https:\/\/api.w.org\/{rel}","templated":true}]}}