{"id":42725,"date":"2022-11-18T14:44:30","date_gmt":"2023-04-24T13:52:37","guid":{"rendered":"https:\/\/www.jh-itc.de\/shop\/sin categor\u00eda\/encofrado-wendler-270-m\/"},"modified":"2023-04-24T15:52:37","modified_gmt":"2023-04-24T13:52:37","slug":"encofrado-wendler-270m","status":"publish","type":"product","link":"https:\/\/stage.jh-itc.de\/es\/shop\/encofrado\/encofrado-wendler-270m\/","title":{"rendered":"Encofrado Wendler 2,70 m"},"content":{"rendered":"","protected":false},"excerpt":{"rendered":"<p>Ofrecemos un encofrado usado Wendler SL con 2,70m y 1,35m.<\/p>\n<table width=\"343\">\n<tbody>\n<tr>\n<td width=\"80\">Cantidad<\/td>\n<td width=\"103\">Dimensiones<\/td>\n<td width=\"80\">m\u00b2 \/ pieza<\/td>\n<td width=\"80\">m\u00b2 totales<\/td>\n<\/tr>\n<tr>\n<td>47<\/td>\n<td>0,90&#215;2,70<\/td>\n<td>2,43<\/td>\n<td>114,21<\/td>\n<\/tr>\n<tr>\n<td>1<\/td>\n<td>0,70&#215;2,70<\/td>\n<td>1,89<\/td>\n<td>1,89<\/td>\n<\/tr>\n<tr>\n<td>14<\/td>\n<td>0,56&#215;2,70<\/td>\n<td>1,51<\/td>\n<td>21,14<\/td>\n<\/tr>\n<tr>\n<td>8<\/td>\n<td>0,50&#215;2,70<\/td>\n<td>1,35<\/td>\n<td>10,80<\/td>\n<\/tr>\n<tr>\n<td>6<\/td>\n<td>0,44&#215;2,70<\/td>\n<td>1,19<\/td>\n<td>7,14<\/td>\n<\/tr>\n<tr>\n<td>8<\/td>\n<td>0,30&#215;2,70<\/td>\n<td>0,81<\/td>\n<td>6,48<\/td>\n<\/tr>\n<tr>\n<td>15<\/td>\n<td>0,24&#215;2,70<\/td>\n<td>0,65<\/td>\n<td>9,75<\/td>\n<\/tr>\n<tr>\n<td>4<\/td>\n<td>0,20&#215;2,70<\/td>\n<td>0,54<\/td>\n<td>2,16<\/td>\n<\/tr>\n<tr>\n<td>28<\/td>\n<td>0,90&#215;1,35<\/td>\n<td>1,22<\/td>\n<td>34,16<\/td>\n<\/tr>\n<tr>\n<td>6<\/td>\n<td>0,70&#215;1,35<\/td>\n<td>0,95<\/td>\n<td>5,70<\/td>\n<\/tr>\n<tr>\n<td>6<\/td>\n<td>0,56&#215;1,35<\/td>\n<td>0,76<\/td>\n<td>4,56<\/td>\n<\/tr>\n<tr>\n<td>9<\/td>\n<td>0,50&#215;1,35<\/td>\n<td>0,68<\/td>\n<td>6,08<\/td>\n<\/tr>\n<tr>\n<td>8<\/td>\n<td>0,44&#215;1,35<\/td>\n<td>0,59<\/td>\n<td>4,72<\/td>\n<\/tr>\n<tr>\n<td>5<\/td>\n<td>0,40&#215;1,35<\/td>\n<td>0,54<\/td>\n<td>2,70<\/td>\n<\/tr>\n<tr>\n<td>9<\/td>\n<td>0,30&#215;1,35<\/td>\n<td>0,40<\/td>\n<td>3,60<\/td>\n<\/tr>\n<tr>\n<td>10<\/td>\n<td>0,24&#215;1,35<\/td>\n<td>0,32<\/td>\n<td>3,20<\/td>\n<\/tr>\n<tr>\n<td>6<\/td>\n<td>0,20&#215;1,35<\/td>\n<td>0,27<\/td>\n<td>1,62<\/td>\n<\/tr>\n<tr>\n<td>3<\/td>\n<td>AE 270<\/td>\n<td><\/td>\n<td><\/td>\n<\/tr>\n<tr>\n<td>20<\/td>\n<td>IE 135<\/td>\n<td><\/td>\n<td><\/td>\n<\/tr>\n<tr>\n<td>20<\/td>\n<td>AE 135<\/td>\n<td><\/td>\n<td><\/td>\n<\/tr>\n<tr>\n<td>4<\/td>\n<td>GE interior 135<\/td>\n<td><\/td>\n<td><\/td>\n<\/tr>\n<tr>\n<td>4<\/td>\n<td>GE exterior 135<\/td>\n<td><\/td>\n<td><\/td>\n<\/tr>\n<tr>\n<td>10<\/td>\n<td>Consola de mando<\/td>\n<td><\/td>\n<td><\/td>\n<\/tr>\n<tr>\n<td><\/td>\n<td>Accesorios varios<\/td>\n<td><\/td>\n<td>239,91<\/td>\n<\/tr>\n<\/tbody>\n<\/table>\n<p>Si est\u00e1 interesado, env\u00edenos su consulta.<\/p>\n","protected":false},"featured_media":0,"template":"","meta":[],"product_brand":[],"product_cat":[314,306],"product_tag":[],"class_list":{"0":"post-42725","1":"product","2":"type-product","3":"status-publish","5":"product_cat-wendler-es","6":"product_cat-encofrado","8":"first","9":"instock","10":"taxable","11":"shipping-taxable","12":"product-type-simple"},"yoast_head":"<!-- This site is optimized with the Yoast SEO plugin v26.5 - https:\/\/yoast.com\/wordpress\/plugins\/seo\/ -->\n<title>Encofrado Wendler 2,70 m - JH - ITC GmbH<\/title>\n<meta name=\"description\" content=\"Encofrado Wendler 2,70 m. Fabricantes de renombre \u2714 Encofrados, puntales, andamios y maquinaria de construcci\u00f3n nuevos y usados \u2714 \u00a1Solicite un presupuesto ahora!\" \/>\n<meta name=\"robots\" content=\"noindex, follow, max-snippet:-1, max-image-preview:large, max-video-preview:-1\" \/>\n<meta property=\"og:locale\" content=\"es_ES\" \/>\n<meta property=\"og:type\" content=\"article\" \/>\n<meta property=\"og:title\" content=\"Encofrado Wendler 2,70 m - JH - ITC GmbH\" \/>\n<meta property=\"og:description\" content=\"Encofrado Wendler 2,70 m. Fabricantes de renombre \u2714 Encofrados, puntales, andamios y maquinaria de construcci\u00f3n nuevos y usados \u2714 \u00a1Solicite un presupuesto ahora!\" \/>\n<meta property=\"og:url\" content=\"https:\/\/stage.jh-itc.de\/es\/shop\/encofrado\/encofrado-wendler-270m\/\" \/>\n<meta property=\"og:site_name\" content=\"JH - ITC GmbH\" \/>\n<meta property=\"article:publisher\" content=\"https:\/\/www.facebook.com\/schalungshandel\" \/>\n<meta property=\"og:image\" content=\"https:\/\/stage.jh-itc.de\/wp-content\/uploads\/2022\/11\/Wendler-SL-Schalung-3.jpg\" \/>\n\t<meta property=\"og:image:width\" content=\"2048\" \/>\n\t<meta property=\"og:image:height\" content=\"1536\" \/>\n\t<meta property=\"og:image:type\" content=\"image\/jpeg\" \/>\n<meta name=\"twitter:card\" content=\"summary_large_image\" \/>\n<meta name=\"twitter:site\" content=\"@JH_ITC\" \/>\n<!-- \/ Yoast SEO plugin. -->","yoast_head_json":{"title":"Encofrado Wendler 2,70 m - JH - ITC GmbH","description":"Encofrado Wendler 2,70 m. Fabricantes de renombre \u2714 Encofrados, puntales, andamios y maquinaria de construcci\u00f3n nuevos y usados \u2714 \u00a1Solicite un presupuesto ahora!","robots":{"index":"noindex","follow":"follow","max-snippet":"max-snippet:-1","max-image-preview":"max-image-preview:large","max-video-preview":"max-video-preview:-1"},"og_locale":"es_ES","og_type":"article","og_title":"Encofrado Wendler 2,70 m - JH - ITC GmbH","og_description":"Encofrado Wendler 2,70 m. Fabricantes de renombre \u2714 Encofrados, puntales, andamios y maquinaria de construcci\u00f3n nuevos y usados \u2714 \u00a1Solicite un presupuesto ahora!","og_url":"https:\/\/stage.jh-itc.de\/es\/shop\/encofrado\/encofrado-wendler-270m\/","og_site_name":"JH - ITC GmbH","article_publisher":"https:\/\/www.facebook.com\/schalungshandel","og_image":[{"width":2048,"height":1536,"url":"https:\/\/stage.jh-itc.de\/wp-content\/uploads\/2022\/11\/Wendler-SL-Schalung-3.jpg","type":"image\/jpeg"}],"twitter_card":"summary_large_image","twitter_site":"@JH_ITC","schema":{"@context":"https:\/\/schema.org","@graph":[{"@type":"WebPage","@id":"https:\/\/stage.jh-itc.de\/es\/shop\/encofrado\/encofrado-wendler-270m\/","url":"https:\/\/stage.jh-itc.de\/es\/shop\/encofrado\/encofrado-wendler-270m\/","name":"Encofrado Wendler 2,70 m - JH - ITC GmbH","isPartOf":{"@id":"https:\/\/stage.jh-itc.de\/es\/#website"},"datePublished":"2023-04-24T13:52:37+00:00","description":"Encofrado Wendler 2,70 m. Fabricantes de renombre \u2714 Encofrados, puntales, andamios y maquinaria de construcci\u00f3n nuevos y usados \u2714 \u00a1Solicite un presupuesto ahora!","breadcrumb":{"@id":"https:\/\/stage.jh-itc.de\/es\/shop\/encofrado\/encofrado-wendler-270m\/#breadcrumb"},"inLanguage":"es","potentialAction":[{"@type":"ReadAction","target":["https:\/\/stage.jh-itc.de\/es\/shop\/encofrado\/encofrado-wendler-270m\/"]}]},{"@type":"BreadcrumbList","@id":"https:\/\/stage.jh-itc.de\/es\/shop\/encofrado\/encofrado-wendler-270m\/#breadcrumb","itemListElement":[{"@type":"ListItem","position":1,"name":"Home","item":"https:\/\/stage.jh-itc.de\/es\/encofrados-puntales-y-andamios-de-profesionales\/"},{"@type":"ListItem","position":2,"name":"Tienda","item":"https:\/\/stage.jh-itc.de\/es\/tienda\/"},{"@type":"ListItem","position":3,"name":"Encofrado Wendler 2,70 m"}]},{"@type":"WebSite","@id":"https:\/\/stage.jh-itc.de\/es\/#website","url":"https:\/\/stage.jh-itc.de\/es\/","name":"JH - ITC GmbH","description":"Ihr Experte f\u00fcr gebrauchte St\u00fctzen, Schalungen und Ger\u00fcste","publisher":{"@id":"https:\/\/stage.jh-itc.de\/es\/#organization"},"potentialAction":[{"@type":"SearchAction","target":{"@type":"EntryPoint","urlTemplate":"https:\/\/stage.jh-itc.de\/es\/?s={search_term_string}"},"query-input":{"@type":"PropertyValueSpecification","valueRequired":true,"valueName":"search_term_string"}}],"inLanguage":"es"},{"@type":"Organization","@id":"https:\/\/stage.jh-itc.de\/es\/#organization","name":"JH-ITC GmbH","url":"https:\/\/stage.jh-itc.de\/es\/","logo":{"@type":"ImageObject","inLanguage":"es","@id":"https:\/\/stage.jh-itc.de\/es\/#\/schema\/logo\/image\/","url":"https:\/\/stage.jh-itc.de\/wp-content\/uploads\/2016\/01\/JH-ITC2-1.png","contentUrl":"https:\/\/stage.jh-itc.de\/wp-content\/uploads\/2016\/01\/JH-ITC2-1.png","width":300,"height":102,"caption":"JH-ITC GmbH"},"image":{"@id":"https:\/\/stage.jh-itc.de\/es\/#\/schema\/logo\/image\/"},"sameAs":["https:\/\/www.facebook.com\/schalungshandel","https:\/\/x.com\/JH_ITC","https:\/\/www.linkedin.com\/in\/jhitc","https:\/\/youtu.be\/rMdZ-FLfI-Y"]}]}},"_links":{"self":[{"href":"https:\/\/stage.jh-itc.de\/es\/wp-json\/wp\/v2\/product\/42725","targetHints":{"allow":["GET"]}}],"collection":[{"href":"https:\/\/stage.jh-itc.de\/es\/wp-json\/wp\/v2\/product"}],"about":[{"href":"https:\/\/stage.jh-itc.de\/es\/wp-json\/wp\/v2\/types\/product"}],"wp:attachment":[{"href":"https:\/\/stage.jh-itc.de\/es\/wp-json\/wp\/v2\/media?parent=42725"}],"wp:term":[{"taxonomy":"product_brand","embeddable":true,"href":"https:\/\/stage.jh-itc.de\/es\/wp-json\/wp\/v2\/product_brand?post=42725"},{"taxonomy":"product_cat","embeddable":true,"href":"https:\/\/stage.jh-itc.de\/es\/wp-json\/wp\/v2\/product_cat?post=42725"},{"taxonomy":"product_tag","embeddable":true,"href":"https:\/\/stage.jh-itc.de\/es\/wp-json\/wp\/v2\/product_tag?post=42725"}],"curies":[{"name":"wp","href":"https:\/\/api.w.org\/{rel}","templated":true}]}}