{"id":42641,"date":"2023-04-11T12:52:32","date_gmt":"2023-04-24T13:51:38","guid":{"rendered":"https:\/\/www.jh-itc.de\/shop\/sin categor\u00eda\/laser-trumatic-l3030-de-trumpf\/"},"modified":"2023-04-24T15:51:38","modified_gmt":"2023-04-24T13:51:38","slug":"trump-trumatic-laser-l3030","status":"publish","type":"product","link":"https:\/\/stage.jh-itc.de\/es\/shop\/maquinaria-industrial\/trump-trumatic-laser-l3030\/","title":{"rendered":"L\u00e1ser Trumatic L3030 de Trumpf"},"content":{"rendered":"","protected":false},"excerpt":{"rendered":"<p>Ofrecemos una m\u00e1quina Trumpf Trumatic Laser L 3030 por encargo.<\/p>\n<p>Capacidad: 3000 vatios<\/p>\n<p>Tipo n\u00ba 110796<\/p>\n<p>Corte de datos:<\/p>\n<p>Inox max 12mm<\/p>\n<p>Acero 20 mm<\/p>\n<p>Alu 8mm<\/p>\n<p>Superficie de trabajo : 3000 x 1500 x 115mm<\/p>\n<p>P\u00f3ngase en contacto con nosotros si est\u00e1 interesado.<\/p>\n","protected":false},"featured_media":42543,"template":"","meta":[],"product_brand":[],"product_cat":[307,290],"product_tag":[],"class_list":{"0":"post-42641","1":"product","2":"type-product","3":"status-publish","4":"has-post-thumbnail","6":"product_cat-articulo-especial","7":"product_cat-maquinaria-industrial","9":"first","10":"instock","11":"taxable","12":"shipping-taxable","13":"product-type-simple"},"yoast_head":"<!-- This site is optimized with the Yoast SEO plugin v26.5 - https:\/\/yoast.com\/wordpress\/plugins\/seo\/ -->\n<title>L\u00e1ser Trumatic L3030 de Trumpf - JH - ITC GmbH<\/title>\n<meta name=\"description\" content=\"L\u00e1ser Trumatic L3030 de Trumpf. Fabricantes de renombre \u2714 Encofrados, puntales, andamios y maquinaria de construcci\u00f3n nuevos y usados \u2714 \u00a1Solicite un presupuesto ahora!\" \/>\n<meta name=\"robots\" content=\"noindex, follow, max-snippet:-1, max-image-preview:large, max-video-preview:-1\" \/>\n<meta property=\"og:locale\" content=\"es_ES\" \/>\n<meta property=\"og:type\" content=\"article\" \/>\n<meta property=\"og:title\" content=\"L\u00e1ser Trumatic L3030 de Trumpf - JH - ITC GmbH\" \/>\n<meta property=\"og:description\" content=\"L\u00e1ser Trumatic L3030 de Trumpf. Fabricantes de renombre \u2714 Encofrados, puntales, andamios y maquinaria de construcci\u00f3n nuevos y usados \u2714 \u00a1Solicite un presupuesto ahora!\" \/>\n<meta property=\"og:url\" content=\"https:\/\/stage.jh-itc.de\/es\/shop\/maquinaria-industrial\/trump-trumatic-laser-l3030\/\" \/>\n<meta property=\"og:site_name\" content=\"JH - ITC GmbH\" \/>\n<meta property=\"article:publisher\" content=\"https:\/\/www.facebook.com\/schalungshandel\" \/>\n<meta property=\"og:image\" content=\"https:\/\/stage.jh-itc.de\/wp-content\/uploads\/2023\/04\/Trumpf-Trumatic-Laser-L3030-1.png\" \/>\n\t<meta property=\"og:image:width\" content=\"565\" \/>\n\t<meta property=\"og:image:height\" content=\"768\" \/>\n\t<meta property=\"og:image:type\" content=\"image\/png\" \/>\n<meta name=\"twitter:card\" content=\"summary_large_image\" \/>\n<meta name=\"twitter:site\" content=\"@JH_ITC\" \/>\n<!-- \/ Yoast SEO plugin. -->","yoast_head_json":{"title":"L\u00e1ser Trumatic L3030 de Trumpf - JH - ITC GmbH","description":"L\u00e1ser Trumatic L3030 de Trumpf. Fabricantes de renombre \u2714 Encofrados, puntales, andamios y maquinaria de construcci\u00f3n nuevos y usados \u2714 \u00a1Solicite un presupuesto ahora!","robots":{"index":"noindex","follow":"follow","max-snippet":"max-snippet:-1","max-image-preview":"max-image-preview:large","max-video-preview":"max-video-preview:-1"},"og_locale":"es_ES","og_type":"article","og_title":"L\u00e1ser Trumatic L3030 de Trumpf - JH - ITC GmbH","og_description":"L\u00e1ser Trumatic L3030 de Trumpf. Fabricantes de renombre \u2714 Encofrados, puntales, andamios y maquinaria de construcci\u00f3n nuevos y usados \u2714 \u00a1Solicite un presupuesto ahora!","og_url":"https:\/\/stage.jh-itc.de\/es\/shop\/maquinaria-industrial\/trump-trumatic-laser-l3030\/","og_site_name":"JH - ITC GmbH","article_publisher":"https:\/\/www.facebook.com\/schalungshandel","og_image":[{"width":565,"height":768,"url":"https:\/\/stage.jh-itc.de\/wp-content\/uploads\/2023\/04\/Trumpf-Trumatic-Laser-L3030-1.png","type":"image\/png"}],"twitter_card":"summary_large_image","twitter_site":"@JH_ITC","schema":{"@context":"https:\/\/schema.org","@graph":[{"@type":"WebPage","@id":"https:\/\/stage.jh-itc.de\/es\/shop\/maquinaria-industrial\/trump-trumatic-laser-l3030\/","url":"https:\/\/stage.jh-itc.de\/es\/shop\/maquinaria-industrial\/trump-trumatic-laser-l3030\/","name":"L\u00e1ser Trumatic L3030 de Trumpf - JH - ITC GmbH","isPartOf":{"@id":"https:\/\/stage.jh-itc.de\/es\/#website"},"primaryImageOfPage":{"@id":"https:\/\/stage.jh-itc.de\/es\/shop\/maquinaria-industrial\/trump-trumatic-laser-l3030\/#primaryimage"},"image":{"@id":"https:\/\/stage.jh-itc.de\/es\/shop\/maquinaria-industrial\/trump-trumatic-laser-l3030\/#primaryimage"},"thumbnailUrl":"https:\/\/stage.jh-itc.de\/wp-content\/uploads\/2023\/04\/Trumpf-Trumatic-Laser-L3030-1.png","datePublished":"2023-04-24T13:51:38+00:00","description":"L\u00e1ser Trumatic L3030 de Trumpf. Fabricantes de renombre \u2714 Encofrados, puntales, andamios y maquinaria de construcci\u00f3n nuevos y usados \u2714 \u00a1Solicite un presupuesto ahora!","breadcrumb":{"@id":"https:\/\/stage.jh-itc.de\/es\/shop\/maquinaria-industrial\/trump-trumatic-laser-l3030\/#breadcrumb"},"inLanguage":"es","potentialAction":[{"@type":"ReadAction","target":["https:\/\/stage.jh-itc.de\/es\/shop\/maquinaria-industrial\/trump-trumatic-laser-l3030\/"]}]},{"@type":"ImageObject","inLanguage":"es","@id":"https:\/\/stage.jh-itc.de\/es\/shop\/maquinaria-industrial\/trump-trumatic-laser-l3030\/#primaryimage","url":"https:\/\/stage.jh-itc.de\/wp-content\/uploads\/2023\/04\/Trumpf-Trumatic-Laser-L3030-1.png","contentUrl":"https:\/\/stage.jh-itc.de\/wp-content\/uploads\/2023\/04\/Trumpf-Trumatic-Laser-L3030-1.png","width":565,"height":768},{"@type":"BreadcrumbList","@id":"https:\/\/stage.jh-itc.de\/es\/shop\/maquinaria-industrial\/trump-trumatic-laser-l3030\/#breadcrumb","itemListElement":[{"@type":"ListItem","position":1,"name":"Home","item":"https:\/\/stage.jh-itc.de\/es\/encofrados-puntales-y-andamios-de-profesionales\/"},{"@type":"ListItem","position":2,"name":"Tienda","item":"https:\/\/stage.jh-itc.de\/es\/tienda\/"},{"@type":"ListItem","position":3,"name":"L\u00e1ser Trumatic L3030 de Trumpf"}]},{"@type":"WebSite","@id":"https:\/\/stage.jh-itc.de\/es\/#website","url":"https:\/\/stage.jh-itc.de\/es\/","name":"JH - ITC GmbH","description":"Ihr Experte f\u00fcr gebrauchte St\u00fctzen, Schalungen und Ger\u00fcste","publisher":{"@id":"https:\/\/stage.jh-itc.de\/es\/#organization"},"potentialAction":[{"@type":"SearchAction","target":{"@type":"EntryPoint","urlTemplate":"https:\/\/stage.jh-itc.de\/es\/?s={search_term_string}"},"query-input":{"@type":"PropertyValueSpecification","valueRequired":true,"valueName":"search_term_string"}}],"inLanguage":"es"},{"@type":"Organization","@id":"https:\/\/stage.jh-itc.de\/es\/#organization","name":"JH-ITC GmbH","url":"https:\/\/stage.jh-itc.de\/es\/","logo":{"@type":"ImageObject","inLanguage":"es","@id":"https:\/\/stage.jh-itc.de\/es\/#\/schema\/logo\/image\/","url":"https:\/\/stage.jh-itc.de\/wp-content\/uploads\/2016\/01\/JH-ITC2-1.png","contentUrl":"https:\/\/stage.jh-itc.de\/wp-content\/uploads\/2016\/01\/JH-ITC2-1.png","width":300,"height":102,"caption":"JH-ITC GmbH"},"image":{"@id":"https:\/\/stage.jh-itc.de\/es\/#\/schema\/logo\/image\/"},"sameAs":["https:\/\/www.facebook.com\/schalungshandel","https:\/\/x.com\/JH_ITC","https:\/\/www.linkedin.com\/in\/jhitc","https:\/\/youtu.be\/rMdZ-FLfI-Y"]}]}},"_links":{"self":[{"href":"https:\/\/stage.jh-itc.de\/es\/wp-json\/wp\/v2\/product\/42641","targetHints":{"allow":["GET"]}}],"collection":[{"href":"https:\/\/stage.jh-itc.de\/es\/wp-json\/wp\/v2\/product"}],"about":[{"href":"https:\/\/stage.jh-itc.de\/es\/wp-json\/wp\/v2\/types\/product"}],"wp:featuredmedia":[{"embeddable":true,"href":"https:\/\/stage.jh-itc.de\/es\/wp-json\/wp\/v2\/media\/42543"}],"wp:attachment":[{"href":"https:\/\/stage.jh-itc.de\/es\/wp-json\/wp\/v2\/media?parent=42641"}],"wp:term":[{"taxonomy":"product_brand","embeddable":true,"href":"https:\/\/stage.jh-itc.de\/es\/wp-json\/wp\/v2\/product_brand?post=42641"},{"taxonomy":"product_cat","embeddable":true,"href":"https:\/\/stage.jh-itc.de\/es\/wp-json\/wp\/v2\/product_cat?post=42641"},{"taxonomy":"product_tag","embeddable":true,"href":"https:\/\/stage.jh-itc.de\/es\/wp-json\/wp\/v2\/product_tag?post=42641"}],"curies":[{"name":"wp","href":"https:\/\/api.w.org\/{rel}","templated":true}]}}