{"id":42620,"date":"2023-02-23T13:33:56","date_gmt":"2023-04-24T13:51:32","guid":{"rendered":"https:\/\/www.jh-itc.de\/shop\/sin categor\u00eda\/limpiadora-de-alta-presion-dynajet-800me-con-800-bar\/"},"modified":"2023-04-24T15:51:32","modified_gmt":"2023-04-24T13:51:32","slug":"dynajet-800me-limpiadora-alta-presion-con-800-bar","status":"publish","type":"product","link":"https:\/\/stage.jh-itc.de\/es\/shop\/maquinaria-de-construccion\/dynajet-800me-limpiadora-alta-presion-con-800-bar\/","title":{"rendered":"Limpiadora de alta presi\u00f3n Dynajet 800me con 800 bar"},"content":{"rendered":"","protected":false},"excerpt":{"rendered":"<p>Ofrecemos una <strong>limpiadora de alta presi\u00f3n<\/strong> usada <strong>Dynajet 800me con 800 bar<\/strong>.<\/p>\n<p>A\u00f1o de fabricaci\u00f3n: 2009<br \/>\nConexi\u00f3n de alimentaci\u00f3n de 400 V<br \/>\nPotencia: 30 kW<br \/>\ncon manguera y boquilla de rotor<\/p>\n<p>Faltan el man\u00f3metro y la v\u00e1lvula de seguridad.<\/p>\n<p>Si est\u00e1 interesado, env\u00edenos su consulta.<\/p>\n","protected":false},"featured_media":0,"template":"","meta":[],"product_brand":[],"product_cat":[268,290],"product_tag":[],"class_list":{"0":"post-42620","1":"product","2":"type-product","3":"status-publish","5":"product_cat-maquinaria-de-construccion","6":"product_cat-maquinaria-industrial","8":"first","9":"instock","10":"taxable","11":"shipping-taxable","12":"product-type-simple"},"yoast_head":"<!-- This site is optimized with the Yoast SEO plugin v26.5 - https:\/\/yoast.com\/wordpress\/plugins\/seo\/ -->\n<title>Limpiadora de alta presi\u00f3n Dynajet 800me con 800 bar - JH - ITC GmbH<\/title>\n<meta name=\"description\" content=\"Limpiadora de alta presi\u00f3n Dynajet 800me con 800 bar. Fabricantes de renombre \u2714 Encofrados, puntales, andamios y maquinaria de construcci\u00f3n nuevos y usados \u2714 \u00a1Solicite un presupuesto ahora!\" \/>\n<meta name=\"robots\" content=\"noindex, follow, max-snippet:-1, max-image-preview:large, max-video-preview:-1\" \/>\n<meta property=\"og:locale\" content=\"es_ES\" \/>\n<meta property=\"og:type\" content=\"article\" \/>\n<meta property=\"og:title\" content=\"Limpiadora de alta presi\u00f3n Dynajet 800me con 800 bar - JH - ITC GmbH\" \/>\n<meta property=\"og:description\" content=\"Limpiadora de alta presi\u00f3n Dynajet 800me con 800 bar. Fabricantes de renombre \u2714 Encofrados, puntales, andamios y maquinaria de construcci\u00f3n nuevos y usados \u2714 \u00a1Solicite un presupuesto ahora!\" \/>\n<meta property=\"og:url\" content=\"https:\/\/stage.jh-itc.de\/es\/shop\/maquinaria-de-construccion\/dynajet-800me-limpiadora-alta-presion-con-800-bar\/\" \/>\n<meta property=\"og:site_name\" content=\"JH - ITC GmbH\" \/>\n<meta property=\"article:publisher\" content=\"https:\/\/www.facebook.com\/schalungshandel\" \/>\n<meta property=\"og:image\" content=\"https:\/\/stage.jh-itc.de\/wp-content\/uploads\/2023\/02\/Dynajet-1.jpeg\" \/>\n\t<meta property=\"og:image:width\" content=\"1280\" \/>\n\t<meta property=\"og:image:height\" content=\"853\" \/>\n\t<meta property=\"og:image:type\" content=\"image\/jpeg\" \/>\n<meta name=\"twitter:card\" content=\"summary_large_image\" \/>\n<meta name=\"twitter:site\" content=\"@JH_ITC\" \/>\n<!-- \/ Yoast SEO plugin. -->","yoast_head_json":{"title":"Limpiadora de alta presi\u00f3n Dynajet 800me con 800 bar - JH - ITC GmbH","description":"Limpiadora de alta presi\u00f3n Dynajet 800me con 800 bar. Fabricantes de renombre \u2714 Encofrados, puntales, andamios y maquinaria de construcci\u00f3n nuevos y usados \u2714 \u00a1Solicite un presupuesto ahora!","robots":{"index":"noindex","follow":"follow","max-snippet":"max-snippet:-1","max-image-preview":"max-image-preview:large","max-video-preview":"max-video-preview:-1"},"og_locale":"es_ES","og_type":"article","og_title":"Limpiadora de alta presi\u00f3n Dynajet 800me con 800 bar - JH - ITC GmbH","og_description":"Limpiadora de alta presi\u00f3n Dynajet 800me con 800 bar. Fabricantes de renombre \u2714 Encofrados, puntales, andamios y maquinaria de construcci\u00f3n nuevos y usados \u2714 \u00a1Solicite un presupuesto ahora!","og_url":"https:\/\/stage.jh-itc.de\/es\/shop\/maquinaria-de-construccion\/dynajet-800me-limpiadora-alta-presion-con-800-bar\/","og_site_name":"JH - ITC GmbH","article_publisher":"https:\/\/www.facebook.com\/schalungshandel","og_image":[{"width":1280,"height":853,"url":"https:\/\/stage.jh-itc.de\/wp-content\/uploads\/2023\/02\/Dynajet-1.jpeg","type":"image\/jpeg"}],"twitter_card":"summary_large_image","twitter_site":"@JH_ITC","schema":{"@context":"https:\/\/schema.org","@graph":[{"@type":"WebPage","@id":"https:\/\/stage.jh-itc.de\/es\/shop\/maquinaria-de-construccion\/dynajet-800me-limpiadora-alta-presion-con-800-bar\/","url":"https:\/\/stage.jh-itc.de\/es\/shop\/maquinaria-de-construccion\/dynajet-800me-limpiadora-alta-presion-con-800-bar\/","name":"Limpiadora de alta presi\u00f3n Dynajet 800me con 800 bar - JH - ITC GmbH","isPartOf":{"@id":"https:\/\/stage.jh-itc.de\/es\/#website"},"datePublished":"2023-04-24T13:51:32+00:00","description":"Limpiadora de alta presi\u00f3n Dynajet 800me con 800 bar. Fabricantes de renombre \u2714 Encofrados, puntales, andamios y maquinaria de construcci\u00f3n nuevos y usados \u2714 \u00a1Solicite un presupuesto ahora!","breadcrumb":{"@id":"https:\/\/stage.jh-itc.de\/es\/shop\/maquinaria-de-construccion\/dynajet-800me-limpiadora-alta-presion-con-800-bar\/#breadcrumb"},"inLanguage":"es","potentialAction":[{"@type":"ReadAction","target":["https:\/\/stage.jh-itc.de\/es\/shop\/maquinaria-de-construccion\/dynajet-800me-limpiadora-alta-presion-con-800-bar\/"]}]},{"@type":"BreadcrumbList","@id":"https:\/\/stage.jh-itc.de\/es\/shop\/maquinaria-de-construccion\/dynajet-800me-limpiadora-alta-presion-con-800-bar\/#breadcrumb","itemListElement":[{"@type":"ListItem","position":1,"name":"Home","item":"https:\/\/stage.jh-itc.de\/es\/encofrados-puntales-y-andamios-de-profesionales\/"},{"@type":"ListItem","position":2,"name":"Tienda","item":"https:\/\/stage.jh-itc.de\/es\/tienda\/"},{"@type":"ListItem","position":3,"name":"Limpiadora de alta presi\u00f3n Dynajet 800me con 800 bar"}]},{"@type":"WebSite","@id":"https:\/\/stage.jh-itc.de\/es\/#website","url":"https:\/\/stage.jh-itc.de\/es\/","name":"JH - ITC GmbH","description":"Ihr Experte f\u00fcr gebrauchte St\u00fctzen, Schalungen und Ger\u00fcste","publisher":{"@id":"https:\/\/stage.jh-itc.de\/es\/#organization"},"potentialAction":[{"@type":"SearchAction","target":{"@type":"EntryPoint","urlTemplate":"https:\/\/stage.jh-itc.de\/es\/?s={search_term_string}"},"query-input":{"@type":"PropertyValueSpecification","valueRequired":true,"valueName":"search_term_string"}}],"inLanguage":"es"},{"@type":"Organization","@id":"https:\/\/stage.jh-itc.de\/es\/#organization","name":"JH-ITC GmbH","url":"https:\/\/stage.jh-itc.de\/es\/","logo":{"@type":"ImageObject","inLanguage":"es","@id":"https:\/\/stage.jh-itc.de\/es\/#\/schema\/logo\/image\/","url":"https:\/\/stage.jh-itc.de\/wp-content\/uploads\/2016\/01\/JH-ITC2-1.png","contentUrl":"https:\/\/stage.jh-itc.de\/wp-content\/uploads\/2016\/01\/JH-ITC2-1.png","width":300,"height":102,"caption":"JH-ITC GmbH"},"image":{"@id":"https:\/\/stage.jh-itc.de\/es\/#\/schema\/logo\/image\/"},"sameAs":["https:\/\/www.facebook.com\/schalungshandel","https:\/\/x.com\/JH_ITC","https:\/\/www.linkedin.com\/in\/jhitc","https:\/\/youtu.be\/rMdZ-FLfI-Y"]}]}},"_links":{"self":[{"href":"https:\/\/stage.jh-itc.de\/es\/wp-json\/wp\/v2\/product\/42620","targetHints":{"allow":["GET"]}}],"collection":[{"href":"https:\/\/stage.jh-itc.de\/es\/wp-json\/wp\/v2\/product"}],"about":[{"href":"https:\/\/stage.jh-itc.de\/es\/wp-json\/wp\/v2\/types\/product"}],"wp:attachment":[{"href":"https:\/\/stage.jh-itc.de\/es\/wp-json\/wp\/v2\/media?parent=42620"}],"wp:term":[{"taxonomy":"product_brand","embeddable":true,"href":"https:\/\/stage.jh-itc.de\/es\/wp-json\/wp\/v2\/product_brand?post=42620"},{"taxonomy":"product_cat","embeddable":true,"href":"https:\/\/stage.jh-itc.de\/es\/wp-json\/wp\/v2\/product_cat?post=42620"},{"taxonomy":"product_tag","embeddable":true,"href":"https:\/\/stage.jh-itc.de\/es\/wp-json\/wp\/v2\/product_tag?post=42620"}],"curies":[{"name":"wp","href":"https:\/\/api.w.org\/{rel}","templated":true}]}}