{"id":41985,"date":"2016-08-04T11:50:24","date_gmt":"2023-02-15T14:55:02","guid":{"rendered":"https:\/\/www.jh-itc.de\/shop\/sin categor\u00eda\/viga-de-madera-h20\/"},"modified":"2023-02-15T15:55:02","modified_gmt":"2023-02-15T14:55:02","slug":"soporte-de-madera-h20","status":"publish","type":"product","link":"https:\/\/stage.jh-itc.de\/es\/shop\/encofrado\/soporte-de-madera-h20\/","title":{"rendered":"Viga de madera H20"},"content":{"rendered":"","protected":false},"excerpt":{"rendered":"<p><strong>Se venden 2.245 metros lineales de vigas H20.<\/strong><\/p>\n<p>Est\u00e1n en buen estado.<\/p>\n<p>82 x Viga VT 20K L = 3,60 m<br \/>\n6 x VT 20K viga L = 2,70 m<br \/>\n4 x H 20 haz 100<br \/>\n6 x H 20 haz 110<br \/>\n1 x H 20 haz 120<br \/>\n1 x H 20 haz 130<br \/>\n15 x H 20-haz 160<br \/>\n2 x H 20 haz 180<br \/>\n6 x H 20 viga 270<br \/>\n5 x H 20 haz 290<br \/>\n1 x H 20 haz 320<br \/>\n38 x H 20-haz 330<br \/>\n131 x H 20 haces 360<br \/>\n1 x H 20 viga 410<br \/>\n1 x H 20 viga 435<br \/>\n1 x H 20 viga 425<br \/>\n25 x H 20 haz 450<br \/>\n3 x H 20 haz 470<br \/>\n53 x H 20-haz 490<br \/>\n145 x H 20-haz 510<br \/>\n21 x H 20-haz 590<\/p>\n","protected":false},"featured_media":36365,"template":"","meta":[],"product_brand":[],"product_cat":[308,306],"product_tag":[],"class_list":{"0":"post-41985","1":"product","2":"type-product","3":"status-publish","4":"has-post-thumbnail","6":"product_cat-apuntalar","7":"product_cat-encofrado","9":"first","10":"onbackorder","11":"taxable","12":"shipping-taxable","13":"product-type-simple"},"yoast_head":"<!-- This site is optimized with the Yoast SEO plugin v26.5 - https:\/\/yoast.com\/wordpress\/plugins\/seo\/ -->\n<title>Viga de madera H20 - JH - ITC GmbH<\/title>\n<meta name=\"description\" content=\"Vigas de madera H20, vigas H20, vigas de encofrado\" \/>\n<meta name=\"robots\" content=\"noindex, follow, max-snippet:-1, max-image-preview:large, max-video-preview:-1\" \/>\n<meta property=\"og:locale\" content=\"es_ES\" \/>\n<meta property=\"og:type\" content=\"article\" \/>\n<meta property=\"og:title\" content=\"Viga de madera H20 - JH - ITC GmbH\" \/>\n<meta property=\"og:description\" content=\"Vigas de madera H20, vigas H20, vigas de encofrado\" \/>\n<meta property=\"og:url\" content=\"https:\/\/stage.jh-itc.de\/es\/shop\/encofrado\/soporte-de-madera-h20\/\" \/>\n<meta property=\"og:site_name\" content=\"JH - ITC GmbH\" \/>\n<meta property=\"article:publisher\" content=\"https:\/\/www.facebook.com\/schalungshandel\" \/>\n<meta property=\"og:image\" content=\"https:\/\/stage.jh-itc.de\/wp-content\/uploads\/2016\/08\/5ef15f3c2a01693a2b06b2f8ab84e302.jpg\" \/>\n\t<meta property=\"og:image:width\" content=\"640\" \/>\n\t<meta property=\"og:image:height\" content=\"480\" \/>\n\t<meta property=\"og:image:type\" content=\"image\/jpeg\" \/>\n<meta name=\"twitter:card\" content=\"summary_large_image\" \/>\n<meta name=\"twitter:site\" content=\"@JH_ITC\" \/>\n<!-- \/ Yoast SEO plugin. -->","yoast_head_json":{"title":"Viga de madera H20 - JH - ITC GmbH","description":"Vigas de madera H20, vigas H20, vigas de encofrado","robots":{"index":"noindex","follow":"follow","max-snippet":"max-snippet:-1","max-image-preview":"max-image-preview:large","max-video-preview":"max-video-preview:-1"},"og_locale":"es_ES","og_type":"article","og_title":"Viga de madera H20 - JH - ITC GmbH","og_description":"Vigas de madera H20, vigas H20, vigas de encofrado","og_url":"https:\/\/stage.jh-itc.de\/es\/shop\/encofrado\/soporte-de-madera-h20\/","og_site_name":"JH - ITC GmbH","article_publisher":"https:\/\/www.facebook.com\/schalungshandel","og_image":[{"width":640,"height":480,"url":"https:\/\/stage.jh-itc.de\/wp-content\/uploads\/2016\/08\/5ef15f3c2a01693a2b06b2f8ab84e302.jpg","type":"image\/jpeg"}],"twitter_card":"summary_large_image","twitter_site":"@JH_ITC","schema":{"@context":"https:\/\/schema.org","@graph":[{"@type":"WebPage","@id":"https:\/\/stage.jh-itc.de\/es\/shop\/encofrado\/soporte-de-madera-h20\/","url":"https:\/\/stage.jh-itc.de\/es\/shop\/encofrado\/soporte-de-madera-h20\/","name":"Viga de madera H20 - JH - ITC GmbH","isPartOf":{"@id":"https:\/\/stage.jh-itc.de\/es\/#website"},"primaryImageOfPage":{"@id":"https:\/\/stage.jh-itc.de\/es\/shop\/encofrado\/soporte-de-madera-h20\/#primaryimage"},"image":{"@id":"https:\/\/stage.jh-itc.de\/es\/shop\/encofrado\/soporte-de-madera-h20\/#primaryimage"},"thumbnailUrl":"https:\/\/stage.jh-itc.de\/wp-content\/uploads\/2016\/08\/5ef15f3c2a01693a2b06b2f8ab84e302.jpg","datePublished":"2023-02-15T14:55:02+00:00","description":"Vigas de madera H20, vigas H20, vigas de encofrado","breadcrumb":{"@id":"https:\/\/stage.jh-itc.de\/es\/shop\/encofrado\/soporte-de-madera-h20\/#breadcrumb"},"inLanguage":"es","potentialAction":[{"@type":"ReadAction","target":["https:\/\/stage.jh-itc.de\/es\/shop\/encofrado\/soporte-de-madera-h20\/"]}]},{"@type":"ImageObject","inLanguage":"es","@id":"https:\/\/stage.jh-itc.de\/es\/shop\/encofrado\/soporte-de-madera-h20\/#primaryimage","url":"https:\/\/stage.jh-itc.de\/wp-content\/uploads\/2016\/08\/5ef15f3c2a01693a2b06b2f8ab84e302.jpg","contentUrl":"https:\/\/stage.jh-itc.de\/wp-content\/uploads\/2016\/08\/5ef15f3c2a01693a2b06b2f8ab84e302.jpg","width":640,"height":480},{"@type":"BreadcrumbList","@id":"https:\/\/stage.jh-itc.de\/es\/shop\/encofrado\/soporte-de-madera-h20\/#breadcrumb","itemListElement":[{"@type":"ListItem","position":1,"name":"Home","item":"https:\/\/stage.jh-itc.de\/es\/encofrados-puntales-y-andamios-de-profesionales\/"},{"@type":"ListItem","position":2,"name":"Tienda","item":"https:\/\/stage.jh-itc.de\/es\/tienda\/"},{"@type":"ListItem","position":3,"name":"Viga de madera H20"}]},{"@type":"WebSite","@id":"https:\/\/stage.jh-itc.de\/es\/#website","url":"https:\/\/stage.jh-itc.de\/es\/","name":"JH - ITC GmbH","description":"Ihr Experte f\u00fcr gebrauchte St\u00fctzen, Schalungen und Ger\u00fcste","publisher":{"@id":"https:\/\/stage.jh-itc.de\/es\/#organization"},"potentialAction":[{"@type":"SearchAction","target":{"@type":"EntryPoint","urlTemplate":"https:\/\/stage.jh-itc.de\/es\/?s={search_term_string}"},"query-input":{"@type":"PropertyValueSpecification","valueRequired":true,"valueName":"search_term_string"}}],"inLanguage":"es"},{"@type":"Organization","@id":"https:\/\/stage.jh-itc.de\/es\/#organization","name":"JH-ITC GmbH","url":"https:\/\/stage.jh-itc.de\/es\/","logo":{"@type":"ImageObject","inLanguage":"es","@id":"https:\/\/stage.jh-itc.de\/es\/#\/schema\/logo\/image\/","url":"https:\/\/stage.jh-itc.de\/wp-content\/uploads\/2016\/01\/JH-ITC2-1.png","contentUrl":"https:\/\/stage.jh-itc.de\/wp-content\/uploads\/2016\/01\/JH-ITC2-1.png","width":300,"height":102,"caption":"JH-ITC GmbH"},"image":{"@id":"https:\/\/stage.jh-itc.de\/es\/#\/schema\/logo\/image\/"},"sameAs":["https:\/\/www.facebook.com\/schalungshandel","https:\/\/x.com\/JH_ITC","https:\/\/www.linkedin.com\/in\/jhitc","https:\/\/youtu.be\/rMdZ-FLfI-Y"]}]}},"_links":{"self":[{"href":"https:\/\/stage.jh-itc.de\/es\/wp-json\/wp\/v2\/product\/41985","targetHints":{"allow":["GET"]}}],"collection":[{"href":"https:\/\/stage.jh-itc.de\/es\/wp-json\/wp\/v2\/product"}],"about":[{"href":"https:\/\/stage.jh-itc.de\/es\/wp-json\/wp\/v2\/types\/product"}],"wp:featuredmedia":[{"embeddable":true,"href":"https:\/\/stage.jh-itc.de\/es\/wp-json\/wp\/v2\/media\/36365"}],"wp:attachment":[{"href":"https:\/\/stage.jh-itc.de\/es\/wp-json\/wp\/v2\/media?parent=41985"}],"wp:term":[{"taxonomy":"product_brand","embeddable":true,"href":"https:\/\/stage.jh-itc.de\/es\/wp-json\/wp\/v2\/product_brand?post=41985"},{"taxonomy":"product_cat","embeddable":true,"href":"https:\/\/stage.jh-itc.de\/es\/wp-json\/wp\/v2\/product_cat?post=41985"},{"taxonomy":"product_tag","embeddable":true,"href":"https:\/\/stage.jh-itc.de\/es\/wp-json\/wp\/v2\/product_tag?post=41985"}],"curies":[{"name":"wp","href":"https:\/\/api.w.org\/{rel}","templated":true}]}}