{"id":41674,"date":"2015-10-19T11:54:21","date_gmt":"2023-02-15T14:54:45","guid":{"rendered":"https:\/\/www.jh-itc.de\/shop\/sin categor\u00eda\/montantes-pintados-de-170-370-m\/"},"modified":"2023-02-15T15:54:45","modified_gmt":"2023-02-15T14:54:45","slug":"lacado-botones-3m","status":"publish","type":"product","link":"https:\/\/stage.jh-itc.de\/es\/shop\/apuntalar\/lacado-botones-3m\/","title":{"rendered":"Montantes pintados de 1,70-3,70 m"},"content":{"rendered":"","protected":false},"excerpt":{"rendered":"<p>Ofrecemos <strong>montantes pintados con 3,70 m<\/strong>.<\/p>\n<p>Se almacenan en cajas apilables y est\u00e1n disponibles directamente en stock.<\/p>\n<p>Si est\u00e1 interesado, env\u00edenos su consulta.<\/p>\n","protected":false},"featured_media":49101,"template":"","meta":[],"product_brand":[],"product_cat":[308],"product_tag":[],"class_list":{"0":"post-41674","1":"product","2":"type-product","3":"status-publish","4":"has-post-thumbnail","6":"product_cat-apuntalar","8":"first","9":"outofstock","10":"taxable","11":"shipping-taxable","12":"product-type-simple"},"yoast_head":"<!-- This site is optimized with the Yoast SEO plugin v26.5 - https:\/\/yoast.com\/wordpress\/plugins\/seo\/ -->\n<title>Montantes pintados de 1,70-3,70 m - JH - ITC GmbH<\/title>\n<meta name=\"description\" content=\"accesorios pintados, accesorios pintados\" \/>\n<meta name=\"robots\" content=\"noindex, follow, max-snippet:-1, max-image-preview:large, max-video-preview:-1\" \/>\n<meta property=\"og:locale\" content=\"es_ES\" \/>\n<meta property=\"og:type\" content=\"article\" \/>\n<meta property=\"og:title\" content=\"Montantes pintados de 1,70-3,70 m - JH - ITC GmbH\" \/>\n<meta property=\"og:description\" content=\"accesorios pintados, accesorios pintados\" \/>\n<meta property=\"og:url\" content=\"https:\/\/stage.jh-itc.de\/es\/shop\/apuntalar\/lacado-botones-3m\/\" \/>\n<meta property=\"og:site_name\" content=\"JH - ITC GmbH\" \/>\n<meta property=\"article:publisher\" content=\"https:\/\/www.facebook.com\/schalungshandel\" \/>\n<meta property=\"og:image\" content=\"https:\/\/stage.jh-itc.de\/wp-content\/uploads\/2015\/11\/Adria-Collage.jpg\" \/>\n\t<meta property=\"og:image:width\" content=\"740\" \/>\n\t<meta property=\"og:image:height\" content=\"740\" \/>\n\t<meta property=\"og:image:type\" content=\"image\/jpeg\" \/>\n<meta name=\"twitter:card\" content=\"summary_large_image\" \/>\n<meta name=\"twitter:site\" content=\"@JH_ITC\" \/>\n<!-- \/ Yoast SEO plugin. -->","yoast_head_json":{"title":"Montantes pintados de 1,70-3,70 m - JH - ITC GmbH","description":"accesorios pintados, accesorios pintados","robots":{"index":"noindex","follow":"follow","max-snippet":"max-snippet:-1","max-image-preview":"max-image-preview:large","max-video-preview":"max-video-preview:-1"},"og_locale":"es_ES","og_type":"article","og_title":"Montantes pintados de 1,70-3,70 m - JH - ITC GmbH","og_description":"accesorios pintados, accesorios pintados","og_url":"https:\/\/stage.jh-itc.de\/es\/shop\/apuntalar\/lacado-botones-3m\/","og_site_name":"JH - ITC GmbH","article_publisher":"https:\/\/www.facebook.com\/schalungshandel","og_image":[{"width":740,"height":740,"url":"https:\/\/stage.jh-itc.de\/wp-content\/uploads\/2015\/11\/Adria-Collage.jpg","type":"image\/jpeg"}],"twitter_card":"summary_large_image","twitter_site":"@JH_ITC","schema":{"@context":"https:\/\/schema.org","@graph":[{"@type":"WebPage","@id":"https:\/\/stage.jh-itc.de\/es\/shop\/apuntalar\/lacado-botones-3m\/","url":"https:\/\/stage.jh-itc.de\/es\/shop\/apuntalar\/lacado-botones-3m\/","name":"Montantes pintados de 1,70-3,70 m - JH - ITC GmbH","isPartOf":{"@id":"https:\/\/stage.jh-itc.de\/es\/#website"},"primaryImageOfPage":{"@id":"https:\/\/stage.jh-itc.de\/es\/shop\/apuntalar\/lacado-botones-3m\/#primaryimage"},"image":{"@id":"https:\/\/stage.jh-itc.de\/es\/shop\/apuntalar\/lacado-botones-3m\/#primaryimage"},"thumbnailUrl":"https:\/\/stage.jh-itc.de\/wp-content\/uploads\/2015\/11\/Adria-Collage.jpg","datePublished":"2023-02-15T14:54:45+00:00","description":"accesorios pintados, accesorios pintados","breadcrumb":{"@id":"https:\/\/stage.jh-itc.de\/es\/shop\/apuntalar\/lacado-botones-3m\/#breadcrumb"},"inLanguage":"es","potentialAction":[{"@type":"ReadAction","target":["https:\/\/stage.jh-itc.de\/es\/shop\/apuntalar\/lacado-botones-3m\/"]}]},{"@type":"ImageObject","inLanguage":"es","@id":"https:\/\/stage.jh-itc.de\/es\/shop\/apuntalar\/lacado-botones-3m\/#primaryimage","url":"https:\/\/stage.jh-itc.de\/wp-content\/uploads\/2015\/11\/Adria-Collage.jpg","contentUrl":"https:\/\/stage.jh-itc.de\/wp-content\/uploads\/2015\/11\/Adria-Collage.jpg","width":740,"height":740},{"@type":"BreadcrumbList","@id":"https:\/\/stage.jh-itc.de\/es\/shop\/apuntalar\/lacado-botones-3m\/#breadcrumb","itemListElement":[{"@type":"ListItem","position":1,"name":"Home","item":"https:\/\/stage.jh-itc.de\/es\/encofrados-puntales-y-andamios-de-profesionales\/"},{"@type":"ListItem","position":2,"name":"Tienda","item":"https:\/\/stage.jh-itc.de\/es\/tienda\/"},{"@type":"ListItem","position":3,"name":"Montantes pintados de 1,70-3,70 m"}]},{"@type":"WebSite","@id":"https:\/\/stage.jh-itc.de\/es\/#website","url":"https:\/\/stage.jh-itc.de\/es\/","name":"JH - ITC GmbH","description":"Ihr Experte f\u00fcr gebrauchte St\u00fctzen, Schalungen und Ger\u00fcste","publisher":{"@id":"https:\/\/stage.jh-itc.de\/es\/#organization"},"potentialAction":[{"@type":"SearchAction","target":{"@type":"EntryPoint","urlTemplate":"https:\/\/stage.jh-itc.de\/es\/?s={search_term_string}"},"query-input":{"@type":"PropertyValueSpecification","valueRequired":true,"valueName":"search_term_string"}}],"inLanguage":"es"},{"@type":"Organization","@id":"https:\/\/stage.jh-itc.de\/es\/#organization","name":"JH-ITC GmbH","url":"https:\/\/stage.jh-itc.de\/es\/","logo":{"@type":"ImageObject","inLanguage":"es","@id":"https:\/\/stage.jh-itc.de\/es\/#\/schema\/logo\/image\/","url":"https:\/\/stage.jh-itc.de\/wp-content\/uploads\/2016\/01\/JH-ITC2-1.png","contentUrl":"https:\/\/stage.jh-itc.de\/wp-content\/uploads\/2016\/01\/JH-ITC2-1.png","width":300,"height":102,"caption":"JH-ITC GmbH"},"image":{"@id":"https:\/\/stage.jh-itc.de\/es\/#\/schema\/logo\/image\/"},"sameAs":["https:\/\/www.facebook.com\/schalungshandel","https:\/\/x.com\/JH_ITC","https:\/\/www.linkedin.com\/in\/jhitc","https:\/\/youtu.be\/rMdZ-FLfI-Y"]}]}},"_links":{"self":[{"href":"https:\/\/stage.jh-itc.de\/es\/wp-json\/wp\/v2\/product\/41674","targetHints":{"allow":["GET"]}}],"collection":[{"href":"https:\/\/stage.jh-itc.de\/es\/wp-json\/wp\/v2\/product"}],"about":[{"href":"https:\/\/stage.jh-itc.de\/es\/wp-json\/wp\/v2\/types\/product"}],"wp:featuredmedia":[{"embeddable":true,"href":"https:\/\/stage.jh-itc.de\/es\/wp-json\/wp\/v2\/media\/49101"}],"wp:attachment":[{"href":"https:\/\/stage.jh-itc.de\/es\/wp-json\/wp\/v2\/media?parent=41674"}],"wp:term":[{"taxonomy":"product_brand","embeddable":true,"href":"https:\/\/stage.jh-itc.de\/es\/wp-json\/wp\/v2\/product_brand?post=41674"},{"taxonomy":"product_cat","embeddable":true,"href":"https:\/\/stage.jh-itc.de\/es\/wp-json\/wp\/v2\/product_cat?post=41674"},{"taxonomy":"product_tag","embeddable":true,"href":"https:\/\/stage.jh-itc.de\/es\/wp-json\/wp\/v2\/product_tag?post=41674"}],"curies":[{"name":"wp","href":"https:\/\/api.w.org\/{rel}","templated":true}]}}