{"id":41565,"date":"2015-08-05T12:02:04","date_gmt":"2023-02-15T14:54:36","guid":{"rendered":"https:\/\/www.jh-itc.de\/shop\/sin categor\u00eda\/grua-san-marco-smt-420\/"},"modified":"2023-02-15T15:54:36","modified_gmt":"2023-02-15T14:54:36","slug":"san-marco-smt-420-kran","status":"publish","type":"product","link":"https:\/\/stage.jh-itc.de\/es\/shop\/maquinaria-de-construccion\/san-marco-smt-420-kran\/","title":{"rendered":"Gr\u00faa San Marco SMT 420"},"content":{"rendered":"<p>Ofrecemos una gr\u00faa<\/p>\n<p>Nunca se ha utilizado antes.<\/p>\n<p><strong>Tipo: SMT 420<\/strong><br \/>\n<strong>A\u00f1o de fabricaci\u00f3n: 2010<\/strong><br \/>\n<strong>Alcance: 42 m = 1,2 To a 20 m = 3,0 To<\/strong><br \/>\n<strong>Altura del gancho: 40 m<\/strong><br \/>\n<strong>3 x piezas de torre a 12 m<\/strong><br \/>\n<strong>Bastidor inferior<\/strong><br \/>\n<strong>Incluye Balasto, mando a distancia por radio<\/strong><\/p>\n","protected":false},"excerpt":{"rendered":"<p>Ofrecemos una gr\u00faa Nunca se ha utilizado antes. Tipo: SMT 420 A\u00f1o de fabricaci\u00f3n: 2010 Alcance: 42 m = 1,2 To a 20 m = 3,0 To Altura del gancho: 40 m 3 x piezas de torre a 12 m Bastidor inferior Incluye Balasto, mando a distancia por radio<\/p>\n","protected":false},"featured_media":48281,"template":"","meta":[],"product_brand":[],"product_cat":[268],"product_tag":[],"class_list":{"0":"post-41565","1":"product","2":"type-product","3":"status-publish","4":"has-post-thumbnail","6":"product_cat-maquinaria-de-construccion","8":"first","9":"instock","10":"taxable","11":"shipping-taxable","12":"product-type-simple"},"yoast_head":"<!-- This site is optimized with the Yoast SEO plugin v26.5 - https:\/\/yoast.com\/wordpress\/plugins\/seo\/ -->\n<title>Gr\u00faa San Marco SMT 420 - JH - ITC GmbH<\/title>\n<meta name=\"description\" content=\"Gr\u00faa giratoria superior San Marco SMT 420\" \/>\n<meta name=\"robots\" content=\"noindex, follow, max-snippet:-1, max-image-preview:large, max-video-preview:-1\" \/>\n<meta property=\"og:locale\" content=\"es_ES\" \/>\n<meta property=\"og:type\" content=\"article\" \/>\n<meta property=\"og:title\" content=\"Gr\u00faa San Marco SMT 420 - JH - ITC GmbH\" \/>\n<meta property=\"og:description\" content=\"Gr\u00faa giratoria superior San Marco SMT 420\" \/>\n<meta property=\"og:url\" content=\"https:\/\/stage.jh-itc.de\/es\/shop\/maquinaria-de-construccion\/san-marco-smt-420-kran\/\" \/>\n<meta property=\"og:site_name\" content=\"JH - ITC GmbH\" \/>\n<meta property=\"article:publisher\" content=\"https:\/\/www.facebook.com\/schalungshandel\" \/>\n<meta property=\"og:image\" content=\"https:\/\/stage.jh-itc.de\/wp-content\/uploads\/2015\/08\/San-Marco-SMT-420-3.jpg\" \/>\n\t<meta property=\"og:image:width\" content=\"1024\" \/>\n\t<meta property=\"og:image:height\" content=\"575\" \/>\n\t<meta property=\"og:image:type\" content=\"image\/jpeg\" \/>\n<meta name=\"twitter:card\" content=\"summary_large_image\" \/>\n<meta name=\"twitter:site\" content=\"@JH_ITC\" \/>\n<!-- \/ Yoast SEO plugin. -->","yoast_head_json":{"title":"Gr\u00faa San Marco SMT 420 - JH - ITC GmbH","description":"Gr\u00faa giratoria superior San Marco SMT 420","robots":{"index":"noindex","follow":"follow","max-snippet":"max-snippet:-1","max-image-preview":"max-image-preview:large","max-video-preview":"max-video-preview:-1"},"og_locale":"es_ES","og_type":"article","og_title":"Gr\u00faa San Marco SMT 420 - JH - ITC GmbH","og_description":"Gr\u00faa giratoria superior San Marco SMT 420","og_url":"https:\/\/stage.jh-itc.de\/es\/shop\/maquinaria-de-construccion\/san-marco-smt-420-kran\/","og_site_name":"JH - ITC GmbH","article_publisher":"https:\/\/www.facebook.com\/schalungshandel","og_image":[{"width":1024,"height":575,"url":"https:\/\/stage.jh-itc.de\/wp-content\/uploads\/2015\/08\/San-Marco-SMT-420-3.jpg","type":"image\/jpeg"}],"twitter_card":"summary_large_image","twitter_site":"@JH_ITC","schema":{"@context":"https:\/\/schema.org","@graph":[{"@type":"WebPage","@id":"https:\/\/stage.jh-itc.de\/es\/shop\/maquinaria-de-construccion\/san-marco-smt-420-kran\/","url":"https:\/\/stage.jh-itc.de\/es\/shop\/maquinaria-de-construccion\/san-marco-smt-420-kran\/","name":"Gr\u00faa San Marco SMT 420 - JH - ITC GmbH","isPartOf":{"@id":"https:\/\/stage.jh-itc.de\/es\/#website"},"primaryImageOfPage":{"@id":"https:\/\/stage.jh-itc.de\/es\/shop\/maquinaria-de-construccion\/san-marco-smt-420-kran\/#primaryimage"},"image":{"@id":"https:\/\/stage.jh-itc.de\/es\/shop\/maquinaria-de-construccion\/san-marco-smt-420-kran\/#primaryimage"},"thumbnailUrl":"https:\/\/stage.jh-itc.de\/wp-content\/uploads\/2015\/08\/San-Marco-SMT-420-3.jpg","datePublished":"2023-02-15T14:54:36+00:00","description":"Gr\u00faa giratoria superior San Marco SMT 420","breadcrumb":{"@id":"https:\/\/stage.jh-itc.de\/es\/shop\/maquinaria-de-construccion\/san-marco-smt-420-kran\/#breadcrumb"},"inLanguage":"es","potentialAction":[{"@type":"ReadAction","target":["https:\/\/stage.jh-itc.de\/es\/shop\/maquinaria-de-construccion\/san-marco-smt-420-kran\/"]}]},{"@type":"ImageObject","inLanguage":"es","@id":"https:\/\/stage.jh-itc.de\/es\/shop\/maquinaria-de-construccion\/san-marco-smt-420-kran\/#primaryimage","url":"https:\/\/stage.jh-itc.de\/wp-content\/uploads\/2015\/08\/San-Marco-SMT-420-3.jpg","contentUrl":"https:\/\/stage.jh-itc.de\/wp-content\/uploads\/2015\/08\/San-Marco-SMT-420-3.jpg","width":1024,"height":575},{"@type":"BreadcrumbList","@id":"https:\/\/stage.jh-itc.de\/es\/shop\/maquinaria-de-construccion\/san-marco-smt-420-kran\/#breadcrumb","itemListElement":[{"@type":"ListItem","position":1,"name":"Home","item":"https:\/\/stage.jh-itc.de\/es\/encofrados-puntales-y-andamios-de-profesionales\/"},{"@type":"ListItem","position":2,"name":"Tienda","item":"https:\/\/stage.jh-itc.de\/es\/tienda\/"},{"@type":"ListItem","position":3,"name":"Gr\u00faa San Marco SMT 420"}]},{"@type":"WebSite","@id":"https:\/\/stage.jh-itc.de\/es\/#website","url":"https:\/\/stage.jh-itc.de\/es\/","name":"JH - ITC GmbH","description":"Ihr Experte f\u00fcr gebrauchte St\u00fctzen, Schalungen und Ger\u00fcste","publisher":{"@id":"https:\/\/stage.jh-itc.de\/es\/#organization"},"potentialAction":[{"@type":"SearchAction","target":{"@type":"EntryPoint","urlTemplate":"https:\/\/stage.jh-itc.de\/es\/?s={search_term_string}"},"query-input":{"@type":"PropertyValueSpecification","valueRequired":true,"valueName":"search_term_string"}}],"inLanguage":"es"},{"@type":"Organization","@id":"https:\/\/stage.jh-itc.de\/es\/#organization","name":"JH-ITC GmbH","url":"https:\/\/stage.jh-itc.de\/es\/","logo":{"@type":"ImageObject","inLanguage":"es","@id":"https:\/\/stage.jh-itc.de\/es\/#\/schema\/logo\/image\/","url":"https:\/\/stage.jh-itc.de\/wp-content\/uploads\/2016\/01\/JH-ITC2-1.png","contentUrl":"https:\/\/stage.jh-itc.de\/wp-content\/uploads\/2016\/01\/JH-ITC2-1.png","width":300,"height":102,"caption":"JH-ITC GmbH"},"image":{"@id":"https:\/\/stage.jh-itc.de\/es\/#\/schema\/logo\/image\/"},"sameAs":["https:\/\/www.facebook.com\/schalungshandel","https:\/\/x.com\/JH_ITC","https:\/\/www.linkedin.com\/in\/jhitc","https:\/\/youtu.be\/rMdZ-FLfI-Y"]}]}},"_links":{"self":[{"href":"https:\/\/stage.jh-itc.de\/es\/wp-json\/wp\/v2\/product\/41565","targetHints":{"allow":["GET"]}}],"collection":[{"href":"https:\/\/stage.jh-itc.de\/es\/wp-json\/wp\/v2\/product"}],"about":[{"href":"https:\/\/stage.jh-itc.de\/es\/wp-json\/wp\/v2\/types\/product"}],"wp:featuredmedia":[{"embeddable":true,"href":"https:\/\/stage.jh-itc.de\/es\/wp-json\/wp\/v2\/media\/48281"}],"wp:attachment":[{"href":"https:\/\/stage.jh-itc.de\/es\/wp-json\/wp\/v2\/media?parent=41565"}],"wp:term":[{"taxonomy":"product_brand","embeddable":true,"href":"https:\/\/stage.jh-itc.de\/es\/wp-json\/wp\/v2\/product_brand?post=41565"},{"taxonomy":"product_cat","embeddable":true,"href":"https:\/\/stage.jh-itc.de\/es\/wp-json\/wp\/v2\/product_cat?post=41565"},{"taxonomy":"product_tag","embeddable":true,"href":"https:\/\/stage.jh-itc.de\/es\/wp-json\/wp\/v2\/product_tag?post=41565"}],"curies":[{"name":"wp","href":"https:\/\/api.w.org\/{rel}","templated":true}]}}