{"id":41442,"date":"2015-06-16T18:13:44","date_gmt":"2023-02-15T14:54:23","guid":{"rendered":"https:\/\/www.jh-itc.de\/shop\/sin categor\u00eda\/adria-soporta-300-m\/"},"modified":"2023-02-15T15:54:23","modified_gmt":"2023-02-15T14:54:23","slug":"adriatic-straits-300m","status":"publish","type":"product","link":"https:\/\/stage.jh-itc.de\/es\/shop\/apuntalar\/adriatic-straits-300m\/","title":{"rendered":"Adria soporta 3,00 m"},"content":{"rendered":"","protected":false},"excerpt":{"rendered":"<p>Ofrecemos <strong>puntales Adria<\/strong> de segunda mano:<\/p>\n<hr>\n<p><strong>2.200 x Soporte Adria tipo 1 : 1,75m &#8211; 3,00m<\/strong><\/p>\n<p><strong>278 puntales Adria tipo 2 : 3,60 m<\/strong><\/p>\n<p><strong>  Los soportes tienen una capacidad de carga de 2 toneladas<\/strong><\/p>\n<hr>\n<p>Los soportes est\u00e1n pintados y en buen estado.<\/p>\n<p>Si est\u00e1 interesado, env\u00edenos su consulta.<\/p>\n<p>&nbsp;<\/p>\n","protected":false},"featured_media":41477,"template":"","meta":[],"product_brand":[],"product_cat":[308],"product_tag":[],"class_list":{"0":"post-41442","1":"product","2":"type-product","3":"status-publish","4":"has-post-thumbnail","6":"product_cat-apuntalar","8":"first","9":"instock","10":"taxable","11":"shipping-taxable","12":"product-type-simple"},"yoast_head":"<!-- This site is optimized with the Yoast SEO plugin v26.5 - https:\/\/yoast.com\/wordpress\/plugins\/seo\/ -->\n<title>Adria soporta 3,00 m - JH - ITC GmbH<\/title>\n<meta name=\"description\" content=\"Soportes Adria, soportes pintados de 3,00 m de longitud y 2 toneladas de capacidad de carga\" \/>\n<meta name=\"robots\" content=\"noindex, follow, max-snippet:-1, max-image-preview:large, max-video-preview:-1\" \/>\n<meta property=\"og:locale\" content=\"es_ES\" \/>\n<meta property=\"og:type\" content=\"article\" \/>\n<meta property=\"og:title\" content=\"Adria soporta 3,00 m - JH - ITC GmbH\" \/>\n<meta property=\"og:description\" content=\"Soportes Adria, soportes pintados de 3,00 m de longitud y 2 toneladas de capacidad de carga\" \/>\n<meta property=\"og:url\" content=\"https:\/\/stage.jh-itc.de\/es\/shop\/apuntalar\/adriatic-straits-300m\/\" \/>\n<meta property=\"og:site_name\" content=\"JH - ITC GmbH\" \/>\n<meta property=\"article:publisher\" content=\"https:\/\/www.facebook.com\/schalungshandel\" \/>\n<meta property=\"og:image\" content=\"https:\/\/stage.jh-itc.de\/wp-content\/uploads\/2015\/06\/3b9aaffea1886ff42864a2fa9e5660d0-e1572551874295.jpg\" \/>\n\t<meta property=\"og:image:width\" content=\"640\" \/>\n\t<meta property=\"og:image:height\" content=\"480\" \/>\n\t<meta property=\"og:image:type\" content=\"image\/jpeg\" \/>\n<meta name=\"twitter:card\" content=\"summary_large_image\" \/>\n<meta name=\"twitter:site\" content=\"@JH_ITC\" \/>\n<!-- \/ Yoast SEO plugin. -->","yoast_head_json":{"title":"Adria soporta 3,00 m - JH - ITC GmbH","description":"Soportes Adria, soportes pintados de 3,00 m de longitud y 2 toneladas de capacidad de carga","robots":{"index":"noindex","follow":"follow","max-snippet":"max-snippet:-1","max-image-preview":"max-image-preview:large","max-video-preview":"max-video-preview:-1"},"og_locale":"es_ES","og_type":"article","og_title":"Adria soporta 3,00 m - JH - ITC GmbH","og_description":"Soportes Adria, soportes pintados de 3,00 m de longitud y 2 toneladas de capacidad de carga","og_url":"https:\/\/stage.jh-itc.de\/es\/shop\/apuntalar\/adriatic-straits-300m\/","og_site_name":"JH - ITC GmbH","article_publisher":"https:\/\/www.facebook.com\/schalungshandel","og_image":[{"width":640,"height":480,"url":"https:\/\/stage.jh-itc.de\/wp-content\/uploads\/2015\/06\/3b9aaffea1886ff42864a2fa9e5660d0-e1572551874295.jpg","type":"image\/jpeg"}],"twitter_card":"summary_large_image","twitter_site":"@JH_ITC","schema":{"@context":"https:\/\/schema.org","@graph":[{"@type":"WebPage","@id":"https:\/\/stage.jh-itc.de\/es\/shop\/apuntalar\/adriatic-straits-300m\/","url":"https:\/\/stage.jh-itc.de\/es\/shop\/apuntalar\/adriatic-straits-300m\/","name":"Adria soporta 3,00 m - JH - ITC GmbH","isPartOf":{"@id":"https:\/\/stage.jh-itc.de\/es\/#website"},"primaryImageOfPage":{"@id":"https:\/\/stage.jh-itc.de\/es\/shop\/apuntalar\/adriatic-straits-300m\/#primaryimage"},"image":{"@id":"https:\/\/stage.jh-itc.de\/es\/shop\/apuntalar\/adriatic-straits-300m\/#primaryimage"},"thumbnailUrl":"https:\/\/stage.jh-itc.de\/wp-content\/uploads\/2015\/06\/3b9aaffea1886ff42864a2fa9e5660d0-e1572551874295.jpg","datePublished":"2023-02-15T14:54:23+00:00","description":"Soportes Adria, soportes pintados de 3,00 m de longitud y 2 toneladas de capacidad de carga","breadcrumb":{"@id":"https:\/\/stage.jh-itc.de\/es\/shop\/apuntalar\/adriatic-straits-300m\/#breadcrumb"},"inLanguage":"es","potentialAction":[{"@type":"ReadAction","target":["https:\/\/stage.jh-itc.de\/es\/shop\/apuntalar\/adriatic-straits-300m\/"]}]},{"@type":"ImageObject","inLanguage":"es","@id":"https:\/\/stage.jh-itc.de\/es\/shop\/apuntalar\/adriatic-straits-300m\/#primaryimage","url":"https:\/\/stage.jh-itc.de\/wp-content\/uploads\/2015\/06\/3b9aaffea1886ff42864a2fa9e5660d0-e1572551874295.jpg","contentUrl":"https:\/\/stage.jh-itc.de\/wp-content\/uploads\/2015\/06\/3b9aaffea1886ff42864a2fa9e5660d0-e1572551874295.jpg","width":640,"height":480},{"@type":"BreadcrumbList","@id":"https:\/\/stage.jh-itc.de\/es\/shop\/apuntalar\/adriatic-straits-300m\/#breadcrumb","itemListElement":[{"@type":"ListItem","position":1,"name":"Home","item":"https:\/\/stage.jh-itc.de\/es\/encofrados-puntales-y-andamios-de-profesionales\/"},{"@type":"ListItem","position":2,"name":"Tienda","item":"https:\/\/stage.jh-itc.de\/es\/tienda\/"},{"@type":"ListItem","position":3,"name":"Adria soporta 3,00 m"}]},{"@type":"WebSite","@id":"https:\/\/stage.jh-itc.de\/es\/#website","url":"https:\/\/stage.jh-itc.de\/es\/","name":"JH - ITC GmbH","description":"Ihr Experte f\u00fcr gebrauchte St\u00fctzen, Schalungen und Ger\u00fcste","publisher":{"@id":"https:\/\/stage.jh-itc.de\/es\/#organization"},"potentialAction":[{"@type":"SearchAction","target":{"@type":"EntryPoint","urlTemplate":"https:\/\/stage.jh-itc.de\/es\/?s={search_term_string}"},"query-input":{"@type":"PropertyValueSpecification","valueRequired":true,"valueName":"search_term_string"}}],"inLanguage":"es"},{"@type":"Organization","@id":"https:\/\/stage.jh-itc.de\/es\/#organization","name":"JH-ITC GmbH","url":"https:\/\/stage.jh-itc.de\/es\/","logo":{"@type":"ImageObject","inLanguage":"es","@id":"https:\/\/stage.jh-itc.de\/es\/#\/schema\/logo\/image\/","url":"https:\/\/stage.jh-itc.de\/wp-content\/uploads\/2016\/01\/JH-ITC2-1.png","contentUrl":"https:\/\/stage.jh-itc.de\/wp-content\/uploads\/2016\/01\/JH-ITC2-1.png","width":300,"height":102,"caption":"JH-ITC GmbH"},"image":{"@id":"https:\/\/stage.jh-itc.de\/es\/#\/schema\/logo\/image\/"},"sameAs":["https:\/\/www.facebook.com\/schalungshandel","https:\/\/x.com\/JH_ITC","https:\/\/www.linkedin.com\/in\/jhitc","https:\/\/youtu.be\/rMdZ-FLfI-Y"]}]}},"_links":{"self":[{"href":"https:\/\/stage.jh-itc.de\/es\/wp-json\/wp\/v2\/product\/41442","targetHints":{"allow":["GET"]}}],"collection":[{"href":"https:\/\/stage.jh-itc.de\/es\/wp-json\/wp\/v2\/product"}],"about":[{"href":"https:\/\/stage.jh-itc.de\/es\/wp-json\/wp\/v2\/types\/product"}],"wp:featuredmedia":[{"embeddable":true,"href":"https:\/\/stage.jh-itc.de\/es\/wp-json\/wp\/v2\/media\/41477"}],"wp:attachment":[{"href":"https:\/\/stage.jh-itc.de\/es\/wp-json\/wp\/v2\/media?parent=41442"}],"wp:term":[{"taxonomy":"product_brand","embeddable":true,"href":"https:\/\/stage.jh-itc.de\/es\/wp-json\/wp\/v2\/product_brand?post=41442"},{"taxonomy":"product_cat","embeddable":true,"href":"https:\/\/stage.jh-itc.de\/es\/wp-json\/wp\/v2\/product_cat?post=41442"},{"taxonomy":"product_tag","embeddable":true,"href":"https:\/\/stage.jh-itc.de\/es\/wp-json\/wp\/v2\/product_tag?post=41442"}],"curies":[{"name":"wp","href":"https:\/\/api.w.org\/{rel}","templated":true}]}}