{"id":18519,"date":"2021-03-10T18:42:57","date_gmt":"2021-04-28T19:58:33","guid":{"rendered":"https:\/\/www.jh-itc.de\/shop\/sin%20categor\u00eda\/encofrado-xt-de-haegele\/"},"modified":"2021-04-28T21:58:57","modified_gmt":"2021-04-28T19:58:57","slug":"haegele-xt-formwork","status":"publish","type":"product","link":"https:\/\/stage.jh-itc.de\/es\/shop\/haegele-febe-es\/haegele-xt-es\/haegele-xt-formwork\/","title":{"rendered":"Encofrado XT de H\u00e4gele"},"content":{"rendered":"<h1>Los gigantes de elementos hasta 6,5 m\u00b2<\/h1>\n<p>Con su perfil de marco de 12 cm de ancho, los elementos de la serie XT soportan de forma fiable una presi\u00f3n de hormig\u00f3n fresco de hasta 80 kN\/m\u00b2. La serie XT est\u00e1 dise\u00f1ada para el encofrado de muros, circulares y columnas de gran superficie para el desplazamiento de la gr\u00faa.<\/p>\n<p>Los elementos est\u00e1ndar de gran formato, que s\u00f3lo requieren dos puntos de sujeci\u00f3n a la altura del elemento, garantizan tiempos de encofrado muy cortos, de aproximadamente 0,4 horas\/m\u00b2, cuando se utiliza la pinza r\u00e1pida FEBE. Si no es suficiente, tome el elemento especial de gran superficie con las dimensiones 240 x 270 cm y forme 6,5 m\u00b2 con un solo elemento.<\/p>\n<p>Para los ciclos de trabajo que se repiten con m\u00e1s frecuencia, se pueden utilizar cu\u00f1as y pernos para producir conjuntos de paneles de gran superficie para una r\u00e1pida reubicaci\u00f3n. La cu\u00f1a y el perno no sobresalen del marco del elemento, por lo que estos conjuntos de elementos tambi\u00e9n pueden apilarse en plano unos sobre otros.<\/p>\n<p>Gracias a la amplia producci\u00f3n en serie de diversos anchos de elementos, se puede formar pr\u00e1cticamente cualquier plano con la gama est\u00e1ndar. Esto significa para usted: \u00a1sin costosos encofrados especiales ni complejos accesorios!<\/p>\n<h3>sus beneficios<\/h3>\n<ul>\n<li>6,5 m\u00b2 con un solo elemento<\/li>\n<li>hasta 80 kN de presi\u00f3n de hormig\u00f3n fresco<\/li>\n<li>Encofrado de gran superficie de montaje r\u00e1pido<\/li>\n<li>Flexibilidad gracias a las numerosas anchuras de los elementos<\/li>\n<li>Elemento compuesto plano apilable<\/li>\n<li>puede utilizarse en vertical y en horizontal<\/li>\n<\/ul>\n","protected":false},"excerpt":{"rendered":"<p>Ofrecemos un lote de encofrados H\u00e4gele XT de segunda mano.<\/p>\n<p>Hay un total de 1.400 m\u00b2 incl. Se dispone de accesorios, as\u00ed como de soportes de hormigonado y abrazaderas.<\/p>\n<p>Algunos de los elementos necesitan ser renovados y revestidos.<\/p>\n<p>Si est\u00e1 interesado, env\u00edenos su consulta.<\/p>\n<p>&nbsp;<\/p>\n","protected":false},"featured_media":0,"template":"","meta":[],"product_brand":[],"product_cat":[286,278,306],"product_tag":[],"class_list":{"0":"post-18519","1":"product","2":"type-product","3":"status-publish","5":"product_cat-haegele-xt-es","6":"product_cat-haegele-febe-es","7":"product_cat-encofrado","9":"first","10":"instock","11":"taxable","12":"shipping-taxable","13":"product-type-simple"},"yoast_head":"<!-- This site is optimized with the Yoast SEO plugin v26.5 - https:\/\/yoast.com\/wordpress\/plugins\/seo\/ -->\n<title>Encofrado XT de H\u00e4gele - JH - ITC GmbH<\/title>\n<meta name=\"description\" content=\"Encofrado XT de H\u00e4gele. Fabricantes de renombre \u2714 Encofrados, puntales, andamios y maquinaria de construcci\u00f3n nuevos y usados \u2714 \u00a1Solicite un presupuesto ahora!\" \/>\n<meta name=\"robots\" content=\"noindex, follow, max-snippet:-1, max-image-preview:large, max-video-preview:-1\" \/>\n<meta property=\"og:locale\" content=\"es_ES\" \/>\n<meta property=\"og:type\" content=\"article\" \/>\n<meta property=\"og:title\" content=\"Encofrado XT de H\u00e4gele - JH - ITC GmbH\" \/>\n<meta property=\"og:description\" content=\"Encofrado XT de H\u00e4gele. Fabricantes de renombre \u2714 Encofrados, puntales, andamios y maquinaria de construcci\u00f3n nuevos y usados \u2714 \u00a1Solicite un presupuesto ahora!\" \/>\n<meta property=\"og:url\" content=\"https:\/\/stage.jh-itc.de\/es\/shop\/haegele-febe-es\/haegele-xt-es\/haegele-xt-formwork\/\" \/>\n<meta property=\"og:site_name\" content=\"JH - ITC GmbH\" \/>\n<meta property=\"article:publisher\" content=\"https:\/\/www.facebook.com\/schalungshandel\" \/>\n<meta property=\"article:modified_time\" content=\"2021-04-28T19:58:57+00:00\" \/>\n<meta name=\"twitter:card\" content=\"summary_large_image\" \/>\n<meta name=\"twitter:site\" content=\"@JH_ITC\" \/>\n<meta name=\"twitter:label1\" content=\"Tiempo de lectura\" \/>\n\t<meta name=\"twitter:data1\" content=\"1 minuto\" \/>\n<!-- \/ Yoast SEO plugin. -->","yoast_head_json":{"title":"Encofrado XT de H\u00e4gele - JH - ITC GmbH","description":"Encofrado XT de H\u00e4gele. Fabricantes de renombre \u2714 Encofrados, puntales, andamios y maquinaria de construcci\u00f3n nuevos y usados \u2714 \u00a1Solicite un presupuesto ahora!","robots":{"index":"noindex","follow":"follow","max-snippet":"max-snippet:-1","max-image-preview":"max-image-preview:large","max-video-preview":"max-video-preview:-1"},"og_locale":"es_ES","og_type":"article","og_title":"Encofrado XT de H\u00e4gele - JH - ITC GmbH","og_description":"Encofrado XT de H\u00e4gele. Fabricantes de renombre \u2714 Encofrados, puntales, andamios y maquinaria de construcci\u00f3n nuevos y usados \u2714 \u00a1Solicite un presupuesto ahora!","og_url":"https:\/\/stage.jh-itc.de\/es\/shop\/haegele-febe-es\/haegele-xt-es\/haegele-xt-formwork\/","og_site_name":"JH - ITC GmbH","article_publisher":"https:\/\/www.facebook.com\/schalungshandel","article_modified_time":"2021-04-28T19:58:57+00:00","twitter_card":"summary_large_image","twitter_site":"@JH_ITC","twitter_misc":{"Tiempo de lectura":"1 minuto"},"schema":{"@context":"https:\/\/schema.org","@graph":[{"@type":"WebPage","@id":"https:\/\/stage.jh-itc.de\/es\/shop\/haegele-febe-es\/haegele-xt-es\/haegele-xt-formwork\/","url":"https:\/\/stage.jh-itc.de\/es\/shop\/haegele-febe-es\/haegele-xt-es\/haegele-xt-formwork\/","name":"Encofrado XT de H\u00e4gele - JH - ITC GmbH","isPartOf":{"@id":"https:\/\/stage.jh-itc.de\/es\/#website"},"datePublished":"2021-04-28T19:58:33+00:00","dateModified":"2021-04-28T19:58:57+00:00","description":"Encofrado XT de H\u00e4gele. Fabricantes de renombre \u2714 Encofrados, puntales, andamios y maquinaria de construcci\u00f3n nuevos y usados \u2714 \u00a1Solicite un presupuesto ahora!","breadcrumb":{"@id":"https:\/\/stage.jh-itc.de\/es\/shop\/haegele-febe-es\/haegele-xt-es\/haegele-xt-formwork\/#breadcrumb"},"inLanguage":"es","potentialAction":[{"@type":"ReadAction","target":["https:\/\/stage.jh-itc.de\/es\/shop\/haegele-febe-es\/haegele-xt-es\/haegele-xt-formwork\/"]}]},{"@type":"BreadcrumbList","@id":"https:\/\/stage.jh-itc.de\/es\/shop\/haegele-febe-es\/haegele-xt-es\/haegele-xt-formwork\/#breadcrumb","itemListElement":[{"@type":"ListItem","position":1,"name":"Home","item":"https:\/\/stage.jh-itc.de\/es\/encofrados-puntales-y-andamios-de-profesionales\/"},{"@type":"ListItem","position":2,"name":"Tienda","item":"https:\/\/stage.jh-itc.de\/es\/tienda\/"},{"@type":"ListItem","position":3,"name":"Encofrado XT de H\u00e4gele"}]},{"@type":"WebSite","@id":"https:\/\/stage.jh-itc.de\/es\/#website","url":"https:\/\/stage.jh-itc.de\/es\/","name":"JH - ITC GmbH","description":"Ihr Experte f\u00fcr gebrauchte St\u00fctzen, Schalungen und Ger\u00fcste","publisher":{"@id":"https:\/\/stage.jh-itc.de\/es\/#organization"},"potentialAction":[{"@type":"SearchAction","target":{"@type":"EntryPoint","urlTemplate":"https:\/\/stage.jh-itc.de\/es\/?s={search_term_string}"},"query-input":{"@type":"PropertyValueSpecification","valueRequired":true,"valueName":"search_term_string"}}],"inLanguage":"es"},{"@type":"Organization","@id":"https:\/\/stage.jh-itc.de\/es\/#organization","name":"JH-ITC GmbH","url":"https:\/\/stage.jh-itc.de\/es\/","logo":{"@type":"ImageObject","inLanguage":"es","@id":"https:\/\/stage.jh-itc.de\/es\/#\/schema\/logo\/image\/","url":"https:\/\/stage.jh-itc.de\/wp-content\/uploads\/2016\/01\/JH-ITC2-1.png","contentUrl":"https:\/\/stage.jh-itc.de\/wp-content\/uploads\/2016\/01\/JH-ITC2-1.png","width":300,"height":102,"caption":"JH-ITC GmbH"},"image":{"@id":"https:\/\/stage.jh-itc.de\/es\/#\/schema\/logo\/image\/"},"sameAs":["https:\/\/www.facebook.com\/schalungshandel","https:\/\/x.com\/JH_ITC","https:\/\/www.linkedin.com\/in\/jhitc","https:\/\/youtu.be\/rMdZ-FLfI-Y"]}]}},"_links":{"self":[{"href":"https:\/\/stage.jh-itc.de\/es\/wp-json\/wp\/v2\/product\/18519","targetHints":{"allow":["GET"]}}],"collection":[{"href":"https:\/\/stage.jh-itc.de\/es\/wp-json\/wp\/v2\/product"}],"about":[{"href":"https:\/\/stage.jh-itc.de\/es\/wp-json\/wp\/v2\/types\/product"}],"wp:attachment":[{"href":"https:\/\/stage.jh-itc.de\/es\/wp-json\/wp\/v2\/media?parent=18519"}],"wp:term":[{"taxonomy":"product_brand","embeddable":true,"href":"https:\/\/stage.jh-itc.de\/es\/wp-json\/wp\/v2\/product_brand?post=18519"},{"taxonomy":"product_cat","embeddable":true,"href":"https:\/\/stage.jh-itc.de\/es\/wp-json\/wp\/v2\/product_cat?post=18519"},{"taxonomy":"product_tag","embeddable":true,"href":"https:\/\/stage.jh-itc.de\/es\/wp-json\/wp\/v2\/product_tag?post=18519"}],"curies":[{"name":"wp","href":"https:\/\/api.w.org\/{rel}","templated":true}]}}