{"id":18147,"date":"2020-12-03T12:52:26","date_gmt":"2021-04-28T19:51:20","guid":{"rendered":"https:\/\/www.jh-itc.de\/shop\/sin%20categor\u00eda\/meva-alu-star-meva-star-tec\/"},"modified":"2021-04-28T21:51:39","modified_gmt":"2021-04-28T19:51:39","slug":"meva-alu-star-meva-star-tec","status":"publish","type":"product","link":"https:\/\/stage.jh-itc.de\/es\/shop\/meva-es\/meva-alu-star-es\/meva-alu-star-meva-star-tec\/","title":{"rendered":"Meva Alu Star + Meva Star Tec"},"content":{"rendered":"<table width=\"0\">\n<tbody>\n<tr>\n<td width=\"169\"><strong>N\u00famero de pieza<\/strong><\/td>\n<td width=\"651\"><strong>Descripci\u00f3n del art\u00edculo<\/strong><\/td>\n<td width=\"135\"><strong>Cantidad<\/strong><\/td>\n<\/tr>\n<tr>\n<td width=\"169\">2920173<\/td>\n<td width=\"651\">Carril de alineaci\u00f3n AS 50, galvanizado<\/td>\n<td width=\"135\">108<\/td>\n<\/tr>\n<tr>\n<td width=\"169\">2910545<\/td>\n<td width=\"651\">Soporte de encofrado 23 x 40<\/td>\n<td width=\"135\">8<\/td>\n<\/tr>\n<tr>\n<td width=\"169\">2920175<\/td>\n<td width=\"651\">Carril de alineaci\u00f3n AS 125, galvanizado<\/td>\n<td width=\"135\">39<\/td>\n<\/tr>\n<tr>\n<td width=\"169\">2208301<\/td>\n<td width=\"651\">Elemento AS AL 17 270 x 90<\/td>\n<td width=\"135\">96<\/td>\n<\/tr>\n<tr>\n<td width=\"169\">2208401<\/td>\n<td width=\"651\">Elemento AS AL 17 270 x 75<\/td>\n<td width=\"135\">89<\/td>\n<\/tr>\n<tr>\n<td width=\"169\">2208421<\/td>\n<td width=\"651\">Elemento AS AL 17 270 x 60<\/td>\n<td width=\"135\">68<\/td>\n<\/tr>\n<tr>\n<td width=\"169\">2208431<\/td>\n<td width=\"651\">Elemento AS AL 17 270 x 55<\/td>\n<td width=\"135\">55<\/td>\n<\/tr>\n<tr>\n<td width=\"169\">2208434<\/td>\n<td width=\"651\">Elemento AS AL 17 270 x 50<\/td>\n<td width=\"135\">39<\/td>\n<\/tr>\n<tr>\n<td width=\"169\">2208446<\/td>\n<td width=\"651\">Elemento AS AL 17 270 x 45<\/td>\n<td width=\"135\">38<\/td>\n<\/tr>\n<tr>\n<td width=\"169\">2208456<\/td>\n<td width=\"651\">Elemento AS AL 17 270 x 40<\/td>\n<td width=\"135\">39<\/td>\n<\/tr>\n<tr>\n<td width=\"169\">2208471<\/td>\n<td width=\"651\">Elemento AS AL 17 270 x 30<\/td>\n<td width=\"135\">40<\/td>\n<\/tr>\n<tr>\n<td width=\"169\">2208501<\/td>\n<td width=\"651\">Elemento AS AL 17 135 x 90<\/td>\n<td width=\"135\">89<\/td>\n<\/tr>\n<tr>\n<td width=\"169\">2208621<\/td>\n<td width=\"651\">Elemento AS AL 17 135 x 60<\/td>\n<td width=\"135\">26<\/td>\n<\/tr>\n<tr>\n<td width=\"169\">2208631<\/td>\n<td width=\"651\">Elemento AS AL 17 135 x 55<\/td>\n<td width=\"135\">25<\/td>\n<\/tr>\n<tr>\n<td width=\"169\">2208634<\/td>\n<td width=\"651\">Elemento AS AL 17 135 x 50<\/td>\n<td width=\"135\">26<\/td>\n<\/tr>\n<tr>\n<td width=\"169\">2208646<\/td>\n<td width=\"651\">Elemento AS AL 17 135 x 45<\/td>\n<td width=\"135\">30<\/td>\n<\/tr>\n<tr>\n<td width=\"169\">2208656<\/td>\n<td width=\"651\">Elemento AS AL 17 135 x 40<\/td>\n<td width=\"135\">26<\/td>\n<\/tr>\n<tr>\n<td width=\"169\">2208671<\/td>\n<td width=\"651\">Elemento AS AL 17 135 x 30<\/td>\n<td width=\"135\">36<\/td>\n<\/tr>\n<tr>\n<td width=\"169\">2208676<\/td>\n<td width=\"651\">Elemento AS AL 17 135 x 25<\/td>\n<td width=\"135\">2<\/td>\n<\/tr>\n<tr>\n<td width=\"169\">2121226<\/td>\n<td width=\"651\">Elemento polivalente ST AL 17, 270 x 75<\/td>\n<td width=\"135\">20<\/td>\n<\/tr>\n<tr>\n<td width=\"169\">2208701<\/td>\n<td width=\"651\">Elemento AS 90 x 90<\/td>\n<td width=\"135\">40<\/td>\n<\/tr>\n<tr>\n<td width=\"169\">2208726<\/td>\n<td width=\"651\">Elemento AS 90 x 75<\/td>\n<td width=\"135\">36<\/td>\n<\/tr>\n<tr>\n<td width=\"169\">2208741<\/td>\n<td width=\"651\">Elemento AS 90 x 60<\/td>\n<td width=\"135\">25<\/td>\n<\/tr>\n<tr>\n<td width=\"169\">2208746<\/td>\n<td width=\"651\">Elemento AS 90 x 55<\/td>\n<td width=\"135\">26<\/td>\n<\/tr>\n<tr>\n<td width=\"169\">2208751<\/td>\n<td width=\"651\">Elemento AS 90 x 50<\/td>\n<td width=\"135\">26<\/td>\n<\/tr>\n<tr>\n<td width=\"169\">2208756<\/td>\n<td width=\"651\">Elemento AS 90 x 45<\/td>\n<td width=\"135\">25<\/td>\n<\/tr>\n<tr>\n<td width=\"169\">2208761<\/td>\n<td width=\"651\">Elemento AS 90 x 40<\/td>\n<td width=\"135\">16<\/td>\n<\/tr>\n<tr>\n<td width=\"169\">2208771<\/td>\n<td width=\"651\">Elemento AS 90 x 30<\/td>\n<td width=\"135\">30<\/td>\n<\/tr>\n<tr>\n<td width=\"169\">2215044<\/td>\n<td width=\"651\">AS esquina interior 90\/25 AL<\/td>\n<td width=\"135\">11<\/td>\n<\/tr>\n<tr>\n<td width=\"169\">2215034<\/td>\n<td width=\"651\">AS esquina interior 135 x 25 AL<\/td>\n<td width=\"135\">39<\/td>\n<\/tr>\n<tr>\n<td width=\"169\">2214030<\/td>\n<td width=\"651\">AS\/ST esquina exterior 135<\/td>\n<td width=\"135\">25<\/td>\n<\/tr>\n<tr>\n<td width=\"169\">2214035<\/td>\n<td width=\"651\">Esquina exterior 135 x 5 Alu<\/td>\n<td width=\"135\">20<\/td>\n<\/tr>\n<tr>\n<td width=\"169\">2127010<\/td>\n<td width=\"651\">AS esquina articulada interior 135 x 30<\/td>\n<td width=\"135\">7<\/td>\n<\/tr>\n<tr>\n<td width=\"169\">2128010<\/td>\n<td width=\"651\">Esquina con bisagra AS exterior 135 x 7,5<\/td>\n<td width=\"135\">5<\/td>\n<\/tr>\n<tr>\n<td width=\"169\">2920500<\/td>\n<td width=\"651\">Cerradura de montaje AS<\/td>\n<td width=\"135\">3070<\/td>\n<\/tr>\n<tr>\n<td width=\"169\">2940285<\/td>\n<td width=\"651\">Ancla facial 23 x 40 amarilla<\/td>\n<td width=\"135\">30<\/td>\n<\/tr>\n<tr>\n<td width=\"169\">2920389<\/td>\n<td width=\"651\">Gancho de gr\u00faa AS<\/td>\n<td width=\"135\">24<\/td>\n<\/tr>\n<tr>\n<td width=\"169\">2120003<\/td>\n<td width=\"651\">Elemento ST AL 20 270 x 240<\/td>\n<td width=\"135\">42<\/td>\n<\/tr>\n<tr>\n<td width=\"169\">2120006<\/td>\n<td width=\"651\">Elemento ST AL 20 270 x 135<\/td>\n<td width=\"135\">44<\/td>\n<\/tr>\n<tr>\n<td width=\"169\">2125105<\/td>\n<td width=\"651\">Esquina interior ST 270 x 25 AL<\/td>\n<td width=\"135\">30<\/td>\n<\/tr>\n<tr>\n<td width=\"169\">2214020<\/td>\n<td width=\"651\">AS\/ST Esquina exterior 270<\/td>\n<td width=\"135\">31<\/td>\n<\/tr>\n<tr>\n<td width=\"169\">2940085<\/td>\n<td width=\"651\">Cerradura de montaje Uni 22<\/td>\n<td width=\"135\">470<\/td>\n<\/tr>\n<tr>\n<td width=\"169\">2940110<\/td>\n<td width=\"651\">Tornillo de brida 18<\/td>\n<td width=\"135\">986<\/td>\n<\/tr>\n<tr>\n<td width=\"169\">2940250<\/td>\n<td width=\"651\">Carril de alineaci\u00f3n M 250, galv.<\/td>\n<td width=\"135\">47<\/td>\n<\/tr>\n<tr>\n<td width=\"169\">2990010<\/td>\n<td width=\"651\">Tuerca de brida articulada 15 x 120 (SW 27)<\/td>\n<td width=\"135\">1824<\/td>\n<\/tr>\n<tr>\n<td width=\"169\">2990141<\/td>\n<td width=\"651\">Uni-Claw<\/td>\n<td width=\"135\">303<\/td>\n<\/tr>\n<tr>\n<td width=\"169\">2910600<\/td>\n<td width=\"651\">Soporte de marcha 90 (amarillo), galv.<\/td>\n<td width=\"135\">137<\/td>\n<\/tr>\n<tr>\n<td width=\"169\">2910550<\/td>\n<td width=\"651\">Soporte de encofrado 40 x 60<\/td>\n<td width=\"135\">44<\/td>\n<\/tr>\n<tr>\n<td width=\"169\">2910600<\/td>\n<td width=\"651\">Estribo de rodadura 90 (amarillo), galv.<\/td>\n<td width=\"135\">147<\/td>\n<\/tr>\n<tr>\n<td width=\"169\">2910880<\/td>\n<td width=\"651\">Tirante SRL 120 (90-150)<\/td>\n<td width=\"135\">100<\/td>\n<\/tr>\n<tr>\n<td width=\"169\">2910960<\/td>\n<td width=\"651\">Puntal R 250 (190-320)<\/td>\n<td width=\"135\">100<\/td>\n<\/tr>\n<tr>\n<td width=\"169\">2940232<\/td>\n<td width=\"651\">Placa de pie de doble articulaci\u00f3n (RS \u00d8 hasta 57mm)<\/td>\n<td width=\"135\">102<\/td>\n<\/tr>\n<tr>\n<td width=\"169\">4241350<\/td>\n<td width=\"651\">Tornillo de cabeza 16 x 90 galv.<\/td>\n<td width=\"135\">545<\/td>\n<\/tr>\n<tr>\n<td width=\"169\">2980485<\/td>\n<td width=\"651\">Junta de conexi\u00f3n<\/td>\n<td width=\"135\">193<\/td>\n<\/tr>\n<tr>\n<td width=\"169\">2700020<\/td>\n<td width=\"651\">Marco apilable (Barelle)<\/td>\n<td width=\"135\">14<\/td>\n<\/tr>\n<tr>\n<td width=\"169\">2940142<\/td>\n<td width=\"651\">Tap\u00f3n de transporte 40<\/td>\n<td width=\"135\">28<\/td>\n<\/tr>\n<tr>\n<td width=\"169\">2700010<\/td>\n<td width=\"651\">Caja de piezas peque\u00f1as 120\/100<\/td>\n<td width=\"135\">11<\/td>\n<\/tr>\n<\/tbody>\n<\/table>\n","protected":false},"excerpt":{"rendered":"<p>Podemos ofrecerle sin compromiso los siguientes encofrados Meva <strong>Alu Star + Meva Star Tec<\/strong>.<\/p>\n<p>El encofrado est\u00e1 en muy buen estado.<\/p>\n<p>Si est\u00e1 interesado, estaremos encantados de enviarle su consulta.<\/p>\n<p>&nbsp;<\/p>\n","protected":false},"featured_media":18169,"template":"","meta":[],"product_brand":[],"product_cat":[295,296,299,306],"product_tag":[],"class_list":{"0":"post-18147","1":"product","2":"type-product","3":"status-publish","4":"has-post-thumbnail","6":"product_cat-meva-es","7":"product_cat-meva-alu-star-es","8":"product_cat-meva-star-tec-es","9":"product_cat-encofrado","11":"first","12":"instock","13":"taxable","14":"shipping-taxable","15":"product-type-simple"},"yoast_head":"<!-- This site is optimized with the Yoast SEO plugin v26.5 - https:\/\/yoast.com\/wordpress\/plugins\/seo\/ -->\n<title>Meva Alu Star + Meva Star Tec - JH - ITC GmbH<\/title>\n<meta name=\"description\" content=\"Meva Alu Star + Meva Star Tec. Fabricantes de renombre \u2714 Encofrados, puntales, andamios y maquinaria de construcci\u00f3n nuevos y usados \u2714 \u00a1Solicite un presupuesto ahora!\" \/>\n<meta name=\"robots\" content=\"noindex, follow, max-snippet:-1, max-image-preview:large, max-video-preview:-1\" \/>\n<meta property=\"og:locale\" content=\"es_ES\" \/>\n<meta property=\"og:type\" content=\"article\" \/>\n<meta property=\"og:title\" content=\"Meva Alu Star + Meva Star Tec - JH - ITC GmbH\" \/>\n<meta property=\"og:description\" content=\"Meva Alu Star + Meva Star Tec. Fabricantes de renombre \u2714 Encofrados, puntales, andamios y maquinaria de construcci\u00f3n nuevos y usados \u2714 \u00a1Solicite un presupuesto ahora!\" \/>\n<meta property=\"og:url\" content=\"https:\/\/stage.jh-itc.de\/es\/shop\/meva-es\/meva-alu-star-es\/meva-alu-star-meva-star-tec\/\" \/>\n<meta property=\"og:site_name\" content=\"JH - ITC GmbH\" \/>\n<meta property=\"article:publisher\" content=\"https:\/\/www.facebook.com\/schalungshandel\" \/>\n<meta property=\"article:modified_time\" content=\"2021-04-28T19:51:39+00:00\" \/>\n<meta property=\"og:image\" content=\"https:\/\/stage.jh-itc.de\/wp-content\/uploads\/2020\/12\/Meva-Alu-Star-7.jpg\" \/>\n\t<meta property=\"og:image:width\" content=\"983\" \/>\n\t<meta property=\"og:image:height\" content=\"437\" \/>\n\t<meta property=\"og:image:type\" content=\"image\/jpeg\" \/>\n<meta name=\"twitter:card\" content=\"summary_large_image\" \/>\n<meta name=\"twitter:site\" content=\"@JH_ITC\" \/>\n<meta name=\"twitter:label1\" content=\"Tiempo de lectura\" \/>\n\t<meta name=\"twitter:data1\" content=\"1 minuto\" \/>\n<!-- \/ Yoast SEO plugin. -->","yoast_head_json":{"title":"Meva Alu Star + Meva Star Tec - JH - ITC GmbH","description":"Meva Alu Star + Meva Star Tec. Fabricantes de renombre \u2714 Encofrados, puntales, andamios y maquinaria de construcci\u00f3n nuevos y usados \u2714 \u00a1Solicite un presupuesto ahora!","robots":{"index":"noindex","follow":"follow","max-snippet":"max-snippet:-1","max-image-preview":"max-image-preview:large","max-video-preview":"max-video-preview:-1"},"og_locale":"es_ES","og_type":"article","og_title":"Meva Alu Star + Meva Star Tec - JH - ITC GmbH","og_description":"Meva Alu Star + Meva Star Tec. Fabricantes de renombre \u2714 Encofrados, puntales, andamios y maquinaria de construcci\u00f3n nuevos y usados \u2714 \u00a1Solicite un presupuesto ahora!","og_url":"https:\/\/stage.jh-itc.de\/es\/shop\/meva-es\/meva-alu-star-es\/meva-alu-star-meva-star-tec\/","og_site_name":"JH - ITC GmbH","article_publisher":"https:\/\/www.facebook.com\/schalungshandel","article_modified_time":"2021-04-28T19:51:39+00:00","og_image":[{"width":983,"height":437,"url":"https:\/\/stage.jh-itc.de\/wp-content\/uploads\/2020\/12\/Meva-Alu-Star-7.jpg","type":"image\/jpeg"}],"twitter_card":"summary_large_image","twitter_site":"@JH_ITC","twitter_misc":{"Tiempo de lectura":"1 minuto"},"schema":{"@context":"https:\/\/schema.org","@graph":[{"@type":"WebPage","@id":"https:\/\/stage.jh-itc.de\/es\/shop\/meva-es\/meva-alu-star-es\/meva-alu-star-meva-star-tec\/","url":"https:\/\/stage.jh-itc.de\/es\/shop\/meva-es\/meva-alu-star-es\/meva-alu-star-meva-star-tec\/","name":"Meva Alu Star + Meva Star Tec - JH - ITC GmbH","isPartOf":{"@id":"https:\/\/stage.jh-itc.de\/es\/#website"},"primaryImageOfPage":{"@id":"https:\/\/stage.jh-itc.de\/es\/shop\/meva-es\/meva-alu-star-es\/meva-alu-star-meva-star-tec\/#primaryimage"},"image":{"@id":"https:\/\/stage.jh-itc.de\/es\/shop\/meva-es\/meva-alu-star-es\/meva-alu-star-meva-star-tec\/#primaryimage"},"thumbnailUrl":"https:\/\/stage.jh-itc.de\/wp-content\/uploads\/2020\/12\/Meva-Alu-Star-7.jpg","datePublished":"2021-04-28T19:51:20+00:00","dateModified":"2021-04-28T19:51:39+00:00","description":"Meva Alu Star + Meva Star Tec. Fabricantes de renombre \u2714 Encofrados, puntales, andamios y maquinaria de construcci\u00f3n nuevos y usados \u2714 \u00a1Solicite un presupuesto ahora!","breadcrumb":{"@id":"https:\/\/stage.jh-itc.de\/es\/shop\/meva-es\/meva-alu-star-es\/meva-alu-star-meva-star-tec\/#breadcrumb"},"inLanguage":"es","potentialAction":[{"@type":"ReadAction","target":["https:\/\/stage.jh-itc.de\/es\/shop\/meva-es\/meva-alu-star-es\/meva-alu-star-meva-star-tec\/"]}]},{"@type":"ImageObject","inLanguage":"es","@id":"https:\/\/stage.jh-itc.de\/es\/shop\/meva-es\/meva-alu-star-es\/meva-alu-star-meva-star-tec\/#primaryimage","url":"https:\/\/stage.jh-itc.de\/wp-content\/uploads\/2020\/12\/Meva-Alu-Star-7.jpg","contentUrl":"https:\/\/stage.jh-itc.de\/wp-content\/uploads\/2020\/12\/Meva-Alu-Star-7.jpg","width":983,"height":437},{"@type":"BreadcrumbList","@id":"https:\/\/stage.jh-itc.de\/es\/shop\/meva-es\/meva-alu-star-es\/meva-alu-star-meva-star-tec\/#breadcrumb","itemListElement":[{"@type":"ListItem","position":1,"name":"Home","item":"https:\/\/stage.jh-itc.de\/es\/encofrados-puntales-y-andamios-de-profesionales\/"},{"@type":"ListItem","position":2,"name":"Tienda","item":"https:\/\/stage.jh-itc.de\/es\/tienda\/"},{"@type":"ListItem","position":3,"name":"Meva Alu Star + Meva Star Tec"}]},{"@type":"WebSite","@id":"https:\/\/stage.jh-itc.de\/es\/#website","url":"https:\/\/stage.jh-itc.de\/es\/","name":"JH - ITC GmbH","description":"Ihr Experte f\u00fcr gebrauchte St\u00fctzen, Schalungen und Ger\u00fcste","publisher":{"@id":"https:\/\/stage.jh-itc.de\/es\/#organization"},"potentialAction":[{"@type":"SearchAction","target":{"@type":"EntryPoint","urlTemplate":"https:\/\/stage.jh-itc.de\/es\/?s={search_term_string}"},"query-input":{"@type":"PropertyValueSpecification","valueRequired":true,"valueName":"search_term_string"}}],"inLanguage":"es"},{"@type":"Organization","@id":"https:\/\/stage.jh-itc.de\/es\/#organization","name":"JH-ITC GmbH","url":"https:\/\/stage.jh-itc.de\/es\/","logo":{"@type":"ImageObject","inLanguage":"es","@id":"https:\/\/stage.jh-itc.de\/es\/#\/schema\/logo\/image\/","url":"https:\/\/stage.jh-itc.de\/wp-content\/uploads\/2016\/01\/JH-ITC2-1.png","contentUrl":"https:\/\/stage.jh-itc.de\/wp-content\/uploads\/2016\/01\/JH-ITC2-1.png","width":300,"height":102,"caption":"JH-ITC GmbH"},"image":{"@id":"https:\/\/stage.jh-itc.de\/es\/#\/schema\/logo\/image\/"},"sameAs":["https:\/\/www.facebook.com\/schalungshandel","https:\/\/x.com\/JH_ITC","https:\/\/www.linkedin.com\/in\/jhitc","https:\/\/youtu.be\/rMdZ-FLfI-Y"]}]}},"_links":{"self":[{"href":"https:\/\/stage.jh-itc.de\/es\/wp-json\/wp\/v2\/product\/18147","targetHints":{"allow":["GET"]}}],"collection":[{"href":"https:\/\/stage.jh-itc.de\/es\/wp-json\/wp\/v2\/product"}],"about":[{"href":"https:\/\/stage.jh-itc.de\/es\/wp-json\/wp\/v2\/types\/product"}],"wp:featuredmedia":[{"embeddable":true,"href":"https:\/\/stage.jh-itc.de\/es\/wp-json\/wp\/v2\/media\/18169"}],"wp:attachment":[{"href":"https:\/\/stage.jh-itc.de\/es\/wp-json\/wp\/v2\/media?parent=18147"}],"wp:term":[{"taxonomy":"product_brand","embeddable":true,"href":"https:\/\/stage.jh-itc.de\/es\/wp-json\/wp\/v2\/product_brand?post=18147"},{"taxonomy":"product_cat","embeddable":true,"href":"https:\/\/stage.jh-itc.de\/es\/wp-json\/wp\/v2\/product_cat?post=18147"},{"taxonomy":"product_tag","embeddable":true,"href":"https:\/\/stage.jh-itc.de\/es\/wp-json\/wp\/v2\/product_tag?post=18147"}],"curies":[{"name":"wp","href":"https:\/\/api.w.org\/{rel}","templated":true}]}}