{"id":17949,"date":"2020-12-06T15:24:13","date_gmt":"2021-04-28T19:50:38","guid":{"rendered":"https:\/\/www.jh-itc.de\/shop\/sin%20categor\u00eda\/sistema-de-marcado-laser-para-neumaticos\/"},"modified":"2021-04-28T21:51:13","modified_gmt":"2021-04-28T19:51:13","slug":"marcador-laser-para-neumaticos","status":"publish","type":"product","link":"https:\/\/stage.jh-itc.de\/es\/shop\/maquinaria-industrial\/marcador-laser-para-neumaticos\/","title":{"rendered":"Sistema de marcado l\u00e1ser para neum\u00e1ticos"},"content":{"rendered":"<p><strong>Caracter\u00edsticas y detalles de rendimiento del <\/strong><strong>componentes optoelectr\u00f3nicos:<\/strong><br \/>\nLos componentes \u00f3pticos de la m\u00e1quina marcadora l\u00e1ser NeroForce para neum\u00e1ticos de cami\u00f3n son<br \/>\nLos l\u00edderes del mercado en Estados Unidos importaron y consisten en:<\/p>\n<p>&#8211; Dos l\u00e1seres de RF de CO2 de fabricaci\u00f3n estadounidense con altas tasas de conversi\u00f3n electro-\u00f3ptica<br \/>\n&#8211; Espejo de exploraci\u00f3n de alta velocidad<br \/>\n&#8211; L\u00ednea de montaje de alta precisi\u00f3n<br \/>\n&#8211; Rejilla de fibra en lugar de un resonador convencional<br \/>\nEstos componentes garantizan:<br \/>\n&#8211; Excelente calidad del haz de luz<br \/>\n&#8211; Punto de enfoque m\u00e1s peque\u00f1o<br \/>\n&#8211; Mejor calidad de procesamiento<br \/>\n&#8211; Baja tasa de fallos y larga vida \u00fatil de hasta 100.000 horas<\/p>\n<p><strong>Principales componentes y caracter\u00edsticas mec\u00e1nicas:<\/strong><br \/>\n&#8211; Bastidor enrollable y extra\u00edble (NF-LM1500SA)<br \/>\n&#8211; Bastidor elevable (LM-1600MR)<br \/>\n&#8211; Alineador l\u00e1ser horizontal para el acercamiento sim\u00e9trico de ambos l\u00e1seres a ambos<br \/>\nFlancos de los neum\u00e1ticos<br \/>\n&#8211; Soportes verticales ajustables individualmente para la regulaci\u00f3n de la altura vertical de ambos l\u00e1seres<br \/>\nMateriales y accesorios del marco:<br \/>\n&#8211; Los materiales de la base, el puente, la placa de sujeci\u00f3n y otras construcciones son de alta calidad<br \/>\nAcero al carbono fabricado<br \/>\n&#8211; Los tornillos y el material de los rodillos son de acero al carbono C45 de alta calidad y han sido probados seg\u00fan su<br \/>\nrequisitos individuales tratamiento de la superficie (pintado por pulverizaci\u00f3n, ennegrecido y galvanizado)<br \/>\n&#8211; Los cilindros neum\u00e1ticos y las v\u00e1lvulas de control provienen de SMC<br \/>\n&#8211; Los rodamientos son de SKF<br \/>\n&#8211; Todos los tornillos son de acero inoxidable 8.8<\/p>\n<p>&nbsp;<\/p>\n","protected":false},"excerpt":{"rendered":"<p>El primer marcador l\u00e1ser de doble cabezal del mundo para neum\u00e1ticos de camiones ligeros y pesados de 17,5 a 24 pulgadas. Versi\u00f3n independiente para su uso en almacenes de neum\u00e1ticos, donde los neum\u00e1ticos simplemente se enrollan,<br \/>\nmarcado y luego rod\u00f3 por el otro lado.<\/p>\n<p>La caracter\u00edstica m\u00e1s destacada de ambas m\u00e1quinas de marcado por l\u00e1ser de NeroForce son los<sup>sistemas<\/sup> duales<sup>de l\u00e1ser de RF de CO2<\/sup>, que ofrecen una imagen excelente y clara en las paredes de los neum\u00e1ticos con una alta tasa de conversi\u00f3n electro-\u00f3ptica. Los l\u00e1seres est\u00e1n dise\u00f1ados de tal manera que se pueden marcar los dos flancos de los neum\u00e1ticos en una sola pasada, lo que en la pr\u00e1ctica supone un importante ahorro de tiempo. Originarios de Estados Unidos, estos l\u00e1seres extremadamente potentes utilizan una rejilla de fibra en lugar de un resonador convencional y son conocidos por su baja tasa de fallos y su longevidad (hasta 100.000 horas).<\/p>\n<p>&nbsp;<\/p>\n","protected":false},"featured_media":17955,"template":"","meta":[],"product_brand":[],"product_cat":[307,290],"product_tag":[],"class_list":{"0":"post-17949","1":"product","2":"type-product","3":"status-publish","4":"has-post-thumbnail","6":"product_cat-articulo-especial","7":"product_cat-maquinaria-industrial","9":"first","10":"instock","11":"taxable","12":"shipping-taxable","13":"product-type-simple"},"yoast_head":"<!-- This site is optimized with the Yoast SEO plugin v26.5 - https:\/\/yoast.com\/wordpress\/plugins\/seo\/ -->\n<title>Sistema de marcado l\u00e1ser para neum\u00e1ticos - JH - ITC GmbH<\/title>\n<meta name=\"description\" content=\"Sistema de marcado l\u00e1ser para neum\u00e1ticos. Fabricantes de renombre \u2714 Encofrados, puntales, andamios y maquinaria de construcci\u00f3n nuevos y usados \u2714 \u00a1Solicite un presupuesto ahora!\" \/>\n<meta name=\"robots\" content=\"noindex, follow, max-snippet:-1, max-image-preview:large, max-video-preview:-1\" \/>\n<meta property=\"og:locale\" content=\"es_ES\" \/>\n<meta property=\"og:type\" content=\"article\" \/>\n<meta property=\"og:title\" content=\"Sistema de marcado l\u00e1ser para neum\u00e1ticos - JH - ITC GmbH\" \/>\n<meta property=\"og:description\" content=\"Sistema de marcado l\u00e1ser para neum\u00e1ticos. Fabricantes de renombre \u2714 Encofrados, puntales, andamios y maquinaria de construcci\u00f3n nuevos y usados \u2714 \u00a1Solicite un presupuesto ahora!\" \/>\n<meta property=\"og:url\" content=\"https:\/\/stage.jh-itc.de\/es\/shop\/maquinaria-industrial\/marcador-laser-para-neumaticos\/\" \/>\n<meta property=\"og:site_name\" content=\"JH - ITC GmbH\" \/>\n<meta property=\"article:publisher\" content=\"https:\/\/www.facebook.com\/schalungshandel\" \/>\n<meta property=\"article:modified_time\" content=\"2021-04-28T19:51:13+00:00\" \/>\n<meta property=\"og:image\" content=\"https:\/\/stage.jh-itc.de\/wp-content\/uploads\/2020\/12\/PR-LM1600MR.jpg\" \/>\n\t<meta property=\"og:image:width\" content=\"1654\" \/>\n\t<meta property=\"og:image:height\" content=\"1294\" \/>\n\t<meta property=\"og:image:type\" content=\"image\/jpeg\" \/>\n<meta name=\"twitter:card\" content=\"summary_large_image\" \/>\n<meta name=\"twitter:site\" content=\"@JH_ITC\" \/>\n<meta name=\"twitter:label1\" content=\"Tiempo de lectura\" \/>\n\t<meta name=\"twitter:data1\" content=\"1 minuto\" \/>\n<!-- \/ Yoast SEO plugin. -->","yoast_head_json":{"title":"Sistema de marcado l\u00e1ser para neum\u00e1ticos - JH - ITC GmbH","description":"Sistema de marcado l\u00e1ser para neum\u00e1ticos. Fabricantes de renombre \u2714 Encofrados, puntales, andamios y maquinaria de construcci\u00f3n nuevos y usados \u2714 \u00a1Solicite un presupuesto ahora!","robots":{"index":"noindex","follow":"follow","max-snippet":"max-snippet:-1","max-image-preview":"max-image-preview:large","max-video-preview":"max-video-preview:-1"},"og_locale":"es_ES","og_type":"article","og_title":"Sistema de marcado l\u00e1ser para neum\u00e1ticos - JH - ITC GmbH","og_description":"Sistema de marcado l\u00e1ser para neum\u00e1ticos. Fabricantes de renombre \u2714 Encofrados, puntales, andamios y maquinaria de construcci\u00f3n nuevos y usados \u2714 \u00a1Solicite un presupuesto ahora!","og_url":"https:\/\/stage.jh-itc.de\/es\/shop\/maquinaria-industrial\/marcador-laser-para-neumaticos\/","og_site_name":"JH - ITC GmbH","article_publisher":"https:\/\/www.facebook.com\/schalungshandel","article_modified_time":"2021-04-28T19:51:13+00:00","og_image":[{"width":1654,"height":1294,"url":"https:\/\/stage.jh-itc.de\/wp-content\/uploads\/2020\/12\/PR-LM1600MR.jpg","type":"image\/jpeg"}],"twitter_card":"summary_large_image","twitter_site":"@JH_ITC","twitter_misc":{"Tiempo de lectura":"1 minuto"},"schema":{"@context":"https:\/\/schema.org","@graph":[{"@type":"WebPage","@id":"https:\/\/stage.jh-itc.de\/es\/shop\/maquinaria-industrial\/marcador-laser-para-neumaticos\/","url":"https:\/\/stage.jh-itc.de\/es\/shop\/maquinaria-industrial\/marcador-laser-para-neumaticos\/","name":"Sistema de marcado l\u00e1ser para neum\u00e1ticos - JH - ITC GmbH","isPartOf":{"@id":"https:\/\/stage.jh-itc.de\/es\/#website"},"primaryImageOfPage":{"@id":"https:\/\/stage.jh-itc.de\/es\/shop\/maquinaria-industrial\/marcador-laser-para-neumaticos\/#primaryimage"},"image":{"@id":"https:\/\/stage.jh-itc.de\/es\/shop\/maquinaria-industrial\/marcador-laser-para-neumaticos\/#primaryimage"},"thumbnailUrl":"https:\/\/stage.jh-itc.de\/wp-content\/uploads\/2020\/12\/PR-LM1600MR.jpg","datePublished":"2021-04-28T19:50:38+00:00","dateModified":"2021-04-28T19:51:13+00:00","description":"Sistema de marcado l\u00e1ser para neum\u00e1ticos. Fabricantes de renombre \u2714 Encofrados, puntales, andamios y maquinaria de construcci\u00f3n nuevos y usados \u2714 \u00a1Solicite un presupuesto ahora!","breadcrumb":{"@id":"https:\/\/stage.jh-itc.de\/es\/shop\/maquinaria-industrial\/marcador-laser-para-neumaticos\/#breadcrumb"},"inLanguage":"es","potentialAction":[{"@type":"ReadAction","target":["https:\/\/stage.jh-itc.de\/es\/shop\/maquinaria-industrial\/marcador-laser-para-neumaticos\/"]}]},{"@type":"ImageObject","inLanguage":"es","@id":"https:\/\/stage.jh-itc.de\/es\/shop\/maquinaria-industrial\/marcador-laser-para-neumaticos\/#primaryimage","url":"https:\/\/stage.jh-itc.de\/wp-content\/uploads\/2020\/12\/PR-LM1600MR.jpg","contentUrl":"https:\/\/stage.jh-itc.de\/wp-content\/uploads\/2020\/12\/PR-LM1600MR.jpg","width":1654,"height":1294},{"@type":"BreadcrumbList","@id":"https:\/\/stage.jh-itc.de\/es\/shop\/maquinaria-industrial\/marcador-laser-para-neumaticos\/#breadcrumb","itemListElement":[{"@type":"ListItem","position":1,"name":"Home","item":"https:\/\/stage.jh-itc.de\/es\/encofrados-puntales-y-andamios-de-profesionales\/"},{"@type":"ListItem","position":2,"name":"Tienda","item":"https:\/\/stage.jh-itc.de\/es\/tienda\/"},{"@type":"ListItem","position":3,"name":"Sistema de marcado l\u00e1ser para neum\u00e1ticos"}]},{"@type":"WebSite","@id":"https:\/\/stage.jh-itc.de\/es\/#website","url":"https:\/\/stage.jh-itc.de\/es\/","name":"JH - ITC GmbH","description":"Ihr Experte f\u00fcr gebrauchte St\u00fctzen, Schalungen und Ger\u00fcste","publisher":{"@id":"https:\/\/stage.jh-itc.de\/es\/#organization"},"potentialAction":[{"@type":"SearchAction","target":{"@type":"EntryPoint","urlTemplate":"https:\/\/stage.jh-itc.de\/es\/?s={search_term_string}"},"query-input":{"@type":"PropertyValueSpecification","valueRequired":true,"valueName":"search_term_string"}}],"inLanguage":"es"},{"@type":"Organization","@id":"https:\/\/stage.jh-itc.de\/es\/#organization","name":"JH-ITC GmbH","url":"https:\/\/stage.jh-itc.de\/es\/","logo":{"@type":"ImageObject","inLanguage":"es","@id":"https:\/\/stage.jh-itc.de\/es\/#\/schema\/logo\/image\/","url":"https:\/\/stage.jh-itc.de\/wp-content\/uploads\/2016\/01\/JH-ITC2-1.png","contentUrl":"https:\/\/stage.jh-itc.de\/wp-content\/uploads\/2016\/01\/JH-ITC2-1.png","width":300,"height":102,"caption":"JH-ITC GmbH"},"image":{"@id":"https:\/\/stage.jh-itc.de\/es\/#\/schema\/logo\/image\/"},"sameAs":["https:\/\/www.facebook.com\/schalungshandel","https:\/\/x.com\/JH_ITC","https:\/\/www.linkedin.com\/in\/jhitc","https:\/\/youtu.be\/rMdZ-FLfI-Y"]}]}},"_links":{"self":[{"href":"https:\/\/stage.jh-itc.de\/es\/wp-json\/wp\/v2\/product\/17949","targetHints":{"allow":["GET"]}}],"collection":[{"href":"https:\/\/stage.jh-itc.de\/es\/wp-json\/wp\/v2\/product"}],"about":[{"href":"https:\/\/stage.jh-itc.de\/es\/wp-json\/wp\/v2\/types\/product"}],"wp:featuredmedia":[{"embeddable":true,"href":"https:\/\/stage.jh-itc.de\/es\/wp-json\/wp\/v2\/media\/17955"}],"wp:attachment":[{"href":"https:\/\/stage.jh-itc.de\/es\/wp-json\/wp\/v2\/media?parent=17949"}],"wp:term":[{"taxonomy":"product_brand","embeddable":true,"href":"https:\/\/stage.jh-itc.de\/es\/wp-json\/wp\/v2\/product_brand?post=17949"},{"taxonomy":"product_cat","embeddable":true,"href":"https:\/\/stage.jh-itc.de\/es\/wp-json\/wp\/v2\/product_cat?post=17949"},{"taxonomy":"product_tag","embeddable":true,"href":"https:\/\/stage.jh-itc.de\/es\/wp-json\/wp\/v2\/product_tag?post=17949"}],"curies":[{"name":"wp","href":"https:\/\/api.w.org\/{rel}","templated":true}]}}