{"id":17833,"date":"2020-11-24T10:22:19","date_gmt":"2021-04-28T19:50:13","guid":{"rendered":"https:\/\/www.jh-itc.de\/shop\/sin categor\u00eda\/encofrado-de-aluminio-para-columnas-doka\/"},"modified":"2021-04-28T21:50:13","modified_gmt":"2021-04-28T19:50:13","slug":"doka-alu-stuetzenschalung-2","status":"publish","type":"product","link":"https:\/\/stage.jh-itc.de\/es\/shop\/doka-es\/doka-alu-stuetzenschalung-2\/","title":{"rendered":"Encofrado de aluminio para columnas Doka"},"content":{"rendered":"<table style=\"width: 79.4703%; height: 428px;\" width=\"725\">\n<tbody>\n<tr>\n<td width=\"80\">N\u00ba de art.<\/td>\n<td width=\"217\">Designaci\u00f3n<\/td>\n<td width=\"82\">Cantidad<\/td>\n<td width=\"112\">Precio original<\/td>\n<td width=\"98\">Precio total<\/td>\n<td width=\"56\">Kg<\/td>\n<td width=\"80\">Total Kg.<\/td>\n<\/tr>\n<tr>\n<td>588354000<\/td>\n<td>Elemento de soporte de aluminio 2,70m<\/td>\n<td>8<\/td>\n<td>1.475,00 EUR<\/td>\n<td>11.800,00 EUROS<\/td>\n<td>53,60<\/td>\n<td>428,80<\/td>\n<\/tr>\n<tr>\n<td><\/td>\n<td>Caja apilable lacada<\/td>\n<td>2<\/td>\n<td>289,00 EUR<\/td>\n<td>578,00 EUR<\/td>\n<td>65,00<\/td>\n<td>130,00<\/td>\n<\/tr>\n<tr>\n<td><\/td>\n<td><\/td>\n<td><\/td>\n<td><\/td>\n<td><\/td>\n<td><\/td>\n<td><\/td>\n<\/tr>\n<tr>\n<td><\/td>\n<td>Total<\/td>\n<td><\/td>\n<td><\/td>\n<td>12.378,00 EUROS<\/td>\n<td><\/td>\n<td><\/td>\n<\/tr>\n<tr>\n<td><\/td>\n<td>menos Descuento en %<\/td>\n<td>70<\/td>\n<td><\/td>\n<td>8.664,60 EUROS<\/td>\n<td><\/td>\n<td><\/td>\n<\/tr>\n<tr>\n<td><\/td>\n<td><\/td>\n<td>0<\/td>\n<td><\/td>\n<td><\/td>\n<td><\/td>\n<td><\/td>\n<\/tr>\n<tr>\n<td><\/td>\n<td>Precio de venta neto<\/td>\n<td><\/td>\n<td><\/td>\n<td>3.713,40 EUROS<\/td>\n<td><\/td>\n<td>558,80<\/td>\n<\/tr>\n<tr>\n<td><\/td>\n<td>16 % DE IVA<\/td>\n<td>0<\/td>\n<td><\/td>\n<td>594,14 EUROS<\/td>\n<td><\/td>\n<td><\/td>\n<\/tr>\n<tr>\n<td><\/td>\n<td>Precio de venta bruto<\/td>\n<td><\/td>\n<td><\/td>\n<td>4.307,54 EUROS<\/td>\n<td><\/td>\n<td><\/td>\n<\/tr>\n<\/tbody>\n<\/table>\n","protected":false},"excerpt":{"rendered":"<p>Ofrecemos los siguientes encofrados de aluminio para columnas Doka de segunda mano.<\/p>\n<p>Si est\u00e1 interesado, env\u00edenos su consulta.<\/p>\n<p>&nbsp;<\/p>\n","protected":false},"featured_media":17862,"template":"","meta":[],"product_brand":[],"product_cat":[269,306],"product_tag":[],"class_list":{"0":"post-17833","1":"product","2":"type-product","3":"status-publish","4":"has-post-thumbnail","6":"product_cat-doka-es","7":"product_cat-encofrado","9":"first","10":"instock","11":"taxable","12":"shipping-taxable","13":"product-type-simple"},"yoast_head":"<!-- This site is optimized with the Yoast SEO plugin v26.5 - https:\/\/yoast.com\/wordpress\/plugins\/seo\/ -->\n<title>Encofrado de aluminio para columnas Doka - JH - ITC GmbH<\/title>\n<meta name=\"description\" content=\"Encofrado de aluminio para columnas Doka. Fabricantes de renombre \u2714 Encofrados, puntales, andamios y maquinaria de construcci\u00f3n nuevos y usados \u2714 \u00a1Solicite un presupuesto ahora!\" \/>\n<meta name=\"robots\" content=\"noindex, follow, max-snippet:-1, max-image-preview:large, max-video-preview:-1\" \/>\n<meta property=\"og:locale\" content=\"es_ES\" \/>\n<meta property=\"og:type\" content=\"article\" \/>\n<meta property=\"og:title\" content=\"Encofrado de aluminio para columnas Doka - JH - ITC GmbH\" \/>\n<meta property=\"og:description\" content=\"Encofrado de aluminio para columnas Doka. Fabricantes de renombre \u2714 Encofrados, puntales, andamios y maquinaria de construcci\u00f3n nuevos y usados \u2714 \u00a1Solicite un presupuesto ahora!\" \/>\n<meta property=\"og:url\" content=\"https:\/\/stage.jh-itc.de\/es\/shop\/doka-es\/doka-alu-stuetzenschalung-2\/\" \/>\n<meta property=\"og:site_name\" content=\"JH - ITC GmbH\" \/>\n<meta property=\"article:publisher\" content=\"https:\/\/www.facebook.com\/schalungshandel\" \/>\n<meta property=\"og:image\" content=\"https:\/\/stage.jh-itc.de\/wp-content\/uploads\/2020\/11\/Doka-Alu-Stuetzenschalung-4.jpg\" \/>\n\t<meta property=\"og:image:width\" content=\"1600\" \/>\n\t<meta property=\"og:image:height\" content=\"738\" \/>\n\t<meta property=\"og:image:type\" content=\"image\/jpeg\" \/>\n<meta name=\"twitter:card\" content=\"summary_large_image\" \/>\n<meta name=\"twitter:site\" content=\"@JH_ITC\" \/>\n<!-- \/ Yoast SEO plugin. -->","yoast_head_json":{"title":"Encofrado de aluminio para columnas Doka - JH - ITC GmbH","description":"Encofrado de aluminio para columnas Doka. Fabricantes de renombre \u2714 Encofrados, puntales, andamios y maquinaria de construcci\u00f3n nuevos y usados \u2714 \u00a1Solicite un presupuesto ahora!","robots":{"index":"noindex","follow":"follow","max-snippet":"max-snippet:-1","max-image-preview":"max-image-preview:large","max-video-preview":"max-video-preview:-1"},"og_locale":"es_ES","og_type":"article","og_title":"Encofrado de aluminio para columnas Doka - JH - ITC GmbH","og_description":"Encofrado de aluminio para columnas Doka. Fabricantes de renombre \u2714 Encofrados, puntales, andamios y maquinaria de construcci\u00f3n nuevos y usados \u2714 \u00a1Solicite un presupuesto ahora!","og_url":"https:\/\/stage.jh-itc.de\/es\/shop\/doka-es\/doka-alu-stuetzenschalung-2\/","og_site_name":"JH - ITC GmbH","article_publisher":"https:\/\/www.facebook.com\/schalungshandel","og_image":[{"width":1600,"height":738,"url":"https:\/\/stage.jh-itc.de\/wp-content\/uploads\/2020\/11\/Doka-Alu-Stuetzenschalung-4.jpg","type":"image\/jpeg"}],"twitter_card":"summary_large_image","twitter_site":"@JH_ITC","schema":{"@context":"https:\/\/schema.org","@graph":[{"@type":"WebPage","@id":"https:\/\/stage.jh-itc.de\/es\/shop\/doka-es\/doka-alu-stuetzenschalung-2\/","url":"https:\/\/stage.jh-itc.de\/es\/shop\/doka-es\/doka-alu-stuetzenschalung-2\/","name":"Encofrado de aluminio para columnas Doka - JH - ITC GmbH","isPartOf":{"@id":"https:\/\/stage.jh-itc.de\/es\/#website"},"primaryImageOfPage":{"@id":"https:\/\/stage.jh-itc.de\/es\/shop\/doka-es\/doka-alu-stuetzenschalung-2\/#primaryimage"},"image":{"@id":"https:\/\/stage.jh-itc.de\/es\/shop\/doka-es\/doka-alu-stuetzenschalung-2\/#primaryimage"},"thumbnailUrl":"https:\/\/stage.jh-itc.de\/wp-content\/uploads\/2020\/11\/Doka-Alu-Stuetzenschalung-4.jpg","datePublished":"2021-04-28T19:50:13+00:00","description":"Encofrado de aluminio para columnas Doka. Fabricantes de renombre \u2714 Encofrados, puntales, andamios y maquinaria de construcci\u00f3n nuevos y usados \u2714 \u00a1Solicite un presupuesto ahora!","breadcrumb":{"@id":"https:\/\/stage.jh-itc.de\/es\/shop\/doka-es\/doka-alu-stuetzenschalung-2\/#breadcrumb"},"inLanguage":"es","potentialAction":[{"@type":"ReadAction","target":["https:\/\/stage.jh-itc.de\/es\/shop\/doka-es\/doka-alu-stuetzenschalung-2\/"]}]},{"@type":"ImageObject","inLanguage":"es","@id":"https:\/\/stage.jh-itc.de\/es\/shop\/doka-es\/doka-alu-stuetzenschalung-2\/#primaryimage","url":"https:\/\/stage.jh-itc.de\/wp-content\/uploads\/2020\/11\/Doka-Alu-Stuetzenschalung-4.jpg","contentUrl":"https:\/\/stage.jh-itc.de\/wp-content\/uploads\/2020\/11\/Doka-Alu-Stuetzenschalung-4.jpg","width":1600,"height":738},{"@type":"BreadcrumbList","@id":"https:\/\/stage.jh-itc.de\/es\/shop\/doka-es\/doka-alu-stuetzenschalung-2\/#breadcrumb","itemListElement":[{"@type":"ListItem","position":1,"name":"Home","item":"https:\/\/stage.jh-itc.de\/es\/encofrados-puntales-y-andamios-de-profesionales\/"},{"@type":"ListItem","position":2,"name":"Tienda","item":"https:\/\/stage.jh-itc.de\/es\/tienda\/"},{"@type":"ListItem","position":3,"name":"Encofrado de aluminio para columnas Doka"}]},{"@type":"WebSite","@id":"https:\/\/stage.jh-itc.de\/es\/#website","url":"https:\/\/stage.jh-itc.de\/es\/","name":"JH - ITC GmbH","description":"Ihr Experte f\u00fcr gebrauchte St\u00fctzen, Schalungen und Ger\u00fcste","publisher":{"@id":"https:\/\/stage.jh-itc.de\/es\/#organization"},"potentialAction":[{"@type":"SearchAction","target":{"@type":"EntryPoint","urlTemplate":"https:\/\/stage.jh-itc.de\/es\/?s={search_term_string}"},"query-input":{"@type":"PropertyValueSpecification","valueRequired":true,"valueName":"search_term_string"}}],"inLanguage":"es"},{"@type":"Organization","@id":"https:\/\/stage.jh-itc.de\/es\/#organization","name":"JH-ITC GmbH","url":"https:\/\/stage.jh-itc.de\/es\/","logo":{"@type":"ImageObject","inLanguage":"es","@id":"https:\/\/stage.jh-itc.de\/es\/#\/schema\/logo\/image\/","url":"https:\/\/stage.jh-itc.de\/wp-content\/uploads\/2016\/01\/JH-ITC2-1.png","contentUrl":"https:\/\/stage.jh-itc.de\/wp-content\/uploads\/2016\/01\/JH-ITC2-1.png","width":300,"height":102,"caption":"JH-ITC GmbH"},"image":{"@id":"https:\/\/stage.jh-itc.de\/es\/#\/schema\/logo\/image\/"},"sameAs":["https:\/\/www.facebook.com\/schalungshandel","https:\/\/x.com\/JH_ITC","https:\/\/www.linkedin.com\/in\/jhitc","https:\/\/youtu.be\/rMdZ-FLfI-Y"]}]}},"_links":{"self":[{"href":"https:\/\/stage.jh-itc.de\/es\/wp-json\/wp\/v2\/product\/17833","targetHints":{"allow":["GET"]}}],"collection":[{"href":"https:\/\/stage.jh-itc.de\/es\/wp-json\/wp\/v2\/product"}],"about":[{"href":"https:\/\/stage.jh-itc.de\/es\/wp-json\/wp\/v2\/types\/product"}],"wp:featuredmedia":[{"embeddable":true,"href":"https:\/\/stage.jh-itc.de\/es\/wp-json\/wp\/v2\/media\/17862"}],"wp:attachment":[{"href":"https:\/\/stage.jh-itc.de\/es\/wp-json\/wp\/v2\/media?parent=17833"}],"wp:term":[{"taxonomy":"product_brand","embeddable":true,"href":"https:\/\/stage.jh-itc.de\/es\/wp-json\/wp\/v2\/product_brand?post=17833"},{"taxonomy":"product_cat","embeddable":true,"href":"https:\/\/stage.jh-itc.de\/es\/wp-json\/wp\/v2\/product_cat?post=17833"},{"taxonomy":"product_tag","embeddable":true,"href":"https:\/\/stage.jh-itc.de\/es\/wp-json\/wp\/v2\/product_tag?post=17833"}],"curies":[{"name":"wp","href":"https:\/\/api.w.org\/{rel}","templated":true}]}}