{"id":17810,"date":"2020-11-23T20:00:43","date_gmt":"2021-04-28T19:50:09","guid":{"rendered":"https:\/\/www.jh-itc.de\/shop\/sin%20categor\u00eda\/huennebeck-manto-con-nueva-piel-de-madera\/"},"modified":"2021-04-28T21:50:13","modified_gmt":"2021-04-28T19:50:13","slug":"huennebeck-manto-con-piel-de-madera-nueva","status":"publish","type":"product","link":"https:\/\/stage.jh-itc.de\/es\/shop\/huennebeck-es\/huennebeck-manto-es\/huennebeck-manto-con-piel-de-madera-nueva\/","title":{"rendered":"H\u00fcnnebeck Manto con nueva piel de madera"},"content":{"rendered":"<table style=\"width: 64.0909%\" width=\"575\">\n<tbody>\n<tr>\n<td style=\"width: 19.6552%\" width=\"86\">N\u00famero de pieza<\/td>\n<td style=\"width: 46.2069%\" width=\"205\">Descripci\u00f3n del art\u00edculo<\/td>\n<td style=\"width: 45.2871%\" width=\"207\">Descripci\u00f3n<\/td>\n<td style=\"width: 42.6276%\" width=\"77\">Cantidad<\/td>\n<\/tr>\n<tr>\n<td style=\"width: 19.6552%\">534990<\/td>\n<td style=\"width: 46.2069%\">Tablero grande MANTO 240 x 270<\/td>\n<td style=\"width: 45.2871%\">Panel gigante MANTO 240 x 270<\/td>\n<td style=\"width: 42.6276%\">50<\/td>\n<\/tr>\n<tr>\n<td style=\"width: 19.6552%\">446000<\/td>\n<td style=\"width: 46.2069%\">Tablero MANTO 120 x 270<\/td>\n<td style=\"width: 45.2871%\">Panel MANTO 120 x 270<\/td>\n<td style=\"width: 42.6276%\">26<\/td>\n<\/tr>\n<tr>\n<td style=\"width: 19.6552%\">446022<\/td>\n<td style=\"width: 46.2069%\">Tablero MANTO 105 x 270<\/td>\n<td style=\"width: 45.2871%\">Panel MANTO 105 x 270<\/td>\n<td style=\"width: 42.6276%\">22<\/td>\n<\/tr>\n<tr>\n<td style=\"width: 19.6552%\">446033<\/td>\n<td style=\"width: 46.2069%\">Tablero MANTO 90 x 270<\/td>\n<td style=\"width: 45.2871%\">Panel MANTO 90 x 270<\/td>\n<td style=\"width: 42.6276%\">48<\/td>\n<\/tr>\n<tr>\n<td style=\"width: 19.6552%\">446044<\/td>\n<td style=\"width: 46.2069%\">Tablero MANTO 75 x 270<\/td>\n<td style=\"width: 45.2871%\">Panel MANTO 75 x 270<\/td>\n<td style=\"width: 42.6276%\">35<\/td>\n<\/tr>\n<tr>\n<td style=\"width: 19.6552%\">446055<\/td>\n<td style=\"width: 46.2069%\">Tablero MANTO 60 x 270<\/td>\n<td style=\"width: 45.2871%\">Panel MANTO 60 x 270<\/td>\n<td style=\"width: 42.6276%\">28<\/td>\n<\/tr>\n<tr>\n<td style=\"width: 19.6552%\">450786<\/td>\n<td style=\"width: 46.2069%\">Tablero MANTO 45 x 270<\/td>\n<td style=\"width: 45.2871%\">Panel MANTO 45 x 270<\/td>\n<td style=\"width: 42.6276%\">14<\/td>\n<\/tr>\n<tr>\n<td style=\"width: 19.6552%\">454340<\/td>\n<td style=\"width: 46.2069%\">Tablero MANTO VZ 75 x 270<\/td>\n<td style=\"width: 45.2871%\">Panel MANTO MP 75 x 270<\/td>\n<td style=\"width: 42.6276%\">1<\/td>\n<\/tr>\n<tr>\n<td style=\"width: 19.6552%\">535001<\/td>\n<td style=\"width: 46.2069%\">MANTO esquina interior 35\/270<\/td>\n<td style=\"width: 45.2871%\">MANTO esquina interior 35\/270<\/td>\n<td style=\"width: 42.6276%\">16<\/td>\n<\/tr>\n<\/tbody>\n<\/table>\n","protected":false},"excerpt":{"rendered":"<p>Ofrecemos un lote de encofrados H\u00fcnnebeck Manto usados con encofrado de madera nuevo.<\/p>\n<p>Hay 738m\u00b2 disponibles.<\/p>\n<p>Si est\u00e1 interesado, env\u00edenos su consulta.<\/p>\n<p>&nbsp;<\/p>\n","protected":false},"featured_media":17821,"template":"","meta":[],"product_brand":[],"product_cat":[279,287,306],"product_tag":[],"class_list":{"0":"post-17810","1":"product","2":"type-product","3":"status-publish","4":"has-post-thumbnail","6":"product_cat-huennebeck-es","7":"product_cat-huennebeck-manto-es","8":"product_cat-encofrado","10":"first","11":"instock","12":"taxable","13":"shipping-taxable","14":"product-type-simple"},"yoast_head":"<!-- This site is optimized with the Yoast SEO plugin v26.5 - https:\/\/yoast.com\/wordpress\/plugins\/seo\/ -->\n<title>H\u00fcnnebeck Manto con nueva piel de madera - JH - ITC GmbH<\/title>\n<meta name=\"description\" content=\"Encofrado H\u00fcnnebeck Manto. Fabricante de renombre \u2714 Encofrados nuevos y usados \u2714 \u00a1Solicite un presupuesto ahora!\" \/>\n<meta name=\"robots\" content=\"noindex, follow, max-snippet:-1, max-image-preview:large, max-video-preview:-1\" \/>\n<meta property=\"og:locale\" content=\"es_ES\" \/>\n<meta property=\"og:type\" content=\"article\" \/>\n<meta property=\"og:title\" content=\"H\u00fcnnebeck Manto con nueva piel de madera - JH - ITC GmbH\" \/>\n<meta property=\"og:description\" content=\"Encofrado H\u00fcnnebeck Manto. Fabricante de renombre \u2714 Encofrados nuevos y usados \u2714 \u00a1Solicite un presupuesto ahora!\" \/>\n<meta property=\"og:url\" content=\"https:\/\/stage.jh-itc.de\/es\/shop\/huennebeck-es\/huennebeck-manto-es\/huennebeck-manto-con-piel-de-madera-nueva\/\" \/>\n<meta property=\"og:site_name\" content=\"JH - ITC GmbH\" \/>\n<meta property=\"article:publisher\" content=\"https:\/\/www.facebook.com\/schalungshandel\" \/>\n<meta property=\"article:modified_time\" content=\"2021-04-28T19:50:13+00:00\" \/>\n<meta property=\"og:image\" content=\"https:\/\/stage.jh-itc.de\/wp-content\/uploads\/2020\/11\/Manto1.jpg\" \/>\n\t<meta property=\"og:image:width\" content=\"1080\" \/>\n\t<meta property=\"og:image:height\" content=\"1440\" \/>\n\t<meta property=\"og:image:type\" content=\"image\/jpeg\" \/>\n<meta name=\"twitter:card\" content=\"summary_large_image\" \/>\n<meta name=\"twitter:site\" content=\"@JH_ITC\" \/>\n<!-- \/ Yoast SEO plugin. -->","yoast_head_json":{"title":"H\u00fcnnebeck Manto con nueva piel de madera - JH - ITC GmbH","description":"Encofrado H\u00fcnnebeck Manto. Fabricante de renombre \u2714 Encofrados nuevos y usados \u2714 \u00a1Solicite un presupuesto ahora!","robots":{"index":"noindex","follow":"follow","max-snippet":"max-snippet:-1","max-image-preview":"max-image-preview:large","max-video-preview":"max-video-preview:-1"},"og_locale":"es_ES","og_type":"article","og_title":"H\u00fcnnebeck Manto con nueva piel de madera - JH - ITC GmbH","og_description":"Encofrado H\u00fcnnebeck Manto. Fabricante de renombre \u2714 Encofrados nuevos y usados \u2714 \u00a1Solicite un presupuesto ahora!","og_url":"https:\/\/stage.jh-itc.de\/es\/shop\/huennebeck-es\/huennebeck-manto-es\/huennebeck-manto-con-piel-de-madera-nueva\/","og_site_name":"JH - ITC GmbH","article_publisher":"https:\/\/www.facebook.com\/schalungshandel","article_modified_time":"2021-04-28T19:50:13+00:00","og_image":[{"width":1080,"height":1440,"url":"https:\/\/stage.jh-itc.de\/wp-content\/uploads\/2020\/11\/Manto1.jpg","type":"image\/jpeg"}],"twitter_card":"summary_large_image","twitter_site":"@JH_ITC","schema":{"@context":"https:\/\/schema.org","@graph":[{"@type":"WebPage","@id":"https:\/\/stage.jh-itc.de\/es\/shop\/huennebeck-es\/huennebeck-manto-es\/huennebeck-manto-con-piel-de-madera-nueva\/","url":"https:\/\/stage.jh-itc.de\/es\/shop\/huennebeck-es\/huennebeck-manto-es\/huennebeck-manto-con-piel-de-madera-nueva\/","name":"H\u00fcnnebeck Manto con nueva piel de madera - JH - ITC GmbH","isPartOf":{"@id":"https:\/\/stage.jh-itc.de\/es\/#website"},"primaryImageOfPage":{"@id":"https:\/\/stage.jh-itc.de\/es\/shop\/huennebeck-es\/huennebeck-manto-es\/huennebeck-manto-con-piel-de-madera-nueva\/#primaryimage"},"image":{"@id":"https:\/\/stage.jh-itc.de\/es\/shop\/huennebeck-es\/huennebeck-manto-es\/huennebeck-manto-con-piel-de-madera-nueva\/#primaryimage"},"thumbnailUrl":"https:\/\/stage.jh-itc.de\/wp-content\/uploads\/2020\/11\/Manto1.jpg","datePublished":"2021-04-28T19:50:09+00:00","dateModified":"2021-04-28T19:50:13+00:00","description":"Encofrado H\u00fcnnebeck Manto. Fabricante de renombre \u2714 Encofrados nuevos y usados \u2714 \u00a1Solicite un presupuesto ahora!","breadcrumb":{"@id":"https:\/\/stage.jh-itc.de\/es\/shop\/huennebeck-es\/huennebeck-manto-es\/huennebeck-manto-con-piel-de-madera-nueva\/#breadcrumb"},"inLanguage":"es","potentialAction":[{"@type":"ReadAction","target":["https:\/\/stage.jh-itc.de\/es\/shop\/huennebeck-es\/huennebeck-manto-es\/huennebeck-manto-con-piel-de-madera-nueva\/"]}]},{"@type":"ImageObject","inLanguage":"es","@id":"https:\/\/stage.jh-itc.de\/es\/shop\/huennebeck-es\/huennebeck-manto-es\/huennebeck-manto-con-piel-de-madera-nueva\/#primaryimage","url":"https:\/\/stage.jh-itc.de\/wp-content\/uploads\/2020\/11\/Manto1.jpg","contentUrl":"https:\/\/stage.jh-itc.de\/wp-content\/uploads\/2020\/11\/Manto1.jpg","width":1080,"height":1440},{"@type":"BreadcrumbList","@id":"https:\/\/stage.jh-itc.de\/es\/shop\/huennebeck-es\/huennebeck-manto-es\/huennebeck-manto-con-piel-de-madera-nueva\/#breadcrumb","itemListElement":[{"@type":"ListItem","position":1,"name":"Home","item":"https:\/\/stage.jh-itc.de\/es\/encofrados-puntales-y-andamios-de-profesionales\/"},{"@type":"ListItem","position":2,"name":"Tienda","item":"https:\/\/stage.jh-itc.de\/es\/tienda\/"},{"@type":"ListItem","position":3,"name":"H\u00fcnnebeck Manto con nueva piel de madera"}]},{"@type":"WebSite","@id":"https:\/\/stage.jh-itc.de\/es\/#website","url":"https:\/\/stage.jh-itc.de\/es\/","name":"JH - ITC GmbH","description":"Ihr Experte f\u00fcr gebrauchte St\u00fctzen, Schalungen und Ger\u00fcste","publisher":{"@id":"https:\/\/stage.jh-itc.de\/es\/#organization"},"potentialAction":[{"@type":"SearchAction","target":{"@type":"EntryPoint","urlTemplate":"https:\/\/stage.jh-itc.de\/es\/?s={search_term_string}"},"query-input":{"@type":"PropertyValueSpecification","valueRequired":true,"valueName":"search_term_string"}}],"inLanguage":"es"},{"@type":"Organization","@id":"https:\/\/stage.jh-itc.de\/es\/#organization","name":"JH-ITC GmbH","url":"https:\/\/stage.jh-itc.de\/es\/","logo":{"@type":"ImageObject","inLanguage":"es","@id":"https:\/\/stage.jh-itc.de\/es\/#\/schema\/logo\/image\/","url":"https:\/\/stage.jh-itc.de\/wp-content\/uploads\/2016\/01\/JH-ITC2-1.png","contentUrl":"https:\/\/stage.jh-itc.de\/wp-content\/uploads\/2016\/01\/JH-ITC2-1.png","width":300,"height":102,"caption":"JH-ITC GmbH"},"image":{"@id":"https:\/\/stage.jh-itc.de\/es\/#\/schema\/logo\/image\/"},"sameAs":["https:\/\/www.facebook.com\/schalungshandel","https:\/\/x.com\/JH_ITC","https:\/\/www.linkedin.com\/in\/jhitc","https:\/\/youtu.be\/rMdZ-FLfI-Y"]}]}},"_links":{"self":[{"href":"https:\/\/stage.jh-itc.de\/es\/wp-json\/wp\/v2\/product\/17810","targetHints":{"allow":["GET"]}}],"collection":[{"href":"https:\/\/stage.jh-itc.de\/es\/wp-json\/wp\/v2\/product"}],"about":[{"href":"https:\/\/stage.jh-itc.de\/es\/wp-json\/wp\/v2\/types\/product"}],"wp:featuredmedia":[{"embeddable":true,"href":"https:\/\/stage.jh-itc.de\/es\/wp-json\/wp\/v2\/media\/17821"}],"wp:attachment":[{"href":"https:\/\/stage.jh-itc.de\/es\/wp-json\/wp\/v2\/media?parent=17810"}],"wp:term":[{"taxonomy":"product_brand","embeddable":true,"href":"https:\/\/stage.jh-itc.de\/es\/wp-json\/wp\/v2\/product_brand?post=17810"},{"taxonomy":"product_cat","embeddable":true,"href":"https:\/\/stage.jh-itc.de\/es\/wp-json\/wp\/v2\/product_cat?post=17810"},{"taxonomy":"product_tag","embeddable":true,"href":"https:\/\/stage.jh-itc.de\/es\/wp-json\/wp\/v2\/product_tag?post=17810"}],"curies":[{"name":"wp","href":"https:\/\/api.w.org\/{rel}","templated":true}]}}