{"id":17762,"date":"2020-10-29T14:57:54","date_gmt":"2021-04-28T19:49:07","guid":{"rendered":"https:\/\/www.jh-itc.de\/shop\/sin%20categor\u00eda\/peri-mp-250-mp-350-mp-625\/"},"modified":"2021-04-28T21:49:19","modified_gmt":"2021-04-28T19:49:19","slug":"peri-mp-250-mp-350-mp-625","status":"publish","type":"product","link":"https:\/\/stage.jh-itc.de\/es\/shop\/peri-es\/peri-mp-250-mp-350-mp-625\/","title":{"rendered":"Peri MP 250 + MP 350 + MP 625"},"content":{"rendered":"<p>Los puntales MULTIPROP pueden utilizarse como puntales individuales y, en combinaci\u00f3n con los marcos MULTIPROP, como torres de apuntalamiento o torres de carga bajo las mesas. En comparaci\u00f3n con los puntales de suelo de acero tubular, el MULTIPROP de aluminio soporta cargas significativamente mayores, de 90 kN, con un peso propio muy reducido. Con diferentes longitudes de bastidor, las torres de apuntalamiento cuadradas y rectangulares pueden adaptarse de forma \u00f3ptima a las condiciones de la obra. Los bastidores tambi\u00e9n sirven de soporte de la cubierta y de protecci\u00f3n lateral para los niveles de trabajo.<\/p>\n<p><strong>Reducci\u00f3n del n\u00famero de soportes<\/strong><br \/>\ndebido a las elevadas cargas admisibles en las piernas, de hasta 90 kN<\/p>\n<p><strong>Detalles sofisticados<\/strong><br \/>\ncon rosca autolimpiante, tuerca de ajuste direccional y ajuste continuo<\/p>\n<p><strong>Ajuste de longitud que ahorra tiempo<\/strong><br \/>\ngracias a la cinta m\u00e9trica integrada en el tubo interior, que indica directamente la longitud total del soporte<\/p>\n<p><strong>Pr\u00e1ctica conexi\u00f3n en cu\u00f1a<\/strong><br \/>\npara el marco MRK, sin necesidad de atornillar<\/p>\n<hr>\n<p>El ligero puntal de aluminio MULTIPROP est\u00e1 disponible en cinco longitudes de sistema. Se utiliza principalmente como soporte \u00fanico, para torres de carga o bajo mesas. Gracias a su sofisticado dise\u00f1o patentado, tiene una vida \u00fatil considerablemente m\u00e1s larga que los soportes tubulares de acero.<\/p>\n<p><strong>Ventajas  <\/strong><\/p>\n<ul>\n<li>El puntal MULTIPROP se caracteriza por una gran capacidad de carga con un bajo peso muerto.<\/li>\n<li>Una cinta m\u00e9trica incorporada permite preajustar con precisi\u00f3n el soporte sin necesidad de perder tiempo midiendo.<\/li>\n<li>La rosca autolimpiante y la robusta tuerca de giro r\u00e1pido facilitan el ajuste de la longitud del puntal. Para un funcionamiento r\u00e1pido y seguro, la c\u00e1mara de aire se desbloquea y se extrae con el toque de un dedo, sin necesidad de recolocar ning\u00fan tornillo.<\/li>\n<li>La protecci\u00f3n contra la ca\u00edda evita que la c\u00e1mara de aire se salga involuntariamente durante el transporte.<\/li>\n<li>La protecci\u00f3n integrada contra pellizcos en las manos minimiza el riesgo de lesiones.<\/li>\n<\/ul>\n<hr>\n<p>Los puntales de techo de aluminio pueden utilizarse individualmente o conectados a marcos como mesas o torres de carga. El soporte est\u00e1 formado por un tubo exterior y otro interior de la misma geometr\u00eda pero de diferentes tama\u00f1os: las esquinas de la secci\u00f3n transversal cuadrada est\u00e1n constre\u00f1idas y, a pesar de las diferentes dimensiones, permiten conectar las mismas abrazaderas de conexi\u00f3n de cu\u00f1a del bastidor \u00abMultiprop\u00bb.<\/p>\n<p>La rosca de ajuste est\u00e1 estampada en los bordes del perfil interior y se libera de nuevo con la tuerca aunque la rosca est\u00e9 muy sucia.<\/p>\n<p>Para ello, la tuerca de ajuste puede accionarse con una varilla tensora a modo de palanca.<\/p>\n<p>Una cinta m\u00e9trica fija en el tubo interior permite un preajuste preciso sin necesidad de perder tiempo midiendo.<\/p>\n<p>Cada columna puede soportar un m\u00e1ximo de 90 kN.<\/p>\n<p>&nbsp;<\/p>\n","protected":false},"excerpt":{"rendered":"<p>Ofrecemos los siguientes soportes Peri Multiprop.<\/p>\n<p><strong>17 x Peri MP 250 &#8211; NUEVO<\/strong><br \/>\n<strong>  17 x Peri MP 350<\/strong><br \/>\n<strong>444 x Peri MP 625<\/strong><\/p>\n<p>Est\u00e1n en buen estado de uso, probados y disponibles en stock.<\/p>\n<p>Si est\u00e1 interesado, env\u00edenos su consulta.<\/p>\n<p>&nbsp;<\/p>\n","protected":false},"featured_media":0,"template":"","meta":[],"product_brand":[],"product_cat":[308,304],"product_tag":[],"class_list":{"0":"post-17762","1":"product","2":"type-product","3":"status-publish","5":"product_cat-apuntalar","6":"product_cat-peri-es","8":"first","9":"instock","10":"taxable","11":"shipping-taxable","12":"product-type-simple"},"yoast_head":"<!-- This site is optimized with the Yoast SEO plugin v26.5 - https:\/\/yoast.com\/wordpress\/plugins\/seo\/ -->\n<title>Peri MP 250 + MP 350 + MP 625 - JH - ITC GmbH<\/title>\n<meta name=\"description\" content=\"Los puntales MULTIPROP pueden utilizarse como puntales individuales y, en combinaci\u00f3n con los marcos MULTIPROP, como torres de apuntalamiento o torres de carga bajo las mesas.\" \/>\n<meta name=\"robots\" content=\"noindex, follow, max-snippet:-1, max-image-preview:large, max-video-preview:-1\" \/>\n<meta property=\"og:locale\" content=\"es_ES\" \/>\n<meta property=\"og:type\" content=\"article\" \/>\n<meta property=\"og:title\" content=\"Peri MP 250 + MP 350 + MP 625 - JH - ITC GmbH\" \/>\n<meta property=\"og:description\" content=\"Los puntales MULTIPROP pueden utilizarse como puntales individuales y, en combinaci\u00f3n con los marcos MULTIPROP, como torres de apuntalamiento o torres de carga bajo las mesas.\" \/>\n<meta property=\"og:url\" content=\"https:\/\/stage.jh-itc.de\/es\/shop\/peri-es\/peri-mp-250-mp-350-mp-625\/\" \/>\n<meta property=\"og:site_name\" content=\"JH - ITC GmbH\" \/>\n<meta property=\"article:publisher\" content=\"https:\/\/www.facebook.com\/schalungshandel\" \/>\n<meta property=\"article:modified_time\" content=\"2021-04-28T19:49:19+00:00\" \/>\n<meta property=\"og:image\" content=\"https:\/\/stage.jh-itc.de\/wp-content\/uploads\/2020\/10\/MP250_1-Klein.jpg\" \/>\n\t<meta property=\"og:image:width\" content=\"480\" \/>\n\t<meta property=\"og:image:height\" content=\"640\" \/>\n\t<meta property=\"og:image:type\" content=\"image\/jpeg\" \/>\n<meta name=\"twitter:card\" content=\"summary_large_image\" \/>\n<meta name=\"twitter:site\" content=\"@JH_ITC\" \/>\n<meta name=\"twitter:label1\" content=\"Tiempo de lectura\" \/>\n\t<meta name=\"twitter:data1\" content=\"2 minutos\" \/>\n<!-- \/ Yoast SEO plugin. -->","yoast_head_json":{"title":"Peri MP 250 + MP 350 + MP 625 - JH - ITC GmbH","description":"Los puntales MULTIPROP pueden utilizarse como puntales individuales y, en combinaci\u00f3n con los marcos MULTIPROP, como torres de apuntalamiento o torres de carga bajo las mesas.","robots":{"index":"noindex","follow":"follow","max-snippet":"max-snippet:-1","max-image-preview":"max-image-preview:large","max-video-preview":"max-video-preview:-1"},"og_locale":"es_ES","og_type":"article","og_title":"Peri MP 250 + MP 350 + MP 625 - JH - ITC GmbH","og_description":"Los puntales MULTIPROP pueden utilizarse como puntales individuales y, en combinaci\u00f3n con los marcos MULTIPROP, como torres de apuntalamiento o torres de carga bajo las mesas.","og_url":"https:\/\/stage.jh-itc.de\/es\/shop\/peri-es\/peri-mp-250-mp-350-mp-625\/","og_site_name":"JH - ITC GmbH","article_publisher":"https:\/\/www.facebook.com\/schalungshandel","article_modified_time":"2021-04-28T19:49:19+00:00","og_image":[{"width":480,"height":640,"url":"https:\/\/stage.jh-itc.de\/wp-content\/uploads\/2020\/10\/MP250_1-Klein.jpg","type":"image\/jpeg"}],"twitter_card":"summary_large_image","twitter_site":"@JH_ITC","twitter_misc":{"Tiempo de lectura":"2 minutos"},"schema":{"@context":"https:\/\/schema.org","@graph":[{"@type":"WebPage","@id":"https:\/\/stage.jh-itc.de\/es\/shop\/peri-es\/peri-mp-250-mp-350-mp-625\/","url":"https:\/\/stage.jh-itc.de\/es\/shop\/peri-es\/peri-mp-250-mp-350-mp-625\/","name":"Peri MP 250 + MP 350 + MP 625 - JH - ITC GmbH","isPartOf":{"@id":"https:\/\/stage.jh-itc.de\/es\/#website"},"datePublished":"2021-04-28T19:49:07+00:00","dateModified":"2021-04-28T19:49:19+00:00","description":"Los puntales MULTIPROP pueden utilizarse como puntales individuales y, en combinaci\u00f3n con los marcos MULTIPROP, como torres de apuntalamiento o torres de carga bajo las mesas.","breadcrumb":{"@id":"https:\/\/stage.jh-itc.de\/es\/shop\/peri-es\/peri-mp-250-mp-350-mp-625\/#breadcrumb"},"inLanguage":"es","potentialAction":[{"@type":"ReadAction","target":["https:\/\/stage.jh-itc.de\/es\/shop\/peri-es\/peri-mp-250-mp-350-mp-625\/"]}]},{"@type":"BreadcrumbList","@id":"https:\/\/stage.jh-itc.de\/es\/shop\/peri-es\/peri-mp-250-mp-350-mp-625\/#breadcrumb","itemListElement":[{"@type":"ListItem","position":1,"name":"Home","item":"https:\/\/stage.jh-itc.de\/es\/encofrados-puntales-y-andamios-de-profesionales\/"},{"@type":"ListItem","position":2,"name":"Tienda","item":"https:\/\/stage.jh-itc.de\/es\/tienda\/"},{"@type":"ListItem","position":3,"name":"Peri MP 250 + MP 350 + MP 625"}]},{"@type":"WebSite","@id":"https:\/\/stage.jh-itc.de\/es\/#website","url":"https:\/\/stage.jh-itc.de\/es\/","name":"JH - ITC GmbH","description":"Ihr Experte f\u00fcr gebrauchte St\u00fctzen, Schalungen und Ger\u00fcste","publisher":{"@id":"https:\/\/stage.jh-itc.de\/es\/#organization"},"potentialAction":[{"@type":"SearchAction","target":{"@type":"EntryPoint","urlTemplate":"https:\/\/stage.jh-itc.de\/es\/?s={search_term_string}"},"query-input":{"@type":"PropertyValueSpecification","valueRequired":true,"valueName":"search_term_string"}}],"inLanguage":"es"},{"@type":"Organization","@id":"https:\/\/stage.jh-itc.de\/es\/#organization","name":"JH-ITC GmbH","url":"https:\/\/stage.jh-itc.de\/es\/","logo":{"@type":"ImageObject","inLanguage":"es","@id":"https:\/\/stage.jh-itc.de\/es\/#\/schema\/logo\/image\/","url":"https:\/\/stage.jh-itc.de\/wp-content\/uploads\/2016\/01\/JH-ITC2-1.png","contentUrl":"https:\/\/stage.jh-itc.de\/wp-content\/uploads\/2016\/01\/JH-ITC2-1.png","width":300,"height":102,"caption":"JH-ITC GmbH"},"image":{"@id":"https:\/\/stage.jh-itc.de\/es\/#\/schema\/logo\/image\/"},"sameAs":["https:\/\/www.facebook.com\/schalungshandel","https:\/\/x.com\/JH_ITC","https:\/\/www.linkedin.com\/in\/jhitc","https:\/\/youtu.be\/rMdZ-FLfI-Y"]}]}},"_links":{"self":[{"href":"https:\/\/stage.jh-itc.de\/es\/wp-json\/wp\/v2\/product\/17762","targetHints":{"allow":["GET"]}}],"collection":[{"href":"https:\/\/stage.jh-itc.de\/es\/wp-json\/wp\/v2\/product"}],"about":[{"href":"https:\/\/stage.jh-itc.de\/es\/wp-json\/wp\/v2\/types\/product"}],"wp:attachment":[{"href":"https:\/\/stage.jh-itc.de\/es\/wp-json\/wp\/v2\/media?parent=17762"}],"wp:term":[{"taxonomy":"product_brand","embeddable":true,"href":"https:\/\/stage.jh-itc.de\/es\/wp-json\/wp\/v2\/product_brand?post=17762"},{"taxonomy":"product_cat","embeddable":true,"href":"https:\/\/stage.jh-itc.de\/es\/wp-json\/wp\/v2\/product_cat?post=17762"},{"taxonomy":"product_tag","embeddable":true,"href":"https:\/\/stage.jh-itc.de\/es\/wp-json\/wp\/v2\/product_tag?post=17762"}],"curies":[{"name":"wp","href":"https:\/\/api.w.org\/{rel}","templated":true}]}}