{"id":17665,"date":"2020-11-02T23:20:29","date_gmt":"2021-04-28T19:49:00","guid":{"rendered":"https:\/\/www.jh-itc.de\/shop\/sin%20categor\u00eda\/4-511-m%c2%b2-se-utilizo-huennebeck-topec-con-cara-de-encofrado-ecoply\/"},"modified":"2024-10-08T13:34:28","modified_gmt":"2024-10-08T11:34:28","slug":"4-511-m%c2%b2-huennebeck-topec-con-piel-de-ecopia-usada","status":"publish","type":"product","link":"https:\/\/stage.jh-itc.de\/es\/shop\/huennebeck-es\/huennebeck-topec-es\/4-511-m%c2%b2-huennebeck-topec-con-piel-de-ecopia-usada\/","title":{"rendered":"H\u00fcnnebeck Topec usado con revestimiento de encofrado Ecoply"},"content":{"rendered":"<div class=\"container\">\n<div class=\"row\">\n<div class=\"col-sm-12 col-md-10 col-md-offset-1\">\n<div class=\"sectionTitle\">\n<div class=\"simpleArticle large txtLeft fadeInTop aniDelay2\">\n<p style=\"text-align: left;\" align=\"center\">Con el encofrado modular para losas TOPEC de H\u00fcnnebeck, el encofrado y desencofrado de losas es mucho m\u00e1s r\u00e1pido y claramente m\u00e1s econ\u00f3mico que con los sistemas de encofrado para losas convencionales. Porque el sistema TOPEC se compone de s\u00f3lo dos partes b\u00e1sicas: paneles y soportes, opcionalmente con un cabezal de ca\u00edda.<\/p>\n<p style=\"text-align: left;\" align=\"center\">Con s\u00f3lo unos pocos pasos se obtienen resultados perfectos.<\/p>\n<\/div>\n<\/div>\n<\/div>\n<\/div>\n<\/div>\n","protected":false},"excerpt":{"rendered":"<p>Te ofrecemos un lote de <strong>encofrados modulares para losas H\u00fcnnebeck Topec<\/strong> usados <strong>con encofrado Ecoply.<\/strong> <\/p>\n<p>Pide la lista actual.<\/p>\n<table style=\"width: 54.5054%;\" width=\"537\">\n<tbody>\n<tr>\n<td style=\"width: 21.3084%;\" width=\"86\">N\u00famero de pieza<\/td>\n<td style=\"width: 33.6449%;\" width=\"193\">Descripci\u00f3n del art\u00edculo<\/td>\n<td style=\"width: 32.849%;\" width=\"185\">Descripci\u00f3n<\/td>\n<td style=\"width: 43.3123%;\" width=\"73\">Cantidad<\/td>\n<\/tr>\n<tr>\n<td style=\"width: 21.3084%;\">565434<\/td>\n<td style=\"width: 33.6449%;\">Barra de montaje de aluminio 365<\/td>\n<td style=\"width: 32.849%;\">Barra de erecci\u00f3n de aluminio TOPEC 365<\/td>\n<td style=\"width: 43.3123%;\">8<\/td>\n<\/tr>\n<tr>\n<td style=\"width: 21.3084%;\">487890<\/td>\n<td style=\"width: 33.6449%;\">Haz de compensaci\u00f3n 180<\/td>\n<td style=\"width: 32.849%;\">Haz de ajuste TOPEC 180<\/td>\n<td style=\"width: 43.3123%;\">83<\/td>\n<\/tr>\n<tr>\n<td style=\"width: 21.3084%;\">487880<\/td>\n<td style=\"width: 33.6449%;\">Compa\u00f1\u00eda de compensaci\u00f3n 90<\/td>\n<td style=\"width: 32.849%;\">Haz de ajuste TOPEC 90<\/td>\n<td style=\"width: 43.3123%;\">75<\/td>\n<\/tr>\n<tr>\n<td style=\"width: 21.3084%;\">448628<\/td>\n<td style=\"width: 33.6449%;\">Conexi\u00f3n de la barandilla S<\/td>\n<td style=\"width: 32.849%;\">Junta de la base del poste de la barandilla S<\/td>\n<td style=\"width: 43.3123%;\">120<\/td>\n<\/tr>\n<tr>\n<td style=\"width: 21.3084%;\">422558<\/td>\n<td style=\"width: 33.6449%;\">Zapata del cabezal<\/td>\n<td style=\"width: 32.849%;\">Zapato de apoyo a la cabeza TOPEC<\/td>\n<td style=\"width: 43.3123%;\">143<\/td>\n<\/tr>\n<tr>\n<td style=\"width: 21.3084%;\">487673<\/td>\n<td style=\"width: 33.6449%;\">Cojinete de borde N<\/td>\n<td style=\"width: 32.849%;\">Apoyo a los bordes N<\/td>\n<td style=\"width: 43.3123%;\">1030<\/td>\n<\/tr>\n<tr>\n<td style=\"width: 21.3084%;\">602676<\/td>\n<td style=\"width: 33.6449%;\">Panel de compensaci\u00f3n TOPEC E 90 x 180<\/td>\n<td style=\"width: 32.849%;\">TOPEC Q adjust panel 90 x 180<\/td>\n<td style=\"width: 43.3123%;\">130<\/td>\n<\/tr>\n<tr>\n<td style=\"width: 21.3084%;\">602677<\/td>\n<td style=\"width: 33.6449%;\">Panel de compensaci\u00f3n TOPEC E 90 x 90<\/td>\n<td style=\"width: 32.849%;\">TOPEC Q adjust panel 90 x 90<\/td>\n<td style=\"width: 43.3123%;\">6<\/td>\n<\/tr>\n<tr>\n<td style=\"width: 21.3084%;\">602667<\/td>\n<td style=\"width: 33.6449%;\">TOPEC E panel grande 180 x 180<\/td>\n<td style=\"width: 32.849%;\">Panel TOPEC Q 180 x 180<\/td>\n<td style=\"width: 43.3123%;\">529<\/td>\n<\/tr>\n<tr>\n<td style=\"width: 21.3084%;\"><\/td>\n<td style=\"width: 33.6449%;\">Tablero TOPEC E 180 x 30<\/td>\n<td style=\"width: 32.849%;\">Tablero TOPEC E 180 x 30<\/td>\n<td style=\"width: 43.3123%;\">40<\/td>\n<\/tr>\n<tr>\n<td style=\"width: 21.3084%;\">602671<\/td>\n<td style=\"width: 33.6449%;\">Tablero TOPEC E 180 x 45<\/td>\n<td style=\"width: 32.849%;\">Panel TOPEC Q 180 x 45<\/td>\n<td style=\"width: 43.3123%;\">152<\/td>\n<\/tr>\n<tr>\n<td style=\"width: 21.3084%;\">602670<\/td>\n<td style=\"width: 33.6449%;\">Tablero TOPEC E 180 x 60<\/td>\n<td style=\"width: 32.849%;\">Panel TOPEC Q 180 x 60<\/td>\n<td style=\"width: 43.3123%;\">171<\/td>\n<\/tr>\n<tr>\n<td style=\"width: 21.3084%;\">602669<\/td>\n<td style=\"width: 33.6449%;\">Tablero TOPEC E 180 x 75<\/td>\n<td style=\"width: 32.849%;\">Panel TOPEC Q 180 x 75<\/td>\n<td style=\"width: 43.3123%;\">110<\/td>\n<\/tr>\n<tr>\n<td style=\"width: 21.3084%;\">602668<\/td>\n<td style=\"width: 33.6449%;\">Tablero TOPEC E 180 x 90<\/td>\n<td style=\"width: 32.849%;\">Panel TOPEC Q 180 x 90<\/td>\n<td style=\"width: 43.3123%;\">1300<\/td>\n<\/tr>\n<tr>\n<td style=\"width: 21.3084%;\"><\/td>\n<td style=\"width: 33.6449%;\">Tablero TOPEC E 90 x 30<\/td>\n<td style=\"width: 32.849%;\">Panel TOPEC Q 90 x 30<\/td>\n<td style=\"width: 43.3123%;\">23<\/td>\n<\/tr>\n<tr>\n<td style=\"width: 21.3084%;\">602675<\/td>\n<td style=\"width: 33.6449%;\">Tablero TOPEC E 90 x 45<\/td>\n<td style=\"width: 32.849%;\">Panel TOPEC Q 90 x 45<\/td>\n<td style=\"width: 43.3123%;\">37<\/td>\n<\/tr>\n<tr>\n<td style=\"width: 21.3084%;\">452693<\/td>\n<td style=\"width: 33.6449%;\">Fusible de apoyo<\/td>\n<td style=\"width: 32.849%;\">Retenedor de puntales TOPEC<\/td>\n<td style=\"width: 43.3123%;\">200<\/td>\n<\/tr>\n<tr>\n<td style=\"width: 21.3084%;\">602674<\/td>\n<td style=\"width: 33.6449%;\">Tablero TOPEC E 90 x 60<\/td>\n<td style=\"width: 32.849%;\">Panel TOPEC Q 90 x 60<\/td>\n<td style=\"width: 43.3123%;\">29<\/td>\n<\/tr>\n<tr>\n<td style=\"width: 21.3084%;\">602673<\/td>\n<td style=\"width: 33.6449%;\">Tablero TOPEC E 90 x 75<\/td>\n<td style=\"width: 32.849%;\">Panel TOPEC Q 90 x 75<\/td>\n<td style=\"width: 43.3123%;\">26<\/td>\n<\/tr>\n<tr>\n<td style=\"width: 21.3084%;\">602672<\/td>\n<td style=\"width: 33.6449%;\">Tablero TOPEC E 90 x 90<\/td>\n<td style=\"width: 32.849%;\">Panel TOPEC Q 90 x 90<\/td>\n<td style=\"width: 43.3123%;\">49<\/td>\n<\/tr>\n<tr>\n<td style=\"width: 21.3084%;\">496220<\/td>\n<td style=\"width: 33.6449%;\">Rodamiento de la barandilla<\/td>\n<td style=\"width: 32.849%;\">Rodamiento TOPEC para barandilla<\/td>\n<td style=\"width: 43.3123%;\">40<\/td>\n<\/tr>\n<tr>\n<td style=\"width: 21.3084%;\">602120<\/td>\n<td style=\"width: 33.6449%;\">Cabezal de ca\u00edda TOPEC<\/td>\n<td style=\"width: 32.849%;\">Cabezal de ca\u00edda TOPEC<\/td>\n<td style=\"width: 43.3123%;\">0<\/td>\n<\/tr>\n<tr>\n<td style=\"width: 21.3084%;\">588474<\/td>\n<td style=\"width: 33.6449%;\">Zapato de barandilla TOPEC<\/td>\n<td style=\"width: 32.849%;\">Zapato de barandilla TOPEC<\/td>\n<td style=\"width: 43.3123%;\">96<\/td>\n<\/tr>\n<tr>\n<td style=\"width: 21.3084%;\">465410<\/td>\n<td style=\"width: 33.6449%;\">Topeclager<\/td>\n<td style=\"width: 32.849%;\">Rodamiento TOPEC<\/td>\n<td style=\"width: 43.3123%;\">2989<\/td>\n<\/tr>\n<tr>\n<td style=\"width: 21.3084%;\">492806<\/td>\n<td style=\"width: 33.6449%;\">Viga transversal TOPEC<\/td>\n<td style=\"width: 32.849%;\">Viga transversal TOPEC<\/td>\n<td style=\"width: 43.3123%;\">186<\/td>\n<\/tr>\n<\/tbody>\n<\/table>\n<p>Si est\u00e1 interesado, env\u00edenos su consulta.<\/p>\n","protected":false},"featured_media":17669,"template":"","meta":[],"product_brand":[],"product_cat":[279,289,306],"product_tag":[],"class_list":{"0":"post-17665","1":"product","2":"type-product","3":"status-publish","4":"has-post-thumbnail","6":"product_cat-huennebeck-es","7":"product_cat-huennebeck-topec-es","8":"product_cat-encofrado","10":"first","11":"instock","12":"taxable","13":"shipping-taxable","14":"product-type-simple"},"yoast_head":"<!-- This site is optimized with the Yoast SEO plugin v26.5 - https:\/\/yoast.com\/wordpress\/plugins\/seo\/ -->\n<title>H\u00fcnnebeck Topec usado con revestimiento de encofrado Ecoply - JH - ITC GmbH<\/title>\n<meta name=\"description\" content=\"Con el encofrado modular de losas TOPEC de H\u00fcnnebeck, el encofrado y desencofrado de losas es mucho m\u00e1s r\u00e1pido y claramente m\u00e1s econ\u00f3mico que con los sistemas de encofrado de losas convencionales. Fabricantes de renombre \u2714 Encofrados nuevos y usados \u2714 \u00a1Solicite un presupuesto ahora!\" \/>\n<meta name=\"robots\" content=\"noindex, follow, max-snippet:-1, max-image-preview:large, max-video-preview:-1\" \/>\n<meta property=\"og:locale\" content=\"es_ES\" \/>\n<meta property=\"og:type\" content=\"article\" \/>\n<meta property=\"og:title\" content=\"H\u00fcnnebeck Topec usado con revestimiento de encofrado Ecoply - JH - ITC GmbH\" \/>\n<meta property=\"og:description\" content=\"Con el encofrado modular de losas TOPEC de H\u00fcnnebeck, el encofrado y desencofrado de losas es mucho m\u00e1s r\u00e1pido y claramente m\u00e1s econ\u00f3mico que con los sistemas de encofrado de losas convencionales. Fabricantes de renombre \u2714 Encofrados nuevos y usados \u2714 \u00a1Solicite un presupuesto ahora!\" \/>\n<meta property=\"og:url\" content=\"https:\/\/stage.jh-itc.de\/es\/shop\/huennebeck-es\/huennebeck-topec-es\/4-511-m%c2%b2-huennebeck-topec-con-piel-de-ecopia-usada\/\" \/>\n<meta property=\"og:site_name\" content=\"JH - ITC GmbH\" \/>\n<meta property=\"article:publisher\" content=\"https:\/\/www.facebook.com\/schalungshandel\" \/>\n<meta property=\"article:modified_time\" content=\"2024-10-08T11:34:28+00:00\" \/>\n<meta property=\"og:image\" content=\"https:\/\/stage.jh-itc.de\/wp-content\/uploads\/2020\/11\/Topec-with-Plastic-Ply-17.jpeg\" \/>\n\t<meta property=\"og:image:width\" content=\"640\" \/>\n\t<meta property=\"og:image:height\" content=\"480\" \/>\n\t<meta property=\"og:image:type\" content=\"image\/jpeg\" \/>\n<meta name=\"twitter:card\" content=\"summary_large_image\" \/>\n<meta name=\"twitter:site\" content=\"@JH_ITC\" \/>\n<!-- \/ Yoast SEO plugin. -->","yoast_head_json":{"title":"H\u00fcnnebeck Topec usado con revestimiento de encofrado Ecoply - JH - ITC GmbH","description":"Con el encofrado modular de losas TOPEC de H\u00fcnnebeck, el encofrado y desencofrado de losas es mucho m\u00e1s r\u00e1pido y claramente m\u00e1s econ\u00f3mico que con los sistemas de encofrado de losas convencionales. Fabricantes de renombre \u2714 Encofrados nuevos y usados \u2714 \u00a1Solicite un presupuesto ahora!","robots":{"index":"noindex","follow":"follow","max-snippet":"max-snippet:-1","max-image-preview":"max-image-preview:large","max-video-preview":"max-video-preview:-1"},"og_locale":"es_ES","og_type":"article","og_title":"H\u00fcnnebeck Topec usado con revestimiento de encofrado Ecoply - JH - ITC GmbH","og_description":"Con el encofrado modular de losas TOPEC de H\u00fcnnebeck, el encofrado y desencofrado de losas es mucho m\u00e1s r\u00e1pido y claramente m\u00e1s econ\u00f3mico que con los sistemas de encofrado de losas convencionales. Fabricantes de renombre \u2714 Encofrados nuevos y usados \u2714 \u00a1Solicite un presupuesto ahora!","og_url":"https:\/\/stage.jh-itc.de\/es\/shop\/huennebeck-es\/huennebeck-topec-es\/4-511-m%c2%b2-huennebeck-topec-con-piel-de-ecopia-usada\/","og_site_name":"JH - ITC GmbH","article_publisher":"https:\/\/www.facebook.com\/schalungshandel","article_modified_time":"2024-10-08T11:34:28+00:00","og_image":[{"width":640,"height":480,"url":"https:\/\/stage.jh-itc.de\/wp-content\/uploads\/2020\/11\/Topec-with-Plastic-Ply-17.jpeg","type":"image\/jpeg"}],"twitter_card":"summary_large_image","twitter_site":"@JH_ITC","schema":{"@context":"https:\/\/schema.org","@graph":[{"@type":"WebPage","@id":"https:\/\/stage.jh-itc.de\/es\/shop\/huennebeck-es\/huennebeck-topec-es\/4-511-m%c2%b2-huennebeck-topec-con-piel-de-ecopia-usada\/","url":"https:\/\/stage.jh-itc.de\/es\/shop\/huennebeck-es\/huennebeck-topec-es\/4-511-m%c2%b2-huennebeck-topec-con-piel-de-ecopia-usada\/","name":"H\u00fcnnebeck Topec usado con revestimiento de encofrado Ecoply - JH - ITC GmbH","isPartOf":{"@id":"https:\/\/stage.jh-itc.de\/es\/#website"},"primaryImageOfPage":{"@id":"https:\/\/stage.jh-itc.de\/es\/shop\/huennebeck-es\/huennebeck-topec-es\/4-511-m%c2%b2-huennebeck-topec-con-piel-de-ecopia-usada\/#primaryimage"},"image":{"@id":"https:\/\/stage.jh-itc.de\/es\/shop\/huennebeck-es\/huennebeck-topec-es\/4-511-m%c2%b2-huennebeck-topec-con-piel-de-ecopia-usada\/#primaryimage"},"thumbnailUrl":"https:\/\/stage.jh-itc.de\/wp-content\/uploads\/2020\/11\/Topec-with-Plastic-Ply-17.jpeg","datePublished":"2021-04-28T19:49:00+00:00","dateModified":"2024-10-08T11:34:28+00:00","description":"Con el encofrado modular de losas TOPEC de H\u00fcnnebeck, el encofrado y desencofrado de losas es mucho m\u00e1s r\u00e1pido y claramente m\u00e1s econ\u00f3mico que con los sistemas de encofrado de losas convencionales. Fabricantes de renombre \u2714 Encofrados nuevos y usados \u2714 \u00a1Solicite un presupuesto ahora!","breadcrumb":{"@id":"https:\/\/stage.jh-itc.de\/es\/shop\/huennebeck-es\/huennebeck-topec-es\/4-511-m%c2%b2-huennebeck-topec-con-piel-de-ecopia-usada\/#breadcrumb"},"inLanguage":"es","potentialAction":[{"@type":"ReadAction","target":["https:\/\/stage.jh-itc.de\/es\/shop\/huennebeck-es\/huennebeck-topec-es\/4-511-m%c2%b2-huennebeck-topec-con-piel-de-ecopia-usada\/"]}]},{"@type":"ImageObject","inLanguage":"es","@id":"https:\/\/stage.jh-itc.de\/es\/shop\/huennebeck-es\/huennebeck-topec-es\/4-511-m%c2%b2-huennebeck-topec-con-piel-de-ecopia-usada\/#primaryimage","url":"https:\/\/stage.jh-itc.de\/wp-content\/uploads\/2020\/11\/Topec-with-Plastic-Ply-17.jpeg","contentUrl":"https:\/\/stage.jh-itc.de\/wp-content\/uploads\/2020\/11\/Topec-with-Plastic-Ply-17.jpeg","width":640,"height":480},{"@type":"BreadcrumbList","@id":"https:\/\/stage.jh-itc.de\/es\/shop\/huennebeck-es\/huennebeck-topec-es\/4-511-m%c2%b2-huennebeck-topec-con-piel-de-ecopia-usada\/#breadcrumb","itemListElement":[{"@type":"ListItem","position":1,"name":"Home","item":"https:\/\/stage.jh-itc.de\/es\/encofrados-puntales-y-andamios-de-profesionales\/"},{"@type":"ListItem","position":2,"name":"Tienda","item":"https:\/\/stage.jh-itc.de\/es\/tienda\/"},{"@type":"ListItem","position":3,"name":"H\u00fcnnebeck Topec usado con revestimiento de encofrado Ecoply"}]},{"@type":"WebSite","@id":"https:\/\/stage.jh-itc.de\/es\/#website","url":"https:\/\/stage.jh-itc.de\/es\/","name":"JH - ITC GmbH","description":"Ihr Experte f\u00fcr gebrauchte St\u00fctzen, Schalungen und Ger\u00fcste","publisher":{"@id":"https:\/\/stage.jh-itc.de\/es\/#organization"},"potentialAction":[{"@type":"SearchAction","target":{"@type":"EntryPoint","urlTemplate":"https:\/\/stage.jh-itc.de\/es\/?s={search_term_string}"},"query-input":{"@type":"PropertyValueSpecification","valueRequired":true,"valueName":"search_term_string"}}],"inLanguage":"es"},{"@type":"Organization","@id":"https:\/\/stage.jh-itc.de\/es\/#organization","name":"JH-ITC GmbH","url":"https:\/\/stage.jh-itc.de\/es\/","logo":{"@type":"ImageObject","inLanguage":"es","@id":"https:\/\/stage.jh-itc.de\/es\/#\/schema\/logo\/image\/","url":"https:\/\/stage.jh-itc.de\/wp-content\/uploads\/2016\/01\/JH-ITC2-1.png","contentUrl":"https:\/\/stage.jh-itc.de\/wp-content\/uploads\/2016\/01\/JH-ITC2-1.png","width":300,"height":102,"caption":"JH-ITC GmbH"},"image":{"@id":"https:\/\/stage.jh-itc.de\/es\/#\/schema\/logo\/image\/"},"sameAs":["https:\/\/www.facebook.com\/schalungshandel","https:\/\/x.com\/JH_ITC","https:\/\/www.linkedin.com\/in\/jhitc","https:\/\/youtu.be\/rMdZ-FLfI-Y"]}]}},"_links":{"self":[{"href":"https:\/\/stage.jh-itc.de\/es\/wp-json\/wp\/v2\/product\/17665","targetHints":{"allow":["GET"]}}],"collection":[{"href":"https:\/\/stage.jh-itc.de\/es\/wp-json\/wp\/v2\/product"}],"about":[{"href":"https:\/\/stage.jh-itc.de\/es\/wp-json\/wp\/v2\/types\/product"}],"wp:featuredmedia":[{"embeddable":true,"href":"https:\/\/stage.jh-itc.de\/es\/wp-json\/wp\/v2\/media\/17669"}],"wp:attachment":[{"href":"https:\/\/stage.jh-itc.de\/es\/wp-json\/wp\/v2\/media?parent=17665"}],"wp:term":[{"taxonomy":"product_brand","embeddable":true,"href":"https:\/\/stage.jh-itc.de\/es\/wp-json\/wp\/v2\/product_brand?post=17665"},{"taxonomy":"product_cat","embeddable":true,"href":"https:\/\/stage.jh-itc.de\/es\/wp-json\/wp\/v2\/product_cat?post=17665"},{"taxonomy":"product_tag","embeddable":true,"href":"https:\/\/stage.jh-itc.de\/es\/wp-json\/wp\/v2\/product_tag?post=17665"}],"curies":[{"name":"wp","href":"https:\/\/api.w.org\/{rel}","templated":true}]}}