{"id":17174,"date":"2020-08-13T00:35:43","date_gmt":"2021-04-28T19:41:43","guid":{"rendered":"https:\/\/www.jh-itc.de\/shop\/sin%20categor\u00eda\/huennebeck-topec\/"},"modified":"2021-04-28T21:42:16","modified_gmt":"2021-04-28T19:42:16","slug":"huennebeck-topec","status":"publish","type":"product","link":"https:\/\/stage.jh-itc.de\/es\/shop\/huennebeck-es\/huennebeck-topec-es\/huennebeck-topec\/","title":{"rendered":"H\u00fcnnebeck Topec"},"content":{"rendered":"","protected":false},"excerpt":{"rendered":"<p>Ofrecemos un lote con 716 m\u00b2 de encofrado usado H\u00fcnnebeck Topec incl. Accesorios en.<\/p>\n<p>Este encofrado est\u00e1 disponible inmediatamente en nuestro almac\u00e9n.<\/p>\n<p>Si est\u00e1 interesado, env\u00edenos su consulta.<\/p>\n<hr>\n<div class=\"container\">\n<div class=\"frame\">\n<div class=\"page tlid-homepage homepage translate-text\">\n<div class=\"homepage-content-wrap\">\n<div class=\"tlid-source-target main-header small-font\">\n<div class=\"source-target-row\">\n<div class=\"tlid-results-container results-container\">\n<div class=\"tlid-result result-dict-wrapper\">\n<div class=\"result tlid-copy-target\">\n<div class=\"text-wrap tlid-copy-target\">\n<div class=\"result-shield-container tlid-copy-target\">\n<p>&nbsp;<\/p>\n<\/div>\n<\/div>\n<\/div>\n<\/div>\n<\/div>\n<\/div>\n<\/div>\n<\/div>\n<\/div>\n<\/div>\n<\/div>\n<hr>\n<table width=\"844\">\n<tbody>\n<tr>\n<td width=\"81\">N\u00famero de pieza<\/td>\n<td width=\"191\">Descripci\u00f3n del art\u00edculo<\/td>\n<td width=\"168\">Descripci\u00f3n<\/td>\n<td width=\"81\">Cantidad<\/td>\n<td width=\"81\">kg<\/td>\n<td width=\"81\">Total kg<\/td>\n<td width=\"81\">m\u00b2<\/td>\n<td width=\"80\">Total de m\u00b2<\/td>\n<\/tr>\n<tr>\n<td>465410<\/td>\n<td>Topeclager<\/td>\n<td>Rodamiento TOPEC<\/td>\n<td>760<\/td>\n<td>2,40<\/td>\n<td>1.824,00<\/td>\n<td><\/td>\n<td><\/td>\n<\/tr>\n<tr>\n<td>602670<\/td>\n<td>Tablero TOPEC E 180 x 60<\/td>\n<td>Panel TOPEC Q 180 x 60<\/td>\n<td>60<\/td>\n<td>16,93<\/td>\n<td>1.015,80<\/td>\n<td>1,08<\/td>\n<td>64,80<\/td>\n<\/tr>\n<tr>\n<td>602668<\/td>\n<td>Tablero TOPEC E 180 x 90<\/td>\n<td>Panel TOPEC Q 180 x 90<\/td>\n<td>380<\/td>\n<td>22,20<\/td>\n<td>8.436,00<\/td>\n<td>1,62<\/td>\n<td>615,60<\/td>\n<\/tr>\n<tr>\n<td>602676<\/td>\n<td>Panel de compensaci\u00f3n TOPEC E 90 x 180<\/td>\n<td>TOPEC Q adjust panel 90 x 180<\/td>\n<td>40<\/td>\n<td>25,28<\/td>\n<td>1.011,20<\/td>\n<td>0,90<\/td>\n<td>36,00<\/td>\n<\/tr>\n<tr>\n<td>487673<\/td>\n<td>Cojinete de borde N<\/td>\n<td>Apoyo a los bordes N<\/td>\n<td>121<\/td>\n<td>1,70<\/td>\n<td>205,70<\/td>\n<td><\/td>\n<td><\/td>\n<\/tr>\n<tr>\n<td><\/td>\n<td><\/td>\n<td><\/td>\n<td><\/td>\n<td><\/td>\n<td><\/td>\n<td><\/td>\n<td><\/td>\n<\/tr>\n<tr>\n<td><\/td>\n<td><\/td>\n<td><\/td>\n<td><\/td>\n<td><\/td>\n<td><\/td>\n<td><\/td>\n<td><\/td>\n<\/tr>\n<tr>\n<td><\/td>\n<td>Total<\/td>\n<td><\/td>\n<td><\/td>\n<td><\/td>\n<td>12.492,70 kg<\/td>\n<td><\/td>\n<td>716,40 m\u00b2<\/td>\n<\/tr>\n<\/tbody>\n<\/table>\n","protected":false},"featured_media":0,"template":"","meta":[],"product_brand":[],"product_cat":[279,289,306],"product_tag":[],"class_list":{"0":"post-17174","1":"product","2":"type-product","3":"status-publish","5":"product_cat-huennebeck-es","6":"product_cat-huennebeck-topec-es","7":"product_cat-encofrado","9":"first","10":"instock","11":"taxable","12":"shipping-taxable","13":"product-type-simple"},"yoast_head":"<!-- This site is optimized with the Yoast SEO plugin v26.5 - https:\/\/yoast.com\/wordpress\/plugins\/seo\/ -->\n<title>H\u00fcnnebeck Topec - JH - ITC GmbH<\/title>\n<meta name=\"description\" content=\"H\u00fcnnebeck Topec. Fabricantes de renombre \u2714 Encofrados, puntales, andamios y maquinaria de construcci\u00f3n nuevos y usados \u2714 \u00a1Solicite un presupuesto ahora!\" \/>\n<meta name=\"robots\" content=\"noindex, follow, max-snippet:-1, max-image-preview:large, max-video-preview:-1\" \/>\n<meta property=\"og:locale\" content=\"es_ES\" \/>\n<meta property=\"og:type\" content=\"article\" \/>\n<meta property=\"og:title\" content=\"H\u00fcnnebeck Topec - JH - ITC GmbH\" \/>\n<meta property=\"og:description\" content=\"H\u00fcnnebeck Topec. Fabricantes de renombre \u2714 Encofrados, puntales, andamios y maquinaria de construcci\u00f3n nuevos y usados \u2714 \u00a1Solicite un presupuesto ahora!\" \/>\n<meta property=\"og:url\" content=\"https:\/\/stage.jh-itc.de\/es\/shop\/huennebeck-es\/huennebeck-topec-es\/huennebeck-topec\/\" \/>\n<meta property=\"og:site_name\" content=\"JH - ITC GmbH\" \/>\n<meta property=\"article:publisher\" content=\"https:\/\/www.facebook.com\/schalungshandel\" \/>\n<meta property=\"article:modified_time\" content=\"2021-04-28T19:42:16+00:00\" \/>\n<meta name=\"twitter:card\" content=\"summary_large_image\" \/>\n<meta name=\"twitter:site\" content=\"@JH_ITC\" \/>\n<!-- \/ Yoast SEO plugin. -->","yoast_head_json":{"title":"H\u00fcnnebeck Topec - JH - ITC GmbH","description":"H\u00fcnnebeck Topec. Fabricantes de renombre \u2714 Encofrados, puntales, andamios y maquinaria de construcci\u00f3n nuevos y usados \u2714 \u00a1Solicite un presupuesto ahora!","robots":{"index":"noindex","follow":"follow","max-snippet":"max-snippet:-1","max-image-preview":"max-image-preview:large","max-video-preview":"max-video-preview:-1"},"og_locale":"es_ES","og_type":"article","og_title":"H\u00fcnnebeck Topec - JH - ITC GmbH","og_description":"H\u00fcnnebeck Topec. Fabricantes de renombre \u2714 Encofrados, puntales, andamios y maquinaria de construcci\u00f3n nuevos y usados \u2714 \u00a1Solicite un presupuesto ahora!","og_url":"https:\/\/stage.jh-itc.de\/es\/shop\/huennebeck-es\/huennebeck-topec-es\/huennebeck-topec\/","og_site_name":"JH - ITC GmbH","article_publisher":"https:\/\/www.facebook.com\/schalungshandel","article_modified_time":"2021-04-28T19:42:16+00:00","twitter_card":"summary_large_image","twitter_site":"@JH_ITC","schema":{"@context":"https:\/\/schema.org","@graph":[{"@type":"WebPage","@id":"https:\/\/stage.jh-itc.de\/es\/shop\/huennebeck-es\/huennebeck-topec-es\/huennebeck-topec\/","url":"https:\/\/stage.jh-itc.de\/es\/shop\/huennebeck-es\/huennebeck-topec-es\/huennebeck-topec\/","name":"H\u00fcnnebeck Topec - JH - ITC GmbH","isPartOf":{"@id":"https:\/\/stage.jh-itc.de\/es\/#website"},"datePublished":"2021-04-28T19:41:43+00:00","dateModified":"2021-04-28T19:42:16+00:00","description":"H\u00fcnnebeck Topec. Fabricantes de renombre \u2714 Encofrados, puntales, andamios y maquinaria de construcci\u00f3n nuevos y usados \u2714 \u00a1Solicite un presupuesto ahora!","breadcrumb":{"@id":"https:\/\/stage.jh-itc.de\/es\/shop\/huennebeck-es\/huennebeck-topec-es\/huennebeck-topec\/#breadcrumb"},"inLanguage":"es","potentialAction":[{"@type":"ReadAction","target":["https:\/\/stage.jh-itc.de\/es\/shop\/huennebeck-es\/huennebeck-topec-es\/huennebeck-topec\/"]}]},{"@type":"BreadcrumbList","@id":"https:\/\/stage.jh-itc.de\/es\/shop\/huennebeck-es\/huennebeck-topec-es\/huennebeck-topec\/#breadcrumb","itemListElement":[{"@type":"ListItem","position":1,"name":"Home","item":"https:\/\/stage.jh-itc.de\/es\/encofrados-puntales-y-andamios-de-profesionales\/"},{"@type":"ListItem","position":2,"name":"Tienda","item":"https:\/\/stage.jh-itc.de\/es\/tienda\/"},{"@type":"ListItem","position":3,"name":"H\u00fcnnebeck Topec"}]},{"@type":"WebSite","@id":"https:\/\/stage.jh-itc.de\/es\/#website","url":"https:\/\/stage.jh-itc.de\/es\/","name":"JH - ITC GmbH","description":"Ihr Experte f\u00fcr gebrauchte St\u00fctzen, Schalungen und Ger\u00fcste","publisher":{"@id":"https:\/\/stage.jh-itc.de\/es\/#organization"},"potentialAction":[{"@type":"SearchAction","target":{"@type":"EntryPoint","urlTemplate":"https:\/\/stage.jh-itc.de\/es\/?s={search_term_string}"},"query-input":{"@type":"PropertyValueSpecification","valueRequired":true,"valueName":"search_term_string"}}],"inLanguage":"es"},{"@type":"Organization","@id":"https:\/\/stage.jh-itc.de\/es\/#organization","name":"JH-ITC GmbH","url":"https:\/\/stage.jh-itc.de\/es\/","logo":{"@type":"ImageObject","inLanguage":"es","@id":"https:\/\/stage.jh-itc.de\/es\/#\/schema\/logo\/image\/","url":"https:\/\/stage.jh-itc.de\/wp-content\/uploads\/2016\/01\/JH-ITC2-1.png","contentUrl":"https:\/\/stage.jh-itc.de\/wp-content\/uploads\/2016\/01\/JH-ITC2-1.png","width":300,"height":102,"caption":"JH-ITC GmbH"},"image":{"@id":"https:\/\/stage.jh-itc.de\/es\/#\/schema\/logo\/image\/"},"sameAs":["https:\/\/www.facebook.com\/schalungshandel","https:\/\/x.com\/JH_ITC","https:\/\/www.linkedin.com\/in\/jhitc","https:\/\/youtu.be\/rMdZ-FLfI-Y"]}]}},"_links":{"self":[{"href":"https:\/\/stage.jh-itc.de\/es\/wp-json\/wp\/v2\/product\/17174","targetHints":{"allow":["GET"]}}],"collection":[{"href":"https:\/\/stage.jh-itc.de\/es\/wp-json\/wp\/v2\/product"}],"about":[{"href":"https:\/\/stage.jh-itc.de\/es\/wp-json\/wp\/v2\/types\/product"}],"wp:attachment":[{"href":"https:\/\/stage.jh-itc.de\/es\/wp-json\/wp\/v2\/media?parent=17174"}],"wp:term":[{"taxonomy":"product_brand","embeddable":true,"href":"https:\/\/stage.jh-itc.de\/es\/wp-json\/wp\/v2\/product_brand?post=17174"},{"taxonomy":"product_cat","embeddable":true,"href":"https:\/\/stage.jh-itc.de\/es\/wp-json\/wp\/v2\/product_cat?post=17174"},{"taxonomy":"product_tag","embeddable":true,"href":"https:\/\/stage.jh-itc.de\/es\/wp-json\/wp\/v2\/product_tag?post=17174"}],"curies":[{"name":"wp","href":"https:\/\/api.w.org\/{rel}","templated":true}]}}