{"id":17092,"date":"2020-06-14T14:49:04","date_gmt":"2021-04-28T19:37:15","guid":{"rendered":"https:\/\/www.jh-itc.de\/shop\/sin%20categor\u00eda\/mesas-de-forjados-dokaflex\/"},"modified":"2021-04-28T21:37:52","modified_gmt":"2021-04-28T19:37:52","slug":"mesas-de-techo-dokaflex","status":"publish","type":"product","link":"https:\/\/stage.jh-itc.de\/es\/shop\/doka-es\/mesas-de-techo-dokaflex\/","title":{"rendered":"Mesas de forjados Dokaflex"},"content":{"rendered":"","protected":false},"excerpt":{"rendered":"<p>Podemos ofrecerle las siguientes tablas de techo sin compromiso.<\/p>\n<table width=\"0\">\n<tbody>\n<tr>\n<td style=\"width: 170px;\"><strong>Material-No.<\/strong><\/td>\n<td style=\"width: 594px;\"><strong>Designaci\u00f3n<\/strong><\/td>\n<td style=\"width: 170px;\"><strong>Cantidad<\/strong><\/td>\n<\/tr>\n<tr>\n<td style=\"width: 170px;\"><\/td>\n<td style=\"width: 594px;\"><\/td>\n<td style=\"width: 170px;\"><\/td>\n<\/tr>\n<tr>\n<td style=\"width: 170px;\">B405802000<\/td>\n<td style=\"width: 594px;\">Mesa de techo est\u00e1ndar-1 2,15 x 4,00m<\/td>\n<td style=\"width: 170px;\">34<\/td>\n<\/tr>\n<tr>\n<td style=\"width: 170px;\">B405802001<\/td>\n<td style=\"width: 594px;\">Mesa de techo est\u00e1ndar-2 2,65 x 4,00m<\/td>\n<td style=\"width: 170px;\">35<\/td>\n<\/tr>\n<tr>\n<td style=\"width: 170px;\">B405802002<\/td>\n<td style=\"width: 594px;\">Mesa de techo est\u00e1ndar-5 2,15 x 5,00<\/td>\n<td style=\"width: 170px;\">23<\/td>\n<\/tr>\n<tr>\n<td style=\"width: 170px;\">B405802003<\/td>\n<td style=\"width: 594px;\">Mesa de techo est\u00e1ndar-6 2,65 x 5,00<\/td>\n<td style=\"width: 170px;\">11<\/td>\n<\/tr>\n<tr>\n<td style=\"width: 170px;\">B405802004<\/td>\n<td style=\"width: 594px;\">Mesa de borde de techo-3 2,15 x 4,00m<\/td>\n<td style=\"width: 170px;\">10<\/td>\n<\/tr>\n<tr>\n<td style=\"width: 170px;\">B405802005<\/td>\n<td style=\"width: 594px;\">Mesa de borde de techo-4 2,65 x 4,00m<\/td>\n<td style=\"width: 170px;\">5<\/td>\n<\/tr>\n<tr>\n<td style=\"width: 170px;\">B405802006<\/td>\n<td style=\"width: 594px;\">Mesa de borde de techo-7 2,15 x 5,00m<\/td>\n<td style=\"width: 170px;\">32<\/td>\n<\/tr>\n<tr>\n<td style=\"width: 170px;\">B405802007<\/td>\n<td style=\"width: 594px;\">Mesa de borde de techo-8 2,65 x 5,00m<\/td>\n<td style=\"width: 170px;\">28<\/td>\n<\/tr>\n<tr>\n<td style=\"width: 170px;\">B405809003<\/td>\n<td style=\"width: 594px;\">Cabezal de la mesa HT<\/td>\n<td style=\"width: 170px;\">87<\/td>\n<\/tr>\n<tr>\n<td style=\"width: 170px;\">B408923300<\/td>\n<td style=\"width: 594px;\">Rueda de transferencia Peri 80 (con cabrestante de palo)<\/td>\n<td style=\"width: 170px;\">42<\/td>\n<\/tr>\n<tr>\n<td style=\"width: 170px;\">B408924200<\/td>\n<td style=\"width: 594px;\">Carro de transferencia f. encofrado a una cara<br \/>\ncomplaciente. con rodillos de alta resistencia<\/td>\n<td style=\"width: 170px;\">32<\/td>\n<\/tr>\n<tr>\n<td style=\"width: 170px;\">B408924500<\/td>\n<td style=\"width: 594px;\">Carro de desguace Peri<\/td>\n<td style=\"width: 170px;\">1<\/td>\n<\/tr>\n<tr>\n<td style=\"width: 170px;\">B408924510<\/td>\n<td style=\"width: 594px;\">Carro de desmontaje ASW 465, completo<\/td>\n<td style=\"width: 170px;\">1<\/td>\n<\/tr>\n<tr>\n<td style=\"width: 170px;\">B408924550<\/td>\n<td style=\"width: 594px;\">Carro de transferencia Peri 2 t, L = 2,00 m<\/td>\n<td style=\"width: 170px;\">1<\/td>\n<\/tr>\n<tr>\n<td style=\"width: 170px;\">B408926000<\/td>\n<td style=\"width: 594px;\">Cu\u00f1as de descenso 420 &#8211; 500KN<\/td>\n<td style=\"width: 170px;\">221<\/td>\n<\/tr>\n<tr>\n<td style=\"width: 170px;\">B408926100<\/td>\n<td style=\"width: 594px;\">Cu\u00f1a de descenso 1000KN<\/td>\n<td style=\"width: 170px;\">12<\/td>\n<\/tr>\n<\/tbody>\n<\/table>\n<p>Como han visto en las fotos, las mesas est\u00e1n completamente rehechas&#8230;<\/p>\n<p>Si est\u00e1 interesado, env\u00edenos su consulta.<\/p>\n<p>&nbsp;<\/p>\n","protected":false},"featured_media":17096,"template":"","meta":[],"product_brand":[],"product_cat":[269,306],"product_tag":[],"class_list":{"0":"post-17092","1":"product","2":"type-product","3":"status-publish","4":"has-post-thumbnail","6":"product_cat-doka-es","7":"product_cat-encofrado","9":"first","10":"instock","11":"taxable","12":"shipping-taxable","13":"product-type-simple"},"yoast_head":"<!-- This site is optimized with the Yoast SEO plugin v26.5 - https:\/\/yoast.com\/wordpress\/plugins\/seo\/ -->\n<title>Mesas de forjados Dokaflex - JH - ITC GmbH<\/title>\n<meta name=\"description\" content=\"Mesas de forjados Dokaflex. Fabricantes de renombre \u2714 Encofrados, puntales, andamios y maquinaria de construcci\u00f3n nuevos y usados \u2714 \u00a1Solicite un presupuesto ahora!\" \/>\n<meta name=\"robots\" content=\"noindex, follow, max-snippet:-1, max-image-preview:large, max-video-preview:-1\" \/>\n<meta property=\"og:locale\" content=\"es_ES\" \/>\n<meta property=\"og:type\" content=\"article\" \/>\n<meta property=\"og:title\" content=\"Mesas de forjados Dokaflex - JH - ITC GmbH\" \/>\n<meta property=\"og:description\" content=\"Mesas de forjados Dokaflex. Fabricantes de renombre \u2714 Encofrados, puntales, andamios y maquinaria de construcci\u00f3n nuevos y usados \u2714 \u00a1Solicite un presupuesto ahora!\" \/>\n<meta property=\"og:url\" content=\"https:\/\/stage.jh-itc.de\/es\/shop\/doka-es\/mesas-de-techo-dokaflex\/\" \/>\n<meta property=\"og:site_name\" content=\"JH - ITC GmbH\" \/>\n<meta property=\"article:publisher\" content=\"https:\/\/www.facebook.com\/schalungshandel\" \/>\n<meta property=\"article:modified_time\" content=\"2021-04-28T19:37:52+00:00\" \/>\n<meta property=\"og:image\" content=\"https:\/\/stage.jh-itc.de\/wp-content\/uploads\/2020\/06\/Deckentische-2-Mittel-rotated.jpeg\" \/>\n\t<meta property=\"og:image:width\" content=\"768\" \/>\n\t<meta property=\"og:image:height\" content=\"1024\" \/>\n\t<meta property=\"og:image:type\" content=\"image\/jpeg\" \/>\n<meta name=\"twitter:card\" content=\"summary_large_image\" \/>\n<meta name=\"twitter:site\" content=\"@JH_ITC\" \/>\n<!-- \/ Yoast SEO plugin. -->","yoast_head_json":{"title":"Mesas de forjados Dokaflex - JH - ITC GmbH","description":"Mesas de forjados Dokaflex. Fabricantes de renombre \u2714 Encofrados, puntales, andamios y maquinaria de construcci\u00f3n nuevos y usados \u2714 \u00a1Solicite un presupuesto ahora!","robots":{"index":"noindex","follow":"follow","max-snippet":"max-snippet:-1","max-image-preview":"max-image-preview:large","max-video-preview":"max-video-preview:-1"},"og_locale":"es_ES","og_type":"article","og_title":"Mesas de forjados Dokaflex - JH - ITC GmbH","og_description":"Mesas de forjados Dokaflex. Fabricantes de renombre \u2714 Encofrados, puntales, andamios y maquinaria de construcci\u00f3n nuevos y usados \u2714 \u00a1Solicite un presupuesto ahora!","og_url":"https:\/\/stage.jh-itc.de\/es\/shop\/doka-es\/mesas-de-techo-dokaflex\/","og_site_name":"JH - ITC GmbH","article_publisher":"https:\/\/www.facebook.com\/schalungshandel","article_modified_time":"2021-04-28T19:37:52+00:00","og_image":[{"width":768,"height":1024,"url":"https:\/\/stage.jh-itc.de\/wp-content\/uploads\/2020\/06\/Deckentische-2-Mittel-rotated.jpeg","type":"image\/jpeg"}],"twitter_card":"summary_large_image","twitter_site":"@JH_ITC","schema":{"@context":"https:\/\/schema.org","@graph":[{"@type":"WebPage","@id":"https:\/\/stage.jh-itc.de\/es\/shop\/doka-es\/mesas-de-techo-dokaflex\/","url":"https:\/\/stage.jh-itc.de\/es\/shop\/doka-es\/mesas-de-techo-dokaflex\/","name":"Mesas de forjados Dokaflex - JH - ITC GmbH","isPartOf":{"@id":"https:\/\/stage.jh-itc.de\/es\/#website"},"primaryImageOfPage":{"@id":"https:\/\/stage.jh-itc.de\/es\/shop\/doka-es\/mesas-de-techo-dokaflex\/#primaryimage"},"image":{"@id":"https:\/\/stage.jh-itc.de\/es\/shop\/doka-es\/mesas-de-techo-dokaflex\/#primaryimage"},"thumbnailUrl":"https:\/\/stage.jh-itc.de\/wp-content\/uploads\/2020\/06\/Deckentische-2-Mittel-rotated.jpeg","datePublished":"2021-04-28T19:37:15+00:00","dateModified":"2021-04-28T19:37:52+00:00","description":"Mesas de forjados Dokaflex. Fabricantes de renombre \u2714 Encofrados, puntales, andamios y maquinaria de construcci\u00f3n nuevos y usados \u2714 \u00a1Solicite un presupuesto ahora!","breadcrumb":{"@id":"https:\/\/stage.jh-itc.de\/es\/shop\/doka-es\/mesas-de-techo-dokaflex\/#breadcrumb"},"inLanguage":"es","potentialAction":[{"@type":"ReadAction","target":["https:\/\/stage.jh-itc.de\/es\/shop\/doka-es\/mesas-de-techo-dokaflex\/"]}]},{"@type":"ImageObject","inLanguage":"es","@id":"https:\/\/stage.jh-itc.de\/es\/shop\/doka-es\/mesas-de-techo-dokaflex\/#primaryimage","url":"https:\/\/stage.jh-itc.de\/wp-content\/uploads\/2020\/06\/Deckentische-2-Mittel-rotated.jpeg","contentUrl":"https:\/\/stage.jh-itc.de\/wp-content\/uploads\/2020\/06\/Deckentische-2-Mittel-rotated.jpeg","width":768,"height":1024},{"@type":"BreadcrumbList","@id":"https:\/\/stage.jh-itc.de\/es\/shop\/doka-es\/mesas-de-techo-dokaflex\/#breadcrumb","itemListElement":[{"@type":"ListItem","position":1,"name":"Home","item":"https:\/\/stage.jh-itc.de\/es\/encofrados-puntales-y-andamios-de-profesionales\/"},{"@type":"ListItem","position":2,"name":"Tienda","item":"https:\/\/stage.jh-itc.de\/es\/tienda\/"},{"@type":"ListItem","position":3,"name":"Mesas de forjados Dokaflex"}]},{"@type":"WebSite","@id":"https:\/\/stage.jh-itc.de\/es\/#website","url":"https:\/\/stage.jh-itc.de\/es\/","name":"JH - ITC GmbH","description":"Ihr Experte f\u00fcr gebrauchte St\u00fctzen, Schalungen und Ger\u00fcste","publisher":{"@id":"https:\/\/stage.jh-itc.de\/es\/#organization"},"potentialAction":[{"@type":"SearchAction","target":{"@type":"EntryPoint","urlTemplate":"https:\/\/stage.jh-itc.de\/es\/?s={search_term_string}"},"query-input":{"@type":"PropertyValueSpecification","valueRequired":true,"valueName":"search_term_string"}}],"inLanguage":"es"},{"@type":"Organization","@id":"https:\/\/stage.jh-itc.de\/es\/#organization","name":"JH-ITC GmbH","url":"https:\/\/stage.jh-itc.de\/es\/","logo":{"@type":"ImageObject","inLanguage":"es","@id":"https:\/\/stage.jh-itc.de\/es\/#\/schema\/logo\/image\/","url":"https:\/\/stage.jh-itc.de\/wp-content\/uploads\/2016\/01\/JH-ITC2-1.png","contentUrl":"https:\/\/stage.jh-itc.de\/wp-content\/uploads\/2016\/01\/JH-ITC2-1.png","width":300,"height":102,"caption":"JH-ITC GmbH"},"image":{"@id":"https:\/\/stage.jh-itc.de\/es\/#\/schema\/logo\/image\/"},"sameAs":["https:\/\/www.facebook.com\/schalungshandel","https:\/\/x.com\/JH_ITC","https:\/\/www.linkedin.com\/in\/jhitc","https:\/\/youtu.be\/rMdZ-FLfI-Y"]}]}},"_links":{"self":[{"href":"https:\/\/stage.jh-itc.de\/es\/wp-json\/wp\/v2\/product\/17092","targetHints":{"allow":["GET"]}}],"collection":[{"href":"https:\/\/stage.jh-itc.de\/es\/wp-json\/wp\/v2\/product"}],"about":[{"href":"https:\/\/stage.jh-itc.de\/es\/wp-json\/wp\/v2\/types\/product"}],"wp:featuredmedia":[{"embeddable":true,"href":"https:\/\/stage.jh-itc.de\/es\/wp-json\/wp\/v2\/media\/17096"}],"wp:attachment":[{"href":"https:\/\/stage.jh-itc.de\/es\/wp-json\/wp\/v2\/media?parent=17092"}],"wp:term":[{"taxonomy":"product_brand","embeddable":true,"href":"https:\/\/stage.jh-itc.de\/es\/wp-json\/wp\/v2\/product_brand?post=17092"},{"taxonomy":"product_cat","embeddable":true,"href":"https:\/\/stage.jh-itc.de\/es\/wp-json\/wp\/v2\/product_cat?post=17092"},{"taxonomy":"product_tag","embeddable":true,"href":"https:\/\/stage.jh-itc.de\/es\/wp-json\/wp\/v2\/product_tag?post=17092"}],"curies":[{"name":"wp","href":"https:\/\/api.w.org\/{rel}","templated":true}]}}