{"id":17024,"date":"2020-05-04T19:15:39","date_gmt":"2021-04-28T19:37:08","guid":{"rendered":"https:\/\/www.jh-itc.de\/shop\/sin%20categor\u00eda\/encofrado-huennebeck-rasto-270m-150m\/"},"modified":"2024-10-08T13:49:37","modified_gmt":"2024-10-08T11:49:37","slug":"huennebeck-rasto-shuttering-270m-150m","status":"publish","type":"product","link":"https:\/\/stage.jh-itc.de\/es\/shop\/huennebeck-es\/huennebeck-rasto-es\/huennebeck-rasto-shuttering-270m-150m\/","title":{"rendered":"Encofrado H\u00fcnnebeck Rasto 2,70m + 1,50m"},"content":{"rendered":"<p>El encofrado RASTO de H\u00fcnnebeck es un encofrado con marco que puede utilizarse tanto con gr\u00faa (encofrado manual) como con gr\u00faa para encofrar grandes superficies.<\/p>\n<p>Hasta una anchura de panel de 90 cm, el encofrado puede desplazarse o encofrarse a mano.<br \/>\nEl uso del panel grande RASTO XXL o el movimiento simult\u00e1neo de varios paneles requiere una gr\u00faa en la obra.<\/p>\n<p>La presi\u00f3n admisible del hormig\u00f3n fresco para RASTO es de 60 kN\/m\u00b2.<br \/>\npara una sola planta y 55 kN\/m\u00b2 para aplicaciones de varias plantas<\/p>\n<p>Aqu\u00ed encontrar\u00e1s un enlace a las instrucciones de montaje:<\/p>\n<p><a href=\"https:\/\/stage.jh-itc.de\/wp-content\/uploads\/2020\/05\/Huennebeck-RASTO_Aufbauanleitung_DE.pdf\">https:\/\/stage.jh-itc.de\/wp-content\/uploads\/2020\/05\/Huennebeck-RASTO_Aufbauanleitung_DE.pdf<\/a><\/p>\n","protected":false},"excerpt":{"rendered":"<p>Ofrecemos un <strong>encofrado H\u00fcnnebeck Rasto<\/strong> usado de 2,70 m y 1,50 m.<\/p>\n<p>Hay suficientes accesorios incluidos.<\/p>\n<p>El encofrado est\u00e1 en buen estado de uso y parcialmente cubierto con una piel de encofrado de pl\u00e1stico.<\/p>\n<p>Si est\u00e1 interesado, env\u00edenos su consulta.<\/p>\n<p>&nbsp;<\/p>\n","protected":false},"featured_media":17042,"template":"","meta":[],"product_brand":[],"product_cat":[279,288,306],"product_tag":[],"class_list":{"0":"post-17024","1":"product","2":"type-product","3":"status-publish","4":"has-post-thumbnail","6":"product_cat-huennebeck-es","7":"product_cat-huennebeck-rasto-es","8":"product_cat-encofrado","10":"first","11":"instock","12":"taxable","13":"shipping-taxable","14":"product-type-simple"},"yoast_head":"<!-- This site is optimized with the Yoast SEO plugin v26.5 - https:\/\/yoast.com\/wordpress\/plugins\/seo\/ -->\n<title>Encofrado H\u00fcnnebeck Rasto 2,70m + 1,50m - JH - ITC GmbH<\/title>\n<meta name=\"description\" content=\"Encofrado H\u00fcnnebeck Rasto 2,70m + 1,50m. Fabricantes de renombre \u2714 Encofrados, puntales, andamios y maquinaria de construcci\u00f3n nuevos y usados \u2714 \u00a1Solicite un presupuesto ahora!\" \/>\n<meta name=\"robots\" content=\"noindex, follow, max-snippet:-1, max-image-preview:large, max-video-preview:-1\" \/>\n<meta property=\"og:locale\" content=\"es_ES\" \/>\n<meta property=\"og:type\" content=\"article\" \/>\n<meta property=\"og:title\" content=\"Encofrado H\u00fcnnebeck Rasto 2,70m + 1,50m - JH - ITC GmbH\" \/>\n<meta property=\"og:description\" content=\"Encofrado H\u00fcnnebeck Rasto 2,70m + 1,50m. Fabricantes de renombre \u2714 Encofrados, puntales, andamios y maquinaria de construcci\u00f3n nuevos y usados \u2714 \u00a1Solicite un presupuesto ahora!\" \/>\n<meta property=\"og:url\" content=\"https:\/\/stage.jh-itc.de\/es\/shop\/huennebeck-es\/huennebeck-rasto-es\/huennebeck-rasto-shuttering-270m-150m\/\" \/>\n<meta property=\"og:site_name\" content=\"JH - ITC GmbH\" \/>\n<meta property=\"article:publisher\" content=\"https:\/\/www.facebook.com\/schalungshandel\" \/>\n<meta property=\"article:modified_time\" content=\"2024-10-08T11:49:37+00:00\" \/>\n<meta property=\"og:image\" content=\"https:\/\/stage.jh-itc.de\/wp-content\/uploads\/2020\/05\/H\u00fcnnebeck-Rasto-270m-12-rotated.jpg\" \/>\n\t<meta property=\"og:image:width\" content=\"480\" \/>\n\t<meta property=\"og:image:height\" content=\"640\" \/>\n\t<meta property=\"og:image:type\" content=\"image\/jpeg\" \/>\n<meta name=\"twitter:card\" content=\"summary_large_image\" \/>\n<meta name=\"twitter:site\" content=\"@JH_ITC\" \/>\n<meta name=\"twitter:label1\" content=\"Tiempo de lectura\" \/>\n\t<meta name=\"twitter:data1\" content=\"1 minuto\" \/>\n<!-- \/ Yoast SEO plugin. -->","yoast_head_json":{"title":"Encofrado H\u00fcnnebeck Rasto 2,70m + 1,50m - JH - ITC GmbH","description":"Encofrado H\u00fcnnebeck Rasto 2,70m + 1,50m. Fabricantes de renombre \u2714 Encofrados, puntales, andamios y maquinaria de construcci\u00f3n nuevos y usados \u2714 \u00a1Solicite un presupuesto ahora!","robots":{"index":"noindex","follow":"follow","max-snippet":"max-snippet:-1","max-image-preview":"max-image-preview:large","max-video-preview":"max-video-preview:-1"},"og_locale":"es_ES","og_type":"article","og_title":"Encofrado H\u00fcnnebeck Rasto 2,70m + 1,50m - JH - ITC GmbH","og_description":"Encofrado H\u00fcnnebeck Rasto 2,70m + 1,50m. Fabricantes de renombre \u2714 Encofrados, puntales, andamios y maquinaria de construcci\u00f3n nuevos y usados \u2714 \u00a1Solicite un presupuesto ahora!","og_url":"https:\/\/stage.jh-itc.de\/es\/shop\/huennebeck-es\/huennebeck-rasto-es\/huennebeck-rasto-shuttering-270m-150m\/","og_site_name":"JH - ITC GmbH","article_publisher":"https:\/\/www.facebook.com\/schalungshandel","article_modified_time":"2024-10-08T11:49:37+00:00","og_image":[{"width":480,"height":640,"url":"https:\/\/stage.jh-itc.de\/wp-content\/uploads\/2020\/05\/H\u00fcnnebeck-Rasto-270m-12-rotated.jpg","type":"image\/jpeg"}],"twitter_card":"summary_large_image","twitter_site":"@JH_ITC","twitter_misc":{"Tiempo de lectura":"1 minuto"},"schema":{"@context":"https:\/\/schema.org","@graph":[{"@type":"WebPage","@id":"https:\/\/stage.jh-itc.de\/es\/shop\/huennebeck-es\/huennebeck-rasto-es\/huennebeck-rasto-shuttering-270m-150m\/","url":"https:\/\/stage.jh-itc.de\/es\/shop\/huennebeck-es\/huennebeck-rasto-es\/huennebeck-rasto-shuttering-270m-150m\/","name":"Encofrado H\u00fcnnebeck Rasto 2,70m + 1,50m - JH - ITC GmbH","isPartOf":{"@id":"https:\/\/stage.jh-itc.de\/es\/#website"},"primaryImageOfPage":{"@id":"https:\/\/stage.jh-itc.de\/es\/shop\/huennebeck-es\/huennebeck-rasto-es\/huennebeck-rasto-shuttering-270m-150m\/#primaryimage"},"image":{"@id":"https:\/\/stage.jh-itc.de\/es\/shop\/huennebeck-es\/huennebeck-rasto-es\/huennebeck-rasto-shuttering-270m-150m\/#primaryimage"},"thumbnailUrl":"https:\/\/stage.jh-itc.de\/wp-content\/uploads\/2020\/05\/H\u00fcnnebeck-Rasto-270m-12-rotated.jpg","datePublished":"2021-04-28T19:37:08+00:00","dateModified":"2024-10-08T11:49:37+00:00","description":"Encofrado H\u00fcnnebeck Rasto 2,70m + 1,50m. Fabricantes de renombre \u2714 Encofrados, puntales, andamios y maquinaria de construcci\u00f3n nuevos y usados \u2714 \u00a1Solicite un presupuesto ahora!","breadcrumb":{"@id":"https:\/\/stage.jh-itc.de\/es\/shop\/huennebeck-es\/huennebeck-rasto-es\/huennebeck-rasto-shuttering-270m-150m\/#breadcrumb"},"inLanguage":"es","potentialAction":[{"@type":"ReadAction","target":["https:\/\/stage.jh-itc.de\/es\/shop\/huennebeck-es\/huennebeck-rasto-es\/huennebeck-rasto-shuttering-270m-150m\/"]}]},{"@type":"ImageObject","inLanguage":"es","@id":"https:\/\/stage.jh-itc.de\/es\/shop\/huennebeck-es\/huennebeck-rasto-es\/huennebeck-rasto-shuttering-270m-150m\/#primaryimage","url":"https:\/\/stage.jh-itc.de\/wp-content\/uploads\/2020\/05\/H\u00fcnnebeck-Rasto-270m-12-rotated.jpg","contentUrl":"https:\/\/stage.jh-itc.de\/wp-content\/uploads\/2020\/05\/H\u00fcnnebeck-Rasto-270m-12-rotated.jpg","width":480,"height":640},{"@type":"BreadcrumbList","@id":"https:\/\/stage.jh-itc.de\/es\/shop\/huennebeck-es\/huennebeck-rasto-es\/huennebeck-rasto-shuttering-270m-150m\/#breadcrumb","itemListElement":[{"@type":"ListItem","position":1,"name":"Home","item":"https:\/\/stage.jh-itc.de\/es\/encofrados-puntales-y-andamios-de-profesionales\/"},{"@type":"ListItem","position":2,"name":"Tienda","item":"https:\/\/stage.jh-itc.de\/es\/tienda\/"},{"@type":"ListItem","position":3,"name":"Encofrado H\u00fcnnebeck Rasto 2,70m + 1,50m"}]},{"@type":"WebSite","@id":"https:\/\/stage.jh-itc.de\/es\/#website","url":"https:\/\/stage.jh-itc.de\/es\/","name":"JH - ITC GmbH","description":"Ihr Experte f\u00fcr gebrauchte St\u00fctzen, Schalungen und Ger\u00fcste","publisher":{"@id":"https:\/\/stage.jh-itc.de\/es\/#organization"},"potentialAction":[{"@type":"SearchAction","target":{"@type":"EntryPoint","urlTemplate":"https:\/\/stage.jh-itc.de\/es\/?s={search_term_string}"},"query-input":{"@type":"PropertyValueSpecification","valueRequired":true,"valueName":"search_term_string"}}],"inLanguage":"es"},{"@type":"Organization","@id":"https:\/\/stage.jh-itc.de\/es\/#organization","name":"JH-ITC GmbH","url":"https:\/\/stage.jh-itc.de\/es\/","logo":{"@type":"ImageObject","inLanguage":"es","@id":"https:\/\/stage.jh-itc.de\/es\/#\/schema\/logo\/image\/","url":"https:\/\/stage.jh-itc.de\/wp-content\/uploads\/2016\/01\/JH-ITC2-1.png","contentUrl":"https:\/\/stage.jh-itc.de\/wp-content\/uploads\/2016\/01\/JH-ITC2-1.png","width":300,"height":102,"caption":"JH-ITC GmbH"},"image":{"@id":"https:\/\/stage.jh-itc.de\/es\/#\/schema\/logo\/image\/"},"sameAs":["https:\/\/www.facebook.com\/schalungshandel","https:\/\/x.com\/JH_ITC","https:\/\/www.linkedin.com\/in\/jhitc","https:\/\/youtu.be\/rMdZ-FLfI-Y"]}]}},"_links":{"self":[{"href":"https:\/\/stage.jh-itc.de\/es\/wp-json\/wp\/v2\/product\/17024","targetHints":{"allow":["GET"]}}],"collection":[{"href":"https:\/\/stage.jh-itc.de\/es\/wp-json\/wp\/v2\/product"}],"about":[{"href":"https:\/\/stage.jh-itc.de\/es\/wp-json\/wp\/v2\/types\/product"}],"wp:featuredmedia":[{"embeddable":true,"href":"https:\/\/stage.jh-itc.de\/es\/wp-json\/wp\/v2\/media\/17042"}],"wp:attachment":[{"href":"https:\/\/stage.jh-itc.de\/es\/wp-json\/wp\/v2\/media?parent=17024"}],"wp:term":[{"taxonomy":"product_brand","embeddable":true,"href":"https:\/\/stage.jh-itc.de\/es\/wp-json\/wp\/v2\/product_brand?post=17024"},{"taxonomy":"product_cat","embeddable":true,"href":"https:\/\/stage.jh-itc.de\/es\/wp-json\/wp\/v2\/product_cat?post=17024"},{"taxonomy":"product_tag","embeddable":true,"href":"https:\/\/stage.jh-itc.de\/es\/wp-json\/wp\/v2\/product_tag?post=17024"}],"curies":[{"name":"wp","href":"https:\/\/api.w.org\/{rel}","templated":true}]}}