{"id":16917,"date":"2020-04-16T22:36:34","date_gmt":"2021-04-28T19:36:52","guid":{"rendered":"https:\/\/www.jh-itc.de\/shop\/sin%20categor\u00eda\/sistema-de-barrera-de-malla-de-acero-combisafe\/"},"modified":"2021-04-28T21:36:54","modified_gmt":"2021-04-28T19:36:54","slug":"combisafe","status":"publish","type":"product","link":"https:\/\/stage.jh-itc.de\/es\/shop\/encofrado\/combisafe\/","title":{"rendered":"Sistema de barrera de malla de acero Combisafe"},"content":{"rendered":"","protected":false},"excerpt":{"rendered":"<p>Podemos ofrecerle el siguiente <strong>sistema de rejilla de acero Combisafe<\/strong> de segunda mano.<\/p>\n<table width=\"0\">\n<tbody>\n<tr>\n<td width=\"153\"><strong>Material-No.<\/strong><\/td>\n<td width=\"536\"><strong>Designaci\u00f3n<\/strong><\/td>\n<td width=\"136\"><strong>Cantidad<\/strong><\/td>\n<\/tr>\n<tr>\n<td width=\"153\"><\/td>\n<td width=\"536\"><\/td>\n<td width=\"136\"><\/td>\n<\/tr>\n<tr>\n<td width=\"153\">B403633400<\/td>\n<td width=\"536\">Rejilla de protecci\u00f3n de acero de 2,50 m Combisafe (barandilla)<\/td>\n<td width=\"136\">422<\/td>\n<\/tr>\n<tr>\n<td width=\"153\">B403633500<\/td>\n<td width=\"536\">Poste de barandilla 1102 Combisafe de 4 lados<\/td>\n<td width=\"136\">146<\/td>\n<\/tr>\n<tr>\n<td width=\"153\">B403633505<\/td>\n<td width=\"536\">Poste de barandilla 2000 Combisafe de 4 lados<\/td>\n<td width=\"136\">689<\/td>\n<\/tr>\n<tr>\n<td width=\"153\">B403633510<\/td>\n<td width=\"536\">Extensi\u00f3n del puesto Combisafe 1245<\/td>\n<td width=\"136\">70<\/td>\n<\/tr>\n<tr>\n<td width=\"153\">B403633550<\/td>\n<td width=\"536\">Multi-clamp Combisafe (porta-postes con manivela)<\/td>\n<td width=\"136\">26<\/td>\n<\/tr>\n<tr>\n<td width=\"153\">B403633600<\/td>\n<td width=\"536\">Multifoot Combisafe<\/td>\n<td width=\"136\">776<\/td>\n<\/tr>\n<tr>\n<td width=\"153\">B403633650<\/td>\n<td width=\"536\">Caja de malla de acero Combisafe<\/td>\n<td width=\"136\">9<\/td>\n<\/tr>\n<tr>\n<td width=\"153\">B403635210<\/td>\n<td width=\"536\">Poste de barandilla SGP<\/td>\n<td width=\"136\">170<\/td>\n<\/tr>\n<tr>\n<td width=\"153\">B403636009<\/td>\n<td width=\"536\">Juego de tornillos DW 15 con tuerca de mariposa<\/td>\n<td width=\"136\">117<\/td>\n<\/tr>\n<tr>\n<td width=\"153\">B403636070<\/td>\n<td width=\"536\">Pieza adicional 2 postes de barandilla Robusta<\/td>\n<td width=\"136\">179<\/td>\n<\/tr>\n<tr>\n<td width=\"153\">B403650025<\/td>\n<td width=\"536\">Soporte de reposapi\u00e9s Protecto<\/td>\n<td width=\"136\">40<\/td>\n<\/tr>\n<tr>\n<td width=\"153\">B403650035<\/td>\n<td width=\"536\">Consola de escalera Protecto<\/td>\n<td width=\"136\">40<\/td>\n<\/tr>\n<\/tbody>\n<\/table>\n<p>El material est\u00e1 en buen estado de uso y est\u00e1 disponible a petici\u00f3n.<\/p>\n","protected":false},"featured_media":16957,"template":"","meta":[],"product_brand":[],"product_cat":[308,307,306],"product_tag":[],"class_list":{"0":"post-16917","1":"product","2":"type-product","3":"status-publish","4":"has-post-thumbnail","6":"product_cat-apuntalar","7":"product_cat-articulo-especial","8":"product_cat-encofrado","10":"first","11":"instock","12":"taxable","13":"shipping-taxable","14":"product-type-simple"},"yoast_head":"<!-- This site is optimized with the Yoast SEO plugin v26.5 - https:\/\/yoast.com\/wordpress\/plugins\/seo\/ -->\n<title>Sistema de barrera de malla de acero Combisafe - JH - ITC GmbH<\/title>\n<meta name=\"description\" content=\"Sistema de barrera de malla de acero Combisafe. Fabricantes de renombre \u2714 Encofrados, puntales, andamios y maquinaria de construcci\u00f3n nuevos y usados \u2714 \u00a1Solicite un presupuesto ahora!\" \/>\n<meta name=\"robots\" content=\"noindex, follow, max-snippet:-1, max-image-preview:large, max-video-preview:-1\" \/>\n<meta property=\"og:locale\" content=\"es_ES\" \/>\n<meta property=\"og:type\" content=\"article\" \/>\n<meta property=\"og:title\" content=\"Sistema de barrera de malla de acero Combisafe - JH - ITC GmbH\" \/>\n<meta property=\"og:description\" content=\"Sistema de barrera de malla de acero Combisafe. Fabricantes de renombre \u2714 Encofrados, puntales, andamios y maquinaria de construcci\u00f3n nuevos y usados \u2714 \u00a1Solicite un presupuesto ahora!\" \/>\n<meta property=\"og:url\" content=\"https:\/\/stage.jh-itc.de\/es\/shop\/encofrado\/combisafe\/\" \/>\n<meta property=\"og:site_name\" content=\"JH - ITC GmbH\" \/>\n<meta property=\"article:publisher\" content=\"https:\/\/www.facebook.com\/schalungshandel\" \/>\n<meta property=\"article:modified_time\" content=\"2021-04-28T19:36:54+00:00\" \/>\n<meta property=\"og:image\" content=\"https:\/\/stage.jh-itc.de\/wp-content\/uploads\/2020\/04\/Combisafe-Material-5.jpg\" \/>\n\t<meta property=\"og:image:width\" content=\"1600\" \/>\n\t<meta property=\"og:image:height\" content=\"1200\" \/>\n\t<meta property=\"og:image:type\" content=\"image\/jpeg\" \/>\n<meta name=\"twitter:card\" content=\"summary_large_image\" \/>\n<meta name=\"twitter:site\" content=\"@JH_ITC\" \/>\n<!-- \/ Yoast SEO plugin. -->","yoast_head_json":{"title":"Sistema de barrera de malla de acero Combisafe - JH - ITC GmbH","description":"Sistema de barrera de malla de acero Combisafe. Fabricantes de renombre \u2714 Encofrados, puntales, andamios y maquinaria de construcci\u00f3n nuevos y usados \u2714 \u00a1Solicite un presupuesto ahora!","robots":{"index":"noindex","follow":"follow","max-snippet":"max-snippet:-1","max-image-preview":"max-image-preview:large","max-video-preview":"max-video-preview:-1"},"og_locale":"es_ES","og_type":"article","og_title":"Sistema de barrera de malla de acero Combisafe - JH - ITC GmbH","og_description":"Sistema de barrera de malla de acero Combisafe. Fabricantes de renombre \u2714 Encofrados, puntales, andamios y maquinaria de construcci\u00f3n nuevos y usados \u2714 \u00a1Solicite un presupuesto ahora!","og_url":"https:\/\/stage.jh-itc.de\/es\/shop\/encofrado\/combisafe\/","og_site_name":"JH - ITC GmbH","article_publisher":"https:\/\/www.facebook.com\/schalungshandel","article_modified_time":"2021-04-28T19:36:54+00:00","og_image":[{"width":1600,"height":1200,"url":"https:\/\/stage.jh-itc.de\/wp-content\/uploads\/2020\/04\/Combisafe-Material-5.jpg","type":"image\/jpeg"}],"twitter_card":"summary_large_image","twitter_site":"@JH_ITC","schema":{"@context":"https:\/\/schema.org","@graph":[{"@type":"WebPage","@id":"https:\/\/stage.jh-itc.de\/es\/shop\/encofrado\/combisafe\/","url":"https:\/\/stage.jh-itc.de\/es\/shop\/encofrado\/combisafe\/","name":"Sistema de barrera de malla de acero Combisafe - JH - ITC GmbH","isPartOf":{"@id":"https:\/\/stage.jh-itc.de\/es\/#website"},"primaryImageOfPage":{"@id":"https:\/\/stage.jh-itc.de\/es\/shop\/encofrado\/combisafe\/#primaryimage"},"image":{"@id":"https:\/\/stage.jh-itc.de\/es\/shop\/encofrado\/combisafe\/#primaryimage"},"thumbnailUrl":"https:\/\/stage.jh-itc.de\/wp-content\/uploads\/2020\/04\/Combisafe-Material-5.jpg","datePublished":"2021-04-28T19:36:52+00:00","dateModified":"2021-04-28T19:36:54+00:00","description":"Sistema de barrera de malla de acero Combisafe. Fabricantes de renombre \u2714 Encofrados, puntales, andamios y maquinaria de construcci\u00f3n nuevos y usados \u2714 \u00a1Solicite un presupuesto ahora!","breadcrumb":{"@id":"https:\/\/stage.jh-itc.de\/es\/shop\/encofrado\/combisafe\/#breadcrumb"},"inLanguage":"es","potentialAction":[{"@type":"ReadAction","target":["https:\/\/stage.jh-itc.de\/es\/shop\/encofrado\/combisafe\/"]}]},{"@type":"ImageObject","inLanguage":"es","@id":"https:\/\/stage.jh-itc.de\/es\/shop\/encofrado\/combisafe\/#primaryimage","url":"https:\/\/stage.jh-itc.de\/wp-content\/uploads\/2020\/04\/Combisafe-Material-5.jpg","contentUrl":"https:\/\/stage.jh-itc.de\/wp-content\/uploads\/2020\/04\/Combisafe-Material-5.jpg","width":1600,"height":1200},{"@type":"BreadcrumbList","@id":"https:\/\/stage.jh-itc.de\/es\/shop\/encofrado\/combisafe\/#breadcrumb","itemListElement":[{"@type":"ListItem","position":1,"name":"Home","item":"https:\/\/stage.jh-itc.de\/es\/encofrados-puntales-y-andamios-de-profesionales\/"},{"@type":"ListItem","position":2,"name":"Tienda","item":"https:\/\/stage.jh-itc.de\/es\/tienda\/"},{"@type":"ListItem","position":3,"name":"Sistema de barrera de malla de acero Combisafe"}]},{"@type":"WebSite","@id":"https:\/\/stage.jh-itc.de\/es\/#website","url":"https:\/\/stage.jh-itc.de\/es\/","name":"JH - ITC GmbH","description":"Ihr Experte f\u00fcr gebrauchte St\u00fctzen, Schalungen und Ger\u00fcste","publisher":{"@id":"https:\/\/stage.jh-itc.de\/es\/#organization"},"potentialAction":[{"@type":"SearchAction","target":{"@type":"EntryPoint","urlTemplate":"https:\/\/stage.jh-itc.de\/es\/?s={search_term_string}"},"query-input":{"@type":"PropertyValueSpecification","valueRequired":true,"valueName":"search_term_string"}}],"inLanguage":"es"},{"@type":"Organization","@id":"https:\/\/stage.jh-itc.de\/es\/#organization","name":"JH-ITC GmbH","url":"https:\/\/stage.jh-itc.de\/es\/","logo":{"@type":"ImageObject","inLanguage":"es","@id":"https:\/\/stage.jh-itc.de\/es\/#\/schema\/logo\/image\/","url":"https:\/\/stage.jh-itc.de\/wp-content\/uploads\/2016\/01\/JH-ITC2-1.png","contentUrl":"https:\/\/stage.jh-itc.de\/wp-content\/uploads\/2016\/01\/JH-ITC2-1.png","width":300,"height":102,"caption":"JH-ITC GmbH"},"image":{"@id":"https:\/\/stage.jh-itc.de\/es\/#\/schema\/logo\/image\/"},"sameAs":["https:\/\/www.facebook.com\/schalungshandel","https:\/\/x.com\/JH_ITC","https:\/\/www.linkedin.com\/in\/jhitc","https:\/\/youtu.be\/rMdZ-FLfI-Y"]}]}},"_links":{"self":[{"href":"https:\/\/stage.jh-itc.de\/es\/wp-json\/wp\/v2\/product\/16917","targetHints":{"allow":["GET"]}}],"collection":[{"href":"https:\/\/stage.jh-itc.de\/es\/wp-json\/wp\/v2\/product"}],"about":[{"href":"https:\/\/stage.jh-itc.de\/es\/wp-json\/wp\/v2\/types\/product"}],"wp:featuredmedia":[{"embeddable":true,"href":"https:\/\/stage.jh-itc.de\/es\/wp-json\/wp\/v2\/media\/16957"}],"wp:attachment":[{"href":"https:\/\/stage.jh-itc.de\/es\/wp-json\/wp\/v2\/media?parent=16917"}],"wp:term":[{"taxonomy":"product_brand","embeddable":true,"href":"https:\/\/stage.jh-itc.de\/es\/wp-json\/wp\/v2\/product_brand?post=16917"},{"taxonomy":"product_cat","embeddable":true,"href":"https:\/\/stage.jh-itc.de\/es\/wp-json\/wp\/v2\/product_cat?post=16917"},{"taxonomy":"product_tag","embeddable":true,"href":"https:\/\/stage.jh-itc.de\/es\/wp-json\/wp\/v2\/product_tag?post=16917"}],"curies":[{"name":"wp","href":"https:\/\/api.w.org\/{rel}","templated":true}]}}